{"id":970,"date":"2023-12-10T04:50:24","date_gmt":"2023-12-09T20:50:24","guid":{"rendered":"http:\/\/wp.cd3.gzoat.com\/?post_type=product&#038;p=970"},"modified":"2024-01-11T14:09:05","modified_gmt":"2024-01-11T06:09:05","slug":"dvol-8060-25-double-station-apg-injection-machine","status":"publish","type":"product","link":"https:\/\/www.apgmachine.com\/es\/producto\/dvol-8060-25-maquina-de-inyeccion-apg-de-doble-estacion\/","title":{"rendered":"Dvol-8060-25 M\u00e1quina de inyecci\u00f3n de apg de doble estaci\u00f3n"},"content":{"rendered":"<div class=\"fl-builder-content fl-builder-content-1279 fl-builder-content-primary fl-builder-global-templates-locked\" data-post-id=\"1279\">\n<div class=\"fl-row fl-row-full-width fl-row-bg-none fl-node-61bffbabd5b43\" data-node=\"61bffbabd5b43\">\n<div class=\"fl-row-content-wrap\">\n<div class=\"fl-row-content fl-row-full-width fl-node-content\">\n<div class=\"fl-col-group fl-node-61bffbabdabb0\" data-node=\"61bffbabdabb0\">\n<div class=\"fl-col fl-node-61bffbabdada5\" data-node=\"61bffbabdada5\">\n<div class=\"fl-col-content fl-node-content\">\n<div class=\"fl-module fl-module-rich-text fl-node-61bffb9c6c315\" data-node=\"61bffb9c6c315\" data-animation-delay=\"0.0\">\n<div class=\"fl-module-content fl-node-content\">\n<div class=\"fl-rich-text\">\n<div class=\"content_box\">\n<h2>M\u00e1quina de sujeci\u00f3n APG de doble tipo DVOL-8060-25:<\/h2>\n<\/div>\n<p><img decoding=\"async\" class=\"alignnone size-full wp-image-1554 aligncenter\" src=\"https:\/\/www.apgmachine.com\/uploads\/singliemg1.png\" alt=\"singliemg\" \/><\/p>\n<\/div>\n<\/div>\n<\/div>\n<\/div>\n<\/div>\n<\/div>\n<div class=\"fl-col-group fl-node-61bffc0e4f22e\" data-node=\"61bffc0e4f22e\">\n<div class=\"fl-col fl-node-61bffc0e4f495\" data-node=\"61bffc0e4f495\">\n<div class=\"fl-col-content fl-node-content\">\n<div class=\"fl-module fl-module-photo fl-node-61bffb9c6c3cd\" data-node=\"61bffb9c6c3cd\" data-animation-delay=\"0.0\">\n<div class=\"fl-module-content fl-node-content\">\n<div class=\"fl-photo fl-photo-align-center\">\n<div class=\"fl-photo-content fl-photo-img-png\"><img decoding=\"async\" class=\"fl-photo-img wp-image-1556\" src=\"https:\/\/www.apgmachine.com\/uploads\/sinlfgimg1.png\" alt=\"sinlfgimg\" \/><\/div>\n<div>\n<h2><span style=\"color: #e73034;\">V\u00eddeo de la m\u00e1quina APG<\/span><\/h2>\n<p><iframe loading=\"lazy\" title=\"Prensa apg de doble estaci\u00f3n\" width=\"1290\" height=\"726\" src=\"https:\/\/www.youtube.com\/embed\/pkUT1NQCrWY?feature=oembed\" frameborder=\"0\" allow=\"accelerometer; autoplay; clipboard-write; encrypted-media; gyroscope; picture-in-picture; web-share\" allowfullscreen><\/iframe><\/p>\n<\/div>\n<\/div>\n<\/div>\n<\/div>\n<\/div>\n<\/div>\n<\/div>\n<\/div>\n<\/div>\n<\/div>\n<div class=\"fl-row fl-row-full-width fl-row-bg-none fl-node-61bffb9c6bc85\" data-node=\"61bffb9c6bc85\">\n<div class=\"fl-row-content-wrap\">\n<div class=\"fl-row-content fl-row-full-width fl-node-content\">\n<div class=\"fl-col-group fl-node-61bffb9c6c299\" data-node=\"61bffb9c6c299\">\n<div class=\"fl-col fl-node-61bffb9c6c2d9\" data-node=\"61bffb9c6c2d9\">\n<div class=\"fl-col-content fl-node-content\">\n<div class=\"fl-module fl-module-rich-text fl-node-61bffbaa1abca\" data-node=\"61bffbaa1abca\" data-animation-delay=\"0.0\">\n<div class=\"fl-module-content fl-node-content\">\n<div class=\"fl-rich-text\">\n<div class=\"content_box\">\n<h2>Aplicaci\u00f3n:<\/h2>\n<\/div>\n<p>Se utiliza para producir componentes de resina epoxi de 11-36KV, como CT, PT, aisladores, casquillos, ca\u00f1o, cubierta SF6, GIS, LBS, etc.<\/p>\n<\/div>\n<\/div>\n<\/div>\n<\/div>\n<\/div>\n<\/div>\n<div class=\"fl-col-group fl-node-61bffb9c6c353\" data-node=\"61bffb9c6c353\">\n<div class=\"fl-col fl-node-61bffb9c6c390\" data-node=\"61bffb9c6c390\">\n<div class=\"fl-col-content fl-node-content\">\n<div class=\"fl-module fl-module-photo fl-node-61bffc0bd9b1c\" data-node=\"61bffc0bd9b1c\" data-animation-delay=\"0.0\">\n<div class=\"fl-module-content fl-node-content\">\n<div class=\"fl-photo fl-photo-align-center\">\n<div class=\"fl-photo-content fl-photo-img-png\"><img decoding=\"async\" class=\"fl-photo-img wp-image-1551\" src=\"https:\/\/www.apgmachine.com\/uploads\/Application42.png\" alt=\"Aplicaci\u00f3n4\" \/><\/div>\n<\/div>\n<\/div>\n<\/div>\n<\/div>\n<\/div>\n<\/div>\n<div class=\"fl-col-group fl-node-61bffb9c6c40a\" data-node=\"61bffb9c6c40a\">\n<div class=\"fl-col fl-node-61bffb9c6c447\" data-node=\"61bffb9c6c447\">\n<div class=\"fl-col-content fl-node-content\">\n<div class=\"fl-module fl-module-rich-text fl-node-61bffb9c6c485\" data-node=\"61bffb9c6c485\" data-animation-delay=\"0.0\">\n<div class=\"fl-module-content fl-node-content\">\n<div class=\"fl-rich-text\">\n<div class=\"content_box\">\n<h2>Ventajas:<\/h2>\n<\/div>\n<p><strong>-M\u00e1quina de doble estaci\u00f3n<\/strong>\u2192alta eficiencia<br \/>\n<strong>-Integrado en la m\u00e1quina<\/strong>\u2192 f\u00e1cil instalaci\u00f3n, el usuario no necesita trabajo duro de conexi\u00f3n de tuber\u00edas de aceite y cables, s\u00f3lo tiene que enchufar la fuente de alimentaci\u00f3n directamente.<br \/>\n\u2192save el coste de env\u00edo, espacio de la f\u00e1brica de la reserva.<br \/>\n<strong>Bastidor de la m\u00e1quina:<\/strong>\u00a0Maquinaria de templado y acabado \u2192Mejora la resistencia,evita la deformaci\u00f3n,garantiza una alta precisi\u00f3n,evita las fugas del molde.<br \/>\n<strong>Vallas seguras<\/strong>\u2192 evitar lesiones laborales<br \/>\n<strong>Impartir formaci\u00f3n t\u00e9cnica<\/strong>\u2192Asegurarse de que el cliente fabrica productos cualificados<br \/>\n<strong>Suministro de una l\u00ednea de producci\u00f3n completa<\/strong>\u2192From m\u00e1quina, molde a la materia prima, ayudar al cliente a construir la l\u00ednea de producci\u00f3n en el menor tiempo y costo razonable.<\/p>\n<div class=\"content_box\">\n<h2>Par\u00e1metros t\u00e9cnicos:<\/h2>\n<\/div>\n<div class=\"table_wrap\">\n<table border=\"1\" cellspacing=\"0\">\n<tbody>\n<tr>\n<td>N\u00ba de modelo<\/td>\n<td colspan=\"4\">DVOL-8060-25<\/td>\n<\/tr>\n<tr>\n<td>Tama\u00f1o de la placa calefactora (mm)<\/td>\n<td>Fuerza de sujeci\u00f3n<br \/>\n(KN)<\/td>\n<td>Velocidad de cierre de la pinza<br \/>\n(m\/min)<\/td>\n<td>Velocidad de apertura de la pinza<br \/>\n(m\/min)<\/td>\n<td>Distancia de las placas calefactoras<br \/>\n(mm)<\/td>\n<\/tr>\n<tr>\n<td>800X600<\/td>\n<td>250<\/td>\n<td>3.1 (2.4)<\/td>\n<td>4.8(3.3)<\/td>\n<td>125-1175 mm<\/td>\n<\/tr>\n<tr>\n<td>Potencia calor\u00edfica<br \/>\n(KW)<\/td>\n<td>Potencia de la unidad hidr\u00e1ulica<br \/>\n(KW)<\/td>\n<td>Grado de inclinaci\u00f3n<br \/>\n(\u00b0)<\/td>\n<td>Dimensi\u00f3n de la m\u00e1quina<br \/>\n(mm)<\/td>\n<td>Peso de la m\u00e1quina<br \/>\n(KG)<\/td>\n<\/tr>\n<tr>\n<td>24<\/td>\n<td>5.5(2.2)<\/td>\n<td>5\u00b0<\/td>\n<td>6560X1020X3205<\/td>\n<td>7350 (6850)<\/td>\n<\/tr>\n<\/tbody>\n<\/table>\n<\/div>\n<div class=\"content_box\">\n<h2>M\u00e1quina APG de tipo est\u00e1ndar en las instalaciones del cliente y formaci\u00f3n t\u00e9cnica in situ:<\/h2>\n<\/div>\n<p>No s\u00f3lo producimos m\u00e1quinas y moldes APG, sino que tambi\u00e9n ofrecemos formaci\u00f3n t\u00e9cnica in situ, garantizando al cliente la producci\u00f3n de productos cualificados.<\/p>\n<\/div>\n<\/div>\n<\/div>\n<\/div>\n<\/div>\n<\/div>\n<div class=\"fl-col-group fl-node-61bffb9c6c4c3\" data-node=\"61bffb9c6c4c3\">\n<div class=\"fl-col fl-node-61bffb9c6c500\" data-node=\"61bffb9c6c500\">\n<div class=\"fl-col-content fl-node-content\">\n<div class=\"fl-module fl-module-photo fl-node-61bffb9c6c53e\" data-node=\"61bffb9c6c53e\" data-animation-delay=\"0.0\">\n<div class=\"fl-module-content fl-node-content\">\n<div class=\"fl-photo fl-photo-align-center\">\n<div class=\"fl-photo-content fl-photo-img-png\"><img decoding=\"async\" class=\"fl-photo-img wp-image-1389\" src=\"https:\/\/www.apgmachine.com\/uploads\/singleimg.png\" alt=\"singleimg\" \/><\/div>\n<\/div>\n<\/div>\n<\/div>\n<div class=\"fl-module fl-module-photo fl-node-61bffb9c6c57b\" data-node=\"61bffb9c6c57b\" data-animation-delay=\"0.0\">\n<div class=\"fl-module-content fl-node-content\">\n<div class=\"fl-photo fl-photo-align-center\">\n<div class=\"fl-photo-content fl-photo-img-jpg\"><img decoding=\"async\" class=\"fl-photo-img wp-image-1384\" src=\"https:\/\/www.apgmachine.com\/uploads\/Standard-type-APG-machine-at-client-siteonsite-technical-training-1.jpg\" alt=\"M\u00e1quina APG de tipo est\u00e1ndar en las instalaciones del cliente&amp;formaci\u00f3n t\u00e9cnica in situ (1)\" \/><\/div>\n<\/div>\n<\/div>\n<\/div>\n<\/div>\n<\/div>\n<\/div>\n<\/div>\n<\/div>\n<\/div>\n<div class=\"fl-row fl-row-full-width fl-row-bg-none fl-node-61b6ec57d592d\" data-node=\"61b6ec57d592d\">\n<div class=\"fl-row-content-wrap\">\n<div class=\"fl-row-content fl-row-full-width fl-node-content\">\n<div class=\"fl-col-group fl-node-61b6ec57d732d\" data-node=\"61b6ec57d732d\">\n<div class=\"fl-col fl-node-61b6ec57d7480\" data-node=\"61b6ec57d7480\">\n<div class=\"fl-col-content fl-node-content\">\n<div class=\"fl-module fl-module-rich-text fl-node-61b6ec2eead62\" data-node=\"61b6ec2eead62\" data-animation-delay=\"0.0\">\n<div class=\"fl-module-content fl-node-content\">\n<div class=\"fl-rich-text\">\n<div class=\"content_box\">\n<h2>Formaci\u00f3n t\u00e9cnica in situ en la empresa cliente:<\/h2>\n<\/div>\n<p>Tras las pruebas de rayos X, tracci\u00f3n, descarga parcial y fugas, el producto cumple los requisitos del cliente, que se muestra muy satisfecho.<\/p>\n<\/div>\n<\/div>\n<\/div>\n<\/div>\n<\/div>\n<\/div>\n<div class=\"fl-col-group fl-node-61b6ec5bd8fad\" data-node=\"61b6ec5bd8fad\">\n<div class=\"fl-col fl-node-61b6ec5bd910c fl-col-small\" data-node=\"61b6ec5bd910c\">\n<div class=\"fl-col-content fl-node-content\">\n<div class=\"fl-module fl-module-rich-text fl-node-61bffcfd51d16\" data-node=\"61bffcfd51d16\" data-animation-delay=\"0.0\">\n<div class=\"fl-module-content fl-node-content\">\n<div class=\"fl-rich-text\">\n<div class=\"content_box\">\n<h2>Proceso de producci\u00f3n de la m\u00e1quina de fundici\u00f3n por inyecci\u00f3n Apg:<\/h2>\n<\/div>\n<\/div>\n<\/div>\n<\/div>\n<div class=\"fl-module fl-module-photo fl-node-61b6ec5bd8e93\" data-node=\"61b6ec5bd8e93\" data-animation-delay=\"0.0\">\n<div class=\"fl-module-content fl-node-content\">\n<div class=\"fl-photo fl-photo-align-center\">\n<div class=\"fl-photo-content fl-photo-img-jpg\"><img decoding=\"async\" class=\"fl-photo-img wp-image-1390\" src=\"https:\/\/www.apgmachine.com\/uploads\/singlieng.jpg\" alt=\"singlieng\" \/><\/div>\n<\/div>\n<\/div>\n<\/div>\n<\/div>\n<\/div>\n<div class=\"fl-col fl-node-61bffd162e17c fl-col-small\" data-node=\"61bffd162e17c\">\n<div class=\"fl-col-content fl-node-content\">\n<div class=\"fl-module fl-module-rich-text fl-node-61b6ec7928981\" data-node=\"61b6ec7928981\" data-animation-delay=\"0.0\">\n<div class=\"fl-module-content fl-node-content\">\n<div class=\"fl-rich-text\">\n<div class=\"content_box\">\n<h2>Transformador de tensi\u00f3n de resina epoxi Formaci\u00f3n t\u00e9cnica APG:<\/h2>\n<\/div>\n<\/div>\n<\/div>\n<\/div>\n<div class=\"fl-module fl-module-photo fl-node-61b6ec7928a3a\" data-node=\"61b6ec7928a3a\" data-animation-delay=\"0.0\">\n<div class=\"fl-module-content fl-node-content\">\n<div class=\"fl-photo fl-photo-align-center\">\n<div class=\"fl-photo-content fl-photo-img-jpg\"><img decoding=\"async\" class=\"fl-photo-img wp-image-1391\" src=\"https:\/\/www.apgmachine.com\/uploads\/dec8d58f.jpg\" alt=\"\u00a0epoxi-resina-transformador de tensi\u00f3n-APG-entrenamiento-t\u00e9cnico\" \/><\/div>\n<\/div>\n<\/div>\n<\/div>\n<\/div>\n<\/div>\n<\/div>\n<\/div>\n<\/div>\n<\/div>\n<div class=\"fl-row fl-row-full-width fl-row-bg-none fl-node-61b6eca09772b\" data-node=\"61b6eca09772b\">\n<div class=\"fl-row-content-wrap\">\n<div class=\"fl-row-content fl-row-full-width fl-node-content\">\n<div class=\"fl-col-group fl-node-61b6eca097a75\" data-node=\"61b6eca097a75\">\n<div class=\"fl-col fl-node-61b6eca097ab3 fl-col-small\" data-node=\"61b6eca097ab3\">\n<div class=\"fl-col-content fl-node-content\">\n<div class=\"fl-module fl-module-rich-text fl-node-61b6eca097af1\" data-node=\"61b6eca097af1\" data-animation-delay=\"0.0\">\n<div class=\"fl-module-content fl-node-content\">\n<div class=\"fl-rich-text\">\n<div class=\"content_box\">\n<h2>Proceso de producci\u00f3n de la m\u00e1quina de prensado APG:<\/h2>\n<\/div>\n<p><strong>1.Bastidor de la fresadora:\u00a0<\/strong>Cada lado del marco ser\u00e1 fresado por la m\u00e1quina del torno vertical, precisi\u00f3n de la instalaci\u00f3n del enasure, evita salida del molde.<\/p>\n<p><strong>\u00a02.Tratamiento t\u00e9rmico para el bastidor de la m\u00e1quina:\u00a0<\/strong>Hacer 3 veces de tratamiento t\u00e9rmico para el bastidor de la m\u00e1quina despu\u00e9s de la soldadura. liberar la tensi\u00f3n entre, reducir la m\u00e1quina obtener deformaci\u00f3n.<\/p>\n<\/div>\n<\/div>\n<\/div>\n<\/div>\n<\/div>\n<div class=\"fl-col fl-node-61bffd21cd732 fl-col-small\" data-node=\"61bffd21cd732\">\n<div class=\"fl-col-content fl-node-content\">\n<div class=\"fl-module fl-module-photo fl-node-61b6eca097baa\" data-node=\"61b6eca097baa\" data-animation-delay=\"0.0\">\n<div class=\"fl-module-content fl-node-content\">\n<div class=\"fl-photo fl-photo-align-center\">\n<div class=\"fl-photo-content fl-photo-img-jpg\"><img decoding=\"async\" class=\"fl-photo-img wp-image-1380\" src=\"https:\/\/www.apgmachine.com\/uploads\/sing1gs.jpg\" alt=\"cantar1gs\" \/><\/div>\n<\/div>\n<\/div>\n<\/div>\n<\/div>\n<\/div>\n<\/div>\n<\/div>\n<\/div>\n<\/div>\n<div class=\"fl-row fl-row-full-width fl-row-bg-none fl-node-61b6ecc4d7a25\" data-node=\"61b6ecc4d7a25\">\n<div class=\"fl-row-content-wrap\">\n<div class=\"fl-row-content fl-row-full-width fl-node-content\">\n<div class=\"fl-col-group fl-node-61b6ecc4d7dba\" data-node=\"61b6ecc4d7dba\">\n<div class=\"fl-col fl-node-61bffd255dbd4 fl-col-small\" data-node=\"61bffd255dbd4\">\n<div class=\"fl-col-content fl-node-content\">\n<div class=\"fl-module fl-module-photo fl-node-61b6ecc4d7eee\" data-node=\"61b6ecc4d7eee\" data-animation-delay=\"0.0\">\n<div class=\"fl-module-content fl-node-content\">\n<div class=\"fl-photo fl-photo-align-center\">\n<div class=\"fl-photo-content fl-photo-img-jpg\"><img decoding=\"async\" class=\"fl-photo-img wp-image-1417\" src=\"https:\/\/www.apgmachine.com\/uploads\/Shipping-mold1.jpg\" alt=\"Molde de env\u00edo\" \/><\/div>\n<\/div>\n<\/div>\n<\/div>\n<\/div>\n<\/div>\n<div class=\"fl-col fl-node-61b6ecc4d7df8 fl-col-small\" data-node=\"61b6ecc4d7df8\">\n<div class=\"fl-col-content fl-node-content\">\n<div class=\"fl-module fl-module-rich-text fl-node-61b6ecc4d7e36\" data-node=\"61b6ecc4d7e36\" data-animation-delay=\"0.0\">\n<div class=\"fl-module-content fl-node-content\">\n<div class=\"fl-rich-text\">\n<div class=\"content_box\">\n<h2>Proceso de entrega de la m\u00e1quina de prensa APG:<\/h2>\n<\/div>\n<p>Una vez preparadas las muestras cualificadas de los equipos y moldes, llevaremos a cabo un estricto embalaje para evitar da\u00f1os en los equipos durante el transporte y entregarlos sin problemas al cliente.<\/p>\n<\/div>\n<\/div>\n<\/div>\n<\/div>\n<\/div>\n<\/div>\n<\/div>\n<\/div>\n<\/div>\n<div class=\"fl-row fl-row-full-width fl-row-bg-none fl-node-61b6ed076d800\" data-node=\"61b6ed076d800\">\n<div class=\"fl-row-content-wrap\">\n<div class=\"fl-row-content fl-row-full-width fl-node-content\">\n<div class=\"fl-col-group fl-node-61b6ed07717ac\" data-node=\"61b6ed07717ac\">\n<div class=\"fl-col fl-node-61b6ed0771979\" data-node=\"61b6ed0771979\">\n<div class=\"fl-col-content fl-node-content\">\n<div class=\"fl-module fl-module-rich-text fl-node-61b6ed076d518\" data-node=\"61b6ed076d518\" data-animation-delay=\"0.0\">\n<div class=\"fl-module-content fl-node-content\">\n<div class=\"fl-rich-text\">\n<div class=\"content_box\">\n<h2>Productos V\u00eddeo<\/h2>\n<\/div>\n<\/div>\n<\/div>\n<\/div>\n<\/div>\n<\/div>\n<\/div>\n<div class=\"fl-col-group fl-node-61b6ed186662e\" data-node=\"61b6ed186662e\">\n<div class=\"fl-col fl-node-61b6ed18667d0\" data-node=\"61b6ed18667d0\">\n<div class=\"fl-col-content fl-node-content\">\n<div class=\"fl-module fl-module-html fl-node-61b6ed18664de\" data-node=\"61b6ed18664de\" data-animation-delay=\"0.0\">\n<div class=\"fl-module-content fl-node-content\">\n<div class=\"fl-html\"><button class=\"lty-playbtn\" type=\"button\"><span class=\"lyt-visually-hidden\">Jugar<\/span><\/button><\/div>\n<\/div>\n<\/div>\n<\/div>\n<\/div>\n<\/div>\n<\/div>\n<\/div>\n<\/div>\n<\/div>\n<p>&nbsp;<\/p>","protected":false},"excerpt":{"rendered":"<h3>Breve descripci\u00f3n:<\/h3>\n<div>\n<p><strong>Caracter\u00edsticas:<\/strong><br \/>\nPlaca de sujeci\u00f3n doble,alta eficiencia,utilizada para la fundici\u00f3n de aisladores,casquillos de pared y productos simples.<\/p>\n<p><strong>La m\u00e1quina de epoxi APG serie DVOL-8060-25 se compone de:\u00a0<\/strong><br \/>\n-1.APG marco de la m\u00e1quina de sujeci\u00f3n (Q235# 10mm de acero, la m\u00e1quina m\u00e1s estable, liberar la tensi\u00f3n interna de soldadura por tratamiento t\u00e9rmico)<br \/>\n-2.Armario el\u00e9ctrico (Adopta elementos el\u00e9ctricos realizables y generales)<br \/>\n-3.Grupo hidr\u00e1ulico (producci\u00f3n independiente, servicio personalizado)<\/p>\n<\/div>","protected":false},"featured_media":972,"template":"","meta":{"_uag_custom_page_level_css":""},"product_cat":[29],"product_tag":[],"class_list":{"0":"post-970","1":"product","2":"type-product","3":"status-publish","4":"has-post-thumbnail","6":"product_cat-apg-machine","8":"first","9":"instock","10":"shipping-taxable","11":"product-type-simple"},"featured_image_urls":{"full":["https:\/\/www.apgmachine.com\/wp-content\/uploads\/2023\/12\/DVOL-8060-25-Double-Automatic-pressure-gelation-clamping-machine-300x300-1.png",300,300,false],"thumbnail":["https:\/\/www.apgmachine.com\/wp-content\/uploads\/2023\/12\/DVOL-8060-25-Double-Automatic-pressure-gelation-clamping-machine-300x300-1-150x150.png",150,150,true],"medium":["https:\/\/www.apgmachine.com\/wp-content\/uploads\/2023\/12\/DVOL-8060-25-Double-Automatic-pressure-gelation-clamping-machine-300x300-1.png",300,300,false],"medium_large":["https:\/\/www.apgmachine.com\/wp-content\/uploads\/2023\/12\/DVOL-8060-25-Double-Automatic-pressure-gelation-clamping-machine-300x300-1.png",300,300,false],"large":["https:\/\/www.apgmachine.com\/wp-content\/uploads\/2023\/12\/DVOL-8060-25-Double-Automatic-pressure-gelation-clamping-machine-300x300-1.png",300,300,false],"1536x1536":["https:\/\/www.apgmachine.com\/wp-content\/uploads\/2023\/12\/DVOL-8060-25-Double-Automatic-pressure-gelation-clamping-machine-300x300-1.png",300,300,false],"2048x2048":["https:\/\/www.apgmachine.com\/wp-content\/uploads\/2023\/12\/DVOL-8060-25-Double-Automatic-pressure-gelation-clamping-machine-300x300-1.png",300,300,false],"trp-custom-language-flag":["https:\/\/www.apgmachine.com\/wp-content\/uploads\/2023\/12\/DVOL-8060-25-Double-Automatic-pressure-gelation-clamping-machine-300x300-1.png",12,12,false],"woocommerce_archive_thumbnail":["https:\/\/www.apgmachine.com\/wp-content\/uploads\/2023\/12\/DVOL-8060-25-Double-Automatic-pressure-gelation-clamping-machine-300x300-1.png",300,300,false],"woocommerce_thumbnail":["https:\/\/www.apgmachine.com\/wp-content\/uploads\/2023\/12\/DVOL-8060-25-Double-Automatic-pressure-gelation-clamping-machine-300x300-1.png",300,300,false],"woocommerce_single":["https:\/\/www.apgmachine.com\/wp-content\/uploads\/2023\/12\/DVOL-8060-25-Double-Automatic-pressure-gelation-clamping-machine-300x300-1.png",300,300,false],"woocommerce_gallery_thumbnail":["https:\/\/www.apgmachine.com\/wp-content\/uploads\/2023\/12\/DVOL-8060-25-Double-Automatic-pressure-gelation-clamping-machine-300x300-1-100x100.png",100,100,true]},"post_excerpt_stackable":"<h3>Short Description:<\/h3>\n<div>\n<p><strong>Features:<\/strong><br \/>\nDouble clamping plate,high efficiency,used for casting insulators,wall bushing and simple products<\/p>\n<p><strong>DVOL-8060-25\u00a0series APG epoxy machine is made up with:\u00a0<\/strong><br \/>\n-1.APG clamping machine frame (Q235# 10mm steel,machine more stably;release welding internal stress by heat treatment)<br \/>\n-2.Power cabinet (Adopt realiable and general electrical elements)<br \/>\n-3.Hydraulic power pack (independent production,offer customzied service)<\/p>\n<\/div>\n","category_list":"","author_info":{"name":"","url":""},"comments_num":"0 comentarios","jetpack_sharing_enabled":true,"uagb_featured_image_src":{"full":["https:\/\/www.apgmachine.com\/wp-content\/uploads\/2023\/12\/DVOL-8060-25-Double-Automatic-pressure-gelation-clamping-machine-300x300-1.png",300,300,false],"thumbnail":["https:\/\/www.apgmachine.com\/wp-content\/uploads\/2023\/12\/DVOL-8060-25-Double-Automatic-pressure-gelation-clamping-machine-300x300-1-150x150.png",150,150,true],"medium":["https:\/\/www.apgmachine.com\/wp-content\/uploads\/2023\/12\/DVOL-8060-25-Double-Automatic-pressure-gelation-clamping-machine-300x300-1.png",300,300,false],"medium_large":["https:\/\/www.apgmachine.com\/wp-content\/uploads\/2023\/12\/DVOL-8060-25-Double-Automatic-pressure-gelation-clamping-machine-300x300-1.png",300,300,false],"large":["https:\/\/www.apgmachine.com\/wp-content\/uploads\/2023\/12\/DVOL-8060-25-Double-Automatic-pressure-gelation-clamping-machine-300x300-1.png",300,300,false],"1536x1536":["https:\/\/www.apgmachine.com\/wp-content\/uploads\/2023\/12\/DVOL-8060-25-Double-Automatic-pressure-gelation-clamping-machine-300x300-1.png",300,300,false],"2048x2048":["https:\/\/www.apgmachine.com\/wp-content\/uploads\/2023\/12\/DVOL-8060-25-Double-Automatic-pressure-gelation-clamping-machine-300x300-1.png",300,300,false],"trp-custom-language-flag":["https:\/\/www.apgmachine.com\/wp-content\/uploads\/2023\/12\/DVOL-8060-25-Double-Automatic-pressure-gelation-clamping-machine-300x300-1.png",12,12,false],"woocommerce_archive_thumbnail":["https:\/\/www.apgmachine.com\/wp-content\/uploads\/2023\/12\/DVOL-8060-25-Double-Automatic-pressure-gelation-clamping-machine-300x300-1.png",300,300,false],"woocommerce_thumbnail":["https:\/\/www.apgmachine.com\/wp-content\/uploads\/2023\/12\/DVOL-8060-25-Double-Automatic-pressure-gelation-clamping-machine-300x300-1.png",300,300,false],"woocommerce_single":["https:\/\/www.apgmachine.com\/wp-content\/uploads\/2023\/12\/DVOL-8060-25-Double-Automatic-pressure-gelation-clamping-machine-300x300-1.png",300,300,false],"woocommerce_gallery_thumbnail":["https:\/\/www.apgmachine.com\/wp-content\/uploads\/2023\/12\/DVOL-8060-25-Double-Automatic-pressure-gelation-clamping-machine-300x300-1-100x100.png",100,100,true]},"uagb_author_info":{"display_name":"admin","author_link":"https:\/\/www.apgmachine.com\/es\/author\/"},"uagb_comment_info":0,"uagb_excerpt":"Short Description: Features: Double clamping plate,high efficiency,used for casting insulators,wall bushing and simple products DVOL-8060-25\u00a0series APG epoxy machine is made up with:\u00a0 -1.APG clamping machine frame (Q235# 10mm steel,machine more stably;release welding internal stress by heat treatment) -2.Power cabinet (Adopt realiable and general electrical elements) -3.Hydraulic power pack (independent production,offer customzied service)","_links":{"self":[{"href":"https:\/\/www.apgmachine.com\/es\/wp-json\/wp\/v2\/product\/970","targetHints":{"allow":["GET"]}}],"collection":[{"href":"https:\/\/www.apgmachine.com\/es\/wp-json\/wp\/v2\/product"}],"about":[{"href":"https:\/\/www.apgmachine.com\/es\/wp-json\/wp\/v2\/types\/product"}],"wp:featuredmedia":[{"embeddable":true,"href":"https:\/\/www.apgmachine.com\/es\/wp-json\/wp\/v2\/media\/972"}],"wp:attachment":[{"href":"https:\/\/www.apgmachine.com\/es\/wp-json\/wp\/v2\/media?parent=970"}],"wp:term":[{"taxonomy":"product_cat","embeddable":true,"href":"https:\/\/www.apgmachine.com\/es\/wp-json\/wp\/v2\/product_cat?post=970"},{"taxonomy":"product_tag","embeddable":true,"href":"https:\/\/www.apgmachine.com\/es\/wp-json\/wp\/v2\/product_tag?post=970"}],"curies":[{"name":"wp","href":"https:\/\/api.w.org\/{rel}","templated":true}]}}