{"id":908,"date":"2023-12-04T04:12:33","date_gmt":"2023-12-03T20:12:33","guid":{"rendered":"http:\/\/wp.cd3.gzoat.com\/?post_type=product&#038;p=908"},"modified":"2025-02-26T10:50:56","modified_gmt":"2025-02-26T02:50:56","slug":"pt-winding-machine-for-primary-potential-transformer-coil","status":"publish","type":"product","link":"https:\/\/www.apgmachine.com\/es\/producto\/bobinadora-pt-para-bobina-primaria-de-transformador-de-potencial\/","title":{"rendered":"Bobinadora primaria PT"},"content":{"rendered":"<div class=\"fl-builder-content fl-builder-content-1497 fl-builder-content-primary fl-builder-global-templates-locked\" data-post-id=\"1497\">\n<div class=\"fl-row fl-row-full-width fl-row-bg-none fl-node-61c1463b65d6d\" data-node=\"61c1463b65d6d\">\n<div class=\"fl-row-content-wrap\">\n<div class=\"fl-row-content fl-row-full-width fl-node-content\">\n<div class=\"fl-col-group fl-node-61c1463b66d1f\" data-node=\"61c1463b66d1f\">\n<div class=\"fl-col fl-node-61c1463b66e62\" data-node=\"61c1463b66e62\">\n<div class=\"fl-col-content fl-node-content\">\n<div class=\"fl-module fl-module-rich-text fl-node-61c1463b65c1c\" data-node=\"61c1463b65c1c\" data-animation-delay=\"0.0\">\n<div class=\"fl-module-content fl-node-content\">\n<div class=\"fl-rich-text\">\n<p><strong>Bobinadora primaria PT<\/strong><br \/>\n<strong>Se utiliza para bobinar la bobina del transformador de potencial.<\/strong><\/p>\n<p><img decoding=\"async\" class=\"alignnone size-full wp-image-1635 aligncenter\" src=\"https:\/\/www.apgmachine.com\/uploads\/mnsjbfgh5gh.png\" alt=\"mnsjbfgh5gh\" \/><\/p>\n<h2><span style=\"color: #e73034;\">V\u00eddeo de la m\u00e1quina APG<\/span><\/h2>\n<p><iframe loading=\"lazy\" title=\"Bobinadora primaria PT\" width=\"1290\" height=\"968\" src=\"https:\/\/www.youtube.com\/embed\/XHm9RvIqar8?feature=oembed\" frameborder=\"0\" allow=\"accelerometer; autoplay; clipboard-write; encrypted-media; gyroscope; picture-in-picture; web-share\" referrerpolicy=\"strict-origin-when-cross-origin\" allowfullscreen><\/iframe><\/p>\n<div class=\"content_box\">\n<h2>Caracter\u00edsticas:<\/h2>\n<\/div>\n<p>La m\u00e1quina bobinadora para transformadores de tensi\u00f3n es un dispositivo de alta precisi\u00f3n conforme a los requisitos tecnol\u00f3gicos de la industria nacional de transformadores de tensi\u00f3n.<\/p>\n<p>Tiene las siguientes caracter\u00edsticas:<\/p>\n<p><b>O<\/b><b>n<\/b>\u00a0El n\u00facleo de hierro cerrado en forma de R del transformador de tensi\u00f3n que ha sido tratado, sujeta el armaz\u00f3n del bobinado con el anillo de soporte especial, envuelve directamente la bobina secundaria alrededor del armaz\u00f3n. Debido a que el n\u00facleo de hierro no necesita ser cortado, esto evita su da\u00f1o de rendimiento y mejora el rendimiento el\u00e9ctrico integral del transformador. Se reduce el tama\u00f1o del transformador, con lo que se mejora en gran medida el beneficio econ\u00f3mico.<\/p>\n<p><b>A<\/b><b>Utiliza la tecnolog\u00eda de control PLC m\u00e1s avanzada del mundo<\/b>Con las ventajas de una funci\u00f3n completa y un funcionamiento sencillo. Puede realizar el bobinado hacia adelante y hacia atr\u00e1s y la operaci\u00f3n de recuento, protecci\u00f3n de fallo de alimentaci\u00f3n, protecci\u00f3n de desconexi\u00f3n de cable, freno de parada, configuraci\u00f3n de la posici\u00f3n de bobinado, localizaci\u00f3n y aviso de fallo, mientras tanto.<\/p>\n<p><b>C<\/b><b>an establecer los procedimientos y mostrar el estado de funcionamiento<\/b>\u00a0a trav\u00e9s del panel t\u00e1ctil, y, su interfaz chino puede mostrar correctamente el di\u00e1metro del alambre, la velocidad de rotaci\u00f3n, el n\u00famero de vueltas y el n\u00famero de capa.<\/p>\n<p><b>M<\/b><b>El control del eje ain adopta<\/b>\u00a0el ajuste de velocidad continua por conversi\u00f3n de frecuencia, con las caracter\u00edsticas de cadena de transmisi\u00f3n corta, gran par de transmisi\u00f3n, amplio rango de ajuste de velocidad, bajo nivel de ruido, etc;<\/p>\n<p><b>S<\/b><b>El control de la velocidad tiene dos modos<\/b>Configuraci\u00f3n autom\u00e1tica y ajuste de la velocidad mediante interruptor de pedal, lo que supone una gran comodidad para el usuario.<\/p>\n<p><b>W<\/b><b>a operaci\u00f3n de organizaci\u00f3n del fuego ha finalizado<\/b>\u00a0mediante el motor paso a paso y el estriado de bolas de alta precisi\u00f3n, la precisi\u00f3n de control puede alcanzar hasta 0,001 mm.<\/p>\n<p><b>C<\/b><b>a operaci\u00f3n de montaje adopta el codificador rotatorio de rejilla luminosa<\/b>El controlador de tensi\u00f3n emplea el dispositivo de amortiguaci\u00f3n de Alemania Occidental, con el fin de resolver las dificultades de la operaci\u00f3n de bobinado dom\u00e9stico, tales como la desconexi\u00f3n f\u00e1cil del alambre o la p\u00e9rdida y ca\u00edda de la bobina para el desequilibrio de la tensi\u00f3n y la fluctuaci\u00f3n f\u00e1cil.<\/p>\n<div class=\"content_box\">\n<h2>Datos t\u00e9cnicos<\/h2>\n<\/div>\n<div class=\"table_wrap\">\n<table border=\"1\" cellspacing=\"0\">\n<tbody>\n<tr>\n<td valign=\"center\" width=\"163\">N\u00ba de modelo<\/td>\n<td valign=\"center\" width=\"150\">VOL-240J<\/td>\n<td valign=\"top\" width=\"150\">VOL-360J<\/td>\n<td valign=\"center\" width=\"150\">VOL-450J<\/td>\n<\/tr>\n<tr>\n<td valign=\"center\" width=\"163\">Di\u00e1metro del alambre<\/td>\n<td valign=\"center\" width=\"150\">0,1-1,5 mm<\/td>\n<td valign=\"top\" width=\"150\">0,1-1,5 mm<\/td>\n<td valign=\"center\" width=\"150\">0,1-1,5 mm<\/td>\n<\/tr>\n<tr>\n<td valign=\"center\" width=\"163\">Di\u00e1metro m\u00ednimo de rotaci\u00f3n de la bobina<\/td>\n<td valign=\"center\" width=\"150\">50 mm<\/td>\n<td valign=\"top\" width=\"150\">50 mm<\/td>\n<td valign=\"center\" width=\"150\">50 mm<\/td>\n<\/tr>\n<tr>\n<td valign=\"center\" width=\"163\">Di\u00e1metro m\u00e1ximo de rotaci\u00f3n de la bobina<\/td>\n<td valign=\"center\" width=\"150\">210 mm<\/td>\n<td valign=\"top\" width=\"150\">360 mm<\/td>\n<td valign=\"center\" width=\"150\">450 mm<\/td>\n<\/tr>\n<tr>\n<td valign=\"center\" width=\"163\">Respiraci\u00f3n m\u00e1xima<\/td>\n<td valign=\"center\" width=\"150\">400 mm<\/td>\n<td valign=\"top\" width=\"150\">350 mm<\/td>\n<td valign=\"center\" width=\"150\">400 mm<\/td>\n<\/tr>\n<tr>\n<td valign=\"center\" width=\"163\">Velocidad m\u00e1xima de bobinado<\/td>\n<td valign=\"center\" width=\"150\">1390 rpm<\/td>\n<td valign=\"top\" width=\"150\">1390 rpm<\/td>\n<td valign=\"center\" width=\"150\">1390 rpm<\/td>\n<\/tr>\n<tr>\n<td valign=\"center\" width=\"163\">Potencia<\/td>\n<td valign=\"center\" width=\"150\">0,75 KW<\/td>\n<td valign=\"top\" width=\"150\">1,5 KW<\/td>\n<td valign=\"center\" width=\"150\">1,5 KW<\/td>\n<\/tr>\n<tr>\n<td valign=\"center\" width=\"163\">Tama\u00f1o de la m\u00e1quina<\/td>\n<td valign=\"center\" width=\"150\">1500*600*1450mm<\/td>\n<td valign=\"top\" width=\"150\">1300*550*1400mm<\/td>\n<td valign=\"center\" width=\"150\">1500*600*1450mm<\/td>\n<\/tr>\n<\/tbody>\n<\/table>\n<\/div>\n<div class=\"content_box\">\n<h2>Proceso de bobinado:<\/h2>\n<\/div>\n<p><img decoding=\"async\" class=\"alignnone size-full wp-image-1502 aligncenter\" src=\"https:\/\/www.apgmachine.com\/uploads\/singliemg.png\" alt=\"singliemg\" \/><\/p>\n<\/div>\n<\/div>\n<\/div>\n<\/div>\n<\/div>\n<\/div>\n<\/div>\n<\/div>\n<\/div>\n<div class=\"fl-row fl-row-full-width fl-row-bg-none fl-node-61c1460fc3bed\" data-node=\"61c1460fc3bed\">\n<div class=\"fl-row-content-wrap\">\n<div class=\"fl-row-content fl-row-full-width fl-node-content\">\n<div class=\"fl-col-group fl-node-61c1460fc4a30\" data-node=\"61c1460fc4a30\">\n<div class=\"fl-col fl-node-61c1460fc4b6e\" data-node=\"61c1460fc4b6e\">\n<div class=\"fl-col-content fl-node-content\">\n<div class=\"fl-module fl-module-rich-text fl-node-61c1460fc3ab7\" data-node=\"61c1460fc3ab7\" data-animation-delay=\"0.0\">\n<div class=\"fl-module-content fl-node-content\">\n<div class=\"fl-rich-text\">\n<div class=\"content_box\"><\/div>\n<\/div>\n<\/div>\n<\/div>\n<\/div>\n<\/div>\n<\/div>\n<\/div>\n<\/div>\n<\/div>\n<\/div>\n<p>&nbsp;<\/p>","protected":false},"excerpt":{"rendered":"<h3>Breve descripci\u00f3n:<\/h3>\n<div>\n<p><strong>Aplicaciones:<\/strong>\u00a0Se utiliza para bobinar bobinas cerradas en forma de R para transformadores de potencial, para bobinar bobinas primarias PT.<br \/>\n<strong>Ventajas:\u00a0<\/strong>La tecnolog\u00eda de control PLC m\u00e1s avanzada, con las ventajas de una funci\u00f3n completa y un funcionamiento sencillo.<\/p>\n<\/div>","protected":false},"featured_media":967,"template":"","meta":{"_uag_custom_page_level_css":""},"product_cat":[33],"product_tag":[],"class_list":{"0":"post-908","1":"product","2":"type-product","3":"status-publish","4":"has-post-thumbnail","6":"product_cat-ct-pt-windng-machine","8":"first","9":"instock","10":"shipping-taxable","11":"product-type-simple"},"featured_image_urls":{"full":["https:\/\/www.apgmachine.com\/wp-content\/uploads\/2023\/12\/PT-wining-machine-3.jpg",918,918,false],"thumbnail":["https:\/\/www.apgmachine.com\/wp-content\/uploads\/2023\/12\/PT-wining-machine-3-150x150.jpg",150,150,true],"medium":["https:\/\/www.apgmachine.com\/wp-content\/uploads\/2023\/12\/PT-wining-machine-3-300x300.jpg",300,300,true],"medium_large":["https:\/\/www.apgmachine.com\/wp-content\/uploads\/2023\/12\/PT-wining-machine-3-768x768.jpg",768,768,true],"large":["https:\/\/www.apgmachine.com\/wp-content\/uploads\/2023\/12\/PT-wining-machine-3.jpg",918,918,false],"1536x1536":["https:\/\/www.apgmachine.com\/wp-content\/uploads\/2023\/12\/PT-wining-machine-3.jpg",918,918,false],"2048x2048":["https:\/\/www.apgmachine.com\/wp-content\/uploads\/2023\/12\/PT-wining-machine-3.jpg",918,918,false],"trp-custom-language-flag":["https:\/\/www.apgmachine.com\/wp-content\/uploads\/2023\/12\/PT-wining-machine-3.jpg",12,12,false],"woocommerce_archive_thumbnail":["https:\/\/www.apgmachine.com\/wp-content\/uploads\/2023\/12\/PT-wining-machine-3-500x500.jpg",500,500,true],"woocommerce_thumbnail":["https:\/\/www.apgmachine.com\/wp-content\/uploads\/2023\/12\/PT-wining-machine-3-300x300.jpg",300,300,true],"woocommerce_single":["https:\/\/www.apgmachine.com\/wp-content\/uploads\/2023\/12\/PT-wining-machine-3-600x600.jpg",600,600,true],"woocommerce_gallery_thumbnail":["https:\/\/www.apgmachine.com\/wp-content\/uploads\/2023\/12\/PT-wining-machine-3-100x100.jpg",100,100,true]},"post_excerpt_stackable":"<h3>Short Description:<\/h3>\n<div>\n<p><strong>Applications:<\/strong>\u00a0Used for winding R shape closed coil for potential transformer,for winding primary PT coils.<br \/>\n<strong>Advantages:\u00a0<\/strong>Most advanced PLC control technology,with the advantages of complete function and simple operation.<\/p>\n<\/div>\n","category_list":"","author_info":{"name":"","url":""},"comments_num":"0 comentarios","jetpack_sharing_enabled":true,"uagb_featured_image_src":{"full":["https:\/\/www.apgmachine.com\/wp-content\/uploads\/2023\/12\/PT-wining-machine-3.jpg",918,918,false],"thumbnail":["https:\/\/www.apgmachine.com\/wp-content\/uploads\/2023\/12\/PT-wining-machine-3-150x150.jpg",150,150,true],"medium":["https:\/\/www.apgmachine.com\/wp-content\/uploads\/2023\/12\/PT-wining-machine-3-300x300.jpg",300,300,true],"medium_large":["https:\/\/www.apgmachine.com\/wp-content\/uploads\/2023\/12\/PT-wining-machine-3-768x768.jpg",768,768,true],"large":["https:\/\/www.apgmachine.com\/wp-content\/uploads\/2023\/12\/PT-wining-machine-3.jpg",918,918,false],"1536x1536":["https:\/\/www.apgmachine.com\/wp-content\/uploads\/2023\/12\/PT-wining-machine-3.jpg",918,918,false],"2048x2048":["https:\/\/www.apgmachine.com\/wp-content\/uploads\/2023\/12\/PT-wining-machine-3.jpg",918,918,false],"trp-custom-language-flag":["https:\/\/www.apgmachine.com\/wp-content\/uploads\/2023\/12\/PT-wining-machine-3.jpg",12,12,false],"woocommerce_archive_thumbnail":["https:\/\/www.apgmachine.com\/wp-content\/uploads\/2023\/12\/PT-wining-machine-3-500x500.jpg",500,500,true],"woocommerce_thumbnail":["https:\/\/www.apgmachine.com\/wp-content\/uploads\/2023\/12\/PT-wining-machine-3-300x300.jpg",300,300,true],"woocommerce_single":["https:\/\/www.apgmachine.com\/wp-content\/uploads\/2023\/12\/PT-wining-machine-3-600x600.jpg",600,600,true],"woocommerce_gallery_thumbnail":["https:\/\/www.apgmachine.com\/wp-content\/uploads\/2023\/12\/PT-wining-machine-3-100x100.jpg",100,100,true]},"uagb_author_info":{"display_name":"admin","author_link":"https:\/\/www.apgmachine.com\/es\/author\/"},"uagb_comment_info":0,"uagb_excerpt":"Short Description: Applications:\u00a0Used for winding R shape closed coil for potential transformer,for winding primary PT coils. Advantages:\u00a0Most advanced PLC control technology,with the advantages of complete function and simple operation.","_links":{"self":[{"href":"https:\/\/www.apgmachine.com\/es\/wp-json\/wp\/v2\/product\/908","targetHints":{"allow":["GET"]}}],"collection":[{"href":"https:\/\/www.apgmachine.com\/es\/wp-json\/wp\/v2\/product"}],"about":[{"href":"https:\/\/www.apgmachine.com\/es\/wp-json\/wp\/v2\/types\/product"}],"wp:featuredmedia":[{"embeddable":true,"href":"https:\/\/www.apgmachine.com\/es\/wp-json\/wp\/v2\/media\/967"}],"wp:attachment":[{"href":"https:\/\/www.apgmachine.com\/es\/wp-json\/wp\/v2\/media?parent=908"}],"wp:term":[{"taxonomy":"product_cat","embeddable":true,"href":"https:\/\/www.apgmachine.com\/es\/wp-json\/wp\/v2\/product_cat?post=908"},{"taxonomy":"product_tag","embeddable":true,"href":"https:\/\/www.apgmachine.com\/es\/wp-json\/wp\/v2\/product_tag?post=908"}],"curies":[{"name":"wp","href":"https:\/\/api.w.org\/{rel}","templated":true}]}}