{"id":907,"date":"2023-12-04T04:11:14","date_gmt":"2023-12-03T20:11:14","guid":{"rendered":"http:\/\/wp.cd3.gzoat.com\/?post_type=product&#038;p=907"},"modified":"2024-05-10T11:04:20","modified_gmt":"2024-05-10T03:04:20","slug":"taping-machine-for-winding-polyester-film","status":"publish","type":"product","link":"https:\/\/www.apgmachine.com\/es\/producto\/maquina-de-encintar-para-enrollar-film-de-poliester\/","title":{"rendered":"M\u00e1quina de encintado para bobinado de film de poli\u00e9ster"},"content":{"rendered":"<div class=\"fl-builder-content fl-builder-content-1503 fl-builder-content-primary fl-builder-global-templates-locked\" data-post-id=\"1503\">\n<div class=\"fl-row fl-row-full-width fl-row-bg-none fl-node-61c14b3f385e7\" data-node=\"61c14b3f385e7\">\n<div class=\"fl-row-content-wrap\">\n<div class=\"fl-row-content fl-row-full-width fl-node-content\">\n<div class=\"fl-col-group fl-node-61c14b3f3895d\" data-node=\"61c14b3f3895d\">\n<div class=\"fl-col fl-node-61c14b3f38aad\" data-node=\"61c14b3f38aad\">\n<div class=\"fl-col-content fl-node-content\">\n<div class=\"fl-module fl-module-rich-text fl-node-61c14b3f39ca2\" data-node=\"61c14b3f39ca2\" data-animation-delay=\"0.0\">\n<div class=\"fl-module-content fl-node-content\">\n<div class=\"fl-rich-text\">\n<p><img decoding=\"async\" class=\"alignnone size-full wp-image-1507 aligncenter\" src=\"https:\/\/www.apgmachine.com\/uploads\/soiuh865jh.jpg\" alt=\"soiuh865jh\" \/><\/p>\n<div class=\"content_box\">\n<h2>Aplicaci\u00f3n:<\/h2>\n<\/div>\n<p>Las m\u00e1quinas de encintado se utilizan para envolver film de poli\u00e9ster en bobinas toroidales, bobinas ovaladas y bobinas rectangulares. Colocan las cintas aislantes en los n\u00facleos y devanados de forma estrictamente controlada. Son r\u00e1pidas y funcionan con cintas de poli\u00e9ster, poliimida y aramida, as\u00ed como con cintas de blindaje de cobre en anchuras de 6 a 16 mm o seg\u00fan se especifique. La cinta se carga en el cargador y se corta autom\u00e1ticamente, y la velocidad de bobinado aumenta para terminar el trabajo en menos tiempo.<\/p>\n<div class=\"content_box\">\n<h2>Especificaciones:<\/h2>\n<\/div>\n<div class=\"table_wrap\">\n<table border=\"0\" cellspacing=\"0\">\n<tbody>\n<tr>\n<td valign=\"top\" width=\"93\"><b>VOL-0825\u00a0<\/b><\/td>\n<td valign=\"top\" width=\"126\">m\u00e1quina encintadora<\/td>\n<td valign=\"top\" width=\"163\">Velocidad m\u00e1xima de bobinado<\/td>\n<td valign=\"top\" width=\"191\">250 rpm<\/td>\n<\/tr>\n<tr>\n<td valign=\"top\" width=\"93\">ancho de cinta<\/td>\n<td valign=\"top\" width=\"125\">8(10,12,15)mm<\/td>\n<td valign=\"top\" width=\"163\">distancia entre cintas<\/td>\n<td valign=\"top\" width=\"191\">acoplamiento proporcional<\/td>\n<\/tr>\n<tr>\n<td valign=\"top\" width=\"93\">OD m\u00e1x.<\/td>\n<td valign=\"top\" width=\"126\">45-200mm<\/td>\n<td valign=\"top\" width=\"163\">tensi\u00f3n de alimentaci\u00f3n<\/td>\n<td valign=\"top\" width=\"191\">AC220V 50Hz<\/td>\n<\/tr>\n<tr>\n<td valign=\"top\" width=\"93\">ID m\u00edn.<\/td>\n<td valign=\"top\" width=\"126\">25 mm<\/td>\n<td valign=\"top\" width=\"163\">Tama\u00f1o de la m\u00e1quina<\/td>\n<td valign=\"top\" width=\"191\">550*500*1100<\/td>\n<\/tr>\n<tr>\n<td valign=\"top\" width=\"93\">Altura m\u00e1xima<\/td>\n<td valign=\"top\" width=\"126\">80 mm<\/td>\n<td valign=\"top\" width=\"163\">peso de la m\u00e1quina<\/td>\n<td valign=\"top\" width=\"191\">100KG<\/td>\n<\/tr>\n<tr>\n<td valign=\"top\" width=\"93\">Capacidad de almacenamiento<\/td>\n<td valign=\"top\" width=\"126\">29 series<\/td>\n<td valign=\"top\" width=\"163\">C\u00f3digo SA<\/td>\n<td valign=\"top\" width=\"191\">8479811000<\/td>\n<\/tr>\n<\/tbody>\n<\/table>\n<\/div>\n<div class=\"table_wrap\">\n<table border=\"0\" cellspacing=\"0\">\n<tbody>\n<tr>\n<td valign=\"top\" width=\"93\"><b>VOL-1030<\/b><\/td>\n<td valign=\"top\" width=\"126\">m\u00e1quina encintadora<\/td>\n<td valign=\"top\" width=\"163\">Velocidad m\u00e1xima de bobinado<\/td>\n<td valign=\"top\" width=\"191\">250 rpm<\/td>\n<\/tr>\n<tr>\n<td valign=\"top\" width=\"93\">ancho de cinta<\/td>\n<td valign=\"top\" width=\"125\">10(10,12,15)mm<\/td>\n<td valign=\"top\" width=\"163\">distancia entre cintas<\/td>\n<td valign=\"top\" width=\"191\">acoplamiento proporcional<\/td>\n<\/tr>\n<tr>\n<td valign=\"top\" width=\"93\">OD m\u00e1x.<\/td>\n<td valign=\"top\" width=\"126\">50-200mm<\/td>\n<td valign=\"top\" width=\"163\">tensi\u00f3n de alimentaci\u00f3n<\/td>\n<td valign=\"top\" width=\"191\">AC220V 50Hz<\/td>\n<\/tr>\n<tr>\n<td valign=\"top\" width=\"93\">ID m\u00edn.<\/td>\n<td valign=\"top\" width=\"126\">30 mm<\/td>\n<td valign=\"top\" width=\"163\">Tama\u00f1o de la m\u00e1quina<\/td>\n<td valign=\"top\" width=\"191\">550*500*1100<\/td>\n<\/tr>\n<tr>\n<td valign=\"top\" width=\"93\">Altura m\u00e1xima<\/td>\n<td valign=\"top\" width=\"126\">80 mm<\/td>\n<td valign=\"top\" width=\"163\">peso de la m\u00e1quina<\/td>\n<td valign=\"top\" width=\"191\">100KG<\/td>\n<\/tr>\n<tr>\n<td valign=\"top\" width=\"93\">Capacidad de almacenamiento<\/td>\n<td valign=\"top\" width=\"126\">29 series<\/td>\n<td valign=\"top\" width=\"163\">C\u00f3digo SA<\/td>\n<td valign=\"top\" width=\"191\">8479811000<\/td>\n<\/tr>\n<\/tbody>\n<\/table>\n<\/div>\n<div class=\"table_wrap\">\n<table border=\"0\" cellspacing=\"0\">\n<tbody>\n<tr>\n<td valign=\"top\" width=\"93\"><b>VOL-1235<\/b><\/td>\n<td valign=\"top\" width=\"126\">m\u00e1quina encintadora<\/td>\n<td valign=\"top\" width=\"163\">Velocidad m\u00e1xima de bobinado<\/td>\n<td valign=\"top\" width=\"191\">250 rpm<\/td>\n<\/tr>\n<tr>\n<td valign=\"top\" width=\"93\">ancho de cinta<\/td>\n<td valign=\"top\" width=\"125\">12(10,12,15)mm<\/td>\n<td valign=\"top\" width=\"163\">distancia entre cintas<\/td>\n<td valign=\"top\" width=\"191\">acoplamiento proporcional<\/td>\n<\/tr>\n<tr>\n<td valign=\"top\" width=\"93\">OD m\u00e1x.<\/td>\n<td valign=\"top\" width=\"126\">50-200mm<\/td>\n<td valign=\"top\" width=\"163\">tensi\u00f3n de alimentaci\u00f3n<\/td>\n<td valign=\"top\" width=\"191\">AC220V 50Hz<\/td>\n<\/tr>\n<tr>\n<td valign=\"top\" width=\"93\">ID m\u00edn.<\/td>\n<td valign=\"top\" width=\"126\">35 mm<\/td>\n<td valign=\"top\" width=\"163\">Tama\u00f1o de la m\u00e1quina<\/td>\n<td valign=\"top\" width=\"191\">550*500*1100<\/td>\n<\/tr>\n<tr>\n<td valign=\"top\" width=\"93\">Altura m\u00e1xima<\/td>\n<td valign=\"top\" width=\"126\">80 mm<\/td>\n<td valign=\"top\" width=\"163\">peso de la m\u00e1quina<\/td>\n<td valign=\"top\" width=\"191\">100KG<\/td>\n<\/tr>\n<tr>\n<td valign=\"top\" width=\"93\">Capacidad de almacenamiento<\/td>\n<td valign=\"top\" width=\"126\">29 series<\/td>\n<td valign=\"top\" width=\"163\">C\u00f3digo SA<\/td>\n<td valign=\"top\" width=\"191\">8479811000<\/td>\n<\/tr>\n<\/tbody>\n<\/table>\n<\/div>\n<div class=\"table_wrap\">\n<table border=\"0\" cellspacing=\"0\">\n<tbody>\n<tr>\n<td valign=\"top\" width=\"93\"><b>VOL-1640<\/b><\/td>\n<td valign=\"top\" width=\"126\">m\u00e1quina encintadora<\/td>\n<td valign=\"top\" width=\"163\">Velocidad m\u00e1xima de bobinado<\/td>\n<td valign=\"top\" width=\"191\">250 rpm<\/td>\n<\/tr>\n<tr>\n<td valign=\"top\" width=\"93\">ancho de cinta<\/td>\n<td valign=\"top\" width=\"125\">15(10,12,15)mm<\/td>\n<td valign=\"top\" width=\"163\">distancia entre cintas<\/td>\n<td valign=\"top\" width=\"191\">acoplamiento proporcional<\/td>\n<\/tr>\n<tr>\n<td valign=\"top\" width=\"93\">OD m\u00e1x.<\/td>\n<td valign=\"top\" width=\"126\">60-200mm<\/td>\n<td valign=\"top\" width=\"163\">tensi\u00f3n de alimentaci\u00f3n<\/td>\n<td valign=\"top\" width=\"191\">AC220V 50Hz<\/td>\n<\/tr>\n<tr>\n<td valign=\"top\" width=\"93\">ID m\u00edn.<\/td>\n<td valign=\"top\" width=\"126\">40 mm<\/td>\n<td valign=\"top\" width=\"163\">Tama\u00f1o de la m\u00e1quina<\/td>\n<td valign=\"top\" width=\"191\">550*500*1100<\/td>\n<\/tr>\n<tr>\n<td valign=\"top\" width=\"93\">Altura m\u00e1xima<\/td>\n<td valign=\"top\" width=\"126\">100 mm<\/td>\n<td valign=\"top\" width=\"163\">peso de la m\u00e1quina<\/td>\n<td valign=\"top\" width=\"191\">100KG<\/td>\n<\/tr>\n<tr>\n<td valign=\"top\" width=\"93\">Capacidad de almacenamiento<\/td>\n<td valign=\"top\" width=\"126\">29 series<\/td>\n<td valign=\"top\" width=\"163\">C\u00f3digo SA<\/td>\n<td valign=\"top\" width=\"191\">8479811000<\/td>\n<\/tr>\n<\/tbody>\n<\/table>\n<\/div>\n<\/div>\n<\/div>\n<\/div>\n<\/div>\n<\/div>\n<\/div>\n<\/div>\n<\/div>\n<\/div>\n<div class=\"fl-row fl-row-full-width fl-row-bg-none fl-node-61c14b4675738\" data-node=\"61c14b4675738\">\n<div class=\"fl-row-content-wrap\">\n<div class=\"fl-row-content fl-row-full-width fl-node-content\">\n<div class=\"fl-col-group fl-node-61c14b4675778\" data-node=\"61c14b4675778\">\n<div class=\"fl-col fl-node-61c14b46757b6\" data-node=\"61c14b46757b6\">\n<div class=\"fl-col-content fl-node-content\">\n<div class=\"fl-module fl-module-rich-text fl-node-61c14b46757f4\" data-node=\"61c14b46757f4\" data-animation-delay=\"0.0\">\n<div class=\"fl-module-content fl-node-content\">\n<div class=\"fl-rich-text\">\n<div class=\"content_box\">\n<h2>V\u00eddeo<\/h2>\n<\/div>\n<\/div>\n<\/div>\n<\/div>\n<\/div>\n<\/div>\n<\/div>\n<div class=\"fl-col-group fl-node-61c14b4675831\" data-node=\"61c14b4675831\">\n<div class=\"fl-col fl-node-61c14b467586f\" data-node=\"61c14b467586f\">\n<div class=\"fl-col-content fl-node-content\">\n<div class=\"fl-module fl-module-html fl-node-61c14b46758ad\" data-node=\"61c14b46758ad\" data-animation-delay=\"0.0\">\n<div class=\"fl-module-content fl-node-content\">\n<div class=\"fl-html\"><button class=\"lty-playbtn\" type=\"button\"><span class=\"lyt-visually-hidden\">Jugar<\/span><\/button><\/div>\n<\/div>\n<\/div>\n<\/div>\n<\/div>\n<\/div>\n<\/div>\n<\/div>\n<\/div>\n<\/div>\n<p><iframe loading=\"lazy\" title=\"Bobinadora de cinta toroidal\" width=\"1290\" height=\"726\" src=\"https:\/\/www.youtube.com\/embed\/SAJYlRgtoZ8?feature=oembed\" frameborder=\"0\" allow=\"accelerometer; autoplay; clipboard-write; encrypted-media; gyroscope; picture-in-picture; web-share\" referrerpolicy=\"strict-origin-when-cross-origin\" allowfullscreen><\/iframe><\/p>","protected":false},"excerpt":{"rendered":"<h3>Breve descripci\u00f3n:<\/h3>","protected":false},"featured_media":842,"template":"","meta":{"_uag_custom_page_level_css":""},"product_cat":[33],"product_tag":[],"class_list":{"0":"post-907","1":"product","2":"type-product","3":"status-publish","4":"has-post-thumbnail","6":"product_cat-ct-pt-windng-machine","8":"first","9":"instock","10":"shipping-taxable","11":"product-type-simple"},"featured_image_urls":{"full":["https:\/\/www.apgmachine.com\/wp-content\/uploads\/2023\/12\/Taping-machine-for-winding-polyester-film.jpg",918,918,false],"thumbnail":["https:\/\/www.apgmachine.com\/wp-content\/uploads\/2023\/12\/Taping-machine-for-winding-polyester-film-150x150.jpg",150,150,true],"medium":["https:\/\/www.apgmachine.com\/wp-content\/uploads\/2023\/12\/Taping-machine-for-winding-polyester-film-300x300.jpg",300,300,true],"medium_large":["https:\/\/www.apgmachine.com\/wp-content\/uploads\/2023\/12\/Taping-machine-for-winding-polyester-film-768x768.jpg",768,768,true],"large":["https:\/\/www.apgmachine.com\/wp-content\/uploads\/2023\/12\/Taping-machine-for-winding-polyester-film.jpg",918,918,false],"1536x1536":["https:\/\/www.apgmachine.com\/wp-content\/uploads\/2023\/12\/Taping-machine-for-winding-polyester-film.jpg",918,918,false],"2048x2048":["https:\/\/www.apgmachine.com\/wp-content\/uploads\/2023\/12\/Taping-machine-for-winding-polyester-film.jpg",918,918,false],"trp-custom-language-flag":["https:\/\/www.apgmachine.com\/wp-content\/uploads\/2023\/12\/Taping-machine-for-winding-polyester-film.jpg",12,12,false],"woocommerce_archive_thumbnail":["https:\/\/www.apgmachine.com\/wp-content\/uploads\/2023\/12\/Taping-machine-for-winding-polyester-film-500x500.jpg",500,500,true],"woocommerce_thumbnail":["https:\/\/www.apgmachine.com\/wp-content\/uploads\/2023\/12\/Taping-machine-for-winding-polyester-film-300x300.jpg",300,300,true],"woocommerce_single":["https:\/\/www.apgmachine.com\/wp-content\/uploads\/2023\/12\/Taping-machine-for-winding-polyester-film-600x600.jpg",600,600,true],"woocommerce_gallery_thumbnail":["https:\/\/www.apgmachine.com\/wp-content\/uploads\/2023\/12\/Taping-machine-for-winding-polyester-film-100x100.jpg",100,100,true]},"post_excerpt_stackable":"<h3>Short Description:<\/h3>\n","category_list":"","author_info":{"name":"","url":""},"comments_num":"0 comentarios","jetpack_sharing_enabled":true,"uagb_featured_image_src":{"full":["https:\/\/www.apgmachine.com\/wp-content\/uploads\/2023\/12\/Taping-machine-for-winding-polyester-film.jpg",918,918,false],"thumbnail":["https:\/\/www.apgmachine.com\/wp-content\/uploads\/2023\/12\/Taping-machine-for-winding-polyester-film-150x150.jpg",150,150,true],"medium":["https:\/\/www.apgmachine.com\/wp-content\/uploads\/2023\/12\/Taping-machine-for-winding-polyester-film-300x300.jpg",300,300,true],"medium_large":["https:\/\/www.apgmachine.com\/wp-content\/uploads\/2023\/12\/Taping-machine-for-winding-polyester-film-768x768.jpg",768,768,true],"large":["https:\/\/www.apgmachine.com\/wp-content\/uploads\/2023\/12\/Taping-machine-for-winding-polyester-film.jpg",918,918,false],"1536x1536":["https:\/\/www.apgmachine.com\/wp-content\/uploads\/2023\/12\/Taping-machine-for-winding-polyester-film.jpg",918,918,false],"2048x2048":["https:\/\/www.apgmachine.com\/wp-content\/uploads\/2023\/12\/Taping-machine-for-winding-polyester-film.jpg",918,918,false],"trp-custom-language-flag":["https:\/\/www.apgmachine.com\/wp-content\/uploads\/2023\/12\/Taping-machine-for-winding-polyester-film.jpg",12,12,false],"woocommerce_archive_thumbnail":["https:\/\/www.apgmachine.com\/wp-content\/uploads\/2023\/12\/Taping-machine-for-winding-polyester-film-500x500.jpg",500,500,true],"woocommerce_thumbnail":["https:\/\/www.apgmachine.com\/wp-content\/uploads\/2023\/12\/Taping-machine-for-winding-polyester-film-300x300.jpg",300,300,true],"woocommerce_single":["https:\/\/www.apgmachine.com\/wp-content\/uploads\/2023\/12\/Taping-machine-for-winding-polyester-film-600x600.jpg",600,600,true],"woocommerce_gallery_thumbnail":["https:\/\/www.apgmachine.com\/wp-content\/uploads\/2023\/12\/Taping-machine-for-winding-polyester-film-100x100.jpg",100,100,true]},"uagb_author_info":{"display_name":"admin","author_link":"https:\/\/www.apgmachine.com\/es\/author\/"},"uagb_comment_info":0,"uagb_excerpt":"Short Description:","_links":{"self":[{"href":"https:\/\/www.apgmachine.com\/es\/wp-json\/wp\/v2\/product\/907","targetHints":{"allow":["GET"]}}],"collection":[{"href":"https:\/\/www.apgmachine.com\/es\/wp-json\/wp\/v2\/product"}],"about":[{"href":"https:\/\/www.apgmachine.com\/es\/wp-json\/wp\/v2\/types\/product"}],"wp:featuredmedia":[{"embeddable":true,"href":"https:\/\/www.apgmachine.com\/es\/wp-json\/wp\/v2\/media\/842"}],"wp:attachment":[{"href":"https:\/\/www.apgmachine.com\/es\/wp-json\/wp\/v2\/media?parent=907"}],"wp:term":[{"taxonomy":"product_cat","embeddable":true,"href":"https:\/\/www.apgmachine.com\/es\/wp-json\/wp\/v2\/product_cat?post=907"},{"taxonomy":"product_tag","embeddable":true,"href":"https:\/\/www.apgmachine.com\/es\/wp-json\/wp\/v2\/product_tag?post=907"}],"curies":[{"name":"wp","href":"https:\/\/api.w.org\/{rel}","templated":true}]}}