{"id":905,"date":"2023-12-04T04:09:58","date_gmt":"2023-12-03T20:09:58","guid":{"rendered":"http:\/\/wp.cd3.gzoat.com\/?post_type=product&#038;p=905"},"modified":"2024-01-11T15:04:47","modified_gmt":"2024-01-11T07:04:47","slug":"pt-secondary-winding-machine","status":"publish","type":"product","link":"https:\/\/www.apgmachine.com\/es\/producto\/devanadora-secundaria-pt\/","title":{"rendered":"M\u00e1quina de bobinado secundario PT"},"content":{"rendered":"<div class=\"fl-builder-content fl-builder-content-1490 fl-builder-content-primary fl-builder-global-templates-locked\" data-post-id=\"1490\">\n<div class=\"fl-row fl-row-full-width fl-row-bg-none fl-node-61c14657c1278\" data-node=\"61c14657c1278\">\n<div class=\"fl-row-content-wrap\">\n<div class=\"fl-row-content fl-row-full-width fl-node-content\">\n<div class=\"fl-col-group fl-node-61c14657c1606\" data-node=\"61c14657c1606\">\n<div class=\"fl-col fl-node-61c14657c1749\" data-node=\"61c14657c1749\">\n<div class=\"fl-col-content fl-node-content\">\n<div class=\"fl-module fl-module-rich-text fl-node-61c14657c25d1\" data-node=\"61c14657c25d1\" data-animation-delay=\"0.0\">\n<div class=\"fl-module-content fl-node-content\">\n<div class=\"fl-rich-text\">\n<p><strong>Bobinadora del transformador de tensi\u00f3n de potencial secundario<\/strong><\/p>\n<div class=\"content_box\">\n<h2>VOL-480 M\u00e1quina devanadora de transformadores de potencial para el devanado de la bobina secundaria:<\/h2>\n<\/div>\n<p><strong>Caracter\u00edsticas:<\/strong><br \/>\nEl sistema de control principal de la m\u00e1quina de bobinado adopta el PLC m\u00e1s avanzado internacional de Jap\u00f3n Mitsubishi, todos los datos se establecen por el panel t\u00e1ctil, y puede calcular autom\u00e1ticamente la longitud del alambre. La parte fija central de esta m\u00e1quina se compone de carril de bolas m\u00f3vil transversal y banco de trabajo ajustable longitudinal. Durante el bobinado, el usuario puede ajustar la posici\u00f3n del banco de trabajo seg\u00fan el grosor, la longitud y la anchura del n\u00facleo de hierro, para mantener la posici\u00f3n adecuada entre el n\u00facleo de hierro, el anillo de bobinado y la lanzadera, de este modo, el anillo de bobinado y el n\u00facleo de hierro producen el movimiento relativo durante el bobinado, para realizar el bobinado de la bobina secundaria.<\/p>\n<p><img decoding=\"async\" class=\"alignnone size-full wp-image-1494\" src=\"https:\/\/www.apgmachine.com\/uploads\/sinh57876y.jpg\" alt=\"sinh57876y\" \/><\/p>\n<div class=\"content_box\">\n<h2>VOL-480 M\u00e1quina devanadora de transformadores de potencial para el devanado de la bobina secundaria:<\/h2>\n<\/div>\n<p><img decoding=\"async\" class=\"alignnone size-full wp-image-1495 aligncenter\" src=\"https:\/\/www.apgmachine.com\/uploads\/5dbf56h.jpg\" alt=\"5dbf56h\" \/><\/p>\n<div class=\"content_box\">\n<h2>VOL-480 Proceso de bobinado de m\u00e1quinas de transformadores de potencial secundario:<\/h2>\n<\/div>\n<p><img decoding=\"async\" class=\"alignnone size-full wp-image-1496 aligncenter\" src=\"https:\/\/www.apgmachine.com\/uploads\/so48tgg5h.jpg\" alt=\"so48tgg5h\" \/><\/p>\n<\/div>\n<\/div>\n<\/div>\n<\/div>\n<\/div>\n<\/div>\n<\/div>\n<\/div>\n<\/div>\n<div class=\"fl-row fl-row-full-width fl-row-bg-none fl-node-61c146631141e\" data-node=\"61c146631141e\">\n<div class=\"fl-row-content-wrap\">\n<div class=\"fl-row-content fl-row-full-width fl-node-content\">\n<div class=\"fl-col-group fl-node-61c146631145e\" data-node=\"61c146631145e\">\n<div class=\"fl-col fl-node-61c146631148f\" data-node=\"61c146631148f\">\n<div class=\"fl-col-content fl-node-content\">\n<div class=\"fl-module fl-module-rich-text fl-node-61c14663114ce\" data-node=\"61c14663114ce\" data-animation-delay=\"0.0\">\n<div class=\"fl-module-content fl-node-content\">\n<div class=\"fl-rich-text\">\n<div class=\"content_box\"><\/div>\n<\/div>\n<\/div>\n<\/div>\n<\/div>\n<\/div>\n<\/div>\n<div class=\"fl-col-group fl-node-61c146631150b\" data-node=\"61c146631150b\">\n<div class=\"fl-col fl-node-61c1466311549\" data-node=\"61c1466311549\">\n<div class=\"fl-col-content fl-node-content\">\n<div class=\"fl-module fl-module-html fl-node-61c1466311586\" data-node=\"61c1466311586\" data-animation-delay=\"0.0\">\n<div class=\"fl-module-content fl-node-content\">\n<div class=\"fl-html\">\n<h2><span style=\"color: #e73034;\">V\u00eddeo de la m\u00e1quina APG<\/span><\/h2>\n<p><iframe loading=\"lazy\" title=\"Bobinadora PT\" width=\"1290\" height=\"726\" src=\"https:\/\/www.youtube.com\/embed\/kniifDhBc94?feature=oembed\" frameborder=\"0\" allow=\"accelerometer; autoplay; clipboard-write; encrypted-media; gyroscope; picture-in-picture; web-share\" allowfullscreen><\/iframe><\/p>\n<\/div>\n<\/div>\n<\/div>\n<\/div>\n<\/div>\n<\/div>\n<\/div>\n<\/div>\n<\/div>\n<\/div>\n<p>&nbsp;<\/p>","protected":false},"excerpt":{"rendered":"<h3>Breve descripci\u00f3n:<\/h3>\n<div>\n<p><strong>Aplicaciones:<\/strong>\u00a0Se utiliza para bobinar bobinas cerradas en forma de R para transformadores de potencial, para bobinar bobinas PT secundarias.<br \/>\n<strong>Ventajas:<\/strong><br \/>\nResuelve el problema de la gran intensidad de trabajo de bobinado manual,<br \/>\nBaja eficiencia de trabajo,<br \/>\nVueltas incorrectas del transformador de tensi\u00f3n cerrado,<br \/>\nMejora enormemente la eficiencia de la producci\u00f3n.<\/p>\n<\/div>","protected":false},"featured_media":942,"template":"","meta":{"_uag_custom_page_level_css":""},"product_cat":[33],"product_tag":[],"class_list":{"0":"post-905","1":"product","2":"type-product","3":"status-publish","4":"has-post-thumbnail","6":"product_cat-ct-pt-windng-machine","8":"first","9":"instock","10":"shipping-taxable","11":"product-type-simple"},"featured_image_urls":{"full":["https:\/\/www.apgmachine.com\/wp-content\/uploads\/2023\/12\/PT-secondary-winding-machine-1.jpg",918,918,false],"thumbnail":["https:\/\/www.apgmachine.com\/wp-content\/uploads\/2023\/12\/PT-secondary-winding-machine-1-150x150.jpg",150,150,true],"medium":["https:\/\/www.apgmachine.com\/wp-content\/uploads\/2023\/12\/PT-secondary-winding-machine-1-300x300.jpg",300,300,true],"medium_large":["https:\/\/www.apgmachine.com\/wp-content\/uploads\/2023\/12\/PT-secondary-winding-machine-1-768x768.jpg",768,768,true],"large":["https:\/\/www.apgmachine.com\/wp-content\/uploads\/2023\/12\/PT-secondary-winding-machine-1.jpg",918,918,false],"1536x1536":["https:\/\/www.apgmachine.com\/wp-content\/uploads\/2023\/12\/PT-secondary-winding-machine-1.jpg",918,918,false],"2048x2048":["https:\/\/www.apgmachine.com\/wp-content\/uploads\/2023\/12\/PT-secondary-winding-machine-1.jpg",918,918,false],"trp-custom-language-flag":["https:\/\/www.apgmachine.com\/wp-content\/uploads\/2023\/12\/PT-secondary-winding-machine-1.jpg",12,12,false],"woocommerce_archive_thumbnail":["https:\/\/www.apgmachine.com\/wp-content\/uploads\/2023\/12\/PT-secondary-winding-machine-1-500x500.jpg",500,500,true],"woocommerce_thumbnail":["https:\/\/www.apgmachine.com\/wp-content\/uploads\/2023\/12\/PT-secondary-winding-machine-1-300x300.jpg",300,300,true],"woocommerce_single":["https:\/\/www.apgmachine.com\/wp-content\/uploads\/2023\/12\/PT-secondary-winding-machine-1-600x600.jpg",600,600,true],"woocommerce_gallery_thumbnail":["https:\/\/www.apgmachine.com\/wp-content\/uploads\/2023\/12\/PT-secondary-winding-machine-1-100x100.jpg",100,100,true]},"post_excerpt_stackable":"<h3>Short Description:<\/h3>\n<div>\n<p><strong>Applications:<\/strong>\u00a0Used for winding R shape closed coil for potential transformer,for winding secondary PT coils.<br \/>\n<strong>Advantages:<\/strong><br \/>\nSolves the problem of large manual winding labor intensity,<br \/>\nLow working efficiency,<br \/>\nIncorrect turns of enclosed voltage transformer,<br \/>\nGreatly improves the production efficiency.<\/p>\n<\/div>\n","category_list":"","author_info":{"name":"","url":""},"comments_num":"0 comentarios","jetpack_sharing_enabled":true,"uagb_featured_image_src":{"full":["https:\/\/www.apgmachine.com\/wp-content\/uploads\/2023\/12\/PT-secondary-winding-machine-1.jpg",918,918,false],"thumbnail":["https:\/\/www.apgmachine.com\/wp-content\/uploads\/2023\/12\/PT-secondary-winding-machine-1-150x150.jpg",150,150,true],"medium":["https:\/\/www.apgmachine.com\/wp-content\/uploads\/2023\/12\/PT-secondary-winding-machine-1-300x300.jpg",300,300,true],"medium_large":["https:\/\/www.apgmachine.com\/wp-content\/uploads\/2023\/12\/PT-secondary-winding-machine-1-768x768.jpg",768,768,true],"large":["https:\/\/www.apgmachine.com\/wp-content\/uploads\/2023\/12\/PT-secondary-winding-machine-1.jpg",918,918,false],"1536x1536":["https:\/\/www.apgmachine.com\/wp-content\/uploads\/2023\/12\/PT-secondary-winding-machine-1.jpg",918,918,false],"2048x2048":["https:\/\/www.apgmachine.com\/wp-content\/uploads\/2023\/12\/PT-secondary-winding-machine-1.jpg",918,918,false],"trp-custom-language-flag":["https:\/\/www.apgmachine.com\/wp-content\/uploads\/2023\/12\/PT-secondary-winding-machine-1.jpg",12,12,false],"woocommerce_archive_thumbnail":["https:\/\/www.apgmachine.com\/wp-content\/uploads\/2023\/12\/PT-secondary-winding-machine-1-500x500.jpg",500,500,true],"woocommerce_thumbnail":["https:\/\/www.apgmachine.com\/wp-content\/uploads\/2023\/12\/PT-secondary-winding-machine-1-300x300.jpg",300,300,true],"woocommerce_single":["https:\/\/www.apgmachine.com\/wp-content\/uploads\/2023\/12\/PT-secondary-winding-machine-1-600x600.jpg",600,600,true],"woocommerce_gallery_thumbnail":["https:\/\/www.apgmachine.com\/wp-content\/uploads\/2023\/12\/PT-secondary-winding-machine-1-100x100.jpg",100,100,true]},"uagb_author_info":{"display_name":"admin","author_link":"https:\/\/www.apgmachine.com\/es\/author\/"},"uagb_comment_info":0,"uagb_excerpt":"Short Description: Applications:\u00a0Used for winding R shape closed coil for potential transformer,for winding secondary PT coils. Advantages: Solves the problem of large manual winding labor intensity, Low working efficiency, Incorrect turns of enclosed voltage transformer, Greatly improves the production efficiency.","_links":{"self":[{"href":"https:\/\/www.apgmachine.com\/es\/wp-json\/wp\/v2\/product\/905","targetHints":{"allow":["GET"]}}],"collection":[{"href":"https:\/\/www.apgmachine.com\/es\/wp-json\/wp\/v2\/product"}],"about":[{"href":"https:\/\/www.apgmachine.com\/es\/wp-json\/wp\/v2\/types\/product"}],"wp:featuredmedia":[{"embeddable":true,"href":"https:\/\/www.apgmachine.com\/es\/wp-json\/wp\/v2\/media\/942"}],"wp:attachment":[{"href":"https:\/\/www.apgmachine.com\/es\/wp-json\/wp\/v2\/media?parent=905"}],"wp:term":[{"taxonomy":"product_cat","embeddable":true,"href":"https:\/\/www.apgmachine.com\/es\/wp-json\/wp\/v2\/product_cat?post=905"},{"taxonomy":"product_tag","embeddable":true,"href":"https:\/\/www.apgmachine.com\/es\/wp-json\/wp\/v2\/product_tag?post=905"}],"curies":[{"name":"wp","href":"https:\/\/api.w.org\/{rel}","templated":true}]}}