{"id":903,"date":"2023-12-04T04:05:57","date_gmt":"2023-12-03T20:05:57","guid":{"rendered":"http:\/\/wp.cd3.gzoat.com\/?post_type=product&#038;p=903"},"modified":"2023-12-04T04:47:19","modified_gmt":"2023-12-03T20:47:19","slug":"high-pressure-voltage-transformer-foil-winding-machine-vol-1500-high-pressure-voltage-transformer-foil-winding-machine-vol-1500-high-pressure-voltage-transformer-foil-winding-machine-vol-1500","status":"publish","type":"product","link":"https:\/\/www.apgmachine.com\/es\/producto\/bobinadora-de-laminas-para-transformadores-de-alta-tension-vol-1500-bobinadora-de-laminas-para-transformadores-de-alta-tension-vol-1500-bobinadora-de-laminas-para-transformadores-de-alta-tension-vol-1\/","title":{"rendered":"Bobinadora de l\u00e1minas para transformadores de alta tensi\u00f3n VOL-1500 Bobinadora de l\u00e1minas para transformadores de alta tensi\u00f3n VOL-1500 Bobinadora de l\u00e1minas para transformadores de alta tensi\u00f3n VOL-1500"},"content":{"rendered":"<p align=\"left\"><b>VOL<\/b><b>-1500\u00a0<\/b>La bobinadora de l\u00e1mina de alta presi\u00f3n est\u00e1 dise\u00f1ada para la producci\u00f3n eficaz y segura de bobinas de l\u00e1mina segmentadas, redondas u ovaladas. La bobina es una bobina segmentada de una sola capa de l\u00e1mina de cobre o aluminio con no m\u00e1s de dos capas de aislamiento entre las capas. Los conductores de entrada y salida de la bobina se sueldan a discreci\u00f3n del cliente. Esta m\u00e1quina de bobinado de papel de aluminio de alta presi\u00f3n est\u00e1 dise\u00f1ada para la producci\u00f3n eficiente y segura de bobinas de papel de aluminio circulares\/ovales segmentadas de posici\u00f3n m\u00f3vil CNC.<\/p>\n<p align=\"left\"><strong>Modo de control:<\/strong><\/p>\n<p align=\"left\">El dispositivo se puede poner en marcha despu\u00e9s de ajustar el n\u00famero total de golpes de la bobina, el n\u00famero de cada golpe y la distancia entre cada intervalo en la pantalla t\u00e1ctil. Despu\u00e9s de enrollar una secci\u00f3n, el servomotor se utiliza para desplazar autom\u00e1ticamente cada distancia. Por lo tanto, el proceso de dise\u00f1o de cada intervalo se bloquea con diferentes tama\u00f1os, lo que requiere el desplazamiento autom\u00e1tico de los puntos de pie de inicio. La tensi\u00f3n del papel aislante se controla mediante tensi\u00f3n el\u00e9ctrica, el control digital es directo y preciso, y la tensi\u00f3n de la cinta de l\u00e1mina se controla mediante sistema de mezcla gas-el\u00e9ctrico.<\/p>\n<p align=\"left\"><b>Resumen:<\/b><\/p>\n<p align=\"left\">La m\u00e1quina de bobinado de l\u00e1mina de alta presi\u00f3n est\u00e1 dise\u00f1ada para la producci\u00f3n eficiente y segura de bobina de l\u00e1mina segmentada, circular y movimiento de control num\u00e9rico, capa de control num\u00e9rico. La bobina segmentada se puede ajustar a 10 segmentos. Cada secci\u00f3n de bobinado se detendr\u00e1 autom\u00e1ticamente el indicador para completar, y el sistema de control de pantalla t\u00e1ctil autom\u00e1ticamente el indicador de bobinado completo de toda la bobina.<\/p>\n<p align=\"left\"><b>Alta presi\u00f3n VOL-1500 Par\u00e1metros t\u00e9cnicos<\/b><\/p>\n<div class=\"table_wrap\">\n<table border=\"1\" cellspacing=\"0\" cellpadding=\"0\">\n<tbody>\n<tr>\n<td valign=\"top\" width=\"48\">\n<p align=\"left\">No<\/p>\n<\/td>\n<td valign=\"top\" width=\"235\">\n<p align=\"left\">Art\u00edculos<\/p>\n<\/td>\n<td valign=\"top\" width=\"153\">\n<p align=\"left\">Datos<\/p>\n<\/td>\n<td valign=\"top\" width=\"55\">\n<p align=\"left\"><b>\u00a0<\/b><\/p>\n<\/td>\n<\/tr>\n<tr>\n<td valign=\"top\" width=\"48\">\n<p align=\"left\">1<\/p>\n<\/td>\n<td valign=\"top\" width=\"235\">\n<p align=\"left\">L\u00e1mina\/marco de alimentaci\u00f3n<\/p>\n<\/td>\n<td valign=\"top\" width=\"153\">\n<p align=\"left\">1 juego de<\/p>\n<\/td>\n<td valign=\"top\" width=\"55\">\n<p align=\"left\"><b>\u00a0<\/b><\/p>\n<\/td>\n<\/tr>\n<tr>\n<td valign=\"top\" width=\"48\">\n<p align=\"left\">1.1<\/p>\n<\/td>\n<td valign=\"top\" width=\"235\">\n<p align=\"left\">L\u00e1mina\/La anchura de la<\/p>\n<\/td>\n<td valign=\"top\" width=\"153\">\n<p align=\"left\">50-150 mm<\/p>\n<\/td>\n<td valign=\"top\" width=\"55\">\n<p align=\"left\"><b>\u00a0<\/b><\/p>\n<\/td>\n<\/tr>\n<tr>\n<td valign=\"top\" width=\"48\">\n<p align=\"left\">1.2<\/p>\n<\/td>\n<td valign=\"top\" width=\"235\">\n<p align=\"left\">tensi\u00f3n<\/p>\n<\/td>\n<td valign=\"top\" width=\"153\">\n<p align=\"left\">50-2300Nm<\/p>\n<\/td>\n<td valign=\"top\" width=\"55\">\n<p align=\"left\"><b>\u00a0<\/b><\/p>\n<\/td>\n<\/tr>\n<tr>\n<td valign=\"top\" width=\"48\">\n<p align=\"left\">1.3<\/p>\n<\/td>\n<td valign=\"top\" width=\"235\">\n<p align=\"left\">L\u00e1mina\/El grosor de la<\/p>\n<\/td>\n<td valign=\"top\" width=\"153\">\n<p align=\"left\">0,3-1,6 mm<\/p>\n<\/td>\n<td valign=\"top\" width=\"55\">\n<p align=\"left\"><b>\u00a0<\/b><\/p>\n<\/td>\n<\/tr>\n<tr>\n<td valign=\"top\" width=\"48\">\n<p align=\"left\">1.4<\/p>\n<\/td>\n<td valign=\"top\" width=\"235\">\n<p align=\"left\">Expansi\u00f3n del material<\/p>\n<\/td>\n<td valign=\"top\" width=\"153\">\n<p align=\"left\">460-520 mm<\/p>\n<\/td>\n<td valign=\"top\" width=\"55\">\n<p align=\"left\"><b>\u00a0<\/b><\/p>\n<\/td>\n<\/tr>\n<tr>\n<td valign=\"top\" width=\"48\">\n<p align=\"left\">1.5<\/p>\n<\/td>\n<td valign=\"top\" width=\"235\">\n<p align=\"left\">Anchura del material<\/p>\n<\/td>\n<td valign=\"top\" width=\"153\">\n<p align=\"left\">200 mm<\/p>\n<\/td>\n<td valign=\"top\" width=\"55\">\n<p align=\"left\"><b>\u00a0<\/b><\/p>\n<\/td>\n<\/tr>\n<tr>\n<td valign=\"top\" width=\"48\">\n<p align=\"left\">1.6<\/p>\n<\/td>\n<td valign=\"top\" width=\"235\">\n<p align=\"left\">carga<\/p>\n<\/td>\n<td valign=\"top\" width=\"153\">\n<p align=\"left\">700 kg<\/p>\n<\/td>\n<td valign=\"top\" width=\"55\">\n<p align=\"left\"><b>\u00a0<\/b><\/p>\n<\/td>\n<\/tr>\n<tr>\n<td valign=\"top\" width=\"48\">\n<p align=\"left\">2<\/p>\n<\/td>\n<td valign=\"top\" width=\"235\">\n<p align=\"left\">Aislamiento de la alimentaci\u00f3n<\/p>\n<\/td>\n<td valign=\"top\" width=\"153\">\n<p align=\"left\">2 juegos de<\/p>\n<\/td>\n<td valign=\"top\" width=\"55\">\n<p align=\"left\"><b>\u00a0<\/b><\/p>\n<\/td>\n<\/tr>\n<tr>\n<td valign=\"top\" width=\"48\">\n<p align=\"left\">2.1<\/p>\n<\/td>\n<td valign=\"top\" width=\"235\">\n<p align=\"left\">La torsi\u00f3n<\/p>\n<\/td>\n<td valign=\"top\" width=\"153\">\n<p align=\"left\">20-50Nm<\/p>\n<\/td>\n<td valign=\"top\" width=\"55\">\n<p align=\"left\"><b>\u00a0<\/b><\/p>\n<\/td>\n<\/tr>\n<tr>\n<td valign=\"top\" width=\"48\">\n<p align=\"left\">2.2<\/p>\n<\/td>\n<td valign=\"top\" width=\"235\">\n<p align=\"left\">Anchura del papel aislante<\/p>\n<\/td>\n<td valign=\"top\" width=\"153\">\n<p align=\"left\">50-200mm<\/p>\n<\/td>\n<td valign=\"top\" width=\"55\">\n<p align=\"left\"><b>\u00a0<\/b><\/p>\n<\/td>\n<\/tr>\n<tr>\n<td valign=\"top\" width=\"48\">\n<p align=\"left\">2.3<\/p>\n<\/td>\n<td valign=\"top\" width=\"235\">\n<p align=\"left\">Di\u00e1metro del eje de subida de aire<\/p>\n<\/td>\n<td valign=\"top\" width=\"153\">\n<p align=\"left\">\u00d874mm<\/p>\n<\/td>\n<td valign=\"top\" width=\"55\">\n<p align=\"left\"><b>\u00a0<\/b><\/p>\n<\/td>\n<\/tr>\n<tr>\n<td valign=\"top\" width=\"48\">\n<p align=\"left\">3<\/p>\n<\/td>\n<td valign=\"top\" width=\"235\">\n<p align=\"left\">Bobinadora<\/p>\n<\/td>\n<td valign=\"top\" width=\"153\">\n<p align=\"left\">1 juego de<\/p>\n<\/td>\n<td valign=\"top\" width=\"55\">\n<p align=\"left\"><b>\u00a0<\/b><\/p>\n<\/td>\n<\/tr>\n<tr>\n<td valign=\"top\" width=\"48\">\n<p align=\"left\">3.1<\/p>\n<\/td>\n<td valign=\"top\" width=\"235\">\n<p align=\"left\">La longitud de la bobina<\/p>\n<\/td>\n<td valign=\"top\" width=\"153\">\n<p align=\"left\">50-1500 mm<\/p>\n<\/td>\n<td valign=\"top\" width=\"55\">\n<p align=\"left\"><b>\u00a0<\/b><\/p>\n<\/td>\n<\/tr>\n<tr>\n<td valign=\"top\" width=\"48\">\n<p align=\"left\">3.2<\/p>\n<\/td>\n<td valign=\"top\" width=\"235\">\n<p align=\"left\">Velocidad del viento<\/p>\n<\/td>\n<td valign=\"top\" width=\"153\">\n<p align=\"left\">1-35 \/r\/min<\/p>\n<\/td>\n<td valign=\"top\" width=\"55\">\n<p align=\"left\"><b>\u00a0<\/b><\/p>\n<\/td>\n<\/tr>\n<tr>\n<td valign=\"top\" width=\"48\">\n<p align=\"left\">3.3<\/p>\n<\/td>\n<td valign=\"top\" width=\"235\">\n<p align=\"left\">Potencia del motor principal<\/p>\n<\/td>\n<td valign=\"top\" width=\"153\">\n<p align=\"left\">11kw<\/p>\n<\/td>\n<td valign=\"top\" width=\"55\">\n<p align=\"left\"><b>\u00a0<\/b><\/p>\n<\/td>\n<\/tr>\n<tr>\n<td valign=\"top\" width=\"48\">\n<p align=\"left\">3.4<\/p>\n<\/td>\n<td valign=\"top\" width=\"235\">\n<p align=\"left\">Di\u00e1metro de la bobina<\/p>\n<\/td>\n<td valign=\"top\" width=\"153\">\n<p align=\"left\">200-1200 mm<\/p>\n<\/td>\n<td valign=\"top\" width=\"55\">\n<p align=\"left\"><b>\u00a0<\/b><\/p>\n<\/td>\n<\/tr>\n<tr>\n<td valign=\"top\" width=\"48\">\n<p align=\"left\">3.5<\/p>\n<\/td>\n<td valign=\"top\" width=\"235\">\n<p align=\"left\">Distancia entre ejes<\/p>\n<\/td>\n<td valign=\"top\" width=\"153\">\n<p align=\"left\">800 mm<\/p>\n<\/td>\n<td valign=\"top\" width=\"55\">\n<p align=\"left\"><b>\u00a0<\/b><\/p>\n<\/td>\n<\/tr>\n<tr>\n<td valign=\"top\" width=\"48\">\n<p align=\"left\">3.6<\/p>\n<\/td>\n<td valign=\"top\" width=\"235\">\n<p align=\"left\">Peso m\u00e1ximo de la bobina<\/p>\n<\/td>\n<td valign=\"top\" width=\"153\">\n<p align=\"left\">2000kg<\/p>\n<\/td>\n<td valign=\"top\" width=\"55\">\n<p align=\"left\"><b>\u00a0<\/b><\/p>\n<\/td>\n<\/tr>\n<tr>\n<td valign=\"top\" width=\"48\">\n<p align=\"left\">3.7<\/p>\n<\/td>\n<td valign=\"top\" width=\"235\">\n<p align=\"left\">Eje de bobinado<\/p>\n<\/td>\n<td valign=\"top\" width=\"153\">\n<p align=\"left\">50*50\/or\/60*60<\/p>\n<\/td>\n<td valign=\"top\" width=\"55\">\n<p align=\"left\"><b>\u00a0<\/b><\/p>\n<\/td>\n<\/tr>\n<tr>\n<td valign=\"top\" width=\"48\">\n<p align=\"left\">4<\/p>\n<\/td>\n<td valign=\"top\" width=\"235\">\n<p align=\"left\">Rectificar camino<\/p>\n<\/td>\n<td valign=\"top\" width=\"153\">\n<p align=\"left\">Ajuste autom\u00e1tico<\/p>\n<\/td>\n<td valign=\"top\" width=\"55\">\n<p align=\"left\"><b>\u00a0<\/b><\/p>\n<\/td>\n<\/tr>\n<tr>\n<td valign=\"top\" width=\"48\">\n<p align=\"left\"><b>5<\/b><\/p>\n<\/td>\n<td valign=\"top\" width=\"235\">\n<p align=\"left\"><b>La siguiente secci\u00f3n ejecuta<\/b><\/p>\n<\/td>\n<td valign=\"top\" width=\"153\">\n<p align=\"left\"><b>Servomotor<\/b><\/p>\n<\/td>\n<td valign=\"top\" width=\"55\">\n<p align=\"left\"><b>\u00a0<\/b><\/p>\n<\/td>\n<\/tr>\n<tr>\n<td valign=\"top\" width=\"48\">\n<p align=\"left\"><b>6<\/b><\/p>\n<\/td>\n<td valign=\"top\" width=\"235\">\n<p align=\"left\"><b>Equipos de m\u00e1quinas de soldar<\/b><\/p>\n<\/td>\n<td valign=\"top\" width=\"153\">\n<p align=\"left\">1 juego de<b><\/b><\/p>\n<\/td>\n<td valign=\"top\" width=\"55\">\n<p align=\"left\"><b>315<\/b><\/p>\n<\/td>\n<\/tr>\n<tr>\n<td valign=\"top\" width=\"48\">\n<p align=\"left\"><b>7<\/b><\/p>\n<\/td>\n<td valign=\"top\" width=\"235\">\n<p align=\"left\"><b>Sistema de control el\u00e9ctrico<\/b><\/p>\n<\/td>\n<td valign=\"top\" width=\"153\">\n<p align=\"left\">1 juego de<\/p>\n<\/td>\n<td valign=\"top\" width=\"55\">\n<p align=\"left\"><b>\u00a0<\/b><\/p>\n<\/td>\n<\/tr>\n<tr>\n<td valign=\"top\" width=\"48\">\n<p align=\"left\"><b>8<\/b><\/p>\n<\/td>\n<td valign=\"top\" width=\"235\">\n<p align=\"left\"><b>PLC<\/b><\/p>\n<\/td>\n<td valign=\"top\" width=\"153\">\n<p align=\"left\">mitsubishi<\/p>\n<\/td>\n<td valign=\"top\" width=\"55\">\n<p align=\"left\"><b>\u00a0<\/b><\/p>\n<\/td>\n<\/tr>\n<tr>\n<td valign=\"top\" width=\"48\">\n<p align=\"left\"><b>8<\/b><\/p>\n<\/td>\n<td valign=\"top\" width=\"235\">\n<p align=\"left\"><b>Pantalla t\u00e1ctil<\/b><\/p>\n<\/td>\n<td valign=\"top\" width=\"153\">\n<p align=\"left\">Taiw\u00e1n \/o\/whalen<\/p>\n<\/td>\n<td valign=\"top\" width=\"55\">\n<p align=\"left\"><b>\u00a0<\/b><\/p>\n<\/td>\n<\/tr>\n<tr>\n<td valign=\"top\" width=\"48\">\n<p align=\"left\"><b>10<\/b><\/p>\n<\/td>\n<td valign=\"top\" width=\"235\">\n<p align=\"left\"><b>Contactor de CA\/Interruptor autom\u00e1tico<\/b><\/p>\n<\/td>\n<td valign=\"top\" width=\"153\">\n<p align=\"left\">Ls\/or\/schneider<\/p>\n<\/td>\n<td valign=\"top\" width=\"55\">\n<p align=\"left\"><b>\u00a0<\/b><\/p>\n<\/td>\n<\/tr>\n<tr>\n<td valign=\"top\" width=\"48\">\n<p align=\"left\"><b>11<\/b><\/p>\n<\/td>\n<td valign=\"top\" width=\"235\">\n<p align=\"left\"><b>rel\u00e9<\/b><\/p>\n<\/td>\n<td valign=\"top\" width=\"153\">\n<p align=\"left\">omron<\/p>\n<\/td>\n<td valign=\"top\" width=\"55\">\n<p align=\"left\"><b>\u00a0<\/b><\/p>\n<\/td>\n<\/tr>\n<tr>\n<td valign=\"top\" width=\"48\">\n<p align=\"left\"><b>12<\/b><\/p>\n<\/td>\n<td valign=\"top\" width=\"235\">\n<p align=\"left\"><b>Gu\u00eda lineal<\/b><\/p>\n<\/td>\n<td valign=\"top\" width=\"153\">\n<p align=\"left\">Plata de Taiw\u00e1n<\/p>\n<\/td>\n<td valign=\"top\" width=\"55\">\n<p align=\"left\"><b>\u00a0<\/b><\/p>\n<\/td>\n<\/tr>\n<\/tbody>\n<\/table>\n<\/div>\n<p>&nbsp;<\/p>","protected":false},"excerpt":{"rendered":"<h3>Breve descripci\u00f3n:<\/h3>","protected":false},"featured_media":837,"template":"","meta":{"_uag_custom_page_level_css":""},"product_cat":[38],"product_tag":[],"class_list":{"0":"post-903","1":"product","2":"type-product","3":"status-publish","4":"has-post-thumbnail","6":"product_cat-transformer-foil-winding-machine","8":"first","9":"instock","10":"shipping-taxable","11":"product-type-simple"},"featured_image_urls":{"full":["https:\/\/www.apgmachine.com\/wp-content\/uploads\/2023\/12\/High-pressure-voltage-transformer-foil-winding-machine-1.png",600,450,false],"thumbnail":["https:\/\/www.apgmachine.com\/wp-content\/uploads\/2023\/12\/High-pressure-voltage-transformer-foil-winding-machine-1.png",400,300,false],"medium":["https:\/\/www.apgmachine.com\/wp-content\/uploads\/2023\/12\/High-pressure-voltage-transformer-foil-winding-machine-1.png",600,450,false],"medium_large":["https:\/\/www.apgmachine.com\/wp-content\/uploads\/2023\/12\/High-pressure-voltage-transformer-foil-winding-machine-1.png",600,450,false],"large":["https:\/\/www.apgmachine.com\/wp-content\/uploads\/2023\/12\/High-pressure-voltage-transformer-foil-winding-machine-1.png",600,450,false],"1536x1536":["https:\/\/www.apgmachine.com\/wp-content\/uploads\/2023\/12\/High-pressure-voltage-transformer-foil-winding-machine-1.png",600,450,false],"2048x2048":["https:\/\/www.apgmachine.com\/wp-content\/uploads\/2023\/12\/High-pressure-voltage-transformer-foil-winding-machine-1.png",600,450,false],"trp-custom-language-flag":["https:\/\/www.apgmachine.com\/wp-content\/uploads\/2023\/12\/High-pressure-voltage-transformer-foil-winding-machine-1.png",16,12,false],"woocommerce_archive_thumbnail":["https:\/\/www.apgmachine.com\/wp-content\/uploads\/2023\/12\/High-pressure-voltage-transformer-foil-winding-machine-1-500x375.png",500,375,true],"woocommerce_thumbnail":["https:\/\/www.apgmachine.com\/wp-content\/uploads\/2023\/12\/High-pressure-voltage-transformer-foil-winding-machine-1-300x300.png",300,300,true],"woocommerce_single":["https:\/\/www.apgmachine.com\/wp-content\/uploads\/2023\/12\/High-pressure-voltage-transformer-foil-winding-machine-1.png",600,450,false],"woocommerce_gallery_thumbnail":["https:\/\/www.apgmachine.com\/wp-content\/uploads\/2023\/12\/High-pressure-voltage-transformer-foil-winding-machine-1-100x100.png",100,100,true]},"post_excerpt_stackable":"<h3>Short Description:<\/h3>\n","category_list":"","author_info":{"name":"","url":""},"comments_num":"0 comentarios","jetpack_sharing_enabled":true,"uagb_featured_image_src":{"full":["https:\/\/www.apgmachine.com\/wp-content\/uploads\/2023\/12\/High-pressure-voltage-transformer-foil-winding-machine-1.png",600,450,false],"thumbnail":["https:\/\/www.apgmachine.com\/wp-content\/uploads\/2023\/12\/High-pressure-voltage-transformer-foil-winding-machine-1.png",400,300,false],"medium":["https:\/\/www.apgmachine.com\/wp-content\/uploads\/2023\/12\/High-pressure-voltage-transformer-foil-winding-machine-1.png",600,450,false],"medium_large":["https:\/\/www.apgmachine.com\/wp-content\/uploads\/2023\/12\/High-pressure-voltage-transformer-foil-winding-machine-1.png",600,450,false],"large":["https:\/\/www.apgmachine.com\/wp-content\/uploads\/2023\/12\/High-pressure-voltage-transformer-foil-winding-machine-1.png",600,450,false],"1536x1536":["https:\/\/www.apgmachine.com\/wp-content\/uploads\/2023\/12\/High-pressure-voltage-transformer-foil-winding-machine-1.png",600,450,false],"2048x2048":["https:\/\/www.apgmachine.com\/wp-content\/uploads\/2023\/12\/High-pressure-voltage-transformer-foil-winding-machine-1.png",600,450,false],"trp-custom-language-flag":["https:\/\/www.apgmachine.com\/wp-content\/uploads\/2023\/12\/High-pressure-voltage-transformer-foil-winding-machine-1.png",16,12,false],"woocommerce_archive_thumbnail":["https:\/\/www.apgmachine.com\/wp-content\/uploads\/2023\/12\/High-pressure-voltage-transformer-foil-winding-machine-1-500x375.png",500,375,true],"woocommerce_thumbnail":["https:\/\/www.apgmachine.com\/wp-content\/uploads\/2023\/12\/High-pressure-voltage-transformer-foil-winding-machine-1-300x300.png",300,300,true],"woocommerce_single":["https:\/\/www.apgmachine.com\/wp-content\/uploads\/2023\/12\/High-pressure-voltage-transformer-foil-winding-machine-1.png",600,450,false],"woocommerce_gallery_thumbnail":["https:\/\/www.apgmachine.com\/wp-content\/uploads\/2023\/12\/High-pressure-voltage-transformer-foil-winding-machine-1-100x100.png",100,100,true]},"uagb_author_info":{"display_name":"admin","author_link":"https:\/\/www.apgmachine.com\/es\/author\/"},"uagb_comment_info":0,"uagb_excerpt":"Short Description:","_links":{"self":[{"href":"https:\/\/www.apgmachine.com\/es\/wp-json\/wp\/v2\/product\/903","targetHints":{"allow":["GET"]}}],"collection":[{"href":"https:\/\/www.apgmachine.com\/es\/wp-json\/wp\/v2\/product"}],"about":[{"href":"https:\/\/www.apgmachine.com\/es\/wp-json\/wp\/v2\/types\/product"}],"wp:featuredmedia":[{"embeddable":true,"href":"https:\/\/www.apgmachine.com\/es\/wp-json\/wp\/v2\/media\/837"}],"wp:attachment":[{"href":"https:\/\/www.apgmachine.com\/es\/wp-json\/wp\/v2\/media?parent=903"}],"wp:term":[{"taxonomy":"product_cat","embeddable":true,"href":"https:\/\/www.apgmachine.com\/es\/wp-json\/wp\/v2\/product_cat?post=903"},{"taxonomy":"product_tag","embeddable":true,"href":"https:\/\/www.apgmachine.com\/es\/wp-json\/wp\/v2\/product_tag?post=903"}],"curies":[{"name":"wp","href":"https:\/\/api.w.org\/{rel}","templated":true}]}}