{"id":902,"date":"2023-12-04T04:05:23","date_gmt":"2023-12-03T20:05:23","guid":{"rendered":"http:\/\/wp.cd3.gzoat.com\/?post_type=product&#038;p=902"},"modified":"2023-12-04T04:47:19","modified_gmt":"2023-12-03T20:47:19","slug":"double-servo-double-layer-copper-foil-winding-machine","status":"publish","type":"product","link":"https:\/\/www.apgmachine.com\/es\/producto\/maquina-bobinadora-de-lamina-de-cobre-de-doble-servo-y-doble-capa\/","title":{"rendered":"M\u00e1quina bobinadora de l\u00e1minas de cobre de doble servo y doble capa"},"content":{"rendered":"<div class=\"fl-row fl-row-full-width fl-row-bg-none fl-node-6501655da9229\" data-node=\"6501655da9229\">\n<div class=\"fl-row-content-wrap\">\n<div class=\"fl-row-content fl-row-full-width fl-node-content\">\n<div class=\"fl-col-group fl-node-6501655da9268\" data-node=\"6501655da9268\">\n<div class=\"fl-col fl-node-6501655da92a7\" data-node=\"6501655da92a7\">\n<div class=\"fl-col-content fl-node-content\">\n<div class=\"fl-module fl-module-rich-text fl-node-6501655da91e4\" data-node=\"6501655da91e4\" data-animation-delay=\"0.0\">\n<div class=\"fl-module-content fl-node-content\">\n<div class=\"fl-rich-text\">\n<div class=\"content_box\">\n<h2>1.\u00a0<b>Uso de m\u00e1quinas<\/b><\/h2>\n<\/div>\n<p>VOL -400-2\/600-2\/800-2 doble servo de doble sujeci\u00f3n de la m\u00e1quina de bobinado de l\u00e1mina producida por la empresa es un equipo especial para el bobinado de bobinas de reactores. La m\u00e1quina es un tipo de bot\u00f3n, con estructura simple, f\u00e1cil operaci\u00f3n y alta confiabilidad, que es el mejor equipo para bobinas de reactor de bobinado.<\/p>\n<\/div>\n<\/div>\n<\/div>\n<\/div>\n<\/div>\n<\/div>\n<div class=\"fl-col-group fl-node-6501655da92e5\" data-node=\"6501655da92e5\">\n<div class=\"fl-col fl-node-6501655da9324 fl-col-small\" data-node=\"6501655da9324\">\n<div class=\"fl-col-content fl-node-content\">\n<div class=\"fl-module fl-module-photo fl-node-6501657702b92\" data-node=\"6501657702b92\" data-animation-delay=\"0.0\">\n<div class=\"fl-module-content fl-node-content\">\n<div class=\"fl-photo fl-photo-align-center\">\n<div class=\"fl-photo-content fl-photo-img-jpg\"><img decoding=\"async\" class=\"fl-photo-img wp-image-5771\" src=\"https:\/\/www.apgmachine.com\/uploads\/Double-servo-double-layer-copper-foil-winding-machine1.jpg\" alt=\"Bobinadora de l\u00e1mina de cobre de doble servo y doble capa1\" \/><\/div>\n<\/div>\n<\/div>\n<\/div>\n<\/div>\n<\/div>\n<div class=\"fl-col fl-node-650165793cb77 fl-col-small\" data-node=\"650165793cb77\">\n<div class=\"fl-col-content fl-node-content\">\n<div class=\"fl-module fl-module-photo fl-node-6501655da9362\" data-node=\"6501655da9362\" data-animation-delay=\"0.0\">\n<div class=\"fl-module-content fl-node-content\">\n<div class=\"fl-photo fl-photo-align-center\">\n<div class=\"fl-photo-content fl-photo-img-jpg\"><img decoding=\"async\" class=\"fl-photo-img wp-image-5772\" src=\"https:\/\/www.apgmachine.com\/uploads\/Double-servo-double-layer-copper-foil-winding-machine2.jpg\" alt=\"Bobinadora de l\u00e1mina de cobre de doble servo y doble capa2\" \/><\/div>\n<\/div>\n<\/div>\n<\/div>\n<\/div>\n<\/div>\n<\/div>\n<div class=\"fl-col-group fl-node-650166f38d873\" data-node=\"650166f38d873\">\n<div class=\"fl-col fl-node-650166f38db2e fl-col-small\" data-node=\"650166f38db2e\">\n<div class=\"fl-col-content fl-node-content\">\n<div class=\"fl-module fl-module-photo fl-node-6501655da949c\" data-node=\"6501655da949c\" data-animation-delay=\"0.0\">\n<div class=\"fl-module-content fl-node-content\">\n<div class=\"fl-photo fl-photo-align-center\">\n<div class=\"fl-photo-content fl-photo-img-png\"><img decoding=\"async\" class=\"fl-photo-img wp-image-5773\" src=\"https:\/\/www.apgmachine.com\/uploads\/Double-servo-double-layer-copper-foil-winding-machine3.png\" alt=\"Bobinadora de l\u00e1mina de cobre de doble capa servo3\" \/><\/div>\n<\/div>\n<\/div>\n<\/div>\n<\/div>\n<\/div>\n<div class=\"fl-col fl-node-650166f609b33 fl-col-small\" data-node=\"650166f609b33\">\n<div class=\"fl-col-content fl-node-content\">\n<div class=\"fl-module fl-module-photo fl-node-650166f1129c3\" data-node=\"650166f1129c3\" data-animation-delay=\"0.0\">\n<div class=\"fl-module-content fl-node-content\">\n<div class=\"fl-photo fl-photo-align-center\">\n<div class=\"fl-photo-content fl-photo-img-png\"><img decoding=\"async\" class=\"fl-photo-img wp-image-5774 size-full\" src=\"https:\/\/www.apgmachine.com\/uploads\/Double-servo-double-layer-copper-foil-winding-machine4.png\" alt=\"Bobinadora de l\u00e1mina de cobre de doble servo y doble capa4\" \/><\/div>\n<\/div>\n<\/div>\n<\/div>\n<\/div>\n<\/div>\n<\/div>\n<\/div>\n<\/div>\n<\/div>\n<div class=\"fl-row fl-row-full-width fl-row-bg-none fl-node-6501655da9556\" data-node=\"6501655da9556\">\n<div class=\"fl-row-content-wrap\">\n<div class=\"fl-row-content fl-row-full-width fl-node-content\">\n<div class=\"fl-col-group fl-node-6501655da9594\" data-node=\"6501655da9594\">\n<div class=\"fl-col fl-node-6501655da95d2\" data-node=\"6501655da95d2\">\n<div class=\"fl-col-content fl-node-content\">\n<div class=\"fl-module fl-module-rich-text fl-node-6501655da9518\" data-node=\"6501655da9518\" data-animation-delay=\"0.0\">\n<div class=\"fl-module-content fl-node-content\">\n<div class=\"fl-rich-text\">\n<div class=\"content_box\">\n<h2>2. Principales par\u00e1metros t\u00e9cnicos de la m\u00e1quina<\/h2>\n<\/div>\n<div class=\"table_wrap\">\n<table border=\"1\" cellspacing=\"0\" cellpadding=\"0\">\n<tbody>\n<tr>\n<td colspan=\"5\" width=\"662\">\n<p align=\"center\"><b>\u00a0par\u00e1metros t\u00e9cnicos de la bobinadora de l\u00e1minas<\/b><b><\/b><\/p>\n<\/td>\n<\/tr>\n<tr>\n<td width=\"50\"><b>\u00a0<\/b><\/td>\n<td width=\"126\"><b>\u00a0<\/b><\/td>\n<td width=\"186\"><b>VOL -400-2<\/b><\/td>\n<td width=\"149\">\n<p align=\"center\"><b>VOL -600-2<\/b><b><\/b><\/p>\n<\/td>\n<td width=\"152\">\n<p align=\"center\"><b>VOL -800-2<\/b><b><\/b><\/p>\n<\/td>\n<\/tr>\n<tr>\n<td width=\"50\">\n<p align=\"center\"><b>N\u00ba de pedido<\/b><\/p>\n<\/td>\n<td width=\"126\">\n<p align=\"center\"><b>proyecto<\/b><\/p>\n<\/td>\n<td colspan=\"3\" width=\"487\">\n<p align=\"center\"><b>N\u00famero de referencia t\u00e9cnica<\/b><b><\/b><\/p>\n<\/td>\n<\/tr>\n<tr>\n<td width=\"50\">\n<p align=\"center\"><b>1<\/b><b><\/b><\/p>\n<\/td>\n<td colspan=\"4\" width=\"612\"><b>Rango de trabajo de la bobina<\/b><b><\/b><\/td>\n<\/tr>\n<tr>\n<td width=\"50\">\n<p align=\"center\">1.1<\/p>\n<\/td>\n<td width=\"126\">La anchura del material de la l\u00e1mina<\/td>\n<td width=\"186\">50-400mm<\/td>\n<td width=\"149\">50-600mm<\/td>\n<td width=\"152\">50-800mm<\/td>\n<\/tr>\n<tr>\n<td width=\"50\">\n<p align=\"center\">1.2<\/p>\n<\/td>\n<td width=\"126\">El material<\/td>\n<td width=\"186\">Espesor de la l\u00e1mina de cobre\/aluminio0,1-2,0 mm<\/td>\n<td width=\"149\">Espesor de la l\u00e1mina de cobre\/aluminio0,1-2,0 mm<\/td>\n<td width=\"152\">Espesor de la l\u00e1mina de cobre\/aluminio0,1-2,0 mm<\/td>\n<\/tr>\n<tr>\n<td width=\"50\">\n<p align=\"center\"><b>2<\/b><b><\/b><\/p>\n<\/td>\n<td colspan=\"4\" valign=\"top\" width=\"612\"><b>Alimentaci\u00f3n de papel de aluminio ( 2 Juego de )<\/b><b><\/b><\/td>\n<\/tr>\n<tr>\n<td width=\"50\">\n<p align=\"center\">2.1<\/p>\n<\/td>\n<td width=\"126\">Potencia del motor de desenrollado<\/td>\n<td width=\"186\">3000Nm Motor de tensi\u00f3n&nbsp;<\/p>\n<p>&nbsp;<\/p>\n<p>&nbsp;<\/p>\n<p>&nbsp;<\/p>\n<p>*2<\/td>\n<td width=\"149\">6000Nm Motor de tensi\u00f3n&nbsp;<\/p>\n<p>&nbsp;<\/p>\n<p>&nbsp;<\/p>\n<p>&nbsp;<\/p>\n<p>*2<\/td>\n<td width=\"152\">8000Nm Motor de tensi\u00f3n&nbsp;<\/p>\n<p>&nbsp;<\/p>\n<p>&nbsp;<\/p>\n<p>&nbsp;<\/p>\n<p>*2<\/td>\n<\/tr>\n<tr>\n<td width=\"50\">\n<p align=\"center\">2.2<\/p>\n<\/td>\n<td width=\"126\">Anchura efectiva de la estanter\u00eda mm<\/td>\n<td width=\"186\">450 mm<\/td>\n<td width=\"149\">650 mm<\/td>\n<td width=\"152\">850 mm<\/td>\n<\/tr>\n<tr>\n<td width=\"50\">\n<p align=\"center\">2.3<\/p>\n<\/td>\n<td width=\"126\">Aumentos y el alcance de<\/td>\n<td width=\"186\">\u00d8460~ \u00d8 520 \uff08mm\uff09<\/td>\n<td width=\"149\">\u00d8460~ \u00d8 520 \uff08mm\uff09<\/td>\n<td width=\"152\">\u00d8460~ \u00d8 520 \uff08mm\uff09<\/td>\n<\/tr>\n<tr>\n<td width=\"50\">\n<p align=\"center\">2.4<\/p>\n<\/td>\n<td width=\"126\">Cojinete de cremallera(Max)kg<\/td>\n<td width=\"186\">1T<\/td>\n<td width=\"149\">2T<\/td>\n<td width=\"152\">2.5T<\/td>\n<\/tr>\n<tr>\n<td width=\"50\">\n<p align=\"center\">2.5<\/p>\n<\/td>\n<td width=\"126\">Cuando la fuerza<\/td>\n<td width=\"186\">2500Nm*2<\/td>\n<td width=\"149\">4500Nm*2<\/td>\n<td width=\"152\">6500Nm*2<\/td>\n<\/tr>\n<tr>\n<td width=\"50\">\n<p align=\"center\">2.6<\/p>\n<\/td>\n<td width=\"126\">Presi\u00f3n del trabajo<\/td>\n<td width=\"186\">0~0,7 Mpa<\/td>\n<td width=\"149\">0~0,7 Mpa<\/td>\n<td width=\"152\">0~0,7 Mpa<\/td>\n<\/tr>\n<tr>\n<td width=\"50\">\n<p align=\"center\">2.7<\/p>\n<\/td>\n<td width=\"126\">De camino<\/td>\n<td width=\"186\">(Mueve los mandos izquierdo y derecho)<\/td>\n<td width=\"149\">(Mueve los mandos izquierdo y derecho)<\/td>\n<td width=\"152\">(Mueve los mandos izquierdo y derecho)<\/td>\n<\/tr>\n<tr>\n<td width=\"50\">\n<p align=\"center\"><b>3<\/b><b><\/b><\/p>\n<\/td>\n<td colspan=\"4\" width=\"612\"><b>Enrollador (2 juegos) un juego izquierda\/un juego derecha<\/b><b><\/b><\/td>\n<\/tr>\n<tr>\n<td width=\"50\">\n<p align=\"center\">3.1<\/p>\n<\/td>\n<td width=\"126\">Velocidad del viento<\/td>\n<td width=\"186\">0~30r\/min<\/td>\n<td width=\"149\">0~30r\/min<\/td>\n<td width=\"152\">0~30r\/min<\/td>\n<\/tr>\n<tr>\n<td width=\"50\">\n<p align=\"center\">3.2<\/p>\n<\/td>\n<td width=\"126\">Par de trabajo (m\u00e1x.)<\/td>\n<td width=\"186\">\u22651560N.M*2<\/td>\n<td width=\"149\">\u22651560N.M*2<\/td>\n<td width=\"152\">\u22651560N.M*2<\/td>\n<\/tr>\n<tr>\n<td width=\"50\">\n<p align=\"center\">3.3<\/p>\n<\/td>\n<td width=\"126\">Energ\u00eda e\u00f3lica<\/td>\n<td width=\"186\">Doble servo4KW*2<\/td>\n<td width=\"149\">Servo doble5KW*2<\/td>\n<td width=\"152\">Servo doble7,5KW*2<\/td>\n<\/tr>\n<tr>\n<td width=\"50\">\n<p align=\"center\">3.4<\/p>\n<\/td>\n<td width=\"126\">V\u00eda r\u00e1pida<\/td>\n<td width=\"186\">Control digital de la velocidad del motor<\/td>\n<td width=\"149\">Control digital de la velocidad del motor<\/td>\n<td width=\"152\">Control digital de la velocidad del motor<\/td>\n<\/tr>\n<tr>\n<td width=\"50\">\n<p align=\"center\"><b>4<\/b><\/p>\n<\/td>\n<td colspan=\"4\" width=\"612\"><b>Instalaciones y accesorios (2 juegos)<\/b><b><\/b><\/td>\n<\/tr>\n<tr>\n<td width=\"50\">\n<p align=\"center\">4.1<\/p>\n<\/td>\n<td width=\"126\">Alcance m\u00ednimo de la fijaci\u00f3n<\/td>\n<td width=\"186\">10 mm<\/td>\n<td width=\"149\">10 mm<\/td>\n<td width=\"152\">10 mm<\/td>\n<\/tr>\n<tr>\n<td width=\"50\">\n<p align=\"center\">4.2<\/p>\n<\/td>\n<td width=\"126\">Alcance m\u00e1ximo de la fijaci\u00f3n<\/td>\n<td width=\"186\">350 mm<\/td>\n<td width=\"149\">350 mm<\/td>\n<td width=\"152\">350 mm<\/td>\n<\/tr>\n<tr>\n<td width=\"50\">\n<p align=\"center\">4.4<\/p>\n<\/td>\n<td width=\"126\">La anchura de la plantilla<\/td>\n<td width=\"186\">180 mm<\/td>\n<td width=\"149\">180 mm<\/td>\n<td width=\"152\">180 mm<\/td>\n<\/tr>\n<tr>\n<td width=\"50\">\n<p align=\"center\"><b>5<\/b><\/p>\n<\/td>\n<td colspan=\"4\" width=\"612\">Dispositivo de aislamiento de capas (2 juegos)<\/td>\n<\/tr>\n<tr>\n<td width=\"50\">\n<p align=\"center\">5.1<\/p>\n<\/td>\n<td width=\"126\"><b>Potencia de motor aislada<\/b><\/td>\n<td width=\"186\">0,37 KW*2<b><\/b><\/td>\n<td width=\"149\">0,37 KW*2<\/td>\n<td width=\"152\">0,37 KW*2<\/td>\n<\/tr>\n<tr>\n<td width=\"50\">\n<p align=\"center\">5.2<\/p>\n<\/td>\n<td width=\"126\"><b>tensi\u00f3n<\/b><\/td>\n<td width=\"186\">neum\u00e1tico<\/td>\n<td width=\"149\">neum\u00e1tico<\/td>\n<td width=\"152\">neum\u00e1tico<\/td>\n<\/tr>\n<tr>\n<td width=\"50\">\n<p align=\"center\">5.3<\/p>\n<\/td>\n<td width=\"126\"><b>Anchura del papel aislante<\/b><\/td>\n<td width=\"186\">100-450 mm<\/td>\n<td width=\"149\">100-650 mm<\/td>\n<td width=\"152\">100-850 mm<\/td>\n<\/tr>\n<tr>\n<td width=\"50\">\n<p align=\"center\"><b>6<\/b><b><\/b><\/p>\n<\/td>\n<td colspan=\"4\" width=\"612\"><b>Sistema de control el\u00e9ctrico<\/b><b><\/b><\/td>\n<\/tr>\n<tr>\n<td width=\"50\">\n<p align=\"center\">6.1<\/p>\n<\/td>\n<td width=\"126\">Recuento de codificadores<\/td>\n<td width=\"186\">\uff080-9999.9\uff09<\/td>\n<td width=\"149\">\uff080-9999.9\uff09<\/td>\n<td width=\"152\">\uff080-9999.9\uff09<\/td>\n<\/tr>\n<tr>\n<td width=\"50\">\n<p align=\"center\">7<\/p>\n<p align=\"center\">\n<\/td>\n<td colspan=\"4\" width=\"612\">Soldadura autom\u00e1tica (1 juego)<\/td>\n<\/tr>\n<tr>\n<td width=\"50\">\n<p align=\"center\">7.1<\/p>\n<\/td>\n<td width=\"126\">Anchura de soldadura<\/td>\n<td width=\"186\">400 mm<\/td>\n<td width=\"149\">600 mm<\/td>\n<td width=\"152\">800 mm<\/td>\n<\/tr>\n<tr>\n<td width=\"50\">\n<p align=\"center\">7.2<\/p>\n<\/td>\n<td width=\"126\">La potencia de la m\u00e1quina de soldar<\/td>\n<td width=\"186\">Ac\/DC 315<\/td>\n<td width=\"149\">Ac\/DC 315<\/td>\n<td width=\"152\">Ac\/DC 500<\/td>\n<\/tr>\n<tr>\n<td width=\"50\">\n<p align=\"center\"><b>8<\/b><b><\/b><\/p>\n<\/td>\n<td width=\"126\"><b>La v\u00eda de transmisi\u00f3n<\/b><b><\/b><\/td>\n<td colspan=\"3\" width=\"487\"><b>Enlace y manual<\/b><b><\/b><\/td>\n<\/tr>\n<tr>\n<td width=\"50\">\n<p align=\"center\"><b>9<\/b><b><\/b><\/p>\n<\/td>\n<td width=\"126\"><b>Modo de funcionamiento<\/b><b><\/b><\/td>\n<td colspan=\"3\" width=\"487\">Caja de control<\/td>\n<\/tr>\n<\/tbody>\n<\/table>\n<\/div>\n<\/div>\n<\/div>\n<\/div>\n<\/div>\n<\/div>\n<\/div>\n<\/div>\n<\/div>\n<\/div>\n<div class=\"fl-row fl-row-full-width fl-row-bg-none fl-node-6501655da9610\" data-node=\"6501655da9610\">\n<div class=\"fl-row-content-wrap\">\n<div class=\"fl-row-content fl-row-full-width fl-node-content\">\n<div class=\"fl-col-group fl-node-6501655da964e\" data-node=\"6501655da964e\">\n<div class=\"fl-col fl-node-6501655da968c\" data-node=\"6501655da968c\">\n<div class=\"fl-col-content fl-node-content\">\n<div class=\"fl-module fl-module-rich-text fl-node-6501655da96ca\" data-node=\"6501655da96ca\" data-animation-delay=\"0.0\">\n<div class=\"fl-module-content fl-node-content\">\n<div class=\"fl-rich-text\">\n<div class=\"content_box\">\n<h2>3.<b>La m\u00e1quina es brevemente<\/b><\/h2>\n<\/div>\n<p>La m\u00e1quina bobinadora de l\u00e1mina de sujeci\u00f3n de doble capa servo VOL -400 se compone de: base, caja de transmisi\u00f3n de desbobinado, aislamiento de capa, caja de bobinado, caja de control, etc. A continuaci\u00f3n se describen brevemente las funciones de los componentes principales<\/p>\n<p>Dispositivo de desenrollado:    Incluye caja de transmisi\u00f3n de desenrollado, placa de refuerzo, motor rectificador, etc. Como mecanismo de desenrollado de la cinta de l\u00e1mina, tiene las funciones de soporte de la bobina de material, liberaci\u00f3n del material desenrollado y desviaci\u00f3n de ajuste el\u00e9ctrico, etc.<\/p>\n<p>El mecanismo de desenrollado tiene un husillo que va directamente desde el interior hasta el centro de la placa de apoyo exterior. En el husillo hay un manguito exterior que conecta la apertura y el cierre de 4 grupos de placas de soporte. El centro es un tornillo, que puede soportar el material de la bobina en el barril de alimentaci\u00f3n. El eje principal puede ser operado activamente en direcci\u00f3n de avance o retroceso para desenrollar y descargar, lo cual es conveniente para ajustar la condici\u00f3n de trabajo en cualquier momento. En el acoplamiento, el eje se separa del dispositivo de accionamiento por la acci\u00f3n del embrague. El eje principal est\u00e1 equipado con un dispositivo de rodillo de prensa, que se puede utilizar por separado o en paralelo. El rodillo de prensado es neum\u00e1tico, f\u00e1cil de controlar y seguro.<\/p>\n<p>La desviaci\u00f3n de rectificaci\u00f3n adopta una gu\u00eda lineal, que est\u00e1 equipada con un motor de potencia el\u00e9ctrica, y el bot\u00f3n de la caja de control se ajusta. El mecanismo de desenrollado se mover\u00e1 r\u00e1pidamente y con precisi\u00f3n a lo largo de la gu\u00eda lineal, a fin de garantizar que la cinta de l\u00e1mina est\u00e9 en una posici\u00f3n precisa y realizar la funci\u00f3n de desviaci\u00f3n de rectificaci\u00f3n de la cinta de l\u00e1mina.<\/p>\n<p><b>Dispositivo de bobinado:\u00a0\u00a0<\/b>ncluye reductor, dispositivo de sujeci\u00f3n, dispositivo de contrapunto;<\/p>\n<p>La bobinadora y el dispositivo de contrapunto adoptan el mismo bobinado;<\/p>\n<p><b>La m\u00e1quina de bobinado est\u00e1 situada en la parte delantera izquierda del equipo, y el par de salida se sujeta mediante el dispositivo de sujeci\u00f3n para el bobinado del n\u00facleo. La resistencia mec\u00e1nica y el par de salida de la m\u00e1quina de bobinado es la consideraci\u00f3n \u00f3ptima en el dise\u00f1o. El dise\u00f1o se basa en el tama\u00f1o m\u00e1ximo de la pieza de trabajo y el l\u00edmite superior de la fuerza de apriete requerida por el proceso, a\u00f1adiendo suficiente margen de configuraci\u00f3n;<\/b><\/p>\n<p><b>La caja de transmisi\u00f3n de rebobinado est\u00e1 compuesta por gruesas placas de acero soldadas entre s\u00ed, recocidas para eliminar tensiones y procesadas mediante mecanizado de alta precisi\u00f3n. Modo de transmisi\u00f3n: el reductor se utiliza para conducir, lo que garantiza la resistencia mec\u00e1nica y el buen funcionamiento general del equipo y el ruido de trabajo extremadamente bajo cuando se emite un gran par.<\/b><\/p>\n<p><b>Adoptar el modo de regulaci\u00f3n de velocidad servo digital, a trav\u00e9s del n\u00famero de entrada, la secci\u00f3n de baja velocidad proporciona el par m\u00e1ximo, la velocidad adecuada. Para satisfacer las necesidades de los diferentes procesos de bobinado. Equipado con funci\u00f3n de frenado, mejorar el funcionamiento del equipo, el uso de motor impulsado, abundante reserva de energ\u00eda.<\/b><\/p>\n<p><b>Dispositivo de aislamiento por capas:<\/b>\u00a0El dispositivo de aislamiento por capas es un mecanismo que soporta la bobina de material aislante y hace que el material aislante genere una fuerza de hinchamiento al enrollarse y retroceder.<\/p>\n<p>El mecanismo se compone de cuatro partes, a saber, el aire hinchaz\u00f3n eje, soporte, sistema de conducci\u00f3n, acoplamiento neum\u00e1tico, etc. Aumentar la presi\u00f3n de la fuerza, la fuerza de aumento de embrague, peque\u00f1o, de modo que el aislamiento de la capa en el proceso de bobinado y la espalda para mantener el estado de aumento de la fuerza.<\/p>\n<p><b>Sistema de control electr\u00f3nico:\u00a0\u00a0\u00a0<\/b>Mitsubishi PLC, caja de control y operaci\u00f3n de bot\u00f3n se adoptan en Jap\u00f3n. Diferentes instrucciones se dan despu\u00e9s de bobinado a trav\u00e9s de la operaci\u00f3n del sistema de control PLC, que es implementado por cada sistema. Los operadores s\u00f3lo tienen que introducir los par\u00e1metros de trabajo pertinentes en el contador, es conveniente para completar la producci\u00f3n en masa de las mismas especificaciones de la pieza de trabajo. Cada dispositivo tambi\u00e9n puede ser operado manualmente a trav\u00e9s del bot\u00f3n de control, incluyendo inching, linkage, etc. Un bot\u00f3n de parada de emergencia se establece en la posici\u00f3n de la consola principal y el dispositivo principal para detener la m\u00e1quina a tiempo en caso de cualquier anormalidad, a fin de garantizar la seguridad.<\/p>\n<\/div>\n<\/div>\n<\/div>\n<\/div>\n<\/div>\n<\/div>\n<\/div>\n<\/div>\n<\/div>","protected":false},"excerpt":{"rendered":"<h3>Breve descripci\u00f3n:<\/h3>","protected":false},"featured_media":850,"template":"","meta":{"_uag_custom_page_level_css":""},"product_cat":[38],"product_tag":[],"class_list":{"0":"post-902","1":"product","2":"type-product","3":"status-publish","4":"has-post-thumbnail","6":"product_cat-transformer-foil-winding-machine","8":"first","9":"instock","10":"shipping-taxable","11":"product-type-simple"},"featured_image_urls":{"full":["https:\/\/www.apgmachine.com\/wp-content\/uploads\/2023\/12\/Double-servo-double-layer-copper-foil-winding-machine-1.jpg",600,450,false],"thumbnail":["https:\/\/www.apgmachine.com\/wp-content\/uploads\/2023\/12\/Double-servo-double-layer-copper-foil-winding-machine-1.jpg",400,300,false],"medium":["https:\/\/www.apgmachine.com\/wp-content\/uploads\/2023\/12\/Double-servo-double-layer-copper-foil-winding-machine-1.jpg",600,450,false],"medium_large":["https:\/\/www.apgmachine.com\/wp-content\/uploads\/2023\/12\/Double-servo-double-layer-copper-foil-winding-machine-1.jpg",600,450,false],"large":["https:\/\/www.apgmachine.com\/wp-content\/uploads\/2023\/12\/Double-servo-double-layer-copper-foil-winding-machine-1.jpg",600,450,false],"1536x1536":["https:\/\/www.apgmachine.com\/wp-content\/uploads\/2023\/12\/Double-servo-double-layer-copper-foil-winding-machine-1.jpg",600,450,false],"2048x2048":["https:\/\/www.apgmachine.com\/wp-content\/uploads\/2023\/12\/Double-servo-double-layer-copper-foil-winding-machine-1.jpg",600,450,false],"trp-custom-language-flag":["https:\/\/www.apgmachine.com\/wp-content\/uploads\/2023\/12\/Double-servo-double-layer-copper-foil-winding-machine-1.jpg",16,12,false],"woocommerce_archive_thumbnail":["https:\/\/www.apgmachine.com\/wp-content\/uploads\/2023\/12\/Double-servo-double-layer-copper-foil-winding-machine-1-500x375.jpg",500,375,true],"woocommerce_thumbnail":["https:\/\/www.apgmachine.com\/wp-content\/uploads\/2023\/12\/Double-servo-double-layer-copper-foil-winding-machine-1-300x300.jpg",300,300,true],"woocommerce_single":["https:\/\/www.apgmachine.com\/wp-content\/uploads\/2023\/12\/Double-servo-double-layer-copper-foil-winding-machine-1.jpg",600,450,false],"woocommerce_gallery_thumbnail":["https:\/\/www.apgmachine.com\/wp-content\/uploads\/2023\/12\/Double-servo-double-layer-copper-foil-winding-machine-1-100x100.jpg",100,100,true]},"post_excerpt_stackable":"<h3>Short Description:<\/h3>\n","category_list":"","author_info":{"name":"","url":""},"comments_num":"0 comentarios","jetpack_sharing_enabled":true,"uagb_featured_image_src":{"full":["https:\/\/www.apgmachine.com\/wp-content\/uploads\/2023\/12\/Double-servo-double-layer-copper-foil-winding-machine-1.jpg",600,450,false],"thumbnail":["https:\/\/www.apgmachine.com\/wp-content\/uploads\/2023\/12\/Double-servo-double-layer-copper-foil-winding-machine-1.jpg",400,300,false],"medium":["https:\/\/www.apgmachine.com\/wp-content\/uploads\/2023\/12\/Double-servo-double-layer-copper-foil-winding-machine-1.jpg",600,450,false],"medium_large":["https:\/\/www.apgmachine.com\/wp-content\/uploads\/2023\/12\/Double-servo-double-layer-copper-foil-winding-machine-1.jpg",600,450,false],"large":["https:\/\/www.apgmachine.com\/wp-content\/uploads\/2023\/12\/Double-servo-double-layer-copper-foil-winding-machine-1.jpg",600,450,false],"1536x1536":["https:\/\/www.apgmachine.com\/wp-content\/uploads\/2023\/12\/Double-servo-double-layer-copper-foil-winding-machine-1.jpg",600,450,false],"2048x2048":["https:\/\/www.apgmachine.com\/wp-content\/uploads\/2023\/12\/Double-servo-double-layer-copper-foil-winding-machine-1.jpg",600,450,false],"trp-custom-language-flag":["https:\/\/www.apgmachine.com\/wp-content\/uploads\/2023\/12\/Double-servo-double-layer-copper-foil-winding-machine-1.jpg",16,12,false],"woocommerce_archive_thumbnail":["https:\/\/www.apgmachine.com\/wp-content\/uploads\/2023\/12\/Double-servo-double-layer-copper-foil-winding-machine-1-500x375.jpg",500,375,true],"woocommerce_thumbnail":["https:\/\/www.apgmachine.com\/wp-content\/uploads\/2023\/12\/Double-servo-double-layer-copper-foil-winding-machine-1-300x300.jpg",300,300,true],"woocommerce_single":["https:\/\/www.apgmachine.com\/wp-content\/uploads\/2023\/12\/Double-servo-double-layer-copper-foil-winding-machine-1.jpg",600,450,false],"woocommerce_gallery_thumbnail":["https:\/\/www.apgmachine.com\/wp-content\/uploads\/2023\/12\/Double-servo-double-layer-copper-foil-winding-machine-1-100x100.jpg",100,100,true]},"uagb_author_info":{"display_name":"admin","author_link":"https:\/\/www.apgmachine.com\/es\/author\/"},"uagb_comment_info":0,"uagb_excerpt":"Short Description:","_links":{"self":[{"href":"https:\/\/www.apgmachine.com\/es\/wp-json\/wp\/v2\/product\/902","targetHints":{"allow":["GET"]}}],"collection":[{"href":"https:\/\/www.apgmachine.com\/es\/wp-json\/wp\/v2\/product"}],"about":[{"href":"https:\/\/www.apgmachine.com\/es\/wp-json\/wp\/v2\/types\/product"}],"wp:featuredmedia":[{"embeddable":true,"href":"https:\/\/www.apgmachine.com\/es\/wp-json\/wp\/v2\/media\/850"}],"wp:attachment":[{"href":"https:\/\/www.apgmachine.com\/es\/wp-json\/wp\/v2\/media?parent=902"}],"wp:term":[{"taxonomy":"product_cat","embeddable":true,"href":"https:\/\/www.apgmachine.com\/es\/wp-json\/wp\/v2\/product_cat?post=902"},{"taxonomy":"product_tag","embeddable":true,"href":"https:\/\/www.apgmachine.com\/es\/wp-json\/wp\/v2\/product_tag?post=902"}],"curies":[{"name":"wp","href":"https:\/\/api.w.org\/{rel}","templated":true}]}}