{"id":901,"date":"2023-12-04T04:04:41","date_gmt":"2023-12-03T20:04:41","guid":{"rendered":"http:\/\/wp.cd3.gzoat.com\/?post_type=product&#038;p=901"},"modified":"2023-12-04T04:47:19","modified_gmt":"2023-12-03T20:47:19","slug":"technical-proposal-of-amorphous-body-assembly-table","status":"publish","type":"product","link":"https:\/\/www.apgmachine.com\/es\/producto\/propuesta-tecnica-de-mesa-de-montaje-de-cuerpos-amorfos\/","title":{"rendered":"Propuesta t\u00e9cnica de mesa de montaje de cuerpos amorfos"},"content":{"rendered":"<div class=\"fl-builder-content fl-builder-content-5761 fl-builder-content-primary fl-builder-global-templates-locked\" data-post-id=\"5761\">\n<div class=\"fl-row fl-row-full-width fl-row-bg-none fl-node-6501632f4fb76\" data-node=\"6501632f4fb76\">\n<div class=\"fl-row-content-wrap\">\n<div class=\"fl-row-content fl-row-full-width fl-node-content\">\n<div class=\"fl-col-group fl-node-6501632f4fbb5\" data-node=\"6501632f4fbb5\">\n<div class=\"fl-col fl-node-6501632f4fbf3\" data-node=\"6501632f4fbf3\">\n<div class=\"fl-col-content fl-node-content\">\n<div class=\"fl-module fl-module-rich-text fl-node-6501632f4fb38\" data-node=\"6501632f4fb38\" data-animation-delay=\"0.0\">\n<div class=\"fl-module-content fl-node-content\">\n<div class=\"fl-rich-text\">\n<div class=\"content_box\">\n<h2>1.\u00a0<b>Informaci\u00f3n b\u00e1sica de los equipos<\/b><\/h2>\n<\/div>\n<div class=\"table_wrap\">\n<table border=\"1\" cellspacing=\"0\" cellpadding=\"0\" align=\"\">\n<tbody>\n<tr>\n<td valign=\"top\" width=\"55\">\n<p align=\"center\">No.<\/p>\n<\/td>\n<td valign=\"top\" width=\"230\">\n<p align=\"center\">Componente<\/p>\n<\/td>\n<td valign=\"top\" width=\"152\">\n<p align=\"center\">Especificaci\u00f3n<\/p>\n<\/td>\n<td valign=\"top\" width=\"63\">\n<p align=\"center\">Unidad<\/p>\n<\/td>\n<td valign=\"top\" width=\"101\">\n<p align=\"center\">Cantidad<\/p>\n<\/td>\n<\/tr>\n<tr>\n<td rowspan=\"3\" width=\"55\">\n<p align=\"center\">1<\/p>\n<\/td>\n<td width=\"230\">\n<p align=\"center\">Mesa de montaje de cuerpos amorfos<\/p>\n<\/td>\n<td width=\"152\">\n<h1 align=\"center\"><\/h1>\n<\/td>\n<td width=\"63\">\n<p align=\"center\">Establecer<\/p>\n<\/td>\n<td width=\"101\">\n<p align=\"center\">1<\/p>\n<\/td>\n<\/tr>\n<tr>\n<td colspan=\"4\" width=\"546\">volante\uff084 piezas\uff09<\/td>\n<\/tr>\n<tr>\n<td colspan=\"4\" width=\"546\">\n<p align=\"left\">La tabla de montaje del cuerpo del rotor amorfo\/equipo especial para el montaje del cuerpo del transformador puede cumplir los requisitos del montaje de transformadores sumergidos en aceite y amorfos bajo la especificaci\u00f3n de 30-800kva.<\/p>\n<p align=\"left\">Se cambia el proceso tradicional de colocaci\u00f3n del cuerpo del transformador, y el bobinado se coloca previamente en la plataforma elevadora de la mesa de montaje, el eje del bobinado es horizontal, y los n\u00facleos del bastidor simple son horizontales.<\/p>\n<p align=\"left\">En la mesa de montaje, se cierra el n\u00facleo de hierro, se cierra la empaquetadura, se a\u00edsla y ensambla el cuerpo, se aprietan las piezas de sujeci\u00f3n, etc., el equipo puede ajustar convenientemente la altura de posici\u00f3n y satisfacer los requisitos de montaje de diferentes pasos de trabajo.<\/p>\n<p align=\"left\">Cuando se da la vuelta al cuerpo del dispositivo, \u00e9ste debe fijarse con una correa de sujeci\u00f3n para garantizar que el dispositivo quede firmemente fijado y sea seguro.<\/p>\n<\/td>\n<\/tr>\n<\/tbody>\n<\/table>\n<\/div>\n<\/div>\n<\/div>\n<\/div>\n<\/div>\n<\/div>\n<\/div>\n<\/div>\n<\/div>\n<\/div>\n<div class=\"fl-row fl-row-full-width fl-row-bg-none fl-node-6501632f4fea8\" data-node=\"6501632f4fea8\">\n<div class=\"fl-row-content-wrap\">\n<div class=\"fl-row-content fl-row-full-width fl-node-content\">\n<div class=\"fl-col-group fl-node-6501632f4fee6\" data-node=\"6501632f4fee6\">\n<div class=\"fl-col fl-node-6501632f4ff24\" data-node=\"6501632f4ff24\">\n<div class=\"fl-col-content fl-node-content\">\n<div class=\"fl-module fl-module-rich-text fl-node-6501632f4fe6a\" data-node=\"6501632f4fe6a\" data-animation-delay=\"0.0\">\n<div class=\"fl-module-content fl-node-content\">\n<div class=\"fl-rich-text\">\n<div class=\"content_box\">\n<h2>2. Par\u00e1metros t\u00e9cnicos<\/h2>\n<\/div>\n<div class=\"table_wrap\">\n<table border=\"1\" cellspacing=\"0\" cellpadding=\"0\" align=\"\">\n<tbody>\n<tr>\n<td valign=\"top\" width=\"59\">\n<p align=\"center\"><b>No.<\/b><\/p>\n<\/td>\n<td valign=\"top\" width=\"233\">\n<p align=\"center\"><b>Componente<\/b><\/p>\n<\/td>\n<td valign=\"top\" width=\"358\">\n<p align=\"center\"><b>ZPT-3T<\/b><\/p>\n<\/td>\n<\/tr>\n<tr>\n<td valign=\"top\" width=\"59\">\n<p align=\"center\">1<\/p>\n<\/td>\n<td valign=\"top\" width=\"233\">\n<p align=\"left\">Altura de trabajo<\/p>\n<\/td>\n<td valign=\"top\" width=\"358\">\n<p align=\"center\">H=850 mm<\/p>\n<\/td>\n<\/tr>\n<tr>\n<td rowspan=\"3\" valign=\"top\" width=\"59\">\n<p align=\"center\">2<\/p>\n<\/td>\n<td rowspan=\"3\" valign=\"top\" width=\"233\">\n<p align=\"left\">Adaptarse a la gama de par\u00e1metros del cuerpo del conjunto (forma exterior)<\/p>\n<\/td>\n<td valign=\"top\" width=\"358\">\n<p align=\"center\">L=700-1200 mm<\/p>\n<\/td>\n<\/tr>\n<tr>\n<td valign=\"top\" width=\"358\">\n<p align=\"center\">An=360-700mm<\/p>\n<\/td>\n<\/tr>\n<tr>\n<td valign=\"top\" width=\"358\">\n<p align=\"center\">H=400-960 mm<\/p>\n<\/td>\n<\/tr>\n<tr>\n<td valign=\"top\" width=\"59\">\n<p align=\"center\">3<\/p>\n<\/td>\n<td valign=\"top\" width=\"233\">\n<p align=\"left\">Carga nominal de la plataforma de elevaci\u00f3n<\/p>\n<\/td>\n<td valign=\"top\" width=\"358\">\n<p align=\"center\">W=3000KG<\/p>\n<\/td>\n<\/tr>\n<tr>\n<td valign=\"top\" width=\"59\">\n<p align=\"center\">4<\/p>\n<\/td>\n<td valign=\"top\" width=\"233\">\n<p align=\"left\">Carrera de trabajo de la plataforma elevadora<\/p>\n<\/td>\n<td valign=\"top\" width=\"358\">\n<p align=\"center\">S=300 mm<\/p>\n<\/td>\n<\/tr>\n<tr>\n<td valign=\"top\" width=\"59\">\n<p align=\"center\">5<\/p>\n<\/td>\n<td valign=\"top\" width=\"233\">\n<p align=\"left\">Velocidad de elevaci\u00f3n<\/p>\n<\/td>\n<td valign=\"top\" width=\"358\">\n<p align=\"center\">V=40mm\/s\uff08La velocidad puede ajustarse seg\u00fan las necesidades\uff09<\/p>\n<\/td>\n<\/tr>\n<tr>\n<td valign=\"top\" width=\"59\">\n<p align=\"center\">6<\/p>\n<\/td>\n<td valign=\"top\" width=\"233\">\n<p align=\"left\">Tensi\u00f3n de trabajo<\/p>\n<\/td>\n<td valign=\"top\" width=\"358\">\n<p align=\"center\">CA 380 V Trif\u00e1sica de cinco l\u00edneas<\/p>\n<\/td>\n<\/tr>\n<tr>\n<td valign=\"top\" width=\"59\">\n<p align=\"center\">7<\/p>\n<\/td>\n<td valign=\"top\" width=\"233\">\n<p align=\"left\">Potencia total<\/p>\n<\/td>\n<td valign=\"top\" width=\"358\">\n<p align=\"center\">2,2 KW<\/p>\n<\/td>\n<\/tr>\n<tr>\n<td valign=\"top\" width=\"59\">\n<p align=\"center\">8<\/p>\n<\/td>\n<td valign=\"top\" width=\"233\">\n<p align=\"left\">\u00c1mbito de aplicaci\u00f3n<\/p>\n<\/td>\n<td valign=\"top\" width=\"358\">\n<p align=\"center\">30-800KVA<\/p>\n<\/td>\n<\/tr>\n<tr>\n<td valign=\"top\" width=\"59\">\n<p align=\"center\">8<\/p>\n<\/td>\n<td valign=\"top\" width=\"233\">\n<p align=\"left\">Peso total<\/p>\n<\/td>\n<td valign=\"top\" width=\"358\">\n<p align=\"center\">W=1500KG<\/p>\n<\/td>\n<\/tr>\n<tr>\n<td valign=\"top\" width=\"59\">\n<p align=\"center\">9<\/p>\n<\/td>\n<td valign=\"top\" width=\"233\">\n<p align=\"left\">Presi\u00f3n de trabajo hidr\u00e1ulica<\/p>\n<\/td>\n<td valign=\"top\" width=\"358\">\n<p align=\"center\">21\uff08Mpa\uff09<\/p>\n<\/td>\n<\/tr>\n<tr>\n<td valign=\"top\" width=\"59\">\n<p align=\"center\">10<\/p>\n<\/td>\n<td valign=\"top\" width=\"233\">\n<p align=\"left\">\u00c1ngulo de inclinaci\u00f3n<\/p>\n<\/td>\n<td valign=\"top\" width=\"358\">\n<p align=\"center\">90\u00b0<\/p>\n<\/td>\n<\/tr>\n<\/tbody>\n<\/table>\n<\/div>\n<p>&nbsp;<\/p>\n<div class=\"table_wrap\">\n<table border=\"1\" cellspacing=\"0\" cellpadding=\"0\" align=\"\">\n<tbody>\n<tr>\n<td width=\"56\">\n<p align=\"center\">\n<\/td>\n<td colspan=\"2\" width=\"590\"><b>Requisitos del carro elevador hidr\u00e1ulico (est\u00e1ndar)<\/b><\/td>\n<\/tr>\n<tr>\n<td width=\"56\">\n<p align=\"center\">1<\/p>\n<\/td>\n<td width=\"232\">Carga m\u00e1xima del carro<\/td>\n<td width=\"358\">500 kg<\/td>\n<\/tr>\n<tr>\n<td width=\"56\">\n<p align=\"center\">2<\/p>\n<\/td>\n<td width=\"232\">Tama\u00f1o del carro<\/td>\n<td width=\"358\">L 815xH 500xH 380\/Altura de elevaci\u00f3n(900)<\/td>\n<\/tr>\n<tr>\n<td width=\"56\">\n<p align=\"center\">3<\/p>\n<\/td>\n<td width=\"232\">Elevaci\u00f3n del carro<\/td>\n<td width=\"358\">elevaci\u00f3n hidr\u00e1ulica<\/td>\n<\/tr>\n<\/tbody>\n<\/table>\n<\/div>\n<\/div>\n<\/div>\n<\/div>\n<\/div>\n<\/div>\n<\/div>\n<\/div>\n<\/div>\n<\/div>\n<\/div>\n<p>&nbsp;<\/p>","protected":false},"excerpt":{"rendered":"<h3>Breve descripci\u00f3n:<\/h3>","protected":false},"featured_media":845,"template":"","meta":{"_uag_custom_page_level_css":""},"product_cat":[38],"product_tag":[],"class_list":{"0":"post-901","1":"product","2":"type-product","3":"status-publish","4":"has-post-thumbnail","6":"product_cat-transformer-foil-winding-machine","8":"first","9":"instock","10":"shipping-taxable","11":"product-type-simple"},"featured_image_urls":{"full":["https:\/\/www.apgmachine.com\/wp-content\/uploads\/2023\/12\/Technical-proposal-of-Amorphous-Body-Assembly-Table-1.jpg",600,450,false],"thumbnail":["https:\/\/www.apgmachine.com\/wp-content\/uploads\/2023\/12\/Technical-proposal-of-Amorphous-Body-Assembly-Table-1-150x150.jpg",150,150,true],"medium":["https:\/\/www.apgmachine.com\/wp-content\/uploads\/2023\/12\/Technical-proposal-of-Amorphous-Body-Assembly-Table-1-300x225.jpg",300,225,true],"medium_large":["https:\/\/www.apgmachine.com\/wp-content\/uploads\/2023\/12\/Technical-proposal-of-Amorphous-Body-Assembly-Table-1.jpg",600,450,false],"large":["https:\/\/www.apgmachine.com\/wp-content\/uploads\/2023\/12\/Technical-proposal-of-Amorphous-Body-Assembly-Table-1.jpg",600,450,false],"1536x1536":["https:\/\/www.apgmachine.com\/wp-content\/uploads\/2023\/12\/Technical-proposal-of-Amorphous-Body-Assembly-Table-1.jpg",600,450,false],"2048x2048":["https:\/\/www.apgmachine.com\/wp-content\/uploads\/2023\/12\/Technical-proposal-of-Amorphous-Body-Assembly-Table-1.jpg",600,450,false],"trp-custom-language-flag":["https:\/\/www.apgmachine.com\/wp-content\/uploads\/2023\/12\/Technical-proposal-of-Amorphous-Body-Assembly-Table-1.jpg",16,12,false],"woocommerce_archive_thumbnail":["https:\/\/www.apgmachine.com\/wp-content\/uploads\/2023\/12\/Technical-proposal-of-Amorphous-Body-Assembly-Table-1-500x375.jpg",500,375,true],"woocommerce_thumbnail":["https:\/\/www.apgmachine.com\/wp-content\/uploads\/2023\/12\/Technical-proposal-of-Amorphous-Body-Assembly-Table-1-300x300.jpg",300,300,true],"woocommerce_single":["https:\/\/www.apgmachine.com\/wp-content\/uploads\/2023\/12\/Technical-proposal-of-Amorphous-Body-Assembly-Table-1.jpg",600,450,false],"woocommerce_gallery_thumbnail":["https:\/\/www.apgmachine.com\/wp-content\/uploads\/2023\/12\/Technical-proposal-of-Amorphous-Body-Assembly-Table-1-100x100.jpg",100,100,true]},"post_excerpt_stackable":"<h3>Short Description:<\/h3>\n","category_list":"","author_info":{"name":"","url":""},"comments_num":"0 comentarios","jetpack_sharing_enabled":true,"uagb_featured_image_src":{"full":["https:\/\/www.apgmachine.com\/wp-content\/uploads\/2023\/12\/Technical-proposal-of-Amorphous-Body-Assembly-Table-1.jpg",600,450,false],"thumbnail":["https:\/\/www.apgmachine.com\/wp-content\/uploads\/2023\/12\/Technical-proposal-of-Amorphous-Body-Assembly-Table-1-150x150.jpg",150,150,true],"medium":["https:\/\/www.apgmachine.com\/wp-content\/uploads\/2023\/12\/Technical-proposal-of-Amorphous-Body-Assembly-Table-1-300x225.jpg",300,225,true],"medium_large":["https:\/\/www.apgmachine.com\/wp-content\/uploads\/2023\/12\/Technical-proposal-of-Amorphous-Body-Assembly-Table-1.jpg",600,450,false],"large":["https:\/\/www.apgmachine.com\/wp-content\/uploads\/2023\/12\/Technical-proposal-of-Amorphous-Body-Assembly-Table-1.jpg",600,450,false],"1536x1536":["https:\/\/www.apgmachine.com\/wp-content\/uploads\/2023\/12\/Technical-proposal-of-Amorphous-Body-Assembly-Table-1.jpg",600,450,false],"2048x2048":["https:\/\/www.apgmachine.com\/wp-content\/uploads\/2023\/12\/Technical-proposal-of-Amorphous-Body-Assembly-Table-1.jpg",600,450,false],"trp-custom-language-flag":["https:\/\/www.apgmachine.com\/wp-content\/uploads\/2023\/12\/Technical-proposal-of-Amorphous-Body-Assembly-Table-1.jpg",16,12,false],"woocommerce_archive_thumbnail":["https:\/\/www.apgmachine.com\/wp-content\/uploads\/2023\/12\/Technical-proposal-of-Amorphous-Body-Assembly-Table-1-500x375.jpg",500,375,true],"woocommerce_thumbnail":["https:\/\/www.apgmachine.com\/wp-content\/uploads\/2023\/12\/Technical-proposal-of-Amorphous-Body-Assembly-Table-1-300x300.jpg",300,300,true],"woocommerce_single":["https:\/\/www.apgmachine.com\/wp-content\/uploads\/2023\/12\/Technical-proposal-of-Amorphous-Body-Assembly-Table-1.jpg",600,450,false],"woocommerce_gallery_thumbnail":["https:\/\/www.apgmachine.com\/wp-content\/uploads\/2023\/12\/Technical-proposal-of-Amorphous-Body-Assembly-Table-1-100x100.jpg",100,100,true]},"uagb_author_info":{"display_name":"admin","author_link":"https:\/\/www.apgmachine.com\/es\/author\/"},"uagb_comment_info":0,"uagb_excerpt":"Short Description:","_links":{"self":[{"href":"https:\/\/www.apgmachine.com\/es\/wp-json\/wp\/v2\/product\/901","targetHints":{"allow":["GET"]}}],"collection":[{"href":"https:\/\/www.apgmachine.com\/es\/wp-json\/wp\/v2\/product"}],"about":[{"href":"https:\/\/www.apgmachine.com\/es\/wp-json\/wp\/v2\/types\/product"}],"wp:featuredmedia":[{"embeddable":true,"href":"https:\/\/www.apgmachine.com\/es\/wp-json\/wp\/v2\/media\/845"}],"wp:attachment":[{"href":"https:\/\/www.apgmachine.com\/es\/wp-json\/wp\/v2\/media?parent=901"}],"wp:term":[{"taxonomy":"product_cat","embeddable":true,"href":"https:\/\/www.apgmachine.com\/es\/wp-json\/wp\/v2\/product_cat?post=901"},{"taxonomy":"product_tag","embeddable":true,"href":"https:\/\/www.apgmachine.com\/es\/wp-json\/wp\/v2\/product_tag?post=901"}],"curies":[{"name":"wp","href":"https:\/\/api.w.org\/{rel}","templated":true}]}}