{"id":895,"date":"2023-12-04T04:00:46","date_gmt":"2023-12-03T20:00:46","guid":{"rendered":"http:\/\/wp.cd3.gzoat.com\/?post_type=product&#038;p=895"},"modified":"2024-01-15T17:28:48","modified_gmt":"2024-01-15T09:28:48","slug":"insulation-rod-application","status":"publish","type":"product","link":"https:\/\/www.apgmachine.com\/es\/producto\/aplicacion-de-la-barra-aislante\/","title":{"rendered":"Varilla aislante Aplicaci\u00f3n"},"content":{"rendered":"<div class=\"fl-builder-content fl-builder-content-4304 fl-builder-content-primary fl-builder-global-templates-locked\" data-post-id=\"4304\">\n<div class=\"fl-row fl-row-full-width fl-row-bg-none fl-node-6213010b0634d\" data-node=\"6213010b0634d\">\n<div class=\"fl-row-content-wrap\">\n<div class=\"fl-row-content fl-row-full-width fl-node-content\">\n<div class=\"fl-col-group fl-node-6213010b06fa0\" data-node=\"6213010b06fa0\">\n<div class=\"fl-col fl-node-6213010b07115\" data-node=\"6213010b07115\">\n<div class=\"fl-col-content fl-node-content\">\n<div class=\"fl-module fl-module-rich-text fl-node-6213010b06206\" data-node=\"6213010b06206\" data-animation-delay=\"0.0\">\n<div class=\"fl-module-content fl-node-content\">\n<div class=\"fl-rich-text\">\n<div class=\"content_box\">\n<h2>Aislamiento Operaci\u00f3n Barra Aplicaci\u00f3n<\/h2>\n<\/div>\n<p>El tirante aislante incluye una varilla aislante y una junta dispuesta en el extremo de la varilla aislante, un dispositivo de tornillo tambi\u00e9n est\u00e1 dispuesto entre la varilla aislante y la junta, y la varilla aislante est\u00e1 conectada con la junta a trav\u00e9s del dispositivo de tornillo.<\/p>\n<p>El \u00e1rea de tensi\u00f3n de toda la varilla aislante se transfiere al dispositivo en espiral, lo que reduce en gran medida la carga de la varilla aislante y el da\u00f1o a su propio material, mejora la resistencia al cizallamiento y la resistencia a la tracci\u00f3n de la varilla aislante, y de acuerdo con diferentes normas de tensi\u00f3n, La resistencia a la tracci\u00f3n del modelo de utilidad puede alcanzar de forma estable tales como 40kN, 60kN, 100kN . . y otros grados est\u00e1ndar; y la dispersi\u00f3n es muy peque\u00f1a, lo que resuelve el problema de la f\u00e1cil rotura de la varilla del interruptor de alta tensi\u00f3n, y cumple con los requisitos de resistencia a la tracci\u00f3n requerida por varios interruptores dom\u00e9sticos; al mismo tiempo, cuando el extremo de la varilla aislante est\u00e1 cubierto con una junta, la La parte est\u00e1 recubierta con adhesivo, lo que mejora a\u00fan m\u00e1s el rendimiento de sellado y la fuerza de uni\u00f3n entre la junta y la varilla aislante, por lo que el rendimiento es estable, seguro y fiable, el proceso de montaje se simplifica, y el coste de producci\u00f3n se reduce. [1] Es necesario realizar una prueba de aislamiento cada 12 meses para garantizar la integridad de las varillas aislantes.<\/p>\n<\/div>\n<\/div>\n<\/div>\n<\/div>\n<\/div>\n<\/div>\n<\/div>\n<\/div>\n<\/div>\n<div class=\"fl-row fl-row-full-width fl-row-bg-none fl-node-6213012722135\" data-node=\"6213012722135\">\n<div class=\"fl-row-content-wrap\">\n<div class=\"fl-row-content fl-row-full-width fl-node-content\">\n<div class=\"fl-col-group fl-node-6213012723316\" data-node=\"6213012723316\">\n<div class=\"fl-col fl-node-62130127234a7\" data-node=\"62130127234a7\">\n<div class=\"fl-col-content fl-node-content\">\n<div class=\"fl-module fl-module-rich-text fl-node-6213012721fb9\" data-node=\"6213012721fb9\" data-animation-delay=\"0.0\">\n<div class=\"fl-module-content fl-node-content\">\n<div class=\"fl-rich-text\">\n<div class=\"content_box\">\n<h2>Serie de varillas de operaci\u00f3n de aislamiento<\/h2>\n<\/div>\n<\/div>\n<\/div>\n<\/div>\n<\/div>\n<\/div>\n<\/div>\n<div class=\"fl-col-group fl-node-6213017bb9a38\" data-node=\"6213017bb9a38\">\n<div class=\"fl-col fl-node-6213017bb9dfb fl-col-small\" data-node=\"6213017bb9dfb\">\n<div class=\"fl-col-content fl-node-content\">\n<div class=\"fl-module fl-module-photo fl-node-6213018f29885\" data-node=\"6213018f29885\" data-animation-delay=\"0.0\">\n<div class=\"fl-module-content fl-node-content\">\n<div class=\"fl-photo fl-photo-align-center\">\n<div class=\"fl-photo-content fl-photo-img-png\"><img decoding=\"async\" class=\"fl-photo-img wp-image-4308\" src=\"https:\/\/www.apgmachine.com\/uploads\/pro-1.png\" alt=\"pro (1)\" \/><img decoding=\"async\" class=\"fl-photo-img wp-image-4309\" src=\"https:\/\/www.apgmachine.com\/uploads\/pro-2.png\" alt=\"pro (2)\" \/><\/div>\n<div class=\"fl-photo-content fl-photo-img-png\"><img decoding=\"async\" class=\"fl-photo-img wp-image-4310\" src=\"https:\/\/www.apgmachine.com\/uploads\/pro-3.png\" alt=\"pro (3)\" \/><img decoding=\"async\" class=\"fl-photo-img wp-image-4311\" src=\"https:\/\/www.apgmachine.com\/uploads\/pro-4.png\" alt=\"pro (4)\" \/><\/div>\n<\/div>\n<\/div>\n<\/div>\n<\/div>\n<\/div>\n<\/div>\n<\/div>\n<\/div>\n<\/div>\n<\/div>\n<div class=\"clear\"><\/div>","protected":false},"excerpt":{"rendered":"<h3>Breve descripci\u00f3n:<\/h3>","protected":false},"featured_media":856,"template":"","meta":{"_uag_custom_page_level_css":""},"product_cat":[36],"product_tag":[],"class_list":{"0":"post-895","1":"product","2":"type-product","3":"status-publish","4":"has-post-thumbnail","6":"product_cat-meshinsulation-rod","8":"first","9":"instock","10":"shipping-taxable","11":"product-type-simple"},"featured_image_urls":{"full":["https:\/\/www.apgmachine.com\/wp-content\/uploads\/2023\/12\/main-11-300x300-1.png",300,300,false],"thumbnail":["https:\/\/www.apgmachine.com\/wp-content\/uploads\/2023\/12\/main-11-300x300-1-150x150.png",150,150,true],"medium":["https:\/\/www.apgmachine.com\/wp-content\/uploads\/2023\/12\/main-11-300x300-1.png",300,300,false],"medium_large":["https:\/\/www.apgmachine.com\/wp-content\/uploads\/2023\/12\/main-11-300x300-1.png",300,300,false],"large":["https:\/\/www.apgmachine.com\/wp-content\/uploads\/2023\/12\/main-11-300x300-1.png",300,300,false],"1536x1536":["https:\/\/www.apgmachine.com\/wp-content\/uploads\/2023\/12\/main-11-300x300-1.png",300,300,false],"2048x2048":["https:\/\/www.apgmachine.com\/wp-content\/uploads\/2023\/12\/main-11-300x300-1.png",300,300,false],"trp-custom-language-flag":["https:\/\/www.apgmachine.com\/wp-content\/uploads\/2023\/12\/main-11-300x300-1.png",12,12,false],"woocommerce_archive_thumbnail":["https:\/\/www.apgmachine.com\/wp-content\/uploads\/2023\/12\/main-11-300x300-1.png",300,300,false],"woocommerce_thumbnail":["https:\/\/www.apgmachine.com\/wp-content\/uploads\/2023\/12\/main-11-300x300-1.png",300,300,false],"woocommerce_single":["https:\/\/www.apgmachine.com\/wp-content\/uploads\/2023\/12\/main-11-300x300-1.png",300,300,false],"woocommerce_gallery_thumbnail":["https:\/\/www.apgmachine.com\/wp-content\/uploads\/2023\/12\/main-11-300x300-1-100x100.png",100,100,true]},"post_excerpt_stackable":"<h3>Short Description:<\/h3>\n","category_list":"","author_info":{"name":"","url":""},"comments_num":"0 comentarios","jetpack_sharing_enabled":true,"uagb_featured_image_src":{"full":["https:\/\/www.apgmachine.com\/wp-content\/uploads\/2023\/12\/main-11-300x300-1.png",300,300,false],"thumbnail":["https:\/\/www.apgmachine.com\/wp-content\/uploads\/2023\/12\/main-11-300x300-1-150x150.png",150,150,true],"medium":["https:\/\/www.apgmachine.com\/wp-content\/uploads\/2023\/12\/main-11-300x300-1.png",300,300,false],"medium_large":["https:\/\/www.apgmachine.com\/wp-content\/uploads\/2023\/12\/main-11-300x300-1.png",300,300,false],"large":["https:\/\/www.apgmachine.com\/wp-content\/uploads\/2023\/12\/main-11-300x300-1.png",300,300,false],"1536x1536":["https:\/\/www.apgmachine.com\/wp-content\/uploads\/2023\/12\/main-11-300x300-1.png",300,300,false],"2048x2048":["https:\/\/www.apgmachine.com\/wp-content\/uploads\/2023\/12\/main-11-300x300-1.png",300,300,false],"trp-custom-language-flag":["https:\/\/www.apgmachine.com\/wp-content\/uploads\/2023\/12\/main-11-300x300-1.png",12,12,false],"woocommerce_archive_thumbnail":["https:\/\/www.apgmachine.com\/wp-content\/uploads\/2023\/12\/main-11-300x300-1.png",300,300,false],"woocommerce_thumbnail":["https:\/\/www.apgmachine.com\/wp-content\/uploads\/2023\/12\/main-11-300x300-1.png",300,300,false],"woocommerce_single":["https:\/\/www.apgmachine.com\/wp-content\/uploads\/2023\/12\/main-11-300x300-1.png",300,300,false],"woocommerce_gallery_thumbnail":["https:\/\/www.apgmachine.com\/wp-content\/uploads\/2023\/12\/main-11-300x300-1-100x100.png",100,100,true]},"uagb_author_info":{"display_name":"admin","author_link":"https:\/\/www.apgmachine.com\/es\/author\/"},"uagb_comment_info":0,"uagb_excerpt":"Short Description:","_links":{"self":[{"href":"https:\/\/www.apgmachine.com\/es\/wp-json\/wp\/v2\/product\/895","targetHints":{"allow":["GET"]}}],"collection":[{"href":"https:\/\/www.apgmachine.com\/es\/wp-json\/wp\/v2\/product"}],"about":[{"href":"https:\/\/www.apgmachine.com\/es\/wp-json\/wp\/v2\/types\/product"}],"wp:featuredmedia":[{"embeddable":true,"href":"https:\/\/www.apgmachine.com\/es\/wp-json\/wp\/v2\/media\/856"}],"wp:attachment":[{"href":"https:\/\/www.apgmachine.com\/es\/wp-json\/wp\/v2\/media?parent=895"}],"wp:term":[{"taxonomy":"product_cat","embeddable":true,"href":"https:\/\/www.apgmachine.com\/es\/wp-json\/wp\/v2\/product_cat?post=895"},{"taxonomy":"product_tag","embeddable":true,"href":"https:\/\/www.apgmachine.com\/es\/wp-json\/wp\/v2\/product_tag?post=895"}],"curies":[{"name":"wp","href":"https:\/\/api.w.org\/{rel}","templated":true}]}}