{"id":894,"date":"2023-12-04T04:00:15","date_gmt":"2023-12-03T20:00:15","guid":{"rendered":"http:\/\/wp.cd3.gzoat.com\/?post_type=product&#038;p=894"},"modified":"2024-01-15T17:31:05","modified_gmt":"2024-01-15T09:31:05","slug":"nylon-mesh-application","status":"publish","type":"product","link":"https:\/\/www.apgmachine.com\/es\/producto\/aplicacion-de-malla-de-nylon\/","title":{"rendered":"Malla de nailon Aplicaci\u00f3n"},"content":{"rendered":"<div class=\"fl-row fl-row-full-width fl-row-bg-none fl-node-6212ffef3b29c\" data-node=\"6212ffef3b29c\">\n<div class=\"fl-row-content-wrap\">\n<div class=\"fl-row-content fl-row-full-width fl-node-content\">\n<div class=\"fl-col-group fl-node-6212ffef3c50e\" data-node=\"6212ffef3c50e\">\n<div class=\"fl-col fl-node-6212ffef3c740\" data-node=\"6212ffef3c740\">\n<div class=\"fl-col-content fl-node-content\">\n<div class=\"fl-module fl-module-rich-text fl-node-6212ffef3b09d\" data-node=\"6212ffef3b09d\" data-animation-delay=\"0.0\">\n<div class=\"fl-module-content fl-node-content\">\n<div class=\"fl-rich-text\">\n<div class=\"content_box\">\n<h2>Aplicaci\u00f3n<\/h2>\n<\/div>\n<p>Como todos sabemos, debe haber un peque\u00f1o entrehierro entre las piezas aislantes y la placa de montaje en la aparamenta de media tensi\u00f3n, y la intensidad de campo de este peque\u00f1o entrehierro superar\u00e1 con creces la intensidad de campo de ruptura del aire, produci\u00e9ndose un fen\u00f3meno de descarga en el peque\u00f1o entrehierro. Las part\u00edculas cargadas se desbordan del entrehierro y distorsionan el campo el\u00e9ctrico original despu\u00e9s de alcanzar la interfaz, reduciendo as\u00ed la tensi\u00f3n de inflamaci\u00f3n y la fiabilidad de las piezas aislantes. Por lo tanto, debe eliminarse la existencia de este peque\u00f1o entrehierro. En los productos de alta tensi\u00f3n, el anillo de apantallamiento se funde y encapsula en las piezas aislantes correspondientes, como los pasamuros y las cajas de contacto. Al mismo tiempo, la alta tensi\u00f3n o la tierra se conectan al anillo de apantallamiento respectivamente, y la alta tensi\u00f3n o la tierra se introducen en las piezas de epoxi, lo que puede eliminar eficazmente el peque\u00f1o espacio de aire entre el epoxi y su placa de instalaci\u00f3n, lograr el prop\u00f3sito de un campo el\u00e9ctrico uniforme y mejorar la resistencia del aislamiento y la vida \u00fatil del producto.<\/p>\n<\/div>\n<\/div>\n<\/div>\n<\/div>\n<\/div>\n<\/div>\n<\/div>\n<\/div>\n<\/div>\n<div class=\"fl-row fl-row-full-width fl-row-bg-none fl-node-6213000c49c7b\" data-node=\"6213000c49c7b\">\n<div class=\"fl-row-content-wrap\">\n<div class=\"fl-row-content fl-row-full-width fl-node-content\">\n<div class=\"fl-col-group fl-node-6213000c4a053\" data-node=\"6213000c4a053\">\n<div class=\"fl-col fl-node-6213000c4a09d\" data-node=\"6213000c4a09d\">\n<div class=\"fl-col-content fl-node-content\">\n<div class=\"fl-module fl-module-rich-text fl-node-6213000c4a0e0\" data-node=\"6213000c4a0e0\" data-animation-delay=\"0.0\">\n<div class=\"fl-module-content fl-node-content\">\n<div class=\"fl-rich-text\">\n<div class=\"content_box\">\n<h2>Serie de anillos igualadores de presi\u00f3n<\/h2>\n<\/div>\n<\/div>\n<\/div>\n<\/div>\n<\/div>\n<\/div>\n<\/div>\n<div class=\"fl-col-group fl-node-6213002a61fec\" data-node=\"6213002a61fec\">\n<div class=\"fl-col fl-node-6213002a6221e fl-col-small\" data-node=\"6213002a6221e\">\n<div class=\"fl-col-content fl-node-content\">\n<div class=\"fl-module fl-module-photo fl-node-62130040864ab\" data-node=\"62130040864ab\" data-animation-delay=\"0.0\">\n<div class=\"fl-module-content fl-node-content\">\n<div class=\"fl-photo fl-photo-align-center\">\n<div class=\"fl-photo-content fl-photo-img-png\"><img decoding=\"async\" class=\"fl-photo-img wp-image-4299\" src=\"https:\/\/www.apgmachine.com\/uploads\/Pressure-equalizing-ring-series-11.png\" alt=\"Serie de anillos de compensaci\u00f3n de presi\u00f3n (1)\" \/><img decoding=\"async\" class=\"fl-photo-img wp-image-4300\" src=\"https:\/\/www.apgmachine.com\/uploads\/Pressure-equalizing-ring-series-21.png\" alt=\"Serie de anillos de compensaci\u00f3n de presi\u00f3n (2)\" \/><\/div>\n<\/div>\n<\/div>\n<\/div>\n<\/div>\n<\/div>\n<\/div>\n<div class=\"fl-col-group fl-node-6213002f65a29\" data-node=\"6213002f65a29\">\n<div class=\"fl-col fl-node-6213002f65ca7 fl-col-small\" data-node=\"6213002f65ca7\">\n<div class=\"fl-col-content fl-node-content\">\n<div class=\"fl-module fl-module-photo fl-node-6213004d29f19\" data-node=\"6213004d29f19\" data-animation-delay=\"0.0\">\n<div class=\"fl-module-content fl-node-content\">\n<div class=\"fl-photo fl-photo-align-center\">\n<div class=\"fl-photo-content fl-photo-img-png\"><img decoding=\"async\" class=\"fl-photo-img wp-image-4301\" src=\"https:\/\/www.apgmachine.com\/uploads\/Pressure-equalizing-ring-series-31.png\" alt=\"Serie de anillos de compensaci\u00f3n de presi\u00f3n (3)\" \/><img decoding=\"async\" class=\"fl-photo-img wp-image-4302\" src=\"https:\/\/www.apgmachine.com\/uploads\/Pressure-equalizing-ring-series-41.png\" alt=\"Serie de anillos de compensaci\u00f3n de presi\u00f3n (4)\" \/><\/div>\n<\/div>\n<\/div>\n<\/div>\n<\/div>\n<\/div>\n<div class=\"fl-col fl-node-6213002f65d2b fl-col-small\" data-node=\"6213002f65d2b\">\n<div class=\"fl-col-content fl-node-content\">\n<div class=\"fl-module fl-module-photo fl-node-6213004e56901\" data-node=\"6213004e56901\" data-animation-delay=\"0.0\">\n<div class=\"fl-module-content fl-node-content\">\n<div class=\"fl-photo fl-photo-align-center\">\n<div class=\"fl-photo-content fl-photo-img-png\"><img decoding=\"async\" class=\"fl-photo-img wp-image-4303\" src=\"https:\/\/www.apgmachine.com\/uploads\/Pressure-equalizing-ring-series-51.png\" alt=\"Serie de anillos de compensaci\u00f3n de presi\u00f3n (5)\" \/><img loading=\"lazy\" decoding=\"async\" class=\"alignnone wp-image-963\" src=\"https:\/\/www.apgmachine.com\/wp-content\/uploads\/2023\/12\/main-2-300x300.png\" alt=\"\" width=\"431\" height=\"431\" srcset=\"https:\/\/www.apgmachine.com\/wp-content\/uploads\/2023\/12\/main-2-300x300.png 300w, https:\/\/www.apgmachine.com\/wp-content\/uploads\/2023\/12\/main-2-150x150.png 150w, https:\/\/www.apgmachine.com\/wp-content\/uploads\/2023\/12\/main-2-100x100.png 100w, https:\/\/www.apgmachine.com\/wp-content\/uploads\/2023\/12\/main-2.png 400w\" sizes=\"auto, (max-width: 431px) 100vw, 431px\" \/><\/div>\n<\/div>\n<\/div>\n<\/div>\n<\/div>\n<\/div>\n<\/div>\n<\/div>\n<\/div>\n<\/div>\n<div class=\"fl-row fl-row-full-width fl-row-bg-none fl-node-621300765f88a\" data-node=\"621300765f88a\">\n<div class=\"fl-row-content-wrap\">\n<div class=\"fl-row-content fl-row-full-width fl-node-content\">\n<div class=\"fl-col-group fl-node-621300766237e\" data-node=\"621300766237e\">\n<div class=\"fl-col fl-node-621300766255b\" data-node=\"621300766255b\">\n<div class=\"fl-col-content fl-node-content\">\n<div class=\"fl-module fl-module-rich-text fl-node-6213006c0ce7f\" data-node=\"6213006c0ce7f\" data-animation-delay=\"0.0\">\n<div class=\"fl-module-content fl-node-content\">\n<div class=\"fl-rich-text\">\n<div class=\"content_box\">\n<h2>Caracter\u00edsticas del anillo igualador de presi\u00f3n<\/h2>\n<\/div>\n<p>El hilo de malla conductora de apantallamiento electromagn\u00e9tico est\u00e1 hecho de capas de pel\u00edcula de n\u00edquel, cobre y n\u00edquel sobre el material de base de malla flexible PET mediante el proceso de recubrimiento por pulverizaci\u00f3n cat\u00f3dica de magnetr\u00f3n al vac\u00edo y el proceso de recubrimiento compuesto para hacer malla de n\u00edquel, y tambi\u00e9n se puede componer con metal ferroso. Forma una malla flexible de alambre de acero inoxidable negro. La malla de apantallamiento electromagn\u00e9tico tiene buena conductividad el\u00e9ctrica, rendimiento de transmisi\u00f3n de luz, flexibilidad y estabilidad, y es adecuada para la producci\u00f3n de diversos productos de apantallamiento electr\u00f3nico. Malla de blindaje electromagn\u00e9tico malla conductora uso del producto: Marco de TV de plasma PDP. Materiales de blindaje EMI para el panel frontal PDP Varias ventanas de visualizaci\u00f3n de blindaje EMI, materiales de blindaje EMI, filtros \u00f3pticos, redes de blindaje EMI.<\/p>\n<p>Seg\u00fan los diferentes materiales, las redes de blindaje incluyen redes de blindaje de cobre, redes de blindaje de n\u00edquel, redes de blindaje de aluminio, redes de blindaje de acero inoxidable, etc.<\/p>\n<p>Dependiendo del proceso, la malla de apantallamiento incluye malla de apantallamiento trenzada con orificios cuadrados, malla de apantallamiento estirada con orificios en forma de diamante y malla de apantallamiento punzonada.<\/p>\n<p>1. Especificaciones b\u00e1sicas de la red de apantallamiento trenzada:<\/p>\n<p>Malla: 20-200 mallas<\/p>\n<p>Di\u00e1metro del alambre: 0,05-0,2 mm<\/p>\n<p>Apertura: 0,07-2 mm<\/p>\n<p>Anchura de red: 1 m, 1,2 m, 1,5 m, 1,8 m, 2 m.<\/p>\n<p>Longitud de la red: 30 metros, 50 metros, 100 metros.<\/p>\n<p>Se pueden personalizar especificaciones especiales.<\/p>\n<p>2. Especificaciones b\u00e1sicas de la red de apantallamiento por estiramiento:<\/p>\n<p>Grosor de la malla: 0,1-5 mm<\/p>\n<p>Malla de diamante: 0.3X0.6mm, 0.5X1mm, 0.6X1.2mm, 0.8X1.6mm, 1X2mm, 1.25X2.5mm, 1.5X2mm, 2X2.5mm, 1.5X3mm, 2X3mm, 2X4mm, 3X6mm, 4X8mm, 5X10mm, 6X12mm , 8X16mm, 10X20mm, 15X30mm, 20X40mm, 30X60mm y otras especificaciones.<\/p>\n<p>Aplicaci\u00f3n de la red de apantallamiento: Se utiliza principalmente para la protecci\u00f3n contra las radiaciones en circuitos de cables especiales, laboratorios, salas de ordenadores y otras instalaciones especiales. Prevenci\u00f3n de interferencias electromagn\u00e9ticas de equipos electr\u00f3nicos, sector energ\u00e9tico, aeroespacial, industria de la informaci\u00f3n, instalaciones militares, etc.<\/p>\n<\/div>\n<\/div>\n<\/div>\n<\/div>\n<\/div>\n<\/div>\n<\/div>\n<\/div>\n<\/div>","protected":false},"excerpt":{"rendered":"<h3>Breve descripci\u00f3n:<\/h3>\n<div>\n<p><strong>Aplicaci\u00f3n:<\/strong>Como todos sabemos, debe haber un peque\u00f1o entrehierro entre las piezas aislantes y la placa de montaje en la aparamenta de media tensi\u00f3n, y la intensidad de campo de este peque\u00f1o entrehierro superar\u00e1 con creces la intensidad de campo de ruptura del aire, produci\u00e9ndose un fen\u00f3meno de descarga en el peque\u00f1o entrehierro. Las part\u00edculas cargadas se desbordan del entrehierro y distorsionan el campo el\u00e9ctrico original despu\u00e9s de alcanzar la interfaz, reduciendo as\u00ed la tensi\u00f3n de inflamaci\u00f3n y la fiabilidad de las piezas aislantes. Por lo tanto, debe eliminarse la existencia de este peque\u00f1o entrehierro. En los productos de alta tensi\u00f3n, el anillo de apantallamiento se funde y encapsula en las piezas aislantes correspondientes, como los pasamuros y las cajas de contacto. Al mismo tiempo, la alta tensi\u00f3n o la tierra se conectan al anillo de apantallamiento respectivamente, y la alta tensi\u00f3n o la tierra se introducen en las piezas de epoxi, lo que puede eliminar eficazmente el peque\u00f1o espacio de aire entre el epoxi y su placa de instalaci\u00f3n, lograr el prop\u00f3sito de un campo el\u00e9ctrico uniforme y mejorar la resistencia del aislamiento y la vida \u00fatil del producto.<\/p>\n<\/div>","protected":false},"featured_media":962,"template":"","meta":{"_uag_custom_page_level_css":""},"product_cat":[36],"product_tag":[],"class_list":{"0":"post-894","1":"product","2":"type-product","3":"status-publish","4":"has-post-thumbnail","6":"product_cat-meshinsulation-rod","8":"first","9":"instock","10":"shipping-taxable","11":"product-type-simple"},"featured_image_urls":{"full":["https:\/\/www.apgmachine.com\/wp-content\/uploads\/2023\/12\/main-1.png",400,400,false],"thumbnail":["https:\/\/www.apgmachine.com\/wp-content\/uploads\/2023\/12\/main-1-150x150.png",150,150,true],"medium":["https:\/\/www.apgmachine.com\/wp-content\/uploads\/2023\/12\/main-1-300x300.png",300,300,true],"medium_large":["https:\/\/www.apgmachine.com\/wp-content\/uploads\/2023\/12\/main-1.png",400,400,false],"large":["https:\/\/www.apgmachine.com\/wp-content\/uploads\/2023\/12\/main-1.png",400,400,false],"1536x1536":["https:\/\/www.apgmachine.com\/wp-content\/uploads\/2023\/12\/main-1.png",400,400,false],"2048x2048":["https:\/\/www.apgmachine.com\/wp-content\/uploads\/2023\/12\/main-1.png",400,400,false],"trp-custom-language-flag":["https:\/\/www.apgmachine.com\/wp-content\/uploads\/2023\/12\/main-1.png",12,12,false],"woocommerce_archive_thumbnail":["https:\/\/www.apgmachine.com\/wp-content\/uploads\/2023\/12\/main-1.png",400,400,false],"woocommerce_thumbnail":["https:\/\/www.apgmachine.com\/wp-content\/uploads\/2023\/12\/main-1-300x300.png",300,300,true],"woocommerce_single":["https:\/\/www.apgmachine.com\/wp-content\/uploads\/2023\/12\/main-1.png",400,400,false],"woocommerce_gallery_thumbnail":["https:\/\/www.apgmachine.com\/wp-content\/uploads\/2023\/12\/main-1-100x100.png",100,100,true]},"post_excerpt_stackable":"<h3>Short Description:<\/h3>\n<div>\n<p><strong>Application:<\/strong>As we all know, there must be a tiny air gap between the insulating parts and the mounting plate in the medium voltage switchgear, and the field strength of this small air gap will far exceed the breakdown field strength of the air, and a discharge phenomenon will occur in the small air gap. The charged particles overflow from the air gap and distort the original electric field after reaching the interface, thereby reducing the flashover voltage and reducing the reliability of the insulating parts. Therefore, the existence of this small air gap must be eliminated. In high-voltage products, the shielding ring is cast and encapsulated in the matching insulating parts such as wall bushings and contact boxes. At the same time, the high-voltage or ground is connected to the shielding ring respectively, and the high-voltage or ground is introduced into the epoxy parts, which can effectively It can effectively eliminate the small air gap between the epoxy and its installation board, achieve the purpose of uniform electric field, and improve the insulation strength and life of the product.<\/p>\n<\/div>\n","category_list":"","author_info":{"name":"","url":""},"comments_num":"0 comentarios","jetpack_sharing_enabled":true,"uagb_featured_image_src":{"full":["https:\/\/www.apgmachine.com\/wp-content\/uploads\/2023\/12\/main-1.png",400,400,false],"thumbnail":["https:\/\/www.apgmachine.com\/wp-content\/uploads\/2023\/12\/main-1-150x150.png",150,150,true],"medium":["https:\/\/www.apgmachine.com\/wp-content\/uploads\/2023\/12\/main-1-300x300.png",300,300,true],"medium_large":["https:\/\/www.apgmachine.com\/wp-content\/uploads\/2023\/12\/main-1.png",400,400,false],"large":["https:\/\/www.apgmachine.com\/wp-content\/uploads\/2023\/12\/main-1.png",400,400,false],"1536x1536":["https:\/\/www.apgmachine.com\/wp-content\/uploads\/2023\/12\/main-1.png",400,400,false],"2048x2048":["https:\/\/www.apgmachine.com\/wp-content\/uploads\/2023\/12\/main-1.png",400,400,false],"trp-custom-language-flag":["https:\/\/www.apgmachine.com\/wp-content\/uploads\/2023\/12\/main-1.png",12,12,false],"woocommerce_archive_thumbnail":["https:\/\/www.apgmachine.com\/wp-content\/uploads\/2023\/12\/main-1.png",400,400,false],"woocommerce_thumbnail":["https:\/\/www.apgmachine.com\/wp-content\/uploads\/2023\/12\/main-1-300x300.png",300,300,true],"woocommerce_single":["https:\/\/www.apgmachine.com\/wp-content\/uploads\/2023\/12\/main-1.png",400,400,false],"woocommerce_gallery_thumbnail":["https:\/\/www.apgmachine.com\/wp-content\/uploads\/2023\/12\/main-1-100x100.png",100,100,true]},"uagb_author_info":{"display_name":"admin","author_link":"https:\/\/www.apgmachine.com\/es\/author\/"},"uagb_comment_info":0,"uagb_excerpt":"Short Description: Application:As we all know, there must be a tiny air gap between the insulating parts and the mounting plate in the medium voltage switchgear, and the field strength of this small air gap will far exceed the breakdown field strength of the air, and a discharge phenomenon will occur in the small air&hellip;","_links":{"self":[{"href":"https:\/\/www.apgmachine.com\/es\/wp-json\/wp\/v2\/product\/894","targetHints":{"allow":["GET"]}}],"collection":[{"href":"https:\/\/www.apgmachine.com\/es\/wp-json\/wp\/v2\/product"}],"about":[{"href":"https:\/\/www.apgmachine.com\/es\/wp-json\/wp\/v2\/types\/product"}],"wp:featuredmedia":[{"embeddable":true,"href":"https:\/\/www.apgmachine.com\/es\/wp-json\/wp\/v2\/media\/962"}],"wp:attachment":[{"href":"https:\/\/www.apgmachine.com\/es\/wp-json\/wp\/v2\/media?parent=894"}],"wp:term":[{"taxonomy":"product_cat","embeddable":true,"href":"https:\/\/www.apgmachine.com\/es\/wp-json\/wp\/v2\/product_cat?post=894"},{"taxonomy":"product_tag","embeddable":true,"href":"https:\/\/www.apgmachine.com\/es\/wp-json\/wp\/v2\/product_tag?post=894"}],"curies":[{"name":"wp","href":"https:\/\/api.w.org\/{rel}","templated":true}]}}