{"id":888,"date":"2023-12-04T03:54:22","date_gmt":"2023-12-03T19:54:22","guid":{"rendered":"http:\/\/wp.cd3.gzoat.com\/?post_type=product&#038;p=888"},"modified":"2023-12-04T04:47:07","modified_gmt":"2023-12-03T20:47:07","slug":"embedded-pole-product","status":"publish","type":"product","link":"https:\/\/www.apgmachine.com\/es\/producto\/producto-de-poste-empotrado\/","title":{"rendered":"Poste empotrado"},"content":{"rendered":"<div class=\"content_box\">\n<h2>Poste empotrado<\/h2>\n<\/div>\n<p><img decoding=\"async\" class=\"alignnone size-full wp-image-1572 aligncenter\" src=\"https:\/\/cdn.globalso.com\/apgmachine\/singliemg3.png\" alt=\"singliemg\" \/><\/p>\n<div class=\"content_box\">\n<h2>Fundido por proceso de m\u00e1quina Apg:<\/h2>\n<\/div>\n<p><img decoding=\"async\" class=\"alignnone size-full wp-image-1573 aligncenter\" src=\"https:\/\/cdn.globalso.com\/apgmachine\/Embedded-pole.jpg\" alt=\"Poste empotrado\" \/><\/p>\n<p>VS1 disyuntor de vac\u00edo de interior (VCB) fabricado tiene especificaciones completas, con corriente nominal hasta 3150A, corriente nominal de ruptura de cortocircuito ip a 50kA. Es el mecanismo de funcionamiento de resorte modular, que tiene las caracter\u00edsticas de mantenimiento conveniente, r\u00e1pida sustituci\u00f3n de piezas y un rendimiento fiable.<\/p>\n<p>Mediante el avanzado proceso APG, tanto el interruptor en vac\u00edo como el circuito primario adoptan los polos s\u00f3lidos sellados fundidos en el cilindro aislante mediante resina epoxi. Esta estructura hace que el circuito el\u00e9ctrico primario quede aislado del entorno exterior. En comparaci\u00f3n con los cilindros aislantes ensamblados, se reducen en gran medida los accesorios, las uniones de conductores y las fijaciones de los polos empotrados. En comparaci\u00f3n con los cilindros aislados ensamblados, se reducen en gran medida los accesorios, las juntas de los conductores y las fijaciones de los postes empotrados. El montaje es sencillo, lo que evita el aflojamiento de las fijaciones causado por las vibraciones durante el transporte y mejora la fiabilidad de los productos.<\/p>\n<p>Adem\u00e1s, la resistencia del interruptor de vac\u00edo es muy baja. Todo esto reduce el consumo de energ\u00eda y el aumento de temperatura del VCB durante el funcionamiento a largo plazo.los fuelles en el interruptor de vac\u00edo evitar da\u00f1os debido a un contacto excesivo y garantizar la vida mec\u00e1nica del mecanismo de funcionamiento.<\/p>\n<div class=\"content_box\">\n<h2>Aplicaci\u00f3n:<\/h2>\n<\/div>\n<p>El interruptor de carga es un tipo de dispositivo de conmutaci\u00f3n entre el disyuntor y el interruptor seccionador. Dispone de un sencillo dispositivo de extinci\u00f3n de arcos que puede cortar la corriente de carga nominal y una determinada corriente de sobrecarga.<\/p>\n<div class=\"content_box\">\n<h2>Detalles del producto:<\/h2>\n<\/div>\n<p>El interruptor de carga se utiliza principalmente para interrumpir y cerrar la corriente de carga. El interruptor de carga tambi\u00e9n puede utilizarse junto con un fusible de alta tensi\u00f3n en lugar de un disyuntor. Debido a que el interruptor de carga es conveniente y razonable de usar, el interruptor de carga se utiliza en el sistema de red de distribuci\u00f3n de 10kV. La selecci\u00f3n razonable de interruptores de carga en el dise\u00f1o es de gran importancia para garantizar el funcionamiento seguro y fiable de la red el\u00e9ctrica.<\/p>\n<p><img decoding=\"async\" class=\"alignnone size-full wp-image-1574 aligncenter\" src=\"https:\/\/cdn.globalso.com\/apgmachine\/Embedded-pole.png\" alt=\"Poste empotrado\" \/><\/p>\n<p>&nbsp;<\/p>","protected":false},"excerpt":{"rendered":"<p>No s\u00f3lo suministramos m\u00e1quinas y moldes APG, sino que tambi\u00e9n fundimos productos de resina epoxi para los clientes.<\/p>","protected":false},"featured_media":790,"template":"","meta":{"_uag_custom_page_level_css":""},"product_cat":[35],"product_tag":[],"class_list":{"0":"post-888","1":"product","2":"type-product","3":"status-publish","4":"has-post-thumbnail","6":"product_cat-epoxy-resin-products","8":"first","9":"instock","10":"shipping-taxable","11":"product-type-simple"},"featured_image_urls":{"full":["https:\/\/www.apgmachine.com\/wp-content\/uploads\/2023\/12\/Embedded-pole-1.jpg",918,918,false],"thumbnail":["https:\/\/www.apgmachine.com\/wp-content\/uploads\/2023\/12\/Embedded-pole-1-150x150.jpg",150,150,true],"medium":["https:\/\/www.apgmachine.com\/wp-content\/uploads\/2023\/12\/Embedded-pole-1-300x300.jpg",300,300,true],"medium_large":["https:\/\/www.apgmachine.com\/wp-content\/uploads\/2023\/12\/Embedded-pole-1-768x768.jpg",768,768,true],"large":["https:\/\/www.apgmachine.com\/wp-content\/uploads\/2023\/12\/Embedded-pole-1.jpg",918,918,false],"1536x1536":["https:\/\/www.apgmachine.com\/wp-content\/uploads\/2023\/12\/Embedded-pole-1.jpg",918,918,false],"2048x2048":["https:\/\/www.apgmachine.com\/wp-content\/uploads\/2023\/12\/Embedded-pole-1.jpg",918,918,false],"trp-custom-language-flag":["https:\/\/www.apgmachine.com\/wp-content\/uploads\/2023\/12\/Embedded-pole-1.jpg",12,12,false],"woocommerce_archive_thumbnail":["https:\/\/www.apgmachine.com\/wp-content\/uploads\/2023\/12\/Embedded-pole-1-500x500.jpg",500,500,true],"woocommerce_thumbnail":["https:\/\/www.apgmachine.com\/wp-content\/uploads\/2023\/12\/Embedded-pole-1-300x300.jpg",300,300,true],"woocommerce_single":["https:\/\/www.apgmachine.com\/wp-content\/uploads\/2023\/12\/Embedded-pole-1-600x600.jpg",600,600,true],"woocommerce_gallery_thumbnail":["https:\/\/www.apgmachine.com\/wp-content\/uploads\/2023\/12\/Embedded-pole-1-100x100.jpg",100,100,true]},"post_excerpt_stackable":"<p>We not only supply APG machine and molds,but also cast epoxy resin products for clients.<\/p>\n","category_list":"","author_info":{"name":"","url":""},"comments_num":"0 comentarios","jetpack_sharing_enabled":true,"uagb_featured_image_src":{"full":["https:\/\/www.apgmachine.com\/wp-content\/uploads\/2023\/12\/Embedded-pole-1.jpg",918,918,false],"thumbnail":["https:\/\/www.apgmachine.com\/wp-content\/uploads\/2023\/12\/Embedded-pole-1-150x150.jpg",150,150,true],"medium":["https:\/\/www.apgmachine.com\/wp-content\/uploads\/2023\/12\/Embedded-pole-1-300x300.jpg",300,300,true],"medium_large":["https:\/\/www.apgmachine.com\/wp-content\/uploads\/2023\/12\/Embedded-pole-1-768x768.jpg",768,768,true],"large":["https:\/\/www.apgmachine.com\/wp-content\/uploads\/2023\/12\/Embedded-pole-1.jpg",918,918,false],"1536x1536":["https:\/\/www.apgmachine.com\/wp-content\/uploads\/2023\/12\/Embedded-pole-1.jpg",918,918,false],"2048x2048":["https:\/\/www.apgmachine.com\/wp-content\/uploads\/2023\/12\/Embedded-pole-1.jpg",918,918,false],"trp-custom-language-flag":["https:\/\/www.apgmachine.com\/wp-content\/uploads\/2023\/12\/Embedded-pole-1.jpg",12,12,false],"woocommerce_archive_thumbnail":["https:\/\/www.apgmachine.com\/wp-content\/uploads\/2023\/12\/Embedded-pole-1-500x500.jpg",500,500,true],"woocommerce_thumbnail":["https:\/\/www.apgmachine.com\/wp-content\/uploads\/2023\/12\/Embedded-pole-1-300x300.jpg",300,300,true],"woocommerce_single":["https:\/\/www.apgmachine.com\/wp-content\/uploads\/2023\/12\/Embedded-pole-1-600x600.jpg",600,600,true],"woocommerce_gallery_thumbnail":["https:\/\/www.apgmachine.com\/wp-content\/uploads\/2023\/12\/Embedded-pole-1-100x100.jpg",100,100,true]},"uagb_author_info":{"display_name":"admin","author_link":"https:\/\/www.apgmachine.com\/es\/author\/"},"uagb_comment_info":0,"uagb_excerpt":"We not only supply APG machine and molds,but also cast epoxy resin products for clients.","_links":{"self":[{"href":"https:\/\/www.apgmachine.com\/es\/wp-json\/wp\/v2\/product\/888","targetHints":{"allow":["GET"]}}],"collection":[{"href":"https:\/\/www.apgmachine.com\/es\/wp-json\/wp\/v2\/product"}],"about":[{"href":"https:\/\/www.apgmachine.com\/es\/wp-json\/wp\/v2\/types\/product"}],"wp:featuredmedia":[{"embeddable":true,"href":"https:\/\/www.apgmachine.com\/es\/wp-json\/wp\/v2\/media\/790"}],"wp:attachment":[{"href":"https:\/\/www.apgmachine.com\/es\/wp-json\/wp\/v2\/media?parent=888"}],"wp:term":[{"taxonomy":"product_cat","embeddable":true,"href":"https:\/\/www.apgmachine.com\/es\/wp-json\/wp\/v2\/product_cat?post=888"},{"taxonomy":"product_tag","embeddable":true,"href":"https:\/\/www.apgmachine.com\/es\/wp-json\/wp\/v2\/product_tag?post=888"}],"curies":[{"name":"wp","href":"https:\/\/api.w.org\/{rel}","templated":true}]}}