{"id":887,"date":"2023-12-04T03:53:18","date_gmt":"2023-12-03T19:53:18","guid":{"rendered":"http:\/\/wp.cd3.gzoat.com\/?post_type=product&#038;p=887"},"modified":"2024-01-11T14:56:21","modified_gmt":"2024-01-11T06:56:21","slug":"indoor-high-voltage-sf6-gas-load-break-switch-lbs","status":"publish","type":"product","link":"https:\/\/www.apgmachine.com\/es\/producto\/interruptor-seccionador-interior-de-alta-tension-sf6-gas-lbs\/","title":{"rendered":"Interruptor-seccionador de gas SF6 de alta tensi\u00f3n para interiores (LBS)"},"content":{"rendered":"<div class=\"content_box\">\n<h2>Interruptor-seccionador de gas SF6 de alta tensi\u00f3n para interiores (LBS)<\/h2>\n<\/div>\n<p><img decoding=\"async\" class=\"alignnone size-full wp-image-1581 aligncenter\" src=\"https:\/\/cdn.globalso.com\/apgmachine\/Indoor-High-Voltage-SF6-Gas-Load-Break-Switch-LBS-removebg-preview.png\" alt=\"Interruptor de corte de gas de alto voltaje para interiores SF6-LBS-removebg-preview\" \/><\/p>\n<div class=\"content_box\">\n<h2>Fundici\u00f3n por m\u00e1quina APG:<\/h2>\n<\/div>\n<p><strong>Descripci\u00f3n del producto<\/strong><br \/>\nInterruptor-seccionador SF6 de alta tensi\u00f3n para interior, ampliamente utilizado en sistemas de distribuci\u00f3n de energ\u00eda el\u00e9ctrica de 11~24kV, con gas SF6 como medio aislante y de extinci\u00f3n de arcos, incluye tres contactores para conexi\u00f3n y desconexi\u00f3n y puesta a tierra, y se caracteriza por su peque\u00f1o volumen, su c\u00f3moda instalaci\u00f3n y funcionamiento y su gran adaptabilidad al entorno.El interruptor-seccionador de carga SF6 de alta tensi\u00f3n para interiores y el interruptor-seccionador de carga SF6 m\u00e1s la combinaci\u00f3n de fusibles pueden funcionar para proteger y controlar los equipos el\u00e9ctricos para subestaciones de suministro el\u00e9ctrico y transformadores, siendo especialmente adecuados para armarios de red en anillo, armarios de derivaci\u00f3n de cables y subestaciones de conmutaci\u00f3n de distribuci\u00f3n. El interruptor-seccionador de carga SF6 de alta tensi\u00f3n para interiores y el interruptor-seccionador de carga SF6 m\u00e1s la combinaci\u00f3n de fusibles cumplen las normas IEC60265-1-1998, IEC60420, etc.<\/p>\n<div class=\"content_box\">\n<h2>Entorno de servicio<\/h2>\n<\/div>\n<p>a)Temperatura del aire<br \/>\nTemperatura m\u00e1xima: +40\u2103; Temperatura m\u00ednima:-35\u2103<br \/>\nb)Humedad<br \/>\nHumedad media mensual 95%; Humedad media diaria 90% .<br \/>\nc)Altitud sobre el nivel del mar<br \/>\nAltitud m\u00e1xima de instalaci\u00f3n: 2500 m<br \/>\nd)Aire ambiente no contaminado aparentemente por gases corrosivos e inflamables, vapores, etc.<br \/>\ne)No hay sacudidas violentas frecuentes<\/p>\n<p><img decoding=\"async\" class=\"alignnone size-medium wp-image-1478 aligncenter\" src=\"https:\/\/cdn.globalso.com\/apgmachine\/Indoor-High-Voltage-SF6-Gas-Load-Break-Switch-LBSSINGLEIMG-2.jpg\" alt=\"Interruptor-seccionador de gas SF6 de alta tensi\u00f3n para interiores (LBS)SINGLEIMG (2)\" \/><img decoding=\"async\" class=\"alignnone size-full wp-image-1583 aligncenter\" src=\"https:\/\/cdn.globalso.com\/apgmachine\/Indoor-High-Voltage-SF6-Gas-Load-Break-Switch-LBSSINGLEIMG-1-removebg-preview.png\" alt=\"Interruptor de corte de gas de alta tensi\u00f3n para interiores SF6-LBSSINGLEIMG-1-removebg-preview\" \/><\/p>\n<h2><span style=\"color: #e73034;\">V\u00eddeo de la m\u00e1quina APG<\/span><\/h2>\n<p><iframe loading=\"lazy\" title=\"Fabricaci\u00f3n de interruptores-seccionadores SF6 mediante m\u00e1quina de prensado APG\" width=\"1290\" height=\"726\" src=\"https:\/\/www.youtube.com\/embed\/fIsmHmfFLCI?start=11&#038;feature=oembed\" frameborder=\"0\" allow=\"accelerometer; autoplay; clipboard-write; encrypted-media; gyroscope; picture-in-picture; web-share\" allowfullscreen><\/iframe><\/p>\n<div class=\"content_box\">\n<h2>Aplicaci\u00f3n:<\/h2>\n<\/div>\n<p>Interruptor de carga de alta tensi\u00f3n para interiores de 10 kv Interruptor de carga de hexafluorosulfuro FLN36-12\/630A Interruptor de carga de SF6<\/p>\n<p>El interruptor de carga es un tipo de dispositivo de conmutaci\u00f3n entre el disyuntor y el interruptor seccionador. Dispone de un sencillo dispositivo de extinci\u00f3n de arcos que puede cortar la corriente de carga nominal y una determinada corriente de sobrecarga.<\/p>\n<div class=\"content_box\">\n<h2>Detalles del producto:<\/h2>\n<\/div>\n<p>El interruptor de carga se utiliza principalmente para interrumpir y cerrar la corriente de carga. El interruptor de carga tambi\u00e9n puede utilizarse junto con un fusible de alta tensi\u00f3n en lugar de un disyuntor. Debido a que el interruptor de carga es conveniente y razonable de usar, el interruptor de carga se utiliza en el sistema de red de distribuci\u00f3n de 10kV. La selecci\u00f3n razonable de interruptores de carga en el dise\u00f1o es de gran importancia para garantizar el funcionamiento seguro y fiable de la red el\u00e9ctrica.<\/p>\n<p><img decoding=\"async\" class=\"alignnone size-full wp-image-1479 aligncenter\" src=\"https:\/\/cdn.globalso.com\/apgmachine\/SINLIEM4FG5.jpg\" alt=\"SINLIEM4FG5\" \/><\/p>\n<div class=\"clear\"><\/div>\n<p>&nbsp;<\/p>","protected":false},"excerpt":{"rendered":"<p>No s\u00f3lo suministramos m\u00e1quinas y moldes APG, sino que tambi\u00e9n fundimos productos de resina epoxi para los clientes.<\/p>","protected":false},"featured_media":959,"template":"","meta":{"_uag_custom_page_level_css":""},"product_cat":[35],"product_tag":[],"class_list":{"0":"post-887","1":"product","2":"type-product","3":"status-publish","4":"has-post-thumbnail","6":"product_cat-epoxy-resin-products","8":"first","9":"instock","10":"shipping-taxable","11":"product-type-simple"},"featured_image_urls":{"full":["https:\/\/www.apgmachine.com\/wp-content\/uploads\/2023\/12\/Indoor-High-Voltage-SF6-Gas-Load-Break-Switch-LBS-31.jpg",918,918,false],"thumbnail":["https:\/\/www.apgmachine.com\/wp-content\/uploads\/2023\/12\/Indoor-High-Voltage-SF6-Gas-Load-Break-Switch-LBS-31-150x150.jpg",150,150,true],"medium":["https:\/\/www.apgmachine.com\/wp-content\/uploads\/2023\/12\/Indoor-High-Voltage-SF6-Gas-Load-Break-Switch-LBS-31-300x300.jpg",300,300,true],"medium_large":["https:\/\/www.apgmachine.com\/wp-content\/uploads\/2023\/12\/Indoor-High-Voltage-SF6-Gas-Load-Break-Switch-LBS-31-768x768.jpg",768,768,true],"large":["https:\/\/www.apgmachine.com\/wp-content\/uploads\/2023\/12\/Indoor-High-Voltage-SF6-Gas-Load-Break-Switch-LBS-31.jpg",918,918,false],"1536x1536":["https:\/\/www.apgmachine.com\/wp-content\/uploads\/2023\/12\/Indoor-High-Voltage-SF6-Gas-Load-Break-Switch-LBS-31.jpg",918,918,false],"2048x2048":["https:\/\/www.apgmachine.com\/wp-content\/uploads\/2023\/12\/Indoor-High-Voltage-SF6-Gas-Load-Break-Switch-LBS-31.jpg",918,918,false],"trp-custom-language-flag":["https:\/\/www.apgmachine.com\/wp-content\/uploads\/2023\/12\/Indoor-High-Voltage-SF6-Gas-Load-Break-Switch-LBS-31.jpg",12,12,false],"woocommerce_archive_thumbnail":["https:\/\/www.apgmachine.com\/wp-content\/uploads\/2023\/12\/Indoor-High-Voltage-SF6-Gas-Load-Break-Switch-LBS-31-500x500.jpg",500,500,true],"woocommerce_thumbnail":["https:\/\/www.apgmachine.com\/wp-content\/uploads\/2023\/12\/Indoor-High-Voltage-SF6-Gas-Load-Break-Switch-LBS-31-300x300.jpg",300,300,true],"woocommerce_single":["https:\/\/www.apgmachine.com\/wp-content\/uploads\/2023\/12\/Indoor-High-Voltage-SF6-Gas-Load-Break-Switch-LBS-31-600x600.jpg",600,600,true],"woocommerce_gallery_thumbnail":["https:\/\/www.apgmachine.com\/wp-content\/uploads\/2023\/12\/Indoor-High-Voltage-SF6-Gas-Load-Break-Switch-LBS-31-100x100.jpg",100,100,true]},"post_excerpt_stackable":"<p>We not only supply APG machine and molds,but also cast epoxy resin products for clients.<\/p>\n","category_list":"","author_info":{"name":"","url":""},"comments_num":"0 comentarios","jetpack_sharing_enabled":true,"uagb_featured_image_src":{"full":["https:\/\/www.apgmachine.com\/wp-content\/uploads\/2023\/12\/Indoor-High-Voltage-SF6-Gas-Load-Break-Switch-LBS-31.jpg",918,918,false],"thumbnail":["https:\/\/www.apgmachine.com\/wp-content\/uploads\/2023\/12\/Indoor-High-Voltage-SF6-Gas-Load-Break-Switch-LBS-31-150x150.jpg",150,150,true],"medium":["https:\/\/www.apgmachine.com\/wp-content\/uploads\/2023\/12\/Indoor-High-Voltage-SF6-Gas-Load-Break-Switch-LBS-31-300x300.jpg",300,300,true],"medium_large":["https:\/\/www.apgmachine.com\/wp-content\/uploads\/2023\/12\/Indoor-High-Voltage-SF6-Gas-Load-Break-Switch-LBS-31-768x768.jpg",768,768,true],"large":["https:\/\/www.apgmachine.com\/wp-content\/uploads\/2023\/12\/Indoor-High-Voltage-SF6-Gas-Load-Break-Switch-LBS-31.jpg",918,918,false],"1536x1536":["https:\/\/www.apgmachine.com\/wp-content\/uploads\/2023\/12\/Indoor-High-Voltage-SF6-Gas-Load-Break-Switch-LBS-31.jpg",918,918,false],"2048x2048":["https:\/\/www.apgmachine.com\/wp-content\/uploads\/2023\/12\/Indoor-High-Voltage-SF6-Gas-Load-Break-Switch-LBS-31.jpg",918,918,false],"trp-custom-language-flag":["https:\/\/www.apgmachine.com\/wp-content\/uploads\/2023\/12\/Indoor-High-Voltage-SF6-Gas-Load-Break-Switch-LBS-31.jpg",12,12,false],"woocommerce_archive_thumbnail":["https:\/\/www.apgmachine.com\/wp-content\/uploads\/2023\/12\/Indoor-High-Voltage-SF6-Gas-Load-Break-Switch-LBS-31-500x500.jpg",500,500,true],"woocommerce_thumbnail":["https:\/\/www.apgmachine.com\/wp-content\/uploads\/2023\/12\/Indoor-High-Voltage-SF6-Gas-Load-Break-Switch-LBS-31-300x300.jpg",300,300,true],"woocommerce_single":["https:\/\/www.apgmachine.com\/wp-content\/uploads\/2023\/12\/Indoor-High-Voltage-SF6-Gas-Load-Break-Switch-LBS-31-600x600.jpg",600,600,true],"woocommerce_gallery_thumbnail":["https:\/\/www.apgmachine.com\/wp-content\/uploads\/2023\/12\/Indoor-High-Voltage-SF6-Gas-Load-Break-Switch-LBS-31-100x100.jpg",100,100,true]},"uagb_author_info":{"display_name":"admin","author_link":"https:\/\/www.apgmachine.com\/es\/author\/"},"uagb_comment_info":0,"uagb_excerpt":"We not only supply APG machine and molds,but also cast epoxy resin products for clients.","_links":{"self":[{"href":"https:\/\/www.apgmachine.com\/es\/wp-json\/wp\/v2\/product\/887","targetHints":{"allow":["GET"]}}],"collection":[{"href":"https:\/\/www.apgmachine.com\/es\/wp-json\/wp\/v2\/product"}],"about":[{"href":"https:\/\/www.apgmachine.com\/es\/wp-json\/wp\/v2\/types\/product"}],"wp:featuredmedia":[{"embeddable":true,"href":"https:\/\/www.apgmachine.com\/es\/wp-json\/wp\/v2\/media\/959"}],"wp:attachment":[{"href":"https:\/\/www.apgmachine.com\/es\/wp-json\/wp\/v2\/media?parent=887"}],"wp:term":[{"taxonomy":"product_cat","embeddable":true,"href":"https:\/\/www.apgmachine.com\/es\/wp-json\/wp\/v2\/product_cat?post=887"},{"taxonomy":"product_tag","embeddable":true,"href":"https:\/\/www.apgmachine.com\/es\/wp-json\/wp\/v2\/product_tag?post=887"}],"curies":[{"name":"wp","href":"https:\/\/api.w.org\/{rel}","templated":true}]}}