{"id":885,"date":"2023-12-04T03:51:25","date_gmt":"2023-12-03T19:51:25","guid":{"rendered":"http:\/\/wp.cd3.gzoat.com\/?post_type=product&#038;p=885"},"modified":"2024-01-11T14:48:29","modified_gmt":"2024-01-11T06:48:29","slug":"epoxy-resin-post-insulators","status":"publish","type":"product","link":"https:\/\/www.apgmachine.com\/es\/producto\/aisladores-de-postes-de-resina-epoxi\/","title":{"rendered":"Aisladores de postes de resina epoxi"},"content":{"rendered":"<p>Fabricamos una amplia gama de aisladores por resina epoxi, bajo el reglamento electrot\u00e9cnico para baja tensi\u00f3n 2413\/1973.<\/p>\n<p><img decoding=\"async\" class=\"alignnone size-medium wp-image-1586 aligncenter\" src=\"https:\/\/cdn.globalso.com\/apgmachine\/Epoxy-resin-Post-Insulators1.png\" alt=\"Epoxi-resina-Post-Insuladores\" \/><\/p>\n<p><img decoding=\"async\" class=\"alignnone size-full wp-image-1585 aligncenter\" src=\"https:\/\/cdn.globalso.com\/apgmachine\/Epoxy-resin-Post-Insulatorssingliemg-removebg-preview.png\" alt=\"Epoxy-resin-Post-Insulatorssingliemg-removebg-preview\" \/><\/p>\n<div class=\"content_box\">\n<h2>Aisladores de resina epoxi fundidos mediante el proceso de m\u00e1quina APG:<\/h2>\n<\/div>\n<p><img decoding=\"async\" class=\"alignnone size-full wp-image-1459 aligncenter\" src=\"https:\/\/cdn.globalso.com\/apgmachine\/Epoxy-resin-Post-Insulators-2.jpg\" alt=\"Aisladores de postes de resina epoxi (2)\" \/><br \/>\n<img decoding=\"async\" class=\"alignnone size-full wp-image-1587 aligncenter\" src=\"https:\/\/cdn.globalso.com\/apgmachine\/siung8945h.png\" alt=\"siung8945h\" \/><\/p>\n<h2><span style=\"color: #e73034;\">V\u00eddeo de la m\u00e1quina APG<\/span><\/h2>\n<p><iframe loading=\"lazy\" title=\"Resina epoxi Apg M\u00e1quina fabricantes &amp; proveedores\" width=\"1290\" height=\"726\" src=\"https:\/\/www.youtube.com\/embed\/2dmGPOsvT60?feature=oembed\" frameborder=\"0\" allow=\"accelerometer; autoplay; clipboard-write; encrypted-media; gyroscope; picture-in-picture; web-share\" allowfullscreen><\/iframe><\/p>\n<div class=\"content_box\">\n<h2>Aplicaci\u00f3n:<\/h2>\n<\/div>\n<p><img decoding=\"async\" class=\"alignnone size-full wp-image-1588 aligncenter\" src=\"https:\/\/cdn.globalso.com\/apgmachine\/Application4-removebg-preview.png\" alt=\"Aplicaci\u00f3n4-removebg-preview\" \/><\/p>\n<div class=\"content_box\">\n<h2>Uso funcional:<\/h2>\n<\/div>\n<p>Las empresas de producci\u00f3n general se fabrican de acuerdo con el atlas est\u00e1ndar S312 y 02S404 desarrollado y dise\u00f1ado por el Instituto de Investigaci\u00f3n de la Construcci\u00f3n. La pared donde la carcasa impermeable flexible a trav\u00e9s de la pared penetra en la pared debe ser reemplazado con un muro de hormig\u00f3n si no es de hormig\u00f3n, y la carcasa debe ser solidificado en la pared a la vez; la carcasa impermeable flexible a trav\u00e9s de la pared se aplica a la construcci\u00f3n, la industria qu\u00edmica, el acero, el agua del grifo, tratamiento de aguas residuales y otras unidades.<\/p>\n<p><strong>Rendimiento t\u00e9cnico<\/strong><\/p>\n<p>El pasamuros se ensambla a partir de piezas de porcelana, bridas de montaje y conductores. El pasamuros no tiene parte conductora. El manguito y la brida de porcelana se fijan con cemento cola, excepto en los prototipos de alto nivel de 35kV y algunos productos. Los conductores de cobre se fijan mediante arandelas de centrado y tuercas. La barra conductora de aluminio se fija con arandelas de centrado y clavijas partidas. Para las placas de cubierta en ambos extremos de la barra colectora a trav\u00e9s del pasamuros, el tama\u00f1o de la abertura viene determinado por las especificaciones de la barra colectora. La superficie de los accesorios est\u00e1 pintada con esmalte gris.<\/p>\n<p>Para mejorar la corona inicial de la carcasa, se adoptan medidas de igualaci\u00f3n de presi\u00f3n en la estructura de la carcasa de 20 y 35kV. La pared de porcelana cercana a la brida y los paraguas (nervaduras) de ambos lados se agrandan y engrosan adecuadamente, y se cuece la porcelana. Se aplica uniformemente una capa de esmalte semiconductor en la cavidad interior del manguito de porcelana y en las proximidades de la brida, as\u00ed como en el paraguas (costilla) cercano a la brida. Despu\u00e9s de la cocci\u00f3n, el esmalte semiconductor se adhiere firmemente a la pared de porcelana, y la pared de porcelana se hace por piezas de contacto. Cortocircuito, mejoran en gran medida la distribuci\u00f3n del campo el\u00e9ctrico, evitan que se descargue la cavidad interior de la carcasa y aumentan la tensi\u00f3n de descarga deslizante.<\/p>\n<p>La parte conductora de la carcasa adopta conductor de aluminio, lo que ahorra mucho material de cobre y reduce. Se ampl\u00eda el \u00e1rea conductora conectada con la barra colectora, lo que supera las deficiencias de la temperatura excesivamente alta causada por la peque\u00f1a \u00e1rea de contacto de la barra gu\u00eda de cobre.<\/p>\n<p>Hay dos formas de instalar la brida de la carcasa, positiva y negativa. Salvo el tubo conductor de cobre de 6 y 10 kV, los dem\u00e1s est\u00e1n todos invertidos.<\/p>","protected":false},"excerpt":{"rendered":"<p>No s\u00f3lo suministramos m\u00e1quinas y moldes APG, sino que tambi\u00e9n fundimos productos de resina epoxi para los clientes.<\/p>","protected":false},"featured_media":956,"template":"","meta":{"_uag_custom_page_level_css":""},"product_cat":[35],"product_tag":[],"class_list":{"0":"post-885","1":"product","2":"type-product","3":"status-publish","4":"has-post-thumbnail","6":"product_cat-epoxy-resin-products","8":"first","9":"instock","10":"shipping-taxable","11":"product-type-simple"},"featured_image_urls":{"full":["https:\/\/www.apgmachine.com\/wp-content\/uploads\/2023\/12\/Epoxy-resin-Post-Insulators.jpg",918,918,false],"thumbnail":["https:\/\/www.apgmachine.com\/wp-content\/uploads\/2023\/12\/Epoxy-resin-Post-Insulators-150x150.jpg",150,150,true],"medium":["https:\/\/www.apgmachine.com\/wp-content\/uploads\/2023\/12\/Epoxy-resin-Post-Insulators-300x300.jpg",300,300,true],"medium_large":["https:\/\/www.apgmachine.com\/wp-content\/uploads\/2023\/12\/Epoxy-resin-Post-Insulators-768x768.jpg",768,768,true],"large":["https:\/\/www.apgmachine.com\/wp-content\/uploads\/2023\/12\/Epoxy-resin-Post-Insulators.jpg",918,918,false],"1536x1536":["https:\/\/www.apgmachine.com\/wp-content\/uploads\/2023\/12\/Epoxy-resin-Post-Insulators.jpg",918,918,false],"2048x2048":["https:\/\/www.apgmachine.com\/wp-content\/uploads\/2023\/12\/Epoxy-resin-Post-Insulators.jpg",918,918,false],"trp-custom-language-flag":["https:\/\/www.apgmachine.com\/wp-content\/uploads\/2023\/12\/Epoxy-resin-Post-Insulators.jpg",12,12,false],"woocommerce_archive_thumbnail":["https:\/\/www.apgmachine.com\/wp-content\/uploads\/2023\/12\/Epoxy-resin-Post-Insulators-500x500.jpg",500,500,true],"woocommerce_thumbnail":["https:\/\/www.apgmachine.com\/wp-content\/uploads\/2023\/12\/Epoxy-resin-Post-Insulators-300x300.jpg",300,300,true],"woocommerce_single":["https:\/\/www.apgmachine.com\/wp-content\/uploads\/2023\/12\/Epoxy-resin-Post-Insulators-600x600.jpg",600,600,true],"woocommerce_gallery_thumbnail":["https:\/\/www.apgmachine.com\/wp-content\/uploads\/2023\/12\/Epoxy-resin-Post-Insulators-100x100.jpg",100,100,true]},"post_excerpt_stackable":"<p>We not only supply APG machine and molds,but also cast epoxy resin products for clients.<\/p>\n","category_list":"","author_info":{"name":"","url":""},"comments_num":"0 comentarios","jetpack_sharing_enabled":true,"uagb_featured_image_src":{"full":["https:\/\/www.apgmachine.com\/wp-content\/uploads\/2023\/12\/Epoxy-resin-Post-Insulators.jpg",918,918,false],"thumbnail":["https:\/\/www.apgmachine.com\/wp-content\/uploads\/2023\/12\/Epoxy-resin-Post-Insulators-150x150.jpg",150,150,true],"medium":["https:\/\/www.apgmachine.com\/wp-content\/uploads\/2023\/12\/Epoxy-resin-Post-Insulators-300x300.jpg",300,300,true],"medium_large":["https:\/\/www.apgmachine.com\/wp-content\/uploads\/2023\/12\/Epoxy-resin-Post-Insulators-768x768.jpg",768,768,true],"large":["https:\/\/www.apgmachine.com\/wp-content\/uploads\/2023\/12\/Epoxy-resin-Post-Insulators.jpg",918,918,false],"1536x1536":["https:\/\/www.apgmachine.com\/wp-content\/uploads\/2023\/12\/Epoxy-resin-Post-Insulators.jpg",918,918,false],"2048x2048":["https:\/\/www.apgmachine.com\/wp-content\/uploads\/2023\/12\/Epoxy-resin-Post-Insulators.jpg",918,918,false],"trp-custom-language-flag":["https:\/\/www.apgmachine.com\/wp-content\/uploads\/2023\/12\/Epoxy-resin-Post-Insulators.jpg",12,12,false],"woocommerce_archive_thumbnail":["https:\/\/www.apgmachine.com\/wp-content\/uploads\/2023\/12\/Epoxy-resin-Post-Insulators-500x500.jpg",500,500,true],"woocommerce_thumbnail":["https:\/\/www.apgmachine.com\/wp-content\/uploads\/2023\/12\/Epoxy-resin-Post-Insulators-300x300.jpg",300,300,true],"woocommerce_single":["https:\/\/www.apgmachine.com\/wp-content\/uploads\/2023\/12\/Epoxy-resin-Post-Insulators-600x600.jpg",600,600,true],"woocommerce_gallery_thumbnail":["https:\/\/www.apgmachine.com\/wp-content\/uploads\/2023\/12\/Epoxy-resin-Post-Insulators-100x100.jpg",100,100,true]},"uagb_author_info":{"display_name":"admin","author_link":"https:\/\/www.apgmachine.com\/es\/author\/"},"uagb_comment_info":0,"uagb_excerpt":"We not only supply APG machine and molds,but also cast epoxy resin products for clients.","_links":{"self":[{"href":"https:\/\/www.apgmachine.com\/es\/wp-json\/wp\/v2\/product\/885","targetHints":{"allow":["GET"]}}],"collection":[{"href":"https:\/\/www.apgmachine.com\/es\/wp-json\/wp\/v2\/product"}],"about":[{"href":"https:\/\/www.apgmachine.com\/es\/wp-json\/wp\/v2\/types\/product"}],"wp:featuredmedia":[{"embeddable":true,"href":"https:\/\/www.apgmachine.com\/es\/wp-json\/wp\/v2\/media\/956"}],"wp:attachment":[{"href":"https:\/\/www.apgmachine.com\/es\/wp-json\/wp\/v2\/media?parent=885"}],"wp:term":[{"taxonomy":"product_cat","embeddable":true,"href":"https:\/\/www.apgmachine.com\/es\/wp-json\/wp\/v2\/product_cat?post=885"},{"taxonomy":"product_tag","embeddable":true,"href":"https:\/\/www.apgmachine.com\/es\/wp-json\/wp\/v2\/product_tag?post=885"}],"curies":[{"name":"wp","href":"https:\/\/api.w.org\/{rel}","templated":true}]}}