{"id":884,"date":"2023-12-04T03:50:52","date_gmt":"2023-12-03T19:50:52","guid":{"rendered":"http:\/\/wp.cd3.gzoat.com\/?post_type=product&#038;p=884"},"modified":"2024-01-11T15:00:53","modified_gmt":"2024-01-11T07:00:53","slug":"potential-transformer-for-indoor-and-outdoor-application","status":"publish","type":"product","link":"https:\/\/www.apgmachine.com\/es\/producto\/transformador-de-potencial-para-interiores-y-exteriores\/","title":{"rendered":"TRANSFORMADOR DE POTENCIAL PARA INTERIOR Y EXTERIOR"},"content":{"rendered":"<div class=\"content_box\">\n<h2>TRANSFORMADOR DE POTENCIAL PARA INTERIOR Y EXTERIOR<\/h2>\n<\/div>\n<p><strong>Rango de tensi\u00f3n 12-36KV<\/strong><br \/>\n<strong>Eficiencia econ\u00f3mica<\/strong><br \/>\npor su aumento de soportar corrientes t\u00e9rmicas de corta duraci\u00f3n sobre la misma dimensi\u00f3n<\/p>\n<p><strong>Sin descarga parcial<\/strong><br \/>\n<strong>Excelentes caracter\u00edsticas el\u00e9ctricas y resistencia mec\u00e1nica<\/strong><br \/>\nTransformador de corriente fundido con tecnolog\u00eda avanzada: tecnolog\u00eda APG,<\/p>\n<p><strong>F\u00e1cil de manejar<\/strong><br \/>\nen caso de cambiar al otro diferente<\/p>\n<div class=\"content_box\">\n<h2>Fundido por proceso de m\u00e1quina APG 2 cavidades:<\/h2>\n<\/div>\n<p><img decoding=\"async\" class=\"alignnone size-full wp-image-1452 aligncenter\" src=\"https:\/\/cdn.globalso.com\/apgmachine\/Cast-by-APG-machine-process-2-cavities.png\" alt=\"Colada por proceso de m\u00e1quina APG 2 cavidades\" \/><\/p>\n<p><img decoding=\"async\" class=\"alignnone size-full wp-image-1590 aligncenter\" src=\"https:\/\/cdn.globalso.com\/apgmachine\/infliemg5ghg-2-removebg-preview.png\" alt=\"infliemg5ghg-2-removebg-preview\" \/><img decoding=\"async\" class=\"alignnone size-medium wp-image-1591 aligncenter\" src=\"https:\/\/cdn.globalso.com\/apgmachine\/infliemg5ghg-11.png\" alt=\"infliemg5ghg-1\" \/><\/p>\n<h2><span style=\"color: #e73034;\">V\u00eddeo de la m\u00e1quina APG<\/span><\/h2>\n<p><iframe loading=\"lazy\" title=\"La m\u00e1quina autom\u00e1tica de gelificaci\u00f3n por presi\u00f3n produce casquillos de resina epoxi de 36KV\" width=\"1290\" height=\"968\" src=\"https:\/\/www.youtube.com\/embed\/vweNXvFcqo4?feature=oembed\" frameborder=\"0\" allow=\"accelerometer; autoplay; clipboard-write; encrypted-media; gyroscope; picture-in-picture; web-share\" allowfullscreen><\/iframe><\/p>\n<div class=\"content_box\">\n<h2>Aplicaci\u00f3n:<\/h2>\n<\/div>\n<p><img decoding=\"async\" class=\"alignnone size-full wp-image-1448\" src=\"https:\/\/cdn.globalso.com\/apgmachine\/Application3.jpg\" alt=\"Aplicaci\u00f3n\" \/><\/p>\n<p>El proceso de fabricaci\u00f3n APG del transformador de corriente (TC) de fundici\u00f3n de resina epoxi<\/p>\n<div class=\"content_box\">\n<h2>Aplicaci\u00f3n:<\/h2>\n<\/div>\n<p>En los circuitos de corriente alterna, los transformadores se utilizan habitualmente para convertir altas tensiones en bajas tensiones, y grandes corrientes en peque\u00f1as corrientes, que luego se utilizan para medici\u00f3n, control y protecci\u00f3n. Esto no s\u00f3lo puede aumentar el proceso del instrumento de medida, facilitar la normalizaci\u00f3n del instrumento, reducir la tensi\u00f3n y la corriente del equipo de control y protecci\u00f3n, sino tambi\u00e9n separar el instrumento del equipo o circuito de alta tensi\u00f3n para garantizar la seguridad del instrumento, el equipo y el personal.<\/p>\n<div class=\"content_box\">\n<h2>Proceso de trabajo<\/h2>\n<\/div>\n<p>El papel del transformador tiene los siguientes aspectos:<br \/>\nCambiar la alta tensi\u00f3n y alta corriente del circuito primario en la posici\u00f3n est\u00e1ndar del circuito secundario, por lo general la tensi\u00f3n nominal secundaria es de 100V, la corriente nominal secundaria es de 5A, de modo que el instrumento de medici\u00f3n de ubicaci\u00f3n y el dispositivo de protecci\u00f3n est\u00e1n estandarizados, y el nivel de aislamiento del equipo secundario puede ser Est\u00e1 dise\u00f1ado de acuerdo a la baja tensi\u00f3n, por lo que la estructura es ligera y barata.<\/p>\n<p>Todos los equipos secundarios pueden conectarse con cables de control de baja tensi\u00f3n y baja corriente, por lo que el cableado dentro de la pantalla es sencillo y f\u00e1cil de instalar. Al mismo tiempo, es conveniente para el procesamiento centralizado y puede realizar el control remoto y la medici\u00f3n.<\/p>\n<p>El circuito secundario no est\u00e1 restringido por el circuito primario. Se pueden utilizar conexiones en forma de Y, \u25b3 o V, por lo que el cableado es flexible y c\u00f3modo. Al mismo tiempo, cuando se realiza el mantenimiento, el cambio, el ajuste y la comprobaci\u00f3n del equipo secundario, no es necesario interrumpir el funcionamiento del sistema primario, y s\u00f3lo puede conseguirse cambiando adecuadamente el cableado secundario.<\/p>\n<div class=\"clear\"><\/div>\n<hr \/>","protected":false},"excerpt":{"rendered":"<p>No s\u00f3lo suministramos m\u00e1quinas y moldes APG, sino que tambi\u00e9n fundimos productos de resina epoxi para los clientes.<\/p>","protected":false},"featured_media":926,"template":"","meta":{"_uag_custom_page_level_css":""},"product_cat":[35],"product_tag":[],"class_list":{"0":"post-884","1":"product","2":"type-product","3":"status-publish","4":"has-post-thumbnail","6":"product_cat-epoxy-resin-products","8":"first","9":"instock","10":"shipping-taxable","11":"product-type-simple"},"featured_image_urls":{"full":["https:\/\/www.apgmachine.com\/wp-content\/uploads\/2023\/12\/Potential-transformer.jpg",918,918,false],"thumbnail":["https:\/\/www.apgmachine.com\/wp-content\/uploads\/2023\/12\/Potential-transformer-150x150.jpg",150,150,true],"medium":["https:\/\/www.apgmachine.com\/wp-content\/uploads\/2023\/12\/Potential-transformer-300x300.jpg",300,300,true],"medium_large":["https:\/\/www.apgmachine.com\/wp-content\/uploads\/2023\/12\/Potential-transformer-768x768.jpg",768,768,true],"large":["https:\/\/www.apgmachine.com\/wp-content\/uploads\/2023\/12\/Potential-transformer.jpg",918,918,false],"1536x1536":["https:\/\/www.apgmachine.com\/wp-content\/uploads\/2023\/12\/Potential-transformer.jpg",918,918,false],"2048x2048":["https:\/\/www.apgmachine.com\/wp-content\/uploads\/2023\/12\/Potential-transformer.jpg",918,918,false],"trp-custom-language-flag":["https:\/\/www.apgmachine.com\/wp-content\/uploads\/2023\/12\/Potential-transformer.jpg",12,12,false],"woocommerce_archive_thumbnail":["https:\/\/www.apgmachine.com\/wp-content\/uploads\/2023\/12\/Potential-transformer-500x500.jpg",500,500,true],"woocommerce_thumbnail":["https:\/\/www.apgmachine.com\/wp-content\/uploads\/2023\/12\/Potential-transformer-300x300.jpg",300,300,true],"woocommerce_single":["https:\/\/www.apgmachine.com\/wp-content\/uploads\/2023\/12\/Potential-transformer-600x600.jpg",600,600,true],"woocommerce_gallery_thumbnail":["https:\/\/www.apgmachine.com\/wp-content\/uploads\/2023\/12\/Potential-transformer-100x100.jpg",100,100,true]},"post_excerpt_stackable":"<p>We not only supply APG machine and molds,but also cast epoxy resin products for clients.<\/p>\n","category_list":"","author_info":{"name":"","url":""},"comments_num":"0 comentarios","jetpack_sharing_enabled":true,"uagb_featured_image_src":{"full":["https:\/\/www.apgmachine.com\/wp-content\/uploads\/2023\/12\/Potential-transformer.jpg",918,918,false],"thumbnail":["https:\/\/www.apgmachine.com\/wp-content\/uploads\/2023\/12\/Potential-transformer-150x150.jpg",150,150,true],"medium":["https:\/\/www.apgmachine.com\/wp-content\/uploads\/2023\/12\/Potential-transformer-300x300.jpg",300,300,true],"medium_large":["https:\/\/www.apgmachine.com\/wp-content\/uploads\/2023\/12\/Potential-transformer-768x768.jpg",768,768,true],"large":["https:\/\/www.apgmachine.com\/wp-content\/uploads\/2023\/12\/Potential-transformer.jpg",918,918,false],"1536x1536":["https:\/\/www.apgmachine.com\/wp-content\/uploads\/2023\/12\/Potential-transformer.jpg",918,918,false],"2048x2048":["https:\/\/www.apgmachine.com\/wp-content\/uploads\/2023\/12\/Potential-transformer.jpg",918,918,false],"trp-custom-language-flag":["https:\/\/www.apgmachine.com\/wp-content\/uploads\/2023\/12\/Potential-transformer.jpg",12,12,false],"woocommerce_archive_thumbnail":["https:\/\/www.apgmachine.com\/wp-content\/uploads\/2023\/12\/Potential-transformer-500x500.jpg",500,500,true],"woocommerce_thumbnail":["https:\/\/www.apgmachine.com\/wp-content\/uploads\/2023\/12\/Potential-transformer-300x300.jpg",300,300,true],"woocommerce_single":["https:\/\/www.apgmachine.com\/wp-content\/uploads\/2023\/12\/Potential-transformer-600x600.jpg",600,600,true],"woocommerce_gallery_thumbnail":["https:\/\/www.apgmachine.com\/wp-content\/uploads\/2023\/12\/Potential-transformer-100x100.jpg",100,100,true]},"uagb_author_info":{"display_name":"admin","author_link":"https:\/\/www.apgmachine.com\/es\/author\/"},"uagb_comment_info":0,"uagb_excerpt":"We not only supply APG machine and molds,but also cast epoxy resin products for clients.","_links":{"self":[{"href":"https:\/\/www.apgmachine.com\/es\/wp-json\/wp\/v2\/product\/884","targetHints":{"allow":["GET"]}}],"collection":[{"href":"https:\/\/www.apgmachine.com\/es\/wp-json\/wp\/v2\/product"}],"about":[{"href":"https:\/\/www.apgmachine.com\/es\/wp-json\/wp\/v2\/types\/product"}],"wp:featuredmedia":[{"embeddable":true,"href":"https:\/\/www.apgmachine.com\/es\/wp-json\/wp\/v2\/media\/926"}],"wp:attachment":[{"href":"https:\/\/www.apgmachine.com\/es\/wp-json\/wp\/v2\/media?parent=884"}],"wp:term":[{"taxonomy":"product_cat","embeddable":true,"href":"https:\/\/www.apgmachine.com\/es\/wp-json\/wp\/v2\/product_cat?post=884"},{"taxonomy":"product_tag","embeddable":true,"href":"https:\/\/www.apgmachine.com\/es\/wp-json\/wp\/v2\/product_tag?post=884"}],"curies":[{"name":"wp","href":"https:\/\/api.w.org\/{rel}","templated":true}]}}