{"id":882,"date":"2023-12-04T03:49:37","date_gmt":"2023-12-03T19:49:37","guid":{"rendered":"http:\/\/wp.cd3.gzoat.com\/?post_type=product&#038;p=882"},"modified":"2023-12-04T04:47:04","modified_gmt":"2023-12-03T20:47:04","slug":"injection-epoxy-resin-voe-9216d-voh-9216d","status":"publish","type":"product","link":"https:\/\/www.apgmachine.com\/es\/producto\/resina-epoxi-de-inyeccion-voe-9216d-voh-9216d\/","title":{"rendered":"Resina epoxi de inyecci\u00f3n VOE-9216D\/VOH-9216D"},"content":{"rendered":"<div class=\"fl-row fl-row-full-width fl-row-bg-none fl-node-61b9cddbc447a\" data-node=\"61b9cddbc447a\">\n<div class=\"fl-row-content-wrap\">\n<div class=\"fl-row-content fl-row-full-width fl-node-content\">\n<div class=\"fl-col-group fl-node-61b9cddbc4809\" data-node=\"61b9cddbc4809\">\n<div class=\"fl-col fl-node-61b9cddbc495b\" data-node=\"61b9cddbc495b\">\n<div class=\"fl-col-content fl-node-content\">\n<div class=\"fl-module fl-module-rich-text fl-node-61b9cddbc57db\" data-node=\"61b9cddbc57db\" data-animation-delay=\"0.0\">\n<div class=\"fl-module-content fl-node-content\">\n<div class=\"fl-rich-text\">\n<div class=\"content_box\">\n<h2>Formulaci\u00f3n<\/h2>\n<\/div>\n<div class=\"table_wrap\">\n<table border=\"0\">\n<tbody>\n<tr>\n<td>Resina epoxi<\/td>\n<td>VOE-9216D<\/td>\n<td>100pbw<\/td>\n<\/tr>\n<tr>\n<td>Endurecedor<\/td>\n<td>VOH-9216 D<\/td>\n<td>100pbw<\/td>\n<\/tr>\n<tr>\n<td>Relleno<\/td>\n<td>Harina de s\u00edlice<\/td>\n<td>300-320pbw<\/td>\n<\/tr>\n<tr>\n<td>Pasta de color<\/td>\n<td>Serie LC<\/td>\n<td>3pbw<\/td>\n<\/tr>\n<\/tbody>\n<\/table>\n<\/div>\n<div class=\"content_box\">\n<h2>Proteridades<\/h2>\n<\/div>\n<p>Sistema de resina epoxi bicomponente \/ Proterties l\u00edquidos<br \/>\nPuede ser utilizado para los procesos de APG&amp;Proceso de fundici\u00f3n convencional bajo vac\u00edo.<br \/>\nExcelente resistencia a la rotura y al choque t\u00e9rmico<br \/>\nExcelentes propiedades t\u00e9cnicas y mec\u00e1nicas<\/p>\n<div class=\"content_box\">\n<h2>Aplicaciones<\/h2>\n<\/div>\n<p>Piezas de aislamiento el\u00e9ctrico de media y alta tensi\u00f3n<br \/>\nTales como: transformadores de corriente y tensi\u00f3n de 10kv\u300135kv y otros aisladores, etc.<\/p>\n<div class=\"content_box\">\n<h2>Datos del producto<\/h2>\n<\/div>\n<p>VOE-9216D es un tipo de resina epoxi BPA modificada VOH-9216D es un tipo de endurecedor l\u00edquido de anh\u00eddrido carbox\u00edlico<\/p>\n<\/div>\n<\/div>\n<\/div>\n<\/div>\n<\/div>\n<\/div>\n<\/div>\n<\/div>\n<\/div>\n<div class=\"fl-row fl-row-full-width fl-row-bg-none fl-node-61b9cde701303\" data-node=\"61b9cde701303\">\n<div class=\"fl-row-content-wrap\">\n<div class=\"fl-row-content fl-row-full-width fl-node-content\">\n<div class=\"fl-col-group fl-node-61b9cde702231\" data-node=\"61b9cde702231\">\n<div class=\"fl-col fl-node-61b9cde702392 fl-col-small\" data-node=\"61b9cde702392\">\n<div class=\"fl-col-content fl-node-content\">\n<div class=\"fl-module fl-module-rich-text fl-node-61b9ce062e56d\" data-node=\"61b9ce062e56d\" data-animation-delay=\"0.0\">\n<div class=\"fl-module-content fl-node-content\">\n<div class=\"fl-rich-text\">\n<div class=\"table_wrap\">\n<table border=\"1\" cellspacing=\"0\">\n<tbody>\n<tr>\n<td valign=\"top\" width=\"103\">Propiedades<\/td>\n<td valign=\"top\" width=\"48\">Unidad<\/td>\n<td valign=\"top\" width=\"144\">Valor<\/td>\n<\/tr>\n<tr>\n<td valign=\"top\" width=\"103\">Apariencia<\/td>\n<td valign=\"top\" width=\"48\">Visual<\/td>\n<td valign=\"top\" width=\"144\">L\u00edquido pegajoso transparente<\/td>\n<\/tr>\n<tr>\n<td valign=\"top\" width=\"103\">Viscosidad<\/td>\n<td valign=\"top\" width=\"48\">mPa.s<\/td>\n<td valign=\"top\" width=\"144\">3000-6000 (a 25\u2103)<\/td>\n<\/tr>\n<tr>\n<td valign=\"top\" width=\"103\">Densidad<\/td>\n<td valign=\"top\" width=\"48\">g\/cm3<\/td>\n<td valign=\"top\" width=\"144\">1,16-1,20 (a 25\u2103)<\/td>\n<\/tr>\n<tr>\n<td valign=\"top\" width=\"103\">Presi\u00f3n de vapor<\/td>\n<td valign=\"top\" width=\"48\">Pa<\/td>\n<td valign=\"top\" width=\"144\">\ufe640,01 (a 25\u2103)<\/td>\n<\/tr>\n<tr>\n<td valign=\"top\" width=\"103\">Punto de inflamaci\u00f3n<\/td>\n<td valign=\"top\" width=\"48\">\u2103<\/td>\n<td valign=\"top\" width=\"144\">Alrededor de 135<\/td>\n<\/tr>\n<\/tbody>\n<\/table>\n<\/div>\n<\/div>\n<\/div>\n<\/div>\n<\/div>\n<\/div>\n<div class=\"fl-col fl-node-61b9cde7023d4 fl-col-small\" data-node=\"61b9cde7023d4\">\n<div class=\"fl-col-content fl-node-content\">\n<div class=\"fl-module fl-module-rich-text fl-node-61b9cde975047\" data-node=\"61b9cde975047\" data-animation-delay=\"0.0\">\n<div class=\"fl-module-content fl-node-content\">\n<div class=\"fl-rich-text\">\n<div class=\"table_wrap\">\n<table border=\"1\" cellspacing=\"0\">\n<tbody>\n<tr>\n<td valign=\"top\" width=\"103\">Propiedades<\/td>\n<td valign=\"top\" width=\"60\">Unidad<\/td>\n<td valign=\"top\" width=\"156\">Valor<\/td>\n<\/tr>\n<tr>\n<td valign=\"top\" width=\"103\">Apariencia<\/td>\n<td valign=\"top\" width=\"60\">Visual<\/td>\n<td valign=\"top\" width=\"156\">l\u00edquido incoloro-amarillo claro<\/td>\n<\/tr>\n<tr>\n<td valign=\"top\" width=\"103\">Viscosidad<\/td>\n<td valign=\"top\" width=\"60\">mPa.s<\/td>\n<td valign=\"top\" width=\"156\">750-1500 (a 25\u2103)<\/td>\n<\/tr>\n<tr>\n<td valign=\"top\" width=\"103\">Densidad<\/td>\n<td valign=\"top\" width=\"60\">g\/cm3<\/td>\n<td valign=\"top\" width=\"156\">1,17-1,24 (a 25\u2103)<\/td>\n<\/tr>\n<tr>\n<td valign=\"top\" width=\"103\">Presi\u00f3n de vapor<\/td>\n<td valign=\"top\" width=\"60\">Pa<\/td>\n<td valign=\"top\" width=\"156\">Alrededor del 0,5<\/td>\n<\/tr>\n<tr>\n<td valign=\"top\" width=\"103\">Punto de inflamaci\u00f3n<\/td>\n<td valign=\"top\" width=\"60\">\u2103<\/td>\n<td valign=\"top\" width=\"156\">Alrededor de 140<\/td>\n<\/tr>\n<\/tbody>\n<\/table>\n<\/div>\n<\/div>\n<\/div>\n<\/div>\n<\/div>\n<\/div>\n<\/div>\n<\/div>\n<\/div>\n<\/div>\n<div class=\"fl-row fl-row-full-width fl-row-bg-none fl-node-61b9ce2679977\" data-node=\"61b9ce2679977\">\n<div class=\"fl-row-content-wrap\">\n<div class=\"fl-row-content fl-row-full-width fl-node-content\">\n<div class=\"fl-col-group fl-node-61b9ce267acbb\" data-node=\"61b9ce267acbb\">\n<div class=\"fl-col fl-node-61b9ce267ae27\" data-node=\"61b9ce267ae27\">\n<div class=\"fl-col-content fl-node-content\">\n<div class=\"fl-module fl-module-rich-text fl-node-61b9ce26797ea\" data-node=\"61b9ce26797ea\" data-animation-delay=\"0.0\">\n<div class=\"fl-module-content fl-node-content\">\n<div class=\"fl-rich-text\">\n<div class=\"content_box\">\n<h2>Condici\u00f3n del proceso<\/h2>\n<\/div>\n<div class=\"table_wrap\">\n<table border=\"1\" cellspacing=\"0\">\n<tbody>\n<tr>\n<td valign=\"top\" width=\"29.0600%\">Par\u00e1metro del proceso<\/td>\n<td valign=\"top\" width=\"29.6000%\">APG<\/td>\n<td valign=\"top\" width=\"41.3400%\">Proceso de vac\u00edo<\/td>\n<\/tr>\n<tr>\n<td valign=\"top\" width=\"29.0600%\">Temperatura de la mezcla<\/td>\n<td valign=\"top\" width=\"29.6000%\">40\u2103\/1-2 horas<\/td>\n<td valign=\"top\" width=\"41.3400%\">60\u2103\/1-2 horas<\/td>\n<\/tr>\n<tr>\n<td valign=\"top\" width=\"29.0600%\">Proceso de alimentaci\u00f3n<\/td>\n<td valign=\"top\" width=\"29.6000%\">Presi\u00f3n\uff080,5-5bar\uff09<\/td>\n<td valign=\"top\" width=\"41.3400%\">Vac\u00edo<\/td>\n<\/tr>\n<tr>\n<td valign=\"top\" width=\"29.0600%\">Temperatura del molde<\/td>\n<td valign=\"top\" width=\"29.6000%\">130-150\u2103<\/td>\n<td valign=\"top\" width=\"41.3400%\">80-100\u2103<\/td>\n<\/tr>\n<tr>\n<td valign=\"top\" width=\"29.0600%\">Tiempos de gelificaci\u00f3n<\/td>\n<td valign=\"top\" width=\"29.6000%\">10-30 minutos<\/td>\n<td valign=\"top\" width=\"41.3400%\">3-6 horas<\/td>\n<\/tr>\n<tr>\n<td valign=\"top\" width=\"29.0600%\">Condiciones de curaci\u00f3n<\/td>\n<td valign=\"top\" width=\"29.6000%\">130-140\u2103\u00d76-10 horas<\/td>\n<td valign=\"top\" width=\"41.3400%\">130-140\u2103\u00d76-10 horas<\/td>\n<\/tr>\n<\/tbody>\n<\/table>\n<\/div>\n<div class=\"content_box\">\n<h2>Tiempos de gelificaci\u00f3n<\/h2>\n<\/div>\n<div class=\"table_wrap\">\n<table border=\"1\" cellspacing=\"0\">\n<tbody>\n<tr>\n<td valign=\"top\" width=\"284\">Temperatura<\/td>\n<td valign=\"top\" width=\"284\">Tiempo de gelificaci\u00f3n<\/td>\n<\/tr>\n<tr>\n<td valign=\"top\" width=\"284\">en 120\u2103<\/td>\n<td valign=\"top\" width=\"284\">16-24 minutos<\/td>\n<\/tr>\n<tr>\n<td valign=\"top\" width=\"284\">en 140\u2103<\/td>\n<td valign=\"top\" width=\"284\">6-9 minutos<\/td>\n<\/tr>\n<tr>\n<td valign=\"top\" width=\"284\">en 160\u2103<\/td>\n<td valign=\"top\" width=\"284\">3-5 minutos<\/td>\n<\/tr>\n<\/tbody>\n<\/table>\n<\/div>\n<div class=\"content_box\">\n<h2>Propiedades mec\u00e1nicas y f\u00edsicas<\/h2>\n<\/div>\n<p>Sistemas de prueba:VOE- 9216D\/VOH-9216D\/Relleno Proporci\u00f3n de mezcla:100\/100\/300 Condiciones de curado:80\u2103\u00d74horas+140\u2103\u00d78horas<br \/>\nNota: Los datos medidos seg\u00fan GB, s\u00f3lo para referencia del usuario. Los datos espec\u00edficos de la aplicaci\u00f3n deben probarse de acuerdo con las condiciones reales de los usuarios.<\/p>\n<div class=\"table_wrap\">\n<table border=\"1\" cellspacing=\"0\">\n<tbody>\n<tr>\n<td valign=\"top\" width=\"56.4600%\">Propiedades<\/td>\n<td valign=\"top\" width=\"43.5400%\">Valor<\/td>\n<\/tr>\n<tr>\n<td valign=\"top\" width=\"56.4600%\">Tg\uff08DSC\uff09<\/td>\n<td valign=\"top\" width=\"43.5400%\">60-80\u2103<\/td>\n<\/tr>\n<tr>\n<td valign=\"top\" width=\"56.4600%\">Resistencia a la tracci\u00f3n<\/td>\n<td valign=\"top\" width=\"43.5400%\">65-85N\/ mm2<\/td>\n<\/tr>\n<tr>\n<td valign=\"top\" width=\"56.4600%\">Resistencia a la flexi\u00f3n<\/td>\n<td valign=\"top\" width=\"43.5400%\">120-150N\/ mm2<\/td>\n<\/tr>\n<tr>\n<td valign=\"top\" width=\"56.4600%\">Resistencia a la compresi\u00f3n<\/td>\n<td valign=\"top\" width=\"43.5400%\">140-180N\/ mm2<\/td>\n<\/tr>\n<tr>\n<td valign=\"top\" width=\"56.4600%\">Resistencia al impacto<\/td>\n<td valign=\"top\" width=\"43.5400%\">10-18kJ\/ m2<\/td>\n<\/tr>\n<tr>\n<td valign=\"center\" width=\"56.4600%\">Contracci\u00f3n de curado<\/td>\n<td valign=\"center\" width=\"43.5400%\">0.7-0.9%<\/td>\n<\/tr>\n<tr>\n<td valign=\"top\" width=\"56.4600%\">Inflamabilidad (4mm)<\/td>\n<td valign=\"top\" width=\"43.5400%\">HB<\/td>\n<\/tr>\n<tr>\n<td valign=\"top\" width=\"56.4600%\">Inflamabilidad (12 mm)<\/td>\n<td valign=\"top\" width=\"43.5400%\">V1<\/td>\n<\/tr>\n<\/tbody>\n<\/table>\n<\/div>\n<div class=\"table_wrap\">\n<table border=\"1\" cellspacing=\"0\">\n<tbody>\n<tr>\n<td valign=\"top\" width=\"211\">Propiedades<\/td>\n<td valign=\"top\" width=\"120\">Valor<\/td>\n<\/tr>\n<tr>\n<td valign=\"top\" width=\"211\">Conductividad t\u00e9rmica<\/td>\n<td valign=\"top\" width=\"120\">0,8-0,9W\/mk<\/td>\n<\/tr>\n<tr>\n<td valign=\"center\" width=\"211\">Temperatura de degradaci\u00f3n t\u00e9rmica<\/td>\n<td valign=\"center\" width=\"120\">\uff1e320\u2103<\/td>\n<\/tr>\n<tr>\n<td valign=\"top\" width=\"211\">Absorci\u00f3n de agua(23\u2103\u00d710d\u00edas)<\/td>\n<td valign=\"top\" width=\"120\">0,10-0,20 %por peso.<\/td>\n<\/tr>\n<tr>\n<td valign=\"top\" width=\"211\">Absorci\u00f3n de agua (100\u2103\u00d760mins)<\/td>\n<td valign=\"top\" width=\"120\">0,08-0,15 %por peso.<\/td>\n<\/tr>\n<tr>\n<td valign=\"top\" width=\"211\">Resistividad superficial<\/td>\n<td valign=\"top\" width=\"120\">1014\u03a9<\/td>\n<\/tr>\n<tr>\n<td valign=\"top\" width=\"211\">Resistividad volum\u00e9trica<\/td>\n<td valign=\"top\" width=\"120\">1015\u03a9.cm<\/td>\n<\/tr>\n<tr>\n<td valign=\"top\" width=\"211\">Rigidez diel\u00e9ctrica<\/td>\n<td valign=\"top\" width=\"120\">30 kv\/mm<\/td>\n<\/tr>\n<tr>\n<td valign=\"top\" width=\"211\">Factor de p\u00e9rdida<\/td>\n<td valign=\"top\" width=\"120\">0.02<\/td>\n<\/tr>\n<\/tbody>\n<\/table>\n<\/div>\n<p>Almacenamiento de los componentes (resina o endurecedor, etc.) a 6-35\u2103.<br \/>\nen envases herm\u00e9ticamente cerrados y secos. En estas condiciones, la vida \u00fatil corresponder\u00e1 a la fecha de caducidad (1 a\u00f1o).Despu\u00e9s de esta fecha ,el producto s\u00f3lo podr\u00e1 ser procesado tras un nuevo an\u00e1lisis.Los envases parcialmente vaciados deber\u00e1n cerrarse herm\u00e9ticamente inmediatamente despu\u00e9s de su uso.<\/p>\n<div class=\"content_box\">\n<h2>Embalaje<\/h2>\n<\/div>\n<p>Resina epoxi 20 kg\/envase o 220 kg\/envase Endurecedor 20 kg\/envase o 220 kg\/envase<\/p>\n<div class=\"content_box\">\n<h2>Primeros auxilios<\/h2>\n<\/div>\n<p>Contaminaci\u00f3n de los ojos por resina, endurecedor o mezcla de moldeo<br \/>\nEl material untado o salpicado en la piel debe limpiarse con un pa\u00f1o y la zona contaminada debe lavarse y tratarse con una crema limpiadora (v\u00e9ase m\u00e1s arriba). Debe consultarse a un m\u00e9dico en caso de irritaci\u00f3n grave o quemaduras. La ropa contaminada debe cambiarse inmediatamente. Cualquier persona enferma por inhalaci\u00f3n de vapores debe alejarse inmediatamente. En caso de duda, solicite asistencia m\u00e9dica.<\/p>\n<\/div>\n<\/div>\n<\/div>\n<\/div>\n<\/div>\n<\/div>\n<\/div>\n<\/div>\n<\/div>","protected":false},"excerpt":{"rendered":"<h3>Breve descripci\u00f3n:<\/h3>\n<div>\n<p><strong>Aplicaciones:\u00a0<\/strong>Suministramos resina epoxi para interiores y exteriores, endurecedor, polvo de s\u00edlice y pigmentos. Como materia prima para la fundici\u00f3n de transformadores de corriente, casquillos, aisladores, etc.<\/p>\n<\/div>","protected":false},"featured_media":925,"template":"","meta":{"_uag_custom_page_level_css":""},"product_cat":[34],"product_tag":[],"class_list":{"0":"post-882","1":"product","2":"type-product","3":"status-publish","4":"has-post-thumbnail","6":"product_cat-epoxy-resin-and-hardener","8":"first","9":"instock","10":"shipping-taxable","11":"product-type-simple"},"featured_image_urls":{"full":["https:\/\/www.apgmachine.com\/wp-content\/uploads\/2023\/12\/Injection-Epoxy-Resin-VOE-9216DVOH-9216D-2.jpg",800,800,false],"thumbnail":["https:\/\/www.apgmachine.com\/wp-content\/uploads\/2023\/12\/Injection-Epoxy-Resin-VOE-9216DVOH-9216D-2-150x150.jpg",150,150,true],"medium":["https:\/\/www.apgmachine.com\/wp-content\/uploads\/2023\/12\/Injection-Epoxy-Resin-VOE-9216DVOH-9216D-2-300x300.jpg",300,300,true],"medium_large":["https:\/\/www.apgmachine.com\/wp-content\/uploads\/2023\/12\/Injection-Epoxy-Resin-VOE-9216DVOH-9216D-2-768x768.jpg",768,768,true],"large":["https:\/\/www.apgmachine.com\/wp-content\/uploads\/2023\/12\/Injection-Epoxy-Resin-VOE-9216DVOH-9216D-2.jpg",800,800,false],"1536x1536":["https:\/\/www.apgmachine.com\/wp-content\/uploads\/2023\/12\/Injection-Epoxy-Resin-VOE-9216DVOH-9216D-2.jpg",800,800,false],"2048x2048":["https:\/\/www.apgmachine.com\/wp-content\/uploads\/2023\/12\/Injection-Epoxy-Resin-VOE-9216DVOH-9216D-2.jpg",800,800,false],"trp-custom-language-flag":["https:\/\/www.apgmachine.com\/wp-content\/uploads\/2023\/12\/Injection-Epoxy-Resin-VOE-9216DVOH-9216D-2.jpg",12,12,false],"woocommerce_archive_thumbnail":["https:\/\/www.apgmachine.com\/wp-content\/uploads\/2023\/12\/Injection-Epoxy-Resin-VOE-9216DVOH-9216D-2-500x500.jpg",500,500,true],"woocommerce_thumbnail":["https:\/\/www.apgmachine.com\/wp-content\/uploads\/2023\/12\/Injection-Epoxy-Resin-VOE-9216DVOH-9216D-2-300x300.jpg",300,300,true],"woocommerce_single":["https:\/\/www.apgmachine.com\/wp-content\/uploads\/2023\/12\/Injection-Epoxy-Resin-VOE-9216DVOH-9216D-2-600x600.jpg",600,600,true],"woocommerce_gallery_thumbnail":["https:\/\/www.apgmachine.com\/wp-content\/uploads\/2023\/12\/Injection-Epoxy-Resin-VOE-9216DVOH-9216D-2-100x100.jpg",100,100,true]},"post_excerpt_stackable":"<h3>Short Description:<\/h3>\n<div>\n<p><strong>Applications:\u00a0<\/strong>We supply both indoor and outdoor type epoxy resin, hardener, silica powder,pigment. As the raw material for casting current transformer, bushing,insulators.etc.<\/p>\n<\/div>\n","category_list":"","author_info":{"name":"","url":""},"comments_num":"0 comentarios","jetpack_sharing_enabled":true,"uagb_featured_image_src":{"full":["https:\/\/www.apgmachine.com\/wp-content\/uploads\/2023\/12\/Injection-Epoxy-Resin-VOE-9216DVOH-9216D-2.jpg",800,800,false],"thumbnail":["https:\/\/www.apgmachine.com\/wp-content\/uploads\/2023\/12\/Injection-Epoxy-Resin-VOE-9216DVOH-9216D-2-150x150.jpg",150,150,true],"medium":["https:\/\/www.apgmachine.com\/wp-content\/uploads\/2023\/12\/Injection-Epoxy-Resin-VOE-9216DVOH-9216D-2-300x300.jpg",300,300,true],"medium_large":["https:\/\/www.apgmachine.com\/wp-content\/uploads\/2023\/12\/Injection-Epoxy-Resin-VOE-9216DVOH-9216D-2-768x768.jpg",768,768,true],"large":["https:\/\/www.apgmachine.com\/wp-content\/uploads\/2023\/12\/Injection-Epoxy-Resin-VOE-9216DVOH-9216D-2.jpg",800,800,false],"1536x1536":["https:\/\/www.apgmachine.com\/wp-content\/uploads\/2023\/12\/Injection-Epoxy-Resin-VOE-9216DVOH-9216D-2.jpg",800,800,false],"2048x2048":["https:\/\/www.apgmachine.com\/wp-content\/uploads\/2023\/12\/Injection-Epoxy-Resin-VOE-9216DVOH-9216D-2.jpg",800,800,false],"trp-custom-language-flag":["https:\/\/www.apgmachine.com\/wp-content\/uploads\/2023\/12\/Injection-Epoxy-Resin-VOE-9216DVOH-9216D-2.jpg",12,12,false],"woocommerce_archive_thumbnail":["https:\/\/www.apgmachine.com\/wp-content\/uploads\/2023\/12\/Injection-Epoxy-Resin-VOE-9216DVOH-9216D-2-500x500.jpg",500,500,true],"woocommerce_thumbnail":["https:\/\/www.apgmachine.com\/wp-content\/uploads\/2023\/12\/Injection-Epoxy-Resin-VOE-9216DVOH-9216D-2-300x300.jpg",300,300,true],"woocommerce_single":["https:\/\/www.apgmachine.com\/wp-content\/uploads\/2023\/12\/Injection-Epoxy-Resin-VOE-9216DVOH-9216D-2-600x600.jpg",600,600,true],"woocommerce_gallery_thumbnail":["https:\/\/www.apgmachine.com\/wp-content\/uploads\/2023\/12\/Injection-Epoxy-Resin-VOE-9216DVOH-9216D-2-100x100.jpg",100,100,true]},"uagb_author_info":{"display_name":"admin","author_link":"https:\/\/www.apgmachine.com\/es\/author\/"},"uagb_comment_info":0,"uagb_excerpt":"Short Description: Applications:\u00a0We supply both indoor and outdoor type epoxy resin, hardener, silica powder,pigment. As the raw material for casting current transformer, bushing,insulators.etc.","_links":{"self":[{"href":"https:\/\/www.apgmachine.com\/es\/wp-json\/wp\/v2\/product\/882","targetHints":{"allow":["GET"]}}],"collection":[{"href":"https:\/\/www.apgmachine.com\/es\/wp-json\/wp\/v2\/product"}],"about":[{"href":"https:\/\/www.apgmachine.com\/es\/wp-json\/wp\/v2\/types\/product"}],"wp:featuredmedia":[{"embeddable":true,"href":"https:\/\/www.apgmachine.com\/es\/wp-json\/wp\/v2\/media\/925"}],"wp:attachment":[{"href":"https:\/\/www.apgmachine.com\/es\/wp-json\/wp\/v2\/media?parent=882"}],"wp:term":[{"taxonomy":"product_cat","embeddable":true,"href":"https:\/\/www.apgmachine.com\/es\/wp-json\/wp\/v2\/product_cat?post=882"},{"taxonomy":"product_tag","embeddable":true,"href":"https:\/\/www.apgmachine.com\/es\/wp-json\/wp\/v2\/product_tag?post=882"}],"curies":[{"name":"wp","href":"https:\/\/api.w.org\/{rel}","templated":true}]}}