{"id":881,"date":"2023-12-04T03:48:50","date_gmt":"2023-12-03T19:48:50","guid":{"rendered":"http:\/\/wp.cd3.gzoat.com\/?post_type=product&#038;p=881"},"modified":"2024-01-11T15:02:29","modified_gmt":"2024-01-11T07:02:29","slug":"ct-toroidal-winding-machine","status":"publish","type":"product","link":"https:\/\/www.apgmachine.com\/es\/producto\/bobinadora-toroidal-ct\/","title":{"rendered":"Bobinadora toroidal CT"},"content":{"rendered":"<div class=\"fl-builder-content fl-builder-content-1486 fl-builder-content-primary fl-builder-global-templates-locked\" data-post-id=\"1486\">\n<div class=\"fl-row fl-row-full-width fl-row-bg-none fl-node-61c145d0a6a80\" data-node=\"61c145d0a6a80\">\n<div class=\"fl-row-content-wrap\">\n<div class=\"fl-row-content fl-row-full-width fl-node-content\">\n<div class=\"fl-col-group fl-node-61c145d0a6df8\" data-node=\"61c145d0a6df8\">\n<div class=\"fl-col fl-node-61c145d0a6f13\" data-node=\"61c145d0a6f13\">\n<div class=\"fl-col-content fl-node-content\">\n<div class=\"fl-module fl-module-rich-text fl-node-61c145d0a7d76\" data-node=\"61c145d0a7d76\" data-animation-delay=\"0.0\">\n<div class=\"fl-module-content fl-node-content\">\n<div class=\"fl-rich-text\">\n<div class=\"content_box\">\n<h2>Caracter\u00edsticas:<\/h2>\n<\/div>\n<p>La m\u00e1quina de bobinado toroidal para transformadores de corriente es la nueva generaci\u00f3n de equipos de bobinado de acuerdo con los requisitos de la industria energ\u00e9tica y la tecnolog\u00eda actual de bobinado manual de transformadores de corriente.<\/p>\n<p><strong>Sistema PLC m\u00e1s avanzado<\/strong>El control de la m\u00e1quina se realiza a trav\u00e9s de la pantalla de visualizaci\u00f3n, lo que garantiza un funcionamiento fiable de toda la m\u00e1quina.<\/p>\n<p><strong>Piezas el\u00e9ctricas<\/strong>, dise\u00f1ado en modularizaci\u00f3n, que puede reducir el coste de mantenimiento.<\/p>\n<p><strong>Operaci\u00f3n de conducci\u00f3n principal<\/strong>La cadena de transmisi\u00f3n, que utiliza el modo de ajuste de velocidad por conversi\u00f3n de frecuencia, mantiene las ventajas de cadena de transmisi\u00f3n corta, gran par de arranque, amplio rango de ajuste de velocidad, ahorro de energ\u00eda y bajo nivel de ruido.<\/p>\n<p><strong>Distribuci\u00f3n del bobinado<\/strong>\u00a0adopta el motor paso a paso y engranaje reductor de alta precisi\u00f3n, que puede resolver el problema de la conducci\u00f3n de engranaje mec\u00e1nico tradicional: error y distribuci\u00f3n uniforme. Este control de distribuci\u00f3n de bobinado es el avance de la m\u00e1quina de bobinado circular, y puede realizar el ajuste continuo paso a paso de 0,01 mm, y traer el ajuste conveniente, alta precisi\u00f3n de distribuci\u00f3n y gran par.<\/p>\n<p><strong>Tecnolog\u00eda de programaci\u00f3n PLC<\/strong>Tiene la m\u00e1quina herramienta de alambre de almacenamiento autom\u00e1tico de c\u00e1lculo, recuento autom\u00e1tico, parada autom\u00e1tica, la memoria de parada y as\u00ed sucesivamente, y simplifica la operaci\u00f3n en gran medida.<\/p>\n<p><strong>Soporta mecanismo de bobinado multihilo<\/strong>que puede realizar el bobinado de doble hilo o multihilo multicapa, con el fin de superar la dificultad tecnol\u00f3gica del bobinado de bobinas circulares multihilo del transformador de corriente de precisi\u00f3n y mejorar la eficiencia de la producci\u00f3n y la calidad del producto.<\/p>\n<div class=\"content_box\">\n<h2>Datos t\u00e9cnicos:<\/h2>\n<\/div>\n<div class=\"table_wrap\">\n<table border=\"1\" cellspacing=\"0\">\n<tbody>\n<tr>\n<td valign=\"center\">N\u00ba de modelo<\/td>\n<td valign=\"center\">VOL-260A<\/td>\n<td valign=\"center\">VOL-300B<\/td>\n<td valign=\"center\">VOL-400C<\/td>\n<td valign=\"center\">VOL-500D<\/td>\n<\/tr>\n<tr>\n<td valign=\"center\">Di\u00e1metro del alambre<\/td>\n<td valign=\"center\">0,5-1,5 mm<\/td>\n<td valign=\"center\">0,5-2,6 mm<\/td>\n<td valign=\"center\">0,5-3,2 mm<\/td>\n<td valign=\"center\">0,5-3,2 mm<\/td>\n<\/tr>\n<tr>\n<td valign=\"center\">Di\u00e1metro interior acabado m\u00edn.<\/td>\n<td valign=\"center\">30 mm<\/td>\n<td valign=\"center\">50 mm<\/td>\n<td valign=\"center\">60 mm<\/td>\n<td valign=\"center\">60 mm<\/td>\n<\/tr>\n<tr>\n<td valign=\"center\">Di\u00e1metro exterior m\u00e1ximo acabado<\/td>\n<td valign=\"center\">260 mm<\/td>\n<td valign=\"center\">350 mm<\/td>\n<td valign=\"center\">450 mm<\/td>\n<td valign=\"center\">550 mm<\/td>\n<\/tr>\n<tr>\n<td valign=\"center\">Altura m\u00e1xima de acabado<\/td>\n<td valign=\"center\">70 mm<\/td>\n<td valign=\"center\">100 mm<\/td>\n<td valign=\"center\">140 mm<\/td>\n<td valign=\"center\">250 mm<\/td>\n<\/tr>\n<tr>\n<td valign=\"center\">Velocidad m\u00e1xima de bobinado<\/td>\n<td valign=\"center\">100 rpm<\/td>\n<td valign=\"center\">100 rpm<\/td>\n<td valign=\"center\">100 rpm<\/td>\n<td valign=\"center\">100 rpm<\/td>\n<\/tr>\n<tr>\n<td valign=\"center\">Potencia<\/td>\n<td valign=\"center\">0,75 KW<\/td>\n<td valign=\"center\">1,5 KW<\/td>\n<td valign=\"center\">1,5 KW<\/td>\n<td valign=\"center\">1,5 KW<\/td>\n<\/tr>\n<tr>\n<td valign=\"center\">Tama\u00f1o de la m\u00e1quina<\/td>\n<td valign=\"center\">600*1000*1200mm<\/td>\n<td valign=\"center\">700*1000*1300mm<\/td>\n<td valign=\"center\">700*1000*1400mm<\/td>\n<td valign=\"center\">850*1000*1500mm<\/td>\n<\/tr>\n<\/tbody>\n<\/table>\n<\/div>\n<\/div>\n<\/div>\n<\/div>\n<\/div>\n<\/div>\n<\/div>\n<\/div>\n<\/div>\n<\/div>\n<div class=\"fl-row fl-row-full-width fl-row-bg-none fl-node-61c145d9d57bf\" data-node=\"61c145d9d57bf\">\n<div class=\"fl-row-content-wrap\">\n<div class=\"fl-row-content fl-row-full-width fl-node-content\">\n<div class=\"fl-col-group fl-node-61c145d9d665b\" data-node=\"61c145d9d665b\">\n<div class=\"fl-col fl-node-61c145d9d679d\" data-node=\"61c145d9d679d\">\n<div class=\"fl-col-content fl-node-content\">\n<div class=\"fl-module fl-module-rich-text fl-node-61c145d9d5681\" data-node=\"61c145d9d5681\" data-animation-delay=\"0.0\">\n<div class=\"fl-module-content fl-node-content\">\n<div class=\"fl-rich-text\">\n<div class=\"content_box\"><\/div>\n<\/div>\n<\/div>\n<\/div>\n<\/div>\n<\/div>\n<\/div>\n<div class=\"fl-col-group fl-node-61c145e231eb6\" data-node=\"61c145e231eb6\">\n<div class=\"fl-col fl-node-61c145e231ff7\" data-node=\"61c145e231ff7\">\n<div class=\"fl-col-content fl-node-content\">\n<div class=\"fl-module fl-module-html fl-node-61c145e231dbd\" data-node=\"61c145e231dbd\" data-animation-delay=\"0.0\">\n<div class=\"fl-module-content fl-node-content\">\n<div class=\"fl-html\">\n<h2><span style=\"color: #e73034;\">V\u00eddeo de la m\u00e1quina APG<\/span><\/h2>\n<p><iframe loading=\"lazy\" title=\"Bobinadora toroidal\" width=\"1290\" height=\"726\" src=\"https:\/\/www.youtube.com\/embed\/01eiGz1uqCc?feature=oembed\" frameborder=\"0\" allow=\"accelerometer; autoplay; clipboard-write; encrypted-media; gyroscope; picture-in-picture; web-share\" allowfullscreen><\/iframe><\/p>\n<\/div>\n<\/div>\n<\/div>\n<\/div>\n<\/div>\n<\/div>\n<\/div>\n<\/div>\n<\/div>\n<\/div>\n<p>&nbsp;<\/p>","protected":false},"excerpt":{"rendered":"<h3>Breve descripci\u00f3n:<\/h3>\n<div>\n<p><strong>Aplicaci\u00f3n:\u00a0<\/strong>Se utiliza para bobinar bobinas toroidales para transformadores de corriente y rectificadores.<br \/>\n<strong>Ventajas:<\/strong>\u00a0El sistema PLC m\u00e1s avanzado, operaci\u00f3n confiable fuerte; el dise\u00f1o de la modularizaci\u00f3n reduce coste de mantenimiento; poco ruidoso; energ\u00eda de la reserva.<\/p>\n<\/div>","protected":false},"featured_media":775,"template":"","meta":{"_uag_custom_page_level_css":""},"product_cat":[33],"product_tag":[],"class_list":{"0":"post-881","1":"product","2":"type-product","3":"status-publish","4":"has-post-thumbnail","6":"product_cat-ct-pt-windng-machine","8":"first","9":"instock","10":"shipping-taxable","11":"product-type-simple"},"featured_image_urls":{"full":["https:\/\/www.apgmachine.com\/wp-content\/uploads\/2023\/12\/CT-toroidal-winding-machine-1.jpg",918,918,false],"thumbnail":["https:\/\/www.apgmachine.com\/wp-content\/uploads\/2023\/12\/CT-toroidal-winding-machine-1-150x150.jpg",150,150,true],"medium":["https:\/\/www.apgmachine.com\/wp-content\/uploads\/2023\/12\/CT-toroidal-winding-machine-1-300x300.jpg",300,300,true],"medium_large":["https:\/\/www.apgmachine.com\/wp-content\/uploads\/2023\/12\/CT-toroidal-winding-machine-1-768x768.jpg",768,768,true],"large":["https:\/\/www.apgmachine.com\/wp-content\/uploads\/2023\/12\/CT-toroidal-winding-machine-1.jpg",918,918,false],"1536x1536":["https:\/\/www.apgmachine.com\/wp-content\/uploads\/2023\/12\/CT-toroidal-winding-machine-1.jpg",918,918,false],"2048x2048":["https:\/\/www.apgmachine.com\/wp-content\/uploads\/2023\/12\/CT-toroidal-winding-machine-1.jpg",918,918,false],"trp-custom-language-flag":["https:\/\/www.apgmachine.com\/wp-content\/uploads\/2023\/12\/CT-toroidal-winding-machine-1.jpg",12,12,false],"woocommerce_archive_thumbnail":["https:\/\/www.apgmachine.com\/wp-content\/uploads\/2023\/12\/CT-toroidal-winding-machine-1-500x500.jpg",500,500,true],"woocommerce_thumbnail":["https:\/\/www.apgmachine.com\/wp-content\/uploads\/2023\/12\/CT-toroidal-winding-machine-1-300x300.jpg",300,300,true],"woocommerce_single":["https:\/\/www.apgmachine.com\/wp-content\/uploads\/2023\/12\/CT-toroidal-winding-machine-1-600x600.jpg",600,600,true],"woocommerce_gallery_thumbnail":["https:\/\/www.apgmachine.com\/wp-content\/uploads\/2023\/12\/CT-toroidal-winding-machine-1-100x100.jpg",100,100,true]},"post_excerpt_stackable":"<h3>Short Description:<\/h3>\n<div>\n<p><strong>Application:\u00a0<\/strong>Used for winding toroidal coils for current transformer and Rectifier.<br \/>\n<strong>Advantages:<\/strong>\u00a0Most advanced PLC system,strong reliable operation;modularization design reduce maintenance cost; low noisy;save power.<\/p>\n<\/div>\n","category_list":"","author_info":{"name":"","url":""},"comments_num":"0 comentarios","jetpack_sharing_enabled":true,"uagb_featured_image_src":{"full":["https:\/\/www.apgmachine.com\/wp-content\/uploads\/2023\/12\/CT-toroidal-winding-machine-1.jpg",918,918,false],"thumbnail":["https:\/\/www.apgmachine.com\/wp-content\/uploads\/2023\/12\/CT-toroidal-winding-machine-1-150x150.jpg",150,150,true],"medium":["https:\/\/www.apgmachine.com\/wp-content\/uploads\/2023\/12\/CT-toroidal-winding-machine-1-300x300.jpg",300,300,true],"medium_large":["https:\/\/www.apgmachine.com\/wp-content\/uploads\/2023\/12\/CT-toroidal-winding-machine-1-768x768.jpg",768,768,true],"large":["https:\/\/www.apgmachine.com\/wp-content\/uploads\/2023\/12\/CT-toroidal-winding-machine-1.jpg",918,918,false],"1536x1536":["https:\/\/www.apgmachine.com\/wp-content\/uploads\/2023\/12\/CT-toroidal-winding-machine-1.jpg",918,918,false],"2048x2048":["https:\/\/www.apgmachine.com\/wp-content\/uploads\/2023\/12\/CT-toroidal-winding-machine-1.jpg",918,918,false],"trp-custom-language-flag":["https:\/\/www.apgmachine.com\/wp-content\/uploads\/2023\/12\/CT-toroidal-winding-machine-1.jpg",12,12,false],"woocommerce_archive_thumbnail":["https:\/\/www.apgmachine.com\/wp-content\/uploads\/2023\/12\/CT-toroidal-winding-machine-1-500x500.jpg",500,500,true],"woocommerce_thumbnail":["https:\/\/www.apgmachine.com\/wp-content\/uploads\/2023\/12\/CT-toroidal-winding-machine-1-300x300.jpg",300,300,true],"woocommerce_single":["https:\/\/www.apgmachine.com\/wp-content\/uploads\/2023\/12\/CT-toroidal-winding-machine-1-600x600.jpg",600,600,true],"woocommerce_gallery_thumbnail":["https:\/\/www.apgmachine.com\/wp-content\/uploads\/2023\/12\/CT-toroidal-winding-machine-1-100x100.jpg",100,100,true]},"uagb_author_info":{"display_name":"admin","author_link":"https:\/\/www.apgmachine.com\/es\/author\/"},"uagb_comment_info":0,"uagb_excerpt":"Short Description: Application:\u00a0Used for winding toroidal coils for current transformer and Rectifier. Advantages:\u00a0Most advanced PLC system,strong reliable operation;modularization design reduce maintenance cost; low noisy;save power.","_links":{"self":[{"href":"https:\/\/www.apgmachine.com\/es\/wp-json\/wp\/v2\/product\/881","targetHints":{"allow":["GET"]}}],"collection":[{"href":"https:\/\/www.apgmachine.com\/es\/wp-json\/wp\/v2\/product"}],"about":[{"href":"https:\/\/www.apgmachine.com\/es\/wp-json\/wp\/v2\/types\/product"}],"wp:featuredmedia":[{"embeddable":true,"href":"https:\/\/www.apgmachine.com\/es\/wp-json\/wp\/v2\/media\/775"}],"wp:attachment":[{"href":"https:\/\/www.apgmachine.com\/es\/wp-json\/wp\/v2\/media?parent=881"}],"wp:term":[{"taxonomy":"product_cat","embeddable":true,"href":"https:\/\/www.apgmachine.com\/es\/wp-json\/wp\/v2\/product_cat?post=881"},{"taxonomy":"product_tag","embeddable":true,"href":"https:\/\/www.apgmachine.com\/es\/wp-json\/wp\/v2\/product_tag?post=881"}],"curies":[{"name":"wp","href":"https:\/\/api.w.org\/{rel}","templated":true}]}}