{"id":880,"date":"2023-12-04T03:47:44","date_gmt":"2023-12-03T19:47:44","guid":{"rendered":"http:\/\/wp.cd3.gzoat.com\/?post_type=product&#038;p=880"},"modified":"2023-12-04T04:47:04","modified_gmt":"2023-12-03T20:47:04","slug":"raw-materials","status":"publish","type":"product","link":"https:\/\/www.apgmachine.com\/es\/producto\/materias-primas\/","title":{"rendered":"Materias primas"},"content":{"rendered":"<div class=\"content_box\">\n<h2>Volmet suministra materias primas para la producci\u00f3n de aislantes CT, PT y casquillos:<\/h2>\n<\/div>\n<p>Volmet es professioal suministro reisn epoxi y todo tipo de cintas aislantes para el transformador de corriente de flexi\u00f3n, transformador de tensi\u00f3n parts.our activos productos de calidad estable incluyen: resina epoxi, resina retardante de llama, agente de curado, modificador al aire libre, agente endurecedor, pasta epoxi, agente de desmoldeo y rellenos.<br \/>\nPara cintas aislantes, tenemos: Papel PMP, cintas semiconductoras, papel pescado, papel creep, cintas autoadhesivas.<\/p>\n<div class=\"content_box\">\n<h2>Resina epoxi y endurecedor Aplicaciones:<\/h2>\n<\/div>\n<p>utilizado para la producci\u00f3n de resina epoxi transformador de corriente, transformador de tensi\u00f3n, aisladores, casquillo, caja de contactos, SF6 cubierta, incrustado polo etc como muestra la foto de abajo:<\/p>\n<p><img decoding=\"async\" class=\"alignnone size-full wp-image-1512 aligncenter\" src=\"https:\/\/cdn.globalso.com\/apgmachine\/5d455hth.jpg\" alt=\"5d455hth\" \/><\/p>\n<div class=\"content_box\">\n<h2>Cintas aislantes Aplicaciones:<\/h2>\n<\/div>\n<p>utilizado para doblar transformador de corriente y transformador de tensi\u00f3n partes activas(bobinas)\uff1a.<\/p>\n<p><img decoding=\"async\" class=\"alignnone size-full wp-image-1513 aligncenter\" src=\"https:\/\/cdn.globalso.com\/apgmachine\/singl5hgbg.png\" alt=\"singl5hgbg\" \/><\/p>\n<div class=\"content_box\">\n<h2>Papel crep\u00e9 semiconductor negro<\/h2>\n<\/div>\n<p><img decoding=\"async\" class=\"alignnone size-full wp-image-1514 aligncenter\" src=\"https:\/\/cdn.globalso.com\/apgmachine\/5ghf5g6h55.jpg\" alt=\"5ghf5g6h55\" \/><\/p>\n<div class=\"content_box\">\n<h2>Papel crep\u00e9 semiconductor Introducci\u00f3n del producto:<\/h2>\n<\/div>\n<p>Est\u00e1 hecho de papel de cable mediante procesamiento mec\u00e1nico. Grosor del sustrato 0,05 mm, 0,08 mm, 0,13 mm;<br \/>\nAnchura convencional: 20, 25, 30, 40 mm<br \/>\nCaracter\u00edsticas del producto: arrugas regulares, sin impurezas, peque\u00f1os agujeros, marcas de agua, bordes limpios, grosor uniforme<br \/>\nUso del producto: Este producto se utiliza principalmente para aislar piezas de diversos aparatos el\u00e9ctricos, como transformadores y transformadores.<br \/>\nPapel crep\u00e9 amarillo para urdir bobina CT,PT<\/p>\n<p><img decoding=\"async\" class=\"alignnone size-full wp-image-1515 aligncenter\" src=\"https:\/\/cdn.globalso.com\/apgmachine\/Fish-paper.jpg\" alt=\"Papel de pescado\" \/><\/p>\n<div class=\"content_box\">\n<h2>Papel de pescado<\/h2>\n<\/div>\n<p><img decoding=\"async\" class=\"alignnone size-full wp-image-1516 aligncenter\" src=\"https:\/\/cdn.globalso.com\/apgmachine\/Fish-papersingliemg.jpg\" alt=\"Pescado papersingliemg\" \/><\/p>\n<p>Papel de c\u00e1scara verde 6520 papel aislante de pel\u00edcula de poli\u00e9ster material compuesto blando (grado de aislamiento: nivel E), es un material compuesto de doble cara hecho de pel\u00edcula de poli\u00e9ster recubierta por un lado con un adhesivo y pegada con cart\u00f3n aislante (es decir, papel de c\u00e1scara verde) . Tiene una gran resistencia a la tracci\u00f3n, flexi\u00f3n longitudinal y transversal, resistencia a la temperatura de 130\u2103, resistencia a la tensi\u00f3n de 4000 voltios, excelentes propiedades diel\u00e9ctricas y resistencia mec\u00e1nica. Es un material aislante moldeado para la producci\u00f3n de motores as\u00edncronos de baja tensi\u00f3n peque\u00f1os y medianos. Est\u00e1 aislado en clase E En la estructura del material, este material compuesto se utiliza com\u00fanmente como aislamiento de ranuras, de giro a giro y de revestimiento, y suele ser adecuado para el aislamiento electromec\u00e1nico y de transformadores.<\/p>\n<p><img decoding=\"async\" class=\"alignnone size-full wp-image-1517 aligncenter\" src=\"https:\/\/cdn.globalso.com\/apgmachine\/PMP-paperinsulating-paper.jpg\" alt=\"Papel PMP (papel aislante)\" \/><\/p>\n<p><b>Datos t\u00e9cnicos:<\/b><br \/>\n<b>Apariencia:\u00a0<\/b>Suavidad, sin ampollas, sin pliegues<\/p>\n<p><b>Espesor y tolerancia:<\/b><br \/>\n0,075mm\u00b10,01, 0,10mm\u00b10,01<\/p>\n<p><b>Tensi\u00f3n de ruptura:<\/b><br \/>\n0,075mm-8kv, 0,10mm-10kv<\/p>\n<p><b>Resistencia a la tracci\u00f3n (MD):<\/b><br \/>\n0,075 mm-m\u00e1s de 80 N\/10 mm<br \/>\n0,10 mm-m\u00e1s de 100 N\/10 mm<\/p>\n<p><b>Clase t\u00e9rmica:<\/b>\u00a0B(130\u2103)<br \/>\n<b>Est\u00e1ndar:<\/b>\u00a0IEC 60626-3:1988<\/p>\n<div class=\"content_box\">\n<h2>Cinta de caucho autoadhesiva<\/h2>\n<\/div>\n<p><img decoding=\"async\" class=\"alignnone size-full wp-image-1518 aligncenter\" src=\"https:\/\/cdn.globalso.com\/apgmachine\/Self-bonding-rubber-tape.jpg\" alt=\"Cinta de caucho autoadhesiva\" \/><\/p>\n<p>Cinta de caucho autofusible de alta tensi\u00f3n<\/p>\n<p><strong>Caracter\u00edstica:<\/strong><br \/>\nCinta de caucho especial, alta resistencia a la tracci\u00f3n y elasticidad, tolerancia a la alta tensi\u00f3n, excelente estanqueidad al aire, buena resistencia a la intemperie y al envejecimiento, fuerte resistencia a la corrosi\u00f3n.<\/p>\n<p><strong>Caracter\u00edstica\uff1a<\/strong>Cinta de caucho especial, alta resistencia a la tracci\u00f3n y elasticidad, tolerancia a la alta tensi\u00f3n, excelente estanqueidad al aire, buena resistencia a la intemperie y al envejecimiento, fuerte resistencia a la corrosi\u00f3n.<\/p>\n<p><strong>Aplicaci\u00f3n:<\/strong>\u00a0Para la protecci\u00f3n aislante de las conexiones finales o intermedias de alambres y cables con 69kV(35#), 35kV(30#),20kV(25#),10kV(20#),1kV(10#),o por debajo en la temperatura ambiente entre -10\u2103\uff5e80\u2103, sellado aislante para conexiones de cables de comunicaciones, protecci\u00f3n de tuber\u00edas, remedio y sellado.<\/p>\n<p><strong>Datos tecnol\u00f3gicos:<\/strong><\/p>\n<div class=\"table_wrap\">\n<table border=\"0\" cellspacing=\"0\">\n<tbody>\n<tr>\n<td valign=\"center\" width=\"129\">Tipo<\/td>\n<td valign=\"center\" width=\"49\">Unidad<\/td>\n<td valign=\"center\" width=\"43\">10#<\/td>\n<td valign=\"center\" width=\"37\">20#<\/td>\n<td valign=\"center\" width=\"46\">25#<\/td>\n<td valign=\"center\" width=\"48\">30#<\/td>\n<td valign=\"center\" width=\"59\">35#<\/td>\n<\/tr>\n<tr>\n<td valign=\"center\" width=\"129\">Espesor<\/td>\n<td valign=\"center\" width=\"49\">mm<\/td>\n<td valign=\"center\" width=\"43\">0.76<\/td>\n<td valign=\"center\" width=\"37\">0.76<\/td>\n<td valign=\"center\" width=\"46\">0.5<\/td>\n<td valign=\"center\" width=\"48\">0.76<\/td>\n<td valign=\"center\" width=\"59\">0.76<\/td>\n<\/tr>\n<tr>\n<td valign=\"center\" width=\"129\">Resistencia a la tracci\u00f3n<\/td>\n<td valign=\"center\" width=\"49\">MPa<\/td>\n<td valign=\"center\" width=\"43\">0.8<\/td>\n<td valign=\"center\" width=\"37\">0.8<\/td>\n<td valign=\"center\" width=\"46\">1.0<\/td>\n<td valign=\"center\" width=\"48\">1.2<\/td>\n<td valign=\"center\" width=\"59\">1.2<\/td>\n<\/tr>\n<tr>\n<td valign=\"center\" width=\"129\">Alargamiento<\/td>\n<td valign=\"center\" width=\"49\">%<\/td>\n<td valign=\"center\" width=\"43\">400<\/td>\n<td valign=\"center\" width=\"37\">500<\/td>\n<td valign=\"center\" width=\"46\">500<\/td>\n<td valign=\"center\" width=\"48\">500<\/td>\n<td valign=\"center\" width=\"59\">600<\/td>\n<\/tr>\n<tr>\n<td valign=\"center\" width=\"129\">Fuerza disruptiva<\/td>\n<td valign=\"center\" width=\"49\">kV\/mm<\/td>\n<td valign=\"center\" width=\"43\">10.0<\/td>\n<td valign=\"center\" width=\"37\">10.0<\/td>\n<td valign=\"center\" width=\"46\">12.0<\/td>\n<td valign=\"center\" width=\"48\">12.0<\/td>\n<td valign=\"center\" width=\"59\">15.0<\/td>\n<\/tr>\n<\/tbody>\n<\/table>\n<\/div>\n<p><strong>Observaci\u00f3n:<\/strong>\u00a0Los datos de este cat\u00e1logo son valores t\u00edpicos, s\u00f3lo para referencia, los datos reales del producto son de acuerdo con el resultado de la prueba real.<\/p>\n<div class=\"content_box\">\n<h2>Bobina activa PT<\/h2>\n<\/div>\n<p><img decoding=\"async\" class=\"alignnone size-full wp-image-1519 aligncenter\" src=\"https:\/\/cdn.globalso.com\/apgmachine\/4a8a12bf.jpg\" alt=\"Bobina activa PT\u00a0\" \/><\/p>\n<p>&nbsp;<\/p>","protected":false},"excerpt":{"rendered":"<h3>Breve descripci\u00f3n:<\/h3>\n<div>\n<p><strong>Aplicaciones:\u00a0<\/strong>El papel y las cintas aislantes se utilizan principalmente para doblar los n\u00facleos de los transformadores de corriente y tensi\u00f3n con fines aislantes.<\/p>\n<\/div>","protected":false},"featured_media":922,"template":"","meta":{"_uag_custom_page_level_css":""},"product_cat":[32],"product_tag":[],"class_list":{"0":"post-880","1":"product","2":"type-product","3":"status-publish","4":"has-post-thumbnail","6":"product_cat-ct-pt-insulating-paper","8":"first","9":"instock","10":"shipping-taxable","11":"product-type-simple"},"featured_image_urls":{"full":["https:\/\/www.apgmachine.com\/wp-content\/uploads\/2023\/12\/Raw-materials-1.jpg",720,720,false],"thumbnail":["https:\/\/www.apgmachine.com\/wp-content\/uploads\/2023\/12\/Raw-materials-1-150x150.jpg",150,150,true],"medium":["https:\/\/www.apgmachine.com\/wp-content\/uploads\/2023\/12\/Raw-materials-1-300x300.jpg",300,300,true],"medium_large":["https:\/\/www.apgmachine.com\/wp-content\/uploads\/2023\/12\/Raw-materials-1.jpg",720,720,false],"large":["https:\/\/www.apgmachine.com\/wp-content\/uploads\/2023\/12\/Raw-materials-1.jpg",720,720,false],"1536x1536":["https:\/\/www.apgmachine.com\/wp-content\/uploads\/2023\/12\/Raw-materials-1.jpg",720,720,false],"2048x2048":["https:\/\/www.apgmachine.com\/wp-content\/uploads\/2023\/12\/Raw-materials-1.jpg",720,720,false],"trp-custom-language-flag":["https:\/\/www.apgmachine.com\/wp-content\/uploads\/2023\/12\/Raw-materials-1.jpg",12,12,false],"woocommerce_archive_thumbnail":["https:\/\/www.apgmachine.com\/wp-content\/uploads\/2023\/12\/Raw-materials-1-500x500.jpg",500,500,true],"woocommerce_thumbnail":["https:\/\/www.apgmachine.com\/wp-content\/uploads\/2023\/12\/Raw-materials-1-300x300.jpg",300,300,true],"woocommerce_single":["https:\/\/www.apgmachine.com\/wp-content\/uploads\/2023\/12\/Raw-materials-1-600x600.jpg",600,600,true],"woocommerce_gallery_thumbnail":["https:\/\/www.apgmachine.com\/wp-content\/uploads\/2023\/12\/Raw-materials-1-100x100.jpg",100,100,true]},"post_excerpt_stackable":"<h3>Short Description:<\/h3>\n<div>\n<p><strong>Applications:\u00a0<\/strong>Insulation paper and tapes mainly used for bend current transformer and voltage transformer cores for insulating purpose.<\/p>\n<\/div>\n","category_list":"","author_info":{"name":"","url":""},"comments_num":"0 comentarios","jetpack_sharing_enabled":true,"uagb_featured_image_src":{"full":["https:\/\/www.apgmachine.com\/wp-content\/uploads\/2023\/12\/Raw-materials-1.jpg",720,720,false],"thumbnail":["https:\/\/www.apgmachine.com\/wp-content\/uploads\/2023\/12\/Raw-materials-1-150x150.jpg",150,150,true],"medium":["https:\/\/www.apgmachine.com\/wp-content\/uploads\/2023\/12\/Raw-materials-1-300x300.jpg",300,300,true],"medium_large":["https:\/\/www.apgmachine.com\/wp-content\/uploads\/2023\/12\/Raw-materials-1.jpg",720,720,false],"large":["https:\/\/www.apgmachine.com\/wp-content\/uploads\/2023\/12\/Raw-materials-1.jpg",720,720,false],"1536x1536":["https:\/\/www.apgmachine.com\/wp-content\/uploads\/2023\/12\/Raw-materials-1.jpg",720,720,false],"2048x2048":["https:\/\/www.apgmachine.com\/wp-content\/uploads\/2023\/12\/Raw-materials-1.jpg",720,720,false],"trp-custom-language-flag":["https:\/\/www.apgmachine.com\/wp-content\/uploads\/2023\/12\/Raw-materials-1.jpg",12,12,false],"woocommerce_archive_thumbnail":["https:\/\/www.apgmachine.com\/wp-content\/uploads\/2023\/12\/Raw-materials-1-500x500.jpg",500,500,true],"woocommerce_thumbnail":["https:\/\/www.apgmachine.com\/wp-content\/uploads\/2023\/12\/Raw-materials-1-300x300.jpg",300,300,true],"woocommerce_single":["https:\/\/www.apgmachine.com\/wp-content\/uploads\/2023\/12\/Raw-materials-1-600x600.jpg",600,600,true],"woocommerce_gallery_thumbnail":["https:\/\/www.apgmachine.com\/wp-content\/uploads\/2023\/12\/Raw-materials-1-100x100.jpg",100,100,true]},"uagb_author_info":{"display_name":"admin","author_link":"https:\/\/www.apgmachine.com\/es\/author\/"},"uagb_comment_info":0,"uagb_excerpt":"Short Description: Applications:\u00a0Insulation paper and tapes mainly used for bend current transformer and voltage transformer cores for insulating purpose.","_links":{"self":[{"href":"https:\/\/www.apgmachine.com\/es\/wp-json\/wp\/v2\/product\/880","targetHints":{"allow":["GET"]}}],"collection":[{"href":"https:\/\/www.apgmachine.com\/es\/wp-json\/wp\/v2\/product"}],"about":[{"href":"https:\/\/www.apgmachine.com\/es\/wp-json\/wp\/v2\/types\/product"}],"wp:featuredmedia":[{"embeddable":true,"href":"https:\/\/www.apgmachine.com\/es\/wp-json\/wp\/v2\/media\/922"}],"wp:attachment":[{"href":"https:\/\/www.apgmachine.com\/es\/wp-json\/wp\/v2\/media?parent=880"}],"wp:term":[{"taxonomy":"product_cat","embeddable":true,"href":"https:\/\/www.apgmachine.com\/es\/wp-json\/wp\/v2\/product_cat?post=880"},{"taxonomy":"product_tag","embeddable":true,"href":"https:\/\/www.apgmachine.com\/es\/wp-json\/wp\/v2\/product_tag?post=880"}],"curies":[{"name":"wp","href":"https:\/\/api.w.org\/{rel}","templated":true}]}}