{"id":878,"date":"2023-12-04T03:45:24","date_gmt":"2023-12-03T19:45:24","guid":{"rendered":"http:\/\/wp.cd3.gzoat.com\/?post_type=product&#038;p=878"},"modified":"2023-12-04T04:47:04","modified_gmt":"2023-12-03T20:47:04","slug":"epoxy-resin-embedded-polerecloser-load-break-switch-apg-mold","status":"publish","type":"product","link":"https:\/\/www.apgmachine.com\/es\/producto\/resina-epoxi-embebida-polerecloser-load-break-switch-apg-mold\/","title":{"rendered":"Resina Epoxi Embebida Polo,Reconectador (Interruptor de corte de carga) Molde APG"},"content":{"rendered":"<div class=\"content_box\">\n<h2>Chat de flujo de producci\u00f3n de moldes APG<\/h2>\n<\/div>\n<p><img decoding=\"async\" class=\"alignnone size-full wp-image-1425 aligncenter\" src=\"https:\/\/cdn.globalso.com\/apgmachine\/5222c947.png\" alt=\"molde aPG Charla sobre el flujo de producci\u00f3n\u00a0\" \/><\/p>\n<div class=\"content_box\">\n<h2>Aplicaci\u00f3n:<\/h2>\n<\/div>\n<p>utilizado para la fundici\u00f3n de casquillos de resina epoxi de 11-36Kv<br \/>\n1.Paso 1: instalar el casquillo APG Mold en la m\u00e1quina de sujeci\u00f3n APG<br \/>\n2.Paso 2: instalar accesorios, insertos en el molde APG.<br \/>\n3.Paso 3:Sujeci\u00f3n de la m\u00e1quina apg,inyecci\u00f3n de resina epoxi en el molde.<br \/>\n4.Paso 4:Curado de la resina epoxi dentro del molde,abrir la placa de sujeci\u00f3n,sacar el producto.<\/p>\n<p><img decoding=\"async\" class=\"alignnone size-full wp-image-1438\" src=\"https:\/\/cdn.globalso.com\/apgmachine\/singleimg1.jpg\" alt=\"singleimg\" \/><\/p>\n<div class=\"content_box\">\n<h2>Molde de env\u00edo:<\/h2>\n<\/div>\n<p><img decoding=\"async\" class=\"alignnone size-full wp-image-1429 aligncenter\" src=\"https:\/\/cdn.globalso.com\/apgmachine\/singlibf45.png\" alt=\"singlibf45\" \/><\/p>\n<div class=\"content_box\">\n<h2>Clientes:<\/h2>\n<\/div>\n<p>Trail molde, hacer muestras de transformador de tensi\u00f3n antes de la entrega despu\u00e9s de la inspecci\u00f3n<\/p>\n<p><img decoding=\"async\" class=\"alignnone size-full wp-image-1232 aligncenter\" src=\"https:\/\/cdn.globalso.com\/apgmachine\/clients.jpg\" alt=\"clientes\" \/><\/p>\n<div class=\"clear\"><\/div>","protected":false},"excerpt":{"rendered":"<h3>Breve descripci\u00f3n:<\/h3>\n<div>\n<p>Soporte dise\u00f1o resina epoxi casquillo,dise\u00f1o y maquinaria interruptor disyuntor carga SF6 mold.no importa molde de fundici\u00f3n al vac\u00edo o APG molde.<\/p>\n<\/div>","protected":false},"featured_media":919,"template":"","meta":{"_uag_custom_page_level_css":""},"product_cat":[30],"product_tag":[],"class_list":{"0":"post-878","1":"product","2":"type-product","3":"status-publish","4":"has-post-thumbnail","6":"product_cat-apg-mold","8":"first","9":"instock","10":"shipping-taxable","11":"product-type-simple"},"featured_image_urls":{"full":["https:\/\/www.apgmachine.com\/wp-content\/uploads\/2023\/12\/Epoxy-Resin-Embedded-polerecloser-Load-break-switch-APG-mold-3.jpg",1000,1000,false],"thumbnail":["https:\/\/www.apgmachine.com\/wp-content\/uploads\/2023\/12\/Epoxy-Resin-Embedded-polerecloser-Load-break-switch-APG-mold-3-150x150.jpg",150,150,true],"medium":["https:\/\/www.apgmachine.com\/wp-content\/uploads\/2023\/12\/Epoxy-Resin-Embedded-polerecloser-Load-break-switch-APG-mold-3-300x300.jpg",300,300,true],"medium_large":["https:\/\/www.apgmachine.com\/wp-content\/uploads\/2023\/12\/Epoxy-Resin-Embedded-polerecloser-Load-break-switch-APG-mold-3-768x768.jpg",768,768,true],"large":["https:\/\/www.apgmachine.com\/wp-content\/uploads\/2023\/12\/Epoxy-Resin-Embedded-polerecloser-Load-break-switch-APG-mold-3.jpg",1000,1000,false],"1536x1536":["https:\/\/www.apgmachine.com\/wp-content\/uploads\/2023\/12\/Epoxy-Resin-Embedded-polerecloser-Load-break-switch-APG-mold-3.jpg",1000,1000,false],"2048x2048":["https:\/\/www.apgmachine.com\/wp-content\/uploads\/2023\/12\/Epoxy-Resin-Embedded-polerecloser-Load-break-switch-APG-mold-3.jpg",1000,1000,false],"trp-custom-language-flag":["https:\/\/www.apgmachine.com\/wp-content\/uploads\/2023\/12\/Epoxy-Resin-Embedded-polerecloser-Load-break-switch-APG-mold-3.jpg",12,12,false],"woocommerce_archive_thumbnail":["https:\/\/www.apgmachine.com\/wp-content\/uploads\/2023\/12\/Epoxy-Resin-Embedded-polerecloser-Load-break-switch-APG-mold-3-500x500.jpg",500,500,true],"woocommerce_thumbnail":["https:\/\/www.apgmachine.com\/wp-content\/uploads\/2023\/12\/Epoxy-Resin-Embedded-polerecloser-Load-break-switch-APG-mold-3-300x300.jpg",300,300,true],"woocommerce_single":["https:\/\/www.apgmachine.com\/wp-content\/uploads\/2023\/12\/Epoxy-Resin-Embedded-polerecloser-Load-break-switch-APG-mold-3-600x600.jpg",600,600,true],"woocommerce_gallery_thumbnail":["https:\/\/www.apgmachine.com\/wp-content\/uploads\/2023\/12\/Epoxy-Resin-Embedded-polerecloser-Load-break-switch-APG-mold-3-100x100.jpg",100,100,true]},"post_excerpt_stackable":"<h3>Short Description:<\/h3>\n<div>\n<p>Support design epoxy resin bushing,design and machinery SF6 load breaker switch mold.no matter vacuum casting mold or APG mold.<\/p>\n<\/div>\n","category_list":"","author_info":{"name":"","url":""},"comments_num":"0 comentarios","jetpack_sharing_enabled":true,"uagb_featured_image_src":{"full":["https:\/\/www.apgmachine.com\/wp-content\/uploads\/2023\/12\/Epoxy-Resin-Embedded-polerecloser-Load-break-switch-APG-mold-3.jpg",1000,1000,false],"thumbnail":["https:\/\/www.apgmachine.com\/wp-content\/uploads\/2023\/12\/Epoxy-Resin-Embedded-polerecloser-Load-break-switch-APG-mold-3-150x150.jpg",150,150,true],"medium":["https:\/\/www.apgmachine.com\/wp-content\/uploads\/2023\/12\/Epoxy-Resin-Embedded-polerecloser-Load-break-switch-APG-mold-3-300x300.jpg",300,300,true],"medium_large":["https:\/\/www.apgmachine.com\/wp-content\/uploads\/2023\/12\/Epoxy-Resin-Embedded-polerecloser-Load-break-switch-APG-mold-3-768x768.jpg",768,768,true],"large":["https:\/\/www.apgmachine.com\/wp-content\/uploads\/2023\/12\/Epoxy-Resin-Embedded-polerecloser-Load-break-switch-APG-mold-3.jpg",1000,1000,false],"1536x1536":["https:\/\/www.apgmachine.com\/wp-content\/uploads\/2023\/12\/Epoxy-Resin-Embedded-polerecloser-Load-break-switch-APG-mold-3.jpg",1000,1000,false],"2048x2048":["https:\/\/www.apgmachine.com\/wp-content\/uploads\/2023\/12\/Epoxy-Resin-Embedded-polerecloser-Load-break-switch-APG-mold-3.jpg",1000,1000,false],"trp-custom-language-flag":["https:\/\/www.apgmachine.com\/wp-content\/uploads\/2023\/12\/Epoxy-Resin-Embedded-polerecloser-Load-break-switch-APG-mold-3.jpg",12,12,false],"woocommerce_archive_thumbnail":["https:\/\/www.apgmachine.com\/wp-content\/uploads\/2023\/12\/Epoxy-Resin-Embedded-polerecloser-Load-break-switch-APG-mold-3-500x500.jpg",500,500,true],"woocommerce_thumbnail":["https:\/\/www.apgmachine.com\/wp-content\/uploads\/2023\/12\/Epoxy-Resin-Embedded-polerecloser-Load-break-switch-APG-mold-3-300x300.jpg",300,300,true],"woocommerce_single":["https:\/\/www.apgmachine.com\/wp-content\/uploads\/2023\/12\/Epoxy-Resin-Embedded-polerecloser-Load-break-switch-APG-mold-3-600x600.jpg",600,600,true],"woocommerce_gallery_thumbnail":["https:\/\/www.apgmachine.com\/wp-content\/uploads\/2023\/12\/Epoxy-Resin-Embedded-polerecloser-Load-break-switch-APG-mold-3-100x100.jpg",100,100,true]},"uagb_author_info":{"display_name":"admin","author_link":"https:\/\/www.apgmachine.com\/es\/author\/"},"uagb_comment_info":0,"uagb_excerpt":"Short Description: Support design epoxy resin bushing,design and machinery SF6 load breaker switch mold.no matter vacuum casting mold or APG mold.","_links":{"self":[{"href":"https:\/\/www.apgmachine.com\/es\/wp-json\/wp\/v2\/product\/878","targetHints":{"allow":["GET"]}}],"collection":[{"href":"https:\/\/www.apgmachine.com\/es\/wp-json\/wp\/v2\/product"}],"about":[{"href":"https:\/\/www.apgmachine.com\/es\/wp-json\/wp\/v2\/types\/product"}],"wp:featuredmedia":[{"embeddable":true,"href":"https:\/\/www.apgmachine.com\/es\/wp-json\/wp\/v2\/media\/919"}],"wp:attachment":[{"href":"https:\/\/www.apgmachine.com\/es\/wp-json\/wp\/v2\/media?parent=878"}],"wp:term":[{"taxonomy":"product_cat","embeddable":true,"href":"https:\/\/www.apgmachine.com\/es\/wp-json\/wp\/v2\/product_cat?post=878"},{"taxonomy":"product_tag","embeddable":true,"href":"https:\/\/www.apgmachine.com\/es\/wp-json\/wp\/v2\/product_tag?post=878"}],"curies":[{"name":"wp","href":"https:\/\/api.w.org\/{rel}","templated":true}]}}