{"id":873,"date":"2023-12-05T03:39:41","date_gmt":"2023-12-04T19:39:41","guid":{"rendered":"http:\/\/wp.cd3.gzoat.com\/?post_type=product&#038;p=873"},"modified":"2024-01-04T14:33:23","modified_gmt":"2024-01-04T06:33:23","slug":"epoxy-resin-insulator-apg-mold","status":"publish","type":"product","link":"https:\/\/www.apgmachine.com\/es\/producto\/resina-epoxi-aislante-molde-apg\/","title":{"rendered":"Aislante de resina epoxi Molde APG"},"content":{"rendered":"<div class=\"content_box\">\n<h2>Nuestras ventajas<\/h2>\n<\/div>\n<p>1.Material del molde: P20 de alta precisi\u00f3n<\/p>\n<p>El acero para moldes P20 ha sido preendurecido a 285-330HB (30-36HRC), a trav\u00e9s de procesos de endurecido, templado y nitrurado, la dureza de la superficie del molde puede alcanzar 57-60HRC,La vida \u00fatil del molde puede alcanzar m\u00e1s de 1 mill\u00f3n de veces.<\/p>\n<p>2.Talentoso y rico equipo de dise\u00f1o de moldes de experiencia, garantizar el dise\u00f1o del molde es razonable<\/p>\n<p>3.Con avanzada m\u00e1quina CNC, m\u00e1quina de list\u00f3n, fresadora, etc garantizar la maquinaria del molde en alta calidad.<\/p>\n<p>4.Supply servicio del molde del rastro, molde calificado de las muestras antes del molde de la entrega, molde de la garant\u00eda en buenas condiciones.<\/p>\n<div class=\"content_box\">\n<h2>Chat de flujo de producci\u00f3n de moldes APG:<\/h2>\n<\/div>\n<p><img decoding=\"async\" class=\"alignnone size-full wp-image-1239 aligncenter\" src=\"https:\/\/cdn.globalso.com\/apgmachine\/APG-mold-Production-flow-chat1.png\" alt=\"Molde APG Charla sobre el flujo de producci\u00f3n\" \/><\/p>\n<div class=\"content_box\">\n<h2>Aplicaci\u00f3n:<\/h2>\n<\/div>\n<p>Aislador apg molde utilizado para la fundici\u00f3n de resina epoxi aislante de 11-36KV<br \/>\n1.Paso 1: instalar el molde APG aislante en la m\u00e1quina de sujeci\u00f3n APG<br \/>\n2.Paso 2: instalar accesorios, insertos en el molde APG.<br \/>\n3.Paso 3:Sujeci\u00f3n de la m\u00e1quina apg,inyecci\u00f3n de resina epoxi en el molde.<br \/>\n4.Paso 4:Curado de la resina epoxi dentro del molde,abrir la placa de sujeci\u00f3n,sacar el producto.<\/p>\n<p><img decoding=\"async\" class=\"alignnone size-full wp-image-1240 aligncenter\" src=\"https:\/\/cdn.globalso.com\/apgmachine\/Application1.jpg\" alt=\"Aplicaci\u00f3n\" \/><\/p>\n<div class=\"content_box\">\n<h2>Molde de env\u00edo:<\/h2>\n<\/div>\n<p>Moldes de senderos de apoyo y entrega al cliente.<\/p>\n<p><img decoding=\"async\" class=\"alignnone size-full wp-image-1231 aligncenter\" src=\"https:\/\/cdn.globalso.com\/apgmachine\/Shipping-mold.jpg\" alt=\"Molde de env\u00edo\" \/><\/p>\n<div class=\"content_box\">\n<h2>Clientes:<\/h2>\n<\/div>\n<p>Trail molde, hacer muestras de transformador de tensi\u00f3n antes de la entrega despu\u00e9s de la inspecci\u00f3n:<\/p>\n<p><img decoding=\"async\" class=\"alignnone size-full wp-image-1232 aligncenter\" src=\"https:\/\/cdn.globalso.com\/apgmachine\/clients.jpg\" alt=\"clientes\" \/><\/p>\n<p>Soporte de dise\u00f1o de resina epoxi aisladores, dise\u00f1o y maquinaria de resina epoxi aisladores mold.no importa molde de colada al vac\u00edo o APG molde.<\/p>","protected":false},"excerpt":{"rendered":"<h3>Breve descripci\u00f3n:<\/h3>\n<div>\n<p>APG molde aislante para la fundici\u00f3n de resina epoxi aislante, el suministro de fundici\u00f3n de muestra de seguimiento servicio de molde<\/p>\n<\/div>","protected":false},"featured_media":954,"template":"","meta":{"_uag_custom_page_level_css":""},"product_cat":[30],"product_tag":[],"class_list":{"0":"post-873","1":"product","2":"type-product","3":"status-publish","4":"has-post-thumbnail","6":"product_cat-apg-mold","8":"first","9":"instock","10":"shipping-taxable","11":"product-type-simple"},"featured_image_urls":{"full":["https:\/\/www.apgmachine.com\/wp-content\/uploads\/2023\/12\/Epoxy-Resin-Insulator-APG-mold.jpg",918,918,false],"thumbnail":["https:\/\/www.apgmachine.com\/wp-content\/uploads\/2023\/12\/Epoxy-Resin-Insulator-APG-mold-150x150.jpg",150,150,true],"medium":["https:\/\/www.apgmachine.com\/wp-content\/uploads\/2023\/12\/Epoxy-Resin-Insulator-APG-mold-300x300.jpg",300,300,true],"medium_large":["https:\/\/www.apgmachine.com\/wp-content\/uploads\/2023\/12\/Epoxy-Resin-Insulator-APG-mold-768x768.jpg",768,768,true],"large":["https:\/\/www.apgmachine.com\/wp-content\/uploads\/2023\/12\/Epoxy-Resin-Insulator-APG-mold.jpg",918,918,false],"1536x1536":["https:\/\/www.apgmachine.com\/wp-content\/uploads\/2023\/12\/Epoxy-Resin-Insulator-APG-mold.jpg",918,918,false],"2048x2048":["https:\/\/www.apgmachine.com\/wp-content\/uploads\/2023\/12\/Epoxy-Resin-Insulator-APG-mold.jpg",918,918,false],"trp-custom-language-flag":["https:\/\/www.apgmachine.com\/wp-content\/uploads\/2023\/12\/Epoxy-Resin-Insulator-APG-mold.jpg",12,12,false],"woocommerce_archive_thumbnail":["https:\/\/www.apgmachine.com\/wp-content\/uploads\/2023\/12\/Epoxy-Resin-Insulator-APG-mold-500x500.jpg",500,500,true],"woocommerce_thumbnail":["https:\/\/www.apgmachine.com\/wp-content\/uploads\/2023\/12\/Epoxy-Resin-Insulator-APG-mold-300x300.jpg",300,300,true],"woocommerce_single":["https:\/\/www.apgmachine.com\/wp-content\/uploads\/2023\/12\/Epoxy-Resin-Insulator-APG-mold-600x600.jpg",600,600,true],"woocommerce_gallery_thumbnail":["https:\/\/www.apgmachine.com\/wp-content\/uploads\/2023\/12\/Epoxy-Resin-Insulator-APG-mold-100x100.jpg",100,100,true]},"post_excerpt_stackable":"<h3>Short Description:<\/h3>\n<div>\n<p>APG insulator mold for casting epoxy resin insulator,supply casting sample trail mold service<\/p>\n<\/div>\n","category_list":"","author_info":{"name":"","url":""},"comments_num":"0 comentarios","jetpack_sharing_enabled":true,"uagb_featured_image_src":{"full":["https:\/\/www.apgmachine.com\/wp-content\/uploads\/2023\/12\/Epoxy-Resin-Insulator-APG-mold.jpg",918,918,false],"thumbnail":["https:\/\/www.apgmachine.com\/wp-content\/uploads\/2023\/12\/Epoxy-Resin-Insulator-APG-mold-150x150.jpg",150,150,true],"medium":["https:\/\/www.apgmachine.com\/wp-content\/uploads\/2023\/12\/Epoxy-Resin-Insulator-APG-mold-300x300.jpg",300,300,true],"medium_large":["https:\/\/www.apgmachine.com\/wp-content\/uploads\/2023\/12\/Epoxy-Resin-Insulator-APG-mold-768x768.jpg",768,768,true],"large":["https:\/\/www.apgmachine.com\/wp-content\/uploads\/2023\/12\/Epoxy-Resin-Insulator-APG-mold.jpg",918,918,false],"1536x1536":["https:\/\/www.apgmachine.com\/wp-content\/uploads\/2023\/12\/Epoxy-Resin-Insulator-APG-mold.jpg",918,918,false],"2048x2048":["https:\/\/www.apgmachine.com\/wp-content\/uploads\/2023\/12\/Epoxy-Resin-Insulator-APG-mold.jpg",918,918,false],"trp-custom-language-flag":["https:\/\/www.apgmachine.com\/wp-content\/uploads\/2023\/12\/Epoxy-Resin-Insulator-APG-mold.jpg",12,12,false],"woocommerce_archive_thumbnail":["https:\/\/www.apgmachine.com\/wp-content\/uploads\/2023\/12\/Epoxy-Resin-Insulator-APG-mold-500x500.jpg",500,500,true],"woocommerce_thumbnail":["https:\/\/www.apgmachine.com\/wp-content\/uploads\/2023\/12\/Epoxy-Resin-Insulator-APG-mold-300x300.jpg",300,300,true],"woocommerce_single":["https:\/\/www.apgmachine.com\/wp-content\/uploads\/2023\/12\/Epoxy-Resin-Insulator-APG-mold-600x600.jpg",600,600,true],"woocommerce_gallery_thumbnail":["https:\/\/www.apgmachine.com\/wp-content\/uploads\/2023\/12\/Epoxy-Resin-Insulator-APG-mold-100x100.jpg",100,100,true]},"uagb_author_info":{"display_name":"admin","author_link":"https:\/\/www.apgmachine.com\/es\/author\/"},"uagb_comment_info":0,"uagb_excerpt":"Short Description: APG insulator mold for casting epoxy resin insulator,supply casting sample trail mold service","_links":{"self":[{"href":"https:\/\/www.apgmachine.com\/es\/wp-json\/wp\/v2\/product\/873","targetHints":{"allow":["GET"]}}],"collection":[{"href":"https:\/\/www.apgmachine.com\/es\/wp-json\/wp\/v2\/product"}],"about":[{"href":"https:\/\/www.apgmachine.com\/es\/wp-json\/wp\/v2\/types\/product"}],"wp:featuredmedia":[{"embeddable":true,"href":"https:\/\/www.apgmachine.com\/es\/wp-json\/wp\/v2\/media\/954"}],"wp:attachment":[{"href":"https:\/\/www.apgmachine.com\/es\/wp-json\/wp\/v2\/media?parent=873"}],"wp:term":[{"taxonomy":"product_cat","embeddable":true,"href":"https:\/\/www.apgmachine.com\/es\/wp-json\/wp\/v2\/product_cat?post=873"},{"taxonomy":"product_tag","embeddable":true,"href":"https:\/\/www.apgmachine.com\/es\/wp-json\/wp\/v2\/product_tag?post=873"}],"curies":[{"name":"wp","href":"https:\/\/api.w.org\/{rel}","templated":true}]}}