{"id":872,"date":"2023-12-06T03:39:07","date_gmt":"2023-12-05T19:39:07","guid":{"rendered":"http:\/\/wp.cd3.gzoat.com\/?post_type=product&#038;p=872"},"modified":"2024-01-04T14:34:56","modified_gmt":"2024-01-04T06:34:56","slug":"potential-transformer-apg-mold-1-cavity","status":"publish","type":"product","link":"https:\/\/www.apgmachine.com\/es\/producto\/transformador-de-potencial-apg-molde-1-cavidad\/","title":{"rendered":"Transformador de potencial APG Molde 1 Cavidad"},"content":{"rendered":"<div class=\"content_box\">\n<h2>Nuestras ventajas<\/h2>\n<\/div>\n<p>1.Material del molde: P20<\/p>\n<p>El acero para moldes P20 ha sido preendurecido a 285-330HB (30-36HRC), y despu\u00e9s endurecido, templado, nitrurado y nitrurado para obtener una estructura superficial de alta dureza. La dureza de la superficie despu\u00e9s de la nitruraci\u00f3n puede alcanzar 650-700HV ( 57-60HRC) La vida \u00fatil del molde puede alcanzar m\u00e1s de 1 mill\u00f3n de veces.<\/p>\n<p>2.Experimentado equipo de dise\u00f1o de moldes, m\u00e1s de 25 a\u00f1os de experiencia, garantizar el concepto de molde es razonable<\/p>\n<p>3.Equipos de maquinaria importada de alta precisi\u00f3n, como la m\u00e1quina CNC, garantizan la calidad del molde.<\/p>\n<p>4.Supply rastro servicio de molde, fundici\u00f3n qualitied productos antes de moldes de entrega. tienen 6 APG m\u00e1quinas de sujeci\u00f3n a los moldes de rastro.<\/p>\n<div class=\"content_box\">\n<h2>Chat de flujo de producci\u00f3n de moldes APG:<\/h2>\n<\/div>\n<p><img decoding=\"async\" class=\"alignnone size-full wp-image-1239 aligncenter\" src=\"https:\/\/cdn.globalso.com\/apgmachine\/APG-mold-Production-flow-chat1.png\" alt=\"Molde APG Charla sobre el flujo de producci\u00f3n\" \/><\/p>\n<div class=\"content_box\">\n<h2>Aplicaci\u00f3n:<\/h2>\n<\/div>\n<p>Transformador de potencial apg molde utilizado para la fundici\u00f3n de transformador de tensi\u00f3n unipolar, transformador de tensi\u00f3n de doble polos de 11-36KV<\/p>\n<p><img decoding=\"async\" class=\"alignnone size-full wp-image-1561 aligncenter\" src=\"https:\/\/cdn.globalso.com\/apgmachine\/Application21.png\" alt=\"Aplicaci\u00f3n2\" \/><\/p>\n<div class=\"content_box\">\n<h2>Transformador de tensi\u00f3n de resina epoxi Proceso de fundici\u00f3n de moldes APG por la m\u00e1quina de moldes APG:<\/h2>\n<\/div>\n<p>1.Paso 1: instalar el transformador de tensi\u00f3n APG Mold en la m\u00e1quina de inyecci\u00f3n APG<br \/>\n2.Paso 2: instalar accesorios, insertos en el molde APG.<br \/>\n3.Paso 3:Sujeci\u00f3n de la m\u00e1quina apg,inyecci\u00f3n de resina epoxi en el molde.<br \/>\n4.Paso 4:Curado de la resina epoxi dentro del molde,abrir la placa de sujeci\u00f3n,sacar el producto.<\/p>\n<p><img decoding=\"async\" class=\"alignnone size-full wp-image-1248 aligncenter\" src=\"https:\/\/cdn.globalso.com\/apgmachine\/Epoxy-resin-voltage-transformer-apg-mold-casting-process-by-APG-mold-machine.jpg\" alt=\"Proceso de fundici\u00f3n de moldes apg de transformadores de tensi\u00f3n de resina epoxi mediante m\u00e1quina de moldes APG\" \/><\/p>\n<div class=\"content_box\">\n<h2>Molde de env\u00edo:<\/h2>\n<\/div>\n<p><img decoding=\"async\" class=\"alignnone size-full wp-image-1231 aligncenter\" src=\"https:\/\/cdn.globalso.com\/apgmachine\/Shipping-mold.jpg\" alt=\"Molde de env\u00edo\" \/><\/p>\n<div class=\"content_box\">\n<h2>Clientes:<\/h2>\n<\/div>\n<p>Trail molde, hacer muestras de transformador de tensi\u00f3n antes de la entrega despu\u00e9s de la inspecci\u00f3n<\/p>\n<p><img decoding=\"async\" class=\"alignnone size-full wp-image-1232 aligncenter\" src=\"https:\/\/cdn.globalso.com\/apgmachine\/clients.jpg\" alt=\"clientes\" \/><\/p>\n<div class=\"clear\"><\/div>","protected":false},"excerpt":{"rendered":"<h3>Breve descripci\u00f3n:<\/h3>\n<div>\n<p>APG PT molde utilizado para la fundici\u00f3n de resina epoxi PT, el suministro de fundici\u00f3n de muestra de seguimiento de servicio de molde<\/p>\n<\/div>","protected":false},"featured_media":913,"template":"","meta":{"_uag_custom_page_level_css":""},"product_cat":[30],"product_tag":[],"class_list":{"0":"post-872","1":"product","2":"type-product","3":"status-publish","4":"has-post-thumbnail","6":"product_cat-apg-mold","8":"first","9":"instock","10":"shipping-taxable","11":"product-type-simple"},"featured_image_urls":{"full":["https:\/\/www.apgmachine.com\/wp-content\/uploads\/2023\/12\/PT-Mold-1.jpg",800,800,false],"thumbnail":["https:\/\/www.apgmachine.com\/wp-content\/uploads\/2023\/12\/PT-Mold-1-150x150.jpg",150,150,true],"medium":["https:\/\/www.apgmachine.com\/wp-content\/uploads\/2023\/12\/PT-Mold-1-300x300.jpg",300,300,true],"medium_large":["https:\/\/www.apgmachine.com\/wp-content\/uploads\/2023\/12\/PT-Mold-1-768x768.jpg",768,768,true],"large":["https:\/\/www.apgmachine.com\/wp-content\/uploads\/2023\/12\/PT-Mold-1.jpg",800,800,false],"1536x1536":["https:\/\/www.apgmachine.com\/wp-content\/uploads\/2023\/12\/PT-Mold-1.jpg",800,800,false],"2048x2048":["https:\/\/www.apgmachine.com\/wp-content\/uploads\/2023\/12\/PT-Mold-1.jpg",800,800,false],"trp-custom-language-flag":["https:\/\/www.apgmachine.com\/wp-content\/uploads\/2023\/12\/PT-Mold-1.jpg",12,12,false],"woocommerce_archive_thumbnail":["https:\/\/www.apgmachine.com\/wp-content\/uploads\/2023\/12\/PT-Mold-1-500x500.jpg",500,500,true],"woocommerce_thumbnail":["https:\/\/www.apgmachine.com\/wp-content\/uploads\/2023\/12\/PT-Mold-1-300x300.jpg",300,300,true],"woocommerce_single":["https:\/\/www.apgmachine.com\/wp-content\/uploads\/2023\/12\/PT-Mold-1-600x600.jpg",600,600,true],"woocommerce_gallery_thumbnail":["https:\/\/www.apgmachine.com\/wp-content\/uploads\/2023\/12\/PT-Mold-1-100x100.jpg",100,100,true]},"post_excerpt_stackable":"<h3>Short Description:<\/h3>\n<div>\n<p>APG PT mold used for casting epoxy resin PT,supply casting sample trail mold service<\/p>\n<\/div>\n","category_list":"","author_info":{"name":"","url":""},"comments_num":"0 comentarios","jetpack_sharing_enabled":true,"uagb_featured_image_src":{"full":["https:\/\/www.apgmachine.com\/wp-content\/uploads\/2023\/12\/PT-Mold-1.jpg",800,800,false],"thumbnail":["https:\/\/www.apgmachine.com\/wp-content\/uploads\/2023\/12\/PT-Mold-1-150x150.jpg",150,150,true],"medium":["https:\/\/www.apgmachine.com\/wp-content\/uploads\/2023\/12\/PT-Mold-1-300x300.jpg",300,300,true],"medium_large":["https:\/\/www.apgmachine.com\/wp-content\/uploads\/2023\/12\/PT-Mold-1-768x768.jpg",768,768,true],"large":["https:\/\/www.apgmachine.com\/wp-content\/uploads\/2023\/12\/PT-Mold-1.jpg",800,800,false],"1536x1536":["https:\/\/www.apgmachine.com\/wp-content\/uploads\/2023\/12\/PT-Mold-1.jpg",800,800,false],"2048x2048":["https:\/\/www.apgmachine.com\/wp-content\/uploads\/2023\/12\/PT-Mold-1.jpg",800,800,false],"trp-custom-language-flag":["https:\/\/www.apgmachine.com\/wp-content\/uploads\/2023\/12\/PT-Mold-1.jpg",12,12,false],"woocommerce_archive_thumbnail":["https:\/\/www.apgmachine.com\/wp-content\/uploads\/2023\/12\/PT-Mold-1-500x500.jpg",500,500,true],"woocommerce_thumbnail":["https:\/\/www.apgmachine.com\/wp-content\/uploads\/2023\/12\/PT-Mold-1-300x300.jpg",300,300,true],"woocommerce_single":["https:\/\/www.apgmachine.com\/wp-content\/uploads\/2023\/12\/PT-Mold-1-600x600.jpg",600,600,true],"woocommerce_gallery_thumbnail":["https:\/\/www.apgmachine.com\/wp-content\/uploads\/2023\/12\/PT-Mold-1-100x100.jpg",100,100,true]},"uagb_author_info":{"display_name":"admin","author_link":"https:\/\/www.apgmachine.com\/es\/author\/"},"uagb_comment_info":0,"uagb_excerpt":"Short Description: APG PT mold used for casting epoxy resin PT,supply casting sample trail mold service","_links":{"self":[{"href":"https:\/\/www.apgmachine.com\/es\/wp-json\/wp\/v2\/product\/872","targetHints":{"allow":["GET"]}}],"collection":[{"href":"https:\/\/www.apgmachine.com\/es\/wp-json\/wp\/v2\/product"}],"about":[{"href":"https:\/\/www.apgmachine.com\/es\/wp-json\/wp\/v2\/types\/product"}],"wp:featuredmedia":[{"embeddable":true,"href":"https:\/\/www.apgmachine.com\/es\/wp-json\/wp\/v2\/media\/913"}],"wp:attachment":[{"href":"https:\/\/www.apgmachine.com\/es\/wp-json\/wp\/v2\/media?parent=872"}],"wp:term":[{"taxonomy":"product_cat","embeddable":true,"href":"https:\/\/www.apgmachine.com\/es\/wp-json\/wp\/v2\/product_cat?post=872"},{"taxonomy":"product_tag","embeddable":true,"href":"https:\/\/www.apgmachine.com\/es\/wp-json\/wp\/v2\/product_tag?post=872"}],"curies":[{"name":"wp","href":"https:\/\/api.w.org\/{rel}","templated":true}]}}