{"id":871,"date":"2023-12-07T03:38:25","date_gmt":"2023-12-06T19:38:25","guid":{"rendered":"http:\/\/wp.cd3.gzoat.com\/?post_type=product&#038;p=871"},"modified":"2024-01-04T14:44:34","modified_gmt":"2024-01-04T06:44:34","slug":"current-transformer-apg-mold-1-cavity","status":"publish","type":"product","link":"https:\/\/www.apgmachine.com\/es\/producto\/transformador-de-corriente-apg-molde-1-cavidad\/","title":{"rendered":"Transformador de corriente APG Molde 1 Cavidad"},"content":{"rendered":"<div class=\"content_box\">\n<h2>Chat de flujo de producci\u00f3n de moldes APG:<\/h2>\n<\/div>\n<p><img decoding=\"async\" class=\"alignnone size-full wp-image-1239\" src=\"https:\/\/cdn.globalso.com\/apgmachine\/APG-mold-Production-flow-chat1.png\" alt=\"Molde APG Charla sobre el flujo de producci\u00f3n\" \/><\/p>\n<div class=\"content_box\">\n<h2>Aplicaci\u00f3n:<\/h2>\n<\/div>\n<p>transformador de instrumentaci\u00f3n apg molde utilizado para producir transformador de corriente de 11-36Kv:<\/p>\n<p><img decoding=\"async\" class=\"alignnone size-full wp-image-1255 aligncenter\" src=\"https:\/\/cdn.globalso.com\/apgmachine\/Application-instrunment-transformer-apg-mold-used-for-produce-current-transformer-from-11-36Kv.png\" alt=\"Aplicaci\u00f3n transformador apg molde utilizado para producir transformador de corriente de 11-36Kv\" \/><\/p>\n<div class=\"content_box\">\n<h2>Proceso de fundici\u00f3n de transformadores de corriente de resina epoxi mediante m\u00e1quina de moldeo APG:<\/h2>\n<\/div>\n<p>1.Paso 1: instalar el transformador de corriente APG Mold en la m\u00e1quina de sujeci\u00f3n APG<br \/>\n2.Paso 2: instalar accesorios, insertos en el molde APG.<br \/>\n3.Paso 3:Sujeci\u00f3n de la m\u00e1quina apg,inyecci\u00f3n de resina epoxi en el molde.<br \/>\n4.Paso 4:Curado de la resina epoxi dentro del molde,abrir la placa de sujeci\u00f3n,sacar el producto.<\/p>\n<p><img decoding=\"async\" class=\"alignnone size-full wp-image-1256 aligncenter\" src=\"https:\/\/cdn.globalso.com\/apgmachine\/single.png\" alt=\"solo\" \/><\/p>\n<p>transformador de corriente de 2 cavidades apg mpld<\/p>\n<p><img decoding=\"async\" class=\"alignnone size-full wp-image-1257 aligncenter\" src=\"https:\/\/cdn.globalso.com\/apgmachine\/2-cavities-current-transformer-apg-mpld.png\" alt=\"transformador de corriente de 2 cavidades apg mpld\" \/><\/p>\n<div class=\"content_box\">\n<h2>Material del molde:P20<\/h2>\n<\/div>\n<p><strong>Endurecido<\/strong><br \/>\nPara mejorar la vida \u00fatil del molde hasta m\u00e1s de 800.000 veces, el acero preendurecido puede templarse y volver a calentarse a baja temperatura.<br \/>\nLa manera dif\u00edcil de fuego para lograr. Cuando se enfr\u00eda, se precalienta a 500-600\u00b0C durante 2-4 horas, luego se mantiene a 850-880\u00b0C durante cierto tiempo (al menos 2 horas), luego se pone en aceite y se enfr\u00eda a 50-100\u00b0C y se enfr\u00eda al aire. Despu\u00e9s del temple, la dureza puede alcanzar 50. -52HRC, con el fin de evitar el agrietamiento, 200\u2103 tratamiento de revenido a baja temperatura debe llevarse a cabo inmediatamente, despu\u00e9s del revenido, la dureza se puede mantener por encima de 48HRC<\/p>\n<p><strong>Tratamiento de nitruraci\u00f3n<\/strong><br \/>\nEl tratamiento de nitruraci\u00f3n puede obtener una estructura superficial de alta dureza, la dureza superficial despu\u00e9s de la nitruraci\u00f3n alcanza 650-700HV<br \/>\n(57-60HRC) La vida \u00fatil del molde puede alcanzar m\u00e1s de 1 mill\u00f3n de veces. La capa de nitruro tiene las caracter\u00edsticas de estructura densa y lisa, y se mejoran el rendimiento de desmoldeo y la resistencia al aire h\u00famedo y a la corrosi\u00f3n alcalina.<br \/>\nEstado de entrega: El acero se entrega en estado recocido y laminado en caliente.<\/p>\n<p><strong>Caracter\u00edsticas de los materiales<\/strong><br \/>\n\u25cf Dureza uniforme, buen rendimiento de pulido y rendimiento de fotograbado, buen rendimiento de procesamiento.<br \/>\n\u25cf Proceso de desgasificaci\u00f3n y refinado al vac\u00edo de acero puro, adecuado para moldes de pl\u00e1stico que requieren pulido o grabado.<br \/>\n\u25cf Suministrado en estado preendurecido, puede utilizarse directamente para el procesamiento de moldes sin tratamiento t\u00e9rmico, lo que acorta el per\u00edodo de construcci\u00f3n.<br \/>\n\u25cf Despu\u00e9s de la forja y laminaci\u00f3n, la estructura es densa, 100% inspecci\u00f3n ultras\u00f3nica, sin poros, defectos pinhole.<\/p>\n<div class=\"content_box\">\n<h2>Molde de env\u00edo:<\/h2>\n<\/div>\n<p><img decoding=\"async\" class=\"alignnone size-full wp-image-1231 aligncenter\" src=\"https:\/\/cdn.globalso.com\/apgmachine\/Shipping-mold.jpg\" alt=\"Molde de env\u00edo\" \/><\/p>\n<div class=\"content_box\">\n<h2>Clientes:Trail Mold,Hacer muestras de transformador de tensi\u00f3n antes de la entrega despu\u00e9s de la inspecci\u00f3n<\/h2>\n<\/div>\n<p><img decoding=\"async\" class=\"alignnone size-full wp-image-1232 aligncenter\" src=\"https:\/\/cdn.globalso.com\/apgmachine\/clients.jpg\" alt=\"clientes\" \/><\/p>\n<div class=\"clear\"><\/div>","protected":false},"excerpt":{"rendered":"<h3>Breve descripci\u00f3n:<\/h3>\n<div>\n<p>APG CT molde utilizado para la fundici\u00f3n de resina epoxi CT, el suministro de molde rastro y hacer que el servicio de muestra<\/p>\n<\/div>","protected":false},"featured_media":748,"template":"","meta":{"_uag_custom_page_level_css":""},"product_cat":[30],"product_tag":[],"class_list":{"0":"post-871","1":"product","2":"type-product","3":"status-publish","4":"has-post-thumbnail","6":"product_cat-apg-mold","8":"first","9":"instock","10":"shipping-taxable","11":"product-type-simple"},"featured_image_urls":{"full":["https:\/\/www.apgmachine.com\/wp-content\/uploads\/2023\/12\/CT-Mold-3.jpg",800,800,false],"thumbnail":["https:\/\/www.apgmachine.com\/wp-content\/uploads\/2023\/12\/CT-Mold-3-150x150.jpg",150,150,true],"medium":["https:\/\/www.apgmachine.com\/wp-content\/uploads\/2023\/12\/CT-Mold-3-300x300.jpg",300,300,true],"medium_large":["https:\/\/www.apgmachine.com\/wp-content\/uploads\/2023\/12\/CT-Mold-3-768x768.jpg",768,768,true],"large":["https:\/\/www.apgmachine.com\/wp-content\/uploads\/2023\/12\/CT-Mold-3.jpg",800,800,false],"1536x1536":["https:\/\/www.apgmachine.com\/wp-content\/uploads\/2023\/12\/CT-Mold-3.jpg",800,800,false],"2048x2048":["https:\/\/www.apgmachine.com\/wp-content\/uploads\/2023\/12\/CT-Mold-3.jpg",800,800,false],"trp-custom-language-flag":["https:\/\/www.apgmachine.com\/wp-content\/uploads\/2023\/12\/CT-Mold-3.jpg",12,12,false],"woocommerce_archive_thumbnail":["https:\/\/www.apgmachine.com\/wp-content\/uploads\/2023\/12\/CT-Mold-3-500x500.jpg",500,500,true],"woocommerce_thumbnail":["https:\/\/www.apgmachine.com\/wp-content\/uploads\/2023\/12\/CT-Mold-3-300x300.jpg",300,300,true],"woocommerce_single":["https:\/\/www.apgmachine.com\/wp-content\/uploads\/2023\/12\/CT-Mold-3-600x600.jpg",600,600,true],"woocommerce_gallery_thumbnail":["https:\/\/www.apgmachine.com\/wp-content\/uploads\/2023\/12\/CT-Mold-3-100x100.jpg",100,100,true]},"post_excerpt_stackable":"<h3>Short Description:<\/h3>\n<div>\n<p>APG CT mold used for casting epoxy resin CT,supply trail mold and make sample service<\/p>\n<\/div>\n","category_list":"","author_info":{"name":"","url":""},"comments_num":"0 comentarios","jetpack_sharing_enabled":true,"uagb_featured_image_src":{"full":["https:\/\/www.apgmachine.com\/wp-content\/uploads\/2023\/12\/CT-Mold-3.jpg",800,800,false],"thumbnail":["https:\/\/www.apgmachine.com\/wp-content\/uploads\/2023\/12\/CT-Mold-3-150x150.jpg",150,150,true],"medium":["https:\/\/www.apgmachine.com\/wp-content\/uploads\/2023\/12\/CT-Mold-3-300x300.jpg",300,300,true],"medium_large":["https:\/\/www.apgmachine.com\/wp-content\/uploads\/2023\/12\/CT-Mold-3-768x768.jpg",768,768,true],"large":["https:\/\/www.apgmachine.com\/wp-content\/uploads\/2023\/12\/CT-Mold-3.jpg",800,800,false],"1536x1536":["https:\/\/www.apgmachine.com\/wp-content\/uploads\/2023\/12\/CT-Mold-3.jpg",800,800,false],"2048x2048":["https:\/\/www.apgmachine.com\/wp-content\/uploads\/2023\/12\/CT-Mold-3.jpg",800,800,false],"trp-custom-language-flag":["https:\/\/www.apgmachine.com\/wp-content\/uploads\/2023\/12\/CT-Mold-3.jpg",12,12,false],"woocommerce_archive_thumbnail":["https:\/\/www.apgmachine.com\/wp-content\/uploads\/2023\/12\/CT-Mold-3-500x500.jpg",500,500,true],"woocommerce_thumbnail":["https:\/\/www.apgmachine.com\/wp-content\/uploads\/2023\/12\/CT-Mold-3-300x300.jpg",300,300,true],"woocommerce_single":["https:\/\/www.apgmachine.com\/wp-content\/uploads\/2023\/12\/CT-Mold-3-600x600.jpg",600,600,true],"woocommerce_gallery_thumbnail":["https:\/\/www.apgmachine.com\/wp-content\/uploads\/2023\/12\/CT-Mold-3-100x100.jpg",100,100,true]},"uagb_author_info":{"display_name":"admin","author_link":"https:\/\/www.apgmachine.com\/es\/author\/"},"uagb_comment_info":0,"uagb_excerpt":"Short Description: APG CT mold used for casting epoxy resin CT,supply trail mold and make sample service","_links":{"self":[{"href":"https:\/\/www.apgmachine.com\/es\/wp-json\/wp\/v2\/product\/871","targetHints":{"allow":["GET"]}}],"collection":[{"href":"https:\/\/www.apgmachine.com\/es\/wp-json\/wp\/v2\/product"}],"about":[{"href":"https:\/\/www.apgmachine.com\/es\/wp-json\/wp\/v2\/types\/product"}],"wp:featuredmedia":[{"embeddable":true,"href":"https:\/\/www.apgmachine.com\/es\/wp-json\/wp\/v2\/media\/748"}],"wp:attachment":[{"href":"https:\/\/www.apgmachine.com\/es\/wp-json\/wp\/v2\/media?parent=871"}],"wp:term":[{"taxonomy":"product_cat","embeddable":true,"href":"https:\/\/www.apgmachine.com\/es\/wp-json\/wp\/v2\/product_cat?post=871"},{"taxonomy":"product_tag","embeddable":true,"href":"https:\/\/www.apgmachine.com\/es\/wp-json\/wp\/v2\/product_tag?post=871"}],"curies":[{"name":"wp","href":"https:\/\/api.w.org\/{rel}","templated":true}]}}