{"id":870,"date":"2023-12-08T03:36:31","date_gmt":"2023-12-07T19:36:31","guid":{"rendered":"http:\/\/wp.cd3.gzoat.com\/?post_type=product&#038;p=870"},"modified":"2026-02-27T09:41:09","modified_gmt":"2026-02-27T01:41:09","slug":"vol-100l-epoxy-resin-mixing-machine","status":"publish","type":"product","link":"https:\/\/www.apgmachine.com\/es\/producto\/vol-100l-maquina-mezcladora-de-resina-epoxi\/","title":{"rendered":"VOL-100L M\u00e1quina mezcladora de resina epoxi"},"content":{"rendered":"<div class=\"fl-builder-content fl-builder-content-1258 fl-builder-content-primary fl-builder-global-templates-locked\" data-post-id=\"1258\">\n<div class=\"fl-row fl-row-full-width fl-row-bg-none fl-node-61b6e395a7e4a\" data-node=\"61b6e395a7e4a\">\n<div class=\"fl-row-content-wrap\">\n<div class=\"fl-row-content fl-row-full-width fl-node-content\">\n<div class=\"fl-col-group fl-node-61bffd5fc6d4c\" data-node=\"61bffd5fc6d4c\">\n<div class=\"fl-col fl-node-61bffd5fc6e95\" data-node=\"61bffd5fc6e95\">\n<div class=\"fl-col-content fl-node-content\">\n<div class=\"fl-module fl-module-rich-text fl-node-61bffd5fc6c47\" data-node=\"61bffd5fc6c47\" data-animation-delay=\"0.0\">\n<div class=\"fl-module-content fl-node-content\">\n<div class=\"fl-rich-text\">\n<div class=\"content_box\">\n<h2>VOL-100L M\u00e1quina mezcladora de resina epoxi:<\/h2>\n<\/div>\n<p><img decoding=\"async\" class=\"aligncenter\" src=\"https:\/\/www.apgmachine.com\/uploads\/singleimg2.png\" alt=\"SINGLEIMG\" \/><\/p>\n<h2><span style=\"color: #e73034;\">V\u00eddeo de la m\u00e1quina APG<\/span><\/h2>\n<p><iframe loading=\"lazy\" title=\"mezclador totalmente autom\u00e1tico de resina epoxi\" width=\"1290\" height=\"726\" src=\"https:\/\/www.youtube.com\/embed\/h0ZAckPhsZw?start=22&#038;feature=oembed\" frameborder=\"0\" allow=\"accelerometer; autoplay; clipboard-write; encrypted-media; gyroscope; picture-in-picture; web-share\" referrerpolicy=\"strict-origin-when-cross-origin\" allowfullscreen><\/iframe><\/p>\n<\/div>\n<\/div>\n<\/div>\n<\/div>\n<\/div>\n<\/div>\n<div class=\"fl-col-group fl-node-61b6e395a81b5\" data-node=\"61b6e395a81b5\">\n<div class=\"fl-col fl-node-61b6e395a8316\" data-node=\"61b6e395a8316\">\n<div class=\"fl-col-content fl-node-content\">\n<div class=\"fl-module fl-module-rich-text fl-node-61b6e395a94c7\" data-node=\"61b6e395a94c7\" data-animation-delay=\"0.0\">\n<div class=\"fl-module-content fl-node-content\">\n<div class=\"fl-rich-text\">\n<div class=\"content_box\">\n<h2>Aplicaci\u00f3n:<\/h2>\n<\/div>\n<p>Se utiliza para mezclar y vacuumize resina epoxi, endurecedor, relleno, preparar compuesto mezclado y la inyecci\u00f3n en el molde para hacer componentes de resina epoxi de 11-36KV, tales como CT, PT, aisladores, bujes, ca\u00f1o, SF6 cubierta, GIS, LBS etc.especially adecuado para la fundici\u00f3n de resina epoxi buje.<\/p>\n<div class=\"content_box\">\n<h2>Ventajas:<\/h2>\n<\/div>\n<p>-Planta mezcladora totalmente autom\u00e1tica con pantalla t\u00e1ctil:\u2192 f\u00e1cil instalaci\u00f3n,el usuario no necesita el duro trabajo de conectar tuber\u00edas de aceite y cables, s\u00f3lo tiene que enchufar la fuente de alimentaci\u00f3n directamente.<br \/>\n\u2192programmable, eficacia alta, requisito bajo para los trabajadores, \u00e9l necesita solamente saber bot\u00f3n del comienzo de la prensa; Ahorre el coste laboral,<br \/>\n-Vacu\u00f3metro electr\u00f3nico, muestra claramente y con precisi\u00f3n el nivel de vac\u00edo.<br \/>\n-Durable y dise\u00f1o de ahorro de energ\u00eda, un a\u00f1o puede ahorrar 4000-5000USD de energ\u00eda.<br \/>\n-Desgasificaci\u00f3n de pel\u00edculas finas : elimina perfectamente las burbujas de aire<br \/>\n-M\u00e9todo de calentamiento de la olla: por conducci\u00f3n el aceite calienta toda la pared de la olla. compuesto calentado uniformemente<br \/>\n-Se puede ajustar la temperatura de calentamiento.<br \/>\n-Proporcionar formaci\u00f3n t\u00e9cnica\u2192Asegurar al cliente la fabricaci\u00f3n de productos cualificados<br \/>\n-Suministro de l\u00ednea de producci\u00f3n completa\u2192Desde la m\u00e1quina, el molde hasta la materia prima, asistencia al cliente.<br \/>\nconstruir una l\u00ednea de producci\u00f3n en el menor tiempo posible y a un coste razonable.<br \/>\n<img decoding=\"async\" class=\"alignnone size-full wp-image-1262 aligncenter\" src=\"https:\/\/www.apgmachine.com\/uploads\/Mixing-trolley.jpg\" alt=\"Carro mezclador\" \/><\/p>\n<div class=\"content_box\">\n<h2>Datos t\u00e9cnicos:<\/h2>\n<\/div>\n<div class=\"table_wrap\">\n<table border=\"1\" cellspacing=\"0\">\n<tbody>\n<tr>\n<td>Potencia de estrangulaci\u00f3n (kW)<\/td>\n<td>Velocidad de estriado (m\/min)<\/td>\n<td>Potencia de la bomba de vac\u00edo (kW)<\/td>\n<td>Gato de tornillo sin fin (kW)<\/td>\n<td>Grado de vac\u00edo (mbar)<\/td>\n<\/tr>\n<tr>\n<td>3<\/td>\n<td>21-118<\/td>\n<td>1.1KW,2800r\/min<\/td>\n<td>0.37<\/td>\n<td>1.5<\/td>\n<\/tr>\n<tr>\n<td>Dimensiones del mezclador (mm)<\/td>\n<td>Peso del dispositivo mezclador (KG)<\/td>\n<td>Capacidad de la olla (L)<\/td>\n<td>Dimensiones de la m\u00e1quina (mm)<\/td>\n<td>Peso de la m\u00e1quina (KG)<\/td>\n<\/tr>\n<tr>\n<td>1900X850X1885<\/td>\n<td>680<\/td>\n<td>100L<\/td>\n<td>910X760X1565<\/td>\n<td>455<\/td>\n<\/tr>\n<\/tbody>\n<\/table>\n<\/div>\n<div class=\"content_box\">\n<h2>Proceso de producci\u00f3n de ollas y carros de mezcla al vac\u00edo:<\/h2>\n<\/div>\n<p><strong>1.Bastidor de la fresadora:\u00a0<\/strong>Cada lado del marco ser\u00e1 fresado por la m\u00e1quina de torno vertical, asegurar la precisi\u00f3n de la instalaci\u00f3n, evitar fugas de molde.<br \/>\n<strong>\u00a02.Tratamiento t\u00e9rmico para el bastidor de la m\u00e1quina:\u00a0<\/strong>Hacer 3 veces de tratamiento t\u00e9rmico para el bastidor de la m\u00e1quina despu\u00e9s de la soldadura. liberar la tensi\u00f3n entre, reducir la m\u00e1quina obtener deformaci\u00f3n.<\/p>\n<p><img decoding=\"async\" class=\"alignnone size-full wp-image-1265 aligncenter\" src=\"https:\/\/www.apgmachine.com\/uploads\/Mixing-Machine-Production-Process.jpg\" alt=\"Mezcladora-M\u00e1quina-Proceso de producci\u00f3n\" \/><\/p>\n<div class=\"content_box\">\n<h2>Proceso de entrega de la m\u00e1quina de prensa APG:<\/h2>\n<\/div>\n<p>Una vez preparadas las muestras cualificadas de los equipos y moldes, llevaremos a cabo un estricto embalaje para evitar da\u00f1os en los equipos durante el transporte y entregarlos sin problemas al cliente.<\/p>\n<p><img decoding=\"async\" class=\"alignnone size-full wp-image-1416 aligncenter\" src=\"https:\/\/www.apgmachine.com\/uploads\/PH0Q0@HHWAMBQT1E.jpg\" alt=\"P}`H0`Q``0@H)HWAMB(QT1E\" \/><\/p>\n<\/div>\n<\/div>\n<\/div>\n<\/div>\n<\/div>\n<\/div>\n<\/div>\n<\/div>\n<\/div>\n<div class=\"fl-row fl-row-full-width fl-row-bg-none fl-node-61b6e3c497b52\" data-node=\"61b6e3c497b52\">\n<div class=\"fl-row-content-wrap\">\n<div class=\"fl-row-content fl-row-full-width fl-node-content\">\n<div class=\"fl-col-group fl-node-61b6e3dce7168\" data-node=\"61b6e3dce7168\">\n<div class=\"fl-col fl-node-61b6e3dce72c1\" data-node=\"61b6e3dce72c1\">\n<div class=\"fl-col-content fl-node-content\">\n<div class=\"fl-module fl-module-rich-text fl-node-61b6e3dce7073\" data-node=\"61b6e3dce7073\" data-animation-delay=\"0.0\">\n<div class=\"fl-module-content fl-node-content\">\n<div class=\"fl-rich-text\">\n<div class=\"content_box\">\n<h2>Productos V\u00eddeo<\/h2>\n<\/div>\n<\/div>\n<\/div>\n<\/div>\n<\/div>\n<\/div>\n<\/div>\n<div class=\"fl-col-group fl-node-61b6e3c49915b\" data-node=\"61b6e3c49915b\">\n<div class=\"fl-col fl-node-61b6e3c4992a1\" data-node=\"61b6e3c4992a1\">\n<div class=\"fl-col-content fl-node-content\">\n<div class=\"fl-module fl-module-html fl-node-61b6e3c497a21\" data-node=\"61b6e3c497a21\" data-animation-delay=\"0.0\">\n<div class=\"fl-module-content fl-node-content\">\n<div class=\"fl-html\"><button class=\"lty-playbtn\" type=\"button\"><span class=\"lyt-visually-hidden\">Jugar<\/span><\/button><\/div>\n<\/div>\n<\/div>\n<\/div>\n<\/div>\n<\/div>\n<\/div>\n<\/div>\n<\/div>\n<\/div>\n<p>&nbsp;<\/p>","protected":false},"excerpt":{"rendered":"<h3>Breve descripci\u00f3n:<\/h3>\n<div>\n<p>Planta mezcladora totalmente autom\u00e1tica con pantalla t\u00e1ctil: Tapa de cubierta autom\u00e1tica, empezar a mezclar y aspirar, tapa abierta autom\u00e1tica, dejar de mezclar.<\/p>\n<\/div>","protected":false},"featured_media":951,"template":"","meta":{"_uag_custom_page_level_css":""},"product_cat":[29],"product_tag":[],"class_list":{"0":"post-870","1":"product","2":"type-product","3":"status-publish","4":"has-post-thumbnail","6":"product_cat-apg-machine","8":"first","9":"instock","10":"shipping-taxable","11":"product-type-simple"},"featured_image_urls":{"full":["https:\/\/www.apgmachine.com\/wp-content\/uploads\/2023\/12\/Mixing-trolley-21.jpg",900,900,false],"thumbnail":["https:\/\/www.apgmachine.com\/wp-content\/uploads\/2023\/12\/Mixing-trolley-21-150x150.jpg",150,150,true],"medium":["https:\/\/www.apgmachine.com\/wp-content\/uploads\/2023\/12\/Mixing-trolley-21-300x300.jpg",300,300,true],"medium_large":["https:\/\/www.apgmachine.com\/wp-content\/uploads\/2023\/12\/Mixing-trolley-21-768x768.jpg",768,768,true],"large":["https:\/\/www.apgmachine.com\/wp-content\/uploads\/2023\/12\/Mixing-trolley-21.jpg",900,900,false],"1536x1536":["https:\/\/www.apgmachine.com\/wp-content\/uploads\/2023\/12\/Mixing-trolley-21.jpg",900,900,false],"2048x2048":["https:\/\/www.apgmachine.com\/wp-content\/uploads\/2023\/12\/Mixing-trolley-21.jpg",900,900,false],"trp-custom-language-flag":["https:\/\/www.apgmachine.com\/wp-content\/uploads\/2023\/12\/Mixing-trolley-21.jpg",12,12,false],"woocommerce_archive_thumbnail":["https:\/\/www.apgmachine.com\/wp-content\/uploads\/2023\/12\/Mixing-trolley-21-500x500.jpg",500,500,true],"woocommerce_thumbnail":["https:\/\/www.apgmachine.com\/wp-content\/uploads\/2023\/12\/Mixing-trolley-21-300x300.jpg",300,300,true],"woocommerce_single":["https:\/\/www.apgmachine.com\/wp-content\/uploads\/2023\/12\/Mixing-trolley-21-600x600.jpg",600,600,true],"woocommerce_gallery_thumbnail":["https:\/\/www.apgmachine.com\/wp-content\/uploads\/2023\/12\/Mixing-trolley-21-100x100.jpg",100,100,true]},"post_excerpt_stackable":"<h3>Short Description:<\/h3>\n<div>\n<p>Fully automatic mixing plant with touch screen: Automatic cover lid,start mixing and vacuumize,automatic open lid,stop mixing.<\/p>\n<\/div>\n","category_list":"","author_info":{"name":"","url":""},"comments_num":"0 comentarios","jetpack_sharing_enabled":true,"uagb_featured_image_src":{"full":["https:\/\/www.apgmachine.com\/wp-content\/uploads\/2023\/12\/Mixing-trolley-21.jpg",900,900,false],"thumbnail":["https:\/\/www.apgmachine.com\/wp-content\/uploads\/2023\/12\/Mixing-trolley-21-150x150.jpg",150,150,true],"medium":["https:\/\/www.apgmachine.com\/wp-content\/uploads\/2023\/12\/Mixing-trolley-21-300x300.jpg",300,300,true],"medium_large":["https:\/\/www.apgmachine.com\/wp-content\/uploads\/2023\/12\/Mixing-trolley-21-768x768.jpg",768,768,true],"large":["https:\/\/www.apgmachine.com\/wp-content\/uploads\/2023\/12\/Mixing-trolley-21.jpg",900,900,false],"1536x1536":["https:\/\/www.apgmachine.com\/wp-content\/uploads\/2023\/12\/Mixing-trolley-21.jpg",900,900,false],"2048x2048":["https:\/\/www.apgmachine.com\/wp-content\/uploads\/2023\/12\/Mixing-trolley-21.jpg",900,900,false],"trp-custom-language-flag":["https:\/\/www.apgmachine.com\/wp-content\/uploads\/2023\/12\/Mixing-trolley-21.jpg",12,12,false],"woocommerce_archive_thumbnail":["https:\/\/www.apgmachine.com\/wp-content\/uploads\/2023\/12\/Mixing-trolley-21-500x500.jpg",500,500,true],"woocommerce_thumbnail":["https:\/\/www.apgmachine.com\/wp-content\/uploads\/2023\/12\/Mixing-trolley-21-300x300.jpg",300,300,true],"woocommerce_single":["https:\/\/www.apgmachine.com\/wp-content\/uploads\/2023\/12\/Mixing-trolley-21-600x600.jpg",600,600,true],"woocommerce_gallery_thumbnail":["https:\/\/www.apgmachine.com\/wp-content\/uploads\/2023\/12\/Mixing-trolley-21-100x100.jpg",100,100,true]},"uagb_author_info":{"display_name":"admin","author_link":"https:\/\/www.apgmachine.com\/es\/author\/"},"uagb_comment_info":0,"uagb_excerpt":"Short Description: Fully automatic mixing plant with touch screen: Automatic cover lid,start mixing and vacuumize,automatic open lid,stop mixing.","_links":{"self":[{"href":"https:\/\/www.apgmachine.com\/es\/wp-json\/wp\/v2\/product\/870","targetHints":{"allow":["GET"]}}],"collection":[{"href":"https:\/\/www.apgmachine.com\/es\/wp-json\/wp\/v2\/product"}],"about":[{"href":"https:\/\/www.apgmachine.com\/es\/wp-json\/wp\/v2\/types\/product"}],"wp:featuredmedia":[{"embeddable":true,"href":"https:\/\/www.apgmachine.com\/es\/wp-json\/wp\/v2\/media\/951"}],"wp:attachment":[{"href":"https:\/\/www.apgmachine.com\/es\/wp-json\/wp\/v2\/media?parent=870"}],"wp:term":[{"taxonomy":"product_cat","embeddable":true,"href":"https:\/\/www.apgmachine.com\/es\/wp-json\/wp\/v2\/product_cat?post=870"},{"taxonomy":"product_tag","embeddable":true,"href":"https:\/\/www.apgmachine.com\/es\/wp-json\/wp\/v2\/product_tag?post=870"}],"curies":[{"name":"wp","href":"https:\/\/api.w.org\/{rel}","templated":true}]}}