{"id":868,"date":"2023-12-04T03:34:28","date_gmt":"2023-12-03T19:34:28","guid":{"rendered":"http:\/\/wp.cd3.gzoat.com\/?post_type=product&#038;p=868"},"modified":"2024-01-11T14:05:46","modified_gmt":"2024-01-11T06:05:46","slug":"svol-8060-15-table-top-small-apg-clamping-machine","status":"publish","type":"product","link":"https:\/\/www.apgmachine.com\/es\/producto\/svol-8060-15-maquina-de-sujecion-apg-pequena-de-sobremesa\/","title":{"rendered":"SVOL-8060-15 Sujetadora de APG peque\u00f1a de sobremesa"},"content":{"rendered":"<div class=\"content_box\">\n<h2>Aplicaci\u00f3n:<\/h2>\n<\/div>\n<p>Se utiliza para la producci\u00f3n de componentes de resina epoxi de 11-36KV, tales como CT, PT, aisladores, casquillos, ca\u00f1o, SF6 cubierta, GIS, LBS etc especialmente adecuado para la fundici\u00f3n de productos peque\u00f1os, tales como aisladores, aisladores de correos y tapones.<\/p>\n<p><img decoding=\"async\" class=\"alignnone size-full wp-image-1552\" src=\"https:\/\/cdn.globalso.com\/apgmachine\/6ff07540.png\" alt=\"6ff07540\" \/><\/p>\n<h2><span style=\"color: #e73034;\">V\u00eddeo de la m\u00e1quina APG<\/span><\/h2>\n<p><iframe loading=\"lazy\" title=\"12 cavidades resina epoxi enchufe m\u00e1quina,apg m\u00e1quina,m\u00e1quina de prensa\" width=\"1290\" height=\"726\" src=\"https:\/\/www.youtube.com\/embed\/jz0TAjcW3cA?start=2&#038;feature=oembed\" frameborder=\"0\" allow=\"accelerometer; autoplay; clipboard-write; encrypted-media; gyroscope; picture-in-picture; web-share\" allowfullscreen><\/iframe><\/p>\n<div class=\"content_box\">\n<h2>Ventajas:<\/h2>\n<\/div>\n<p><strong>-M\u00e1quina de dise\u00f1o peque\u00f1o y sencillo<\/strong>\u2192dise\u00f1o econ\u00f3mico<br \/>\n<strong>-Integrado en la m\u00e1quina<\/strong>\u2192 f\u00e1cil instalaci\u00f3n, el usuario no necesita trabajo duro de conexi\u00f3n de tuber\u00edas de aceite y cables, s\u00f3lo tiene que enchufar la fuente de alimentaci\u00f3n directamente.<br \/>\n\u2192save el coste de env\u00edo, espacio de la f\u00e1brica de la reserva.<br \/>\n<strong>Bastidor de la m\u00e1quina:<\/strong>\u00a0Maquinaria de templado y acabado \u2192Mejora la resistencia,evita la deformaci\u00f3n,garantiza una alta precisi\u00f3n,evita las fugas del molde.<br \/>\n<strong>Vallas seguras<\/strong>\u2192 evitar lesiones laborales<br \/>\n<strong>Impartir formaci\u00f3n t\u00e9cnica<\/strong>\u2192Asegurarse de que el cliente fabrica productos cualificados<br \/>\n<strong>Suministro de una l\u00ednea de producci\u00f3n completa<\/strong>\u2192From m\u00e1quina, molde a la materia prima, asistir al cliente.<br \/>\nconstruir una l\u00ednea de producci\u00f3n en el menor tiempo posible y a un coste razonable.<\/p>\n<div class=\"content_box\">\n<h2>Par\u00e1metros t\u00e9cnicos:<\/h2>\n<\/div>\n<div class=\"table_wrap\">\n<table border=\"1\" cellspacing=\"0\">\n<tbody>\n<tr>\n<td>N\u00ba de modelo<\/td>\n<td colspan=\"4\">SVOL-8060-15<\/td>\n<\/tr>\n<tr>\n<td>Tama\u00f1o de la placa calefactora (mm)<\/td>\n<td>Fuerza de sujeci\u00f3n (KN)<\/td>\n<td>Velocidad de cierre de la pinza (m\/min)<\/td>\n<td>Velocidad de apertura de la pinza (m\/min)<\/td>\n<td>Distancia de las placas calefactoras<br \/>\n(m\/min)<\/td>\n<\/tr>\n<tr>\n<td>600X500<\/td>\n<td>150<\/td>\n<td>2.4<\/td>\n<td>3.3<\/td>\n<td>145-965 mm<\/td>\n<\/tr>\n<tr>\n<td>Potencia calor\u00edfica (KW)<\/td>\n<td>Potencia de la unidad hidr\u00e1ulica (KW)<\/td>\n<td>Grado de inclinaci\u00f3n (\u00b0)<\/td>\n<td>Dimensiones de la m\u00e1quina (mm)<\/td>\n<td>Peso de la m\u00e1quina (KG)<\/td>\n<\/tr>\n<tr>\n<td>12<\/td>\n<td>2.2<\/td>\n<td>5\u00b0<\/td>\n<td>2920x820x1450<\/td>\n<td>2450<\/td>\n<\/tr>\n<\/tbody>\n<\/table>\n<\/div>\n<div class=\"content_box\">\n<h2>M\u00e1quina APG de tipo est\u00e1ndar en las instalaciones del cliente y formaci\u00f3n t\u00e9cnica in situ:<\/h2>\n<\/div>\n<p>No s\u00f3lo producimos m\u00e1quinas y moldes APG, sino que tambi\u00e9n ofrecemos formaci\u00f3n t\u00e9cnica in situ, garantizando al cliente la producci\u00f3n de productos cualificados.<\/p>\n<p><img decoding=\"async\" class=\"alignnone size-full wp-image-1383 aligncenter\" src=\"https:\/\/cdn.globalso.com\/apgmachine\/Standard-type-APG-machine-at-client-siteonsite-technical-training-2.jpg\" alt=\"M\u00e1quina APG de tipo est\u00e1ndar en las instalaciones del cliente&amp;formaci\u00f3n t\u00e9cnica in situ (2)\" \/><img decoding=\"async\" class=\"alignnone size-medium wp-image-1384 aligncenter\" src=\"https:\/\/cdn.globalso.com\/apgmachine\/Standard-type-APG-machine-at-client-siteonsite-technical-training-1.jpg\" alt=\"M\u00e1quina APG de tipo est\u00e1ndar en las instalaciones del cliente&amp;formaci\u00f3n t\u00e9cnica in situ (1)\" \/><\/p>\n<div class=\"content_box\">\n<h2>Formaci\u00f3n t\u00e9cnica in situ en la empresa cliente:<\/h2>\n<\/div>\n<p><img decoding=\"async\" class=\"alignnone size-full wp-image-1385 aligncenter\" src=\"https:\/\/cdn.globalso.com\/apgmachine\/onsite-technical-training-in-client-company.png\" alt=\"formaci\u00f3n t\u00e9cnica in situ en la empresa del cliente\" \/><\/p>\n<p>Tras las pruebas de rayos X, tracci\u00f3n, descarga parcial y fugas, el producto cumple los requisitos del cliente, que se muestra muy satisfecho.<\/p>\n<div class=\"content_box\">\n<h2>Proceso de producci\u00f3n de la m\u00e1quina de prensado APG:<\/h2>\n<\/div>\n<p>1.Marco de la m\u00e1quina de fresado: cada lado del marco ser\u00e1 fresado por la m\u00e1quina de torno vertical, garantizar la precisi\u00f3n de la instalaci\u00f3n, evitar fugas de molde.<br \/>\n2.Tratamiento t\u00e9rmico para el bastidor de la m\u00e1quina: Haga 3 veces del tratamiento t\u00e9rmico para el marco de la m\u00e1quina despu\u00e9s de soldar con aut\u00f3gena. libere la tensi\u00f3n interna, reduzca la m\u00e1quina consiga la deformaci\u00f3n.<\/p>\n<p><img decoding=\"async\" class=\"alignnone size-full wp-image-1380 aligncenter\" src=\"https:\/\/cdn.globalso.com\/apgmachine\/sing1gs.jpg\" alt=\"cantar1gs\" \/><\/p>\n<div class=\"content_box\">\n<h2>Proceso de entrega de la m\u00e1quina de prensa APG:<\/h2>\n<\/div>\n<p>Una vez preparadas las muestras cualificadas de los equipos y moldes, llevaremos a cabo un estricto embalaje para evitar da\u00f1os en los equipos durante el transporte y entregarlos sin problemas al cliente.<\/p>\n<p><img decoding=\"async\" class=\"alignnone size-full wp-image-1374 aligncenter\" src=\"https:\/\/cdn.globalso.com\/apgmachine\/packing.jpg\" alt=\"embalaje\" \/><\/p>\n<div class=\"clear\"><\/div>\n<p>&nbsp;<\/p>","protected":false},"excerpt":{"rendered":"<h3>Breve descripci\u00f3n:<\/h3>\n<div>\n<p><strong>SVOL-8060-15 serie de resina epoxi m\u00e1quina de gelificaci\u00f3n de presi\u00f3n autom\u00e1tica hidr\u00e1ulica se compone de:<\/strong><br \/>\n-1.APG marco de la m\u00e1quina de sujeci\u00f3n (Q235# 10mm de acero, la m\u00e1quina m\u00e1s estable, liberar la tensi\u00f3n interna de soldadura por tratamiento t\u00e9rmico)<br \/>\n-2.Armario el\u00e9ctrico (Adopta elementos el\u00e9ctricos realizables y generales)<br \/>\n-3.Grupo hidr\u00e1ulico (producci\u00f3n independiente, servicio personalizado)<br \/>\n-4.Este peque\u00f1o tipo de m\u00e1quina apg se utiliza especialmente para la fundici\u00f3n de productos simples y peque\u00f1os, tales como aisladores, post insulatos, bujes, su tipo econ\u00f3mico APG m\u00e1quina de sujeci\u00f3n<\/p>\n<\/div>","protected":false},"featured_media":947,"template":"","meta":{"_uag_custom_page_level_css":""},"product_cat":[29],"product_tag":[],"class_list":{"0":"post-868","1":"product","2":"type-product","3":"status-publish","4":"has-post-thumbnail","6":"product_cat-apg-machine","8":"first","9":"instock","10":"shipping-taxable","11":"product-type-simple"},"featured_image_urls":{"full":["https:\/\/www.apgmachine.com\/wp-content\/uploads\/2023\/12\/Economic-type-APG-Machine-11.jpg",1000,1001,false],"thumbnail":["https:\/\/www.apgmachine.com\/wp-content\/uploads\/2023\/12\/Economic-type-APG-Machine-11-150x150.jpg",150,150,true],"medium":["https:\/\/www.apgmachine.com\/wp-content\/uploads\/2023\/12\/Economic-type-APG-Machine-11-300x300.jpg",300,300,true],"medium_large":["https:\/\/www.apgmachine.com\/wp-content\/uploads\/2023\/12\/Economic-type-APG-Machine-11-768x769.jpg",768,769,true],"large":["https:\/\/www.apgmachine.com\/wp-content\/uploads\/2023\/12\/Economic-type-APG-Machine-11.jpg",1000,1001,false],"1536x1536":["https:\/\/www.apgmachine.com\/wp-content\/uploads\/2023\/12\/Economic-type-APG-Machine-11.jpg",1000,1001,false],"2048x2048":["https:\/\/www.apgmachine.com\/wp-content\/uploads\/2023\/12\/Economic-type-APG-Machine-11.jpg",1000,1001,false],"trp-custom-language-flag":["https:\/\/www.apgmachine.com\/wp-content\/uploads\/2023\/12\/Economic-type-APG-Machine-11.jpg",12,12,false],"woocommerce_archive_thumbnail":["https:\/\/www.apgmachine.com\/wp-content\/uploads\/2023\/12\/Economic-type-APG-Machine-11-500x501.jpg",500,501,true],"woocommerce_thumbnail":["https:\/\/www.apgmachine.com\/wp-content\/uploads\/2023\/12\/Economic-type-APG-Machine-11-300x300.jpg",300,300,true],"woocommerce_single":["https:\/\/www.apgmachine.com\/wp-content\/uploads\/2023\/12\/Economic-type-APG-Machine-11-600x601.jpg",600,601,true],"woocommerce_gallery_thumbnail":["https:\/\/www.apgmachine.com\/wp-content\/uploads\/2023\/12\/Economic-type-APG-Machine-11-100x100.jpg",100,100,true]},"post_excerpt_stackable":"<h3>Short Description:<\/h3>\n<div>\n<p><strong>SVOL-8060-15\u00a0series Epoxy resin hydraulic automatic pressure gelation machine is made up with:<\/strong><br \/>\n-1.APG clamping machine frame (Q235# 10mm steel,machine more stably;release welding internal stress by heat treatment)<br \/>\n-2.Power cabinet (Adopt realiable and general electrical elements)<br \/>\n-3.Hydraulic power pack (independent production,offer customzied service)<br \/>\n-4.This small type of apg machine is specially used for casting simple and small products,such as insulators,post insulatos,bushings,its economic type APG clamping machine<\/p>\n<\/div>\n","category_list":"","author_info":{"name":"","url":""},"comments_num":"0 comentarios","jetpack_sharing_enabled":true,"uagb_featured_image_src":{"full":["https:\/\/www.apgmachine.com\/wp-content\/uploads\/2023\/12\/Economic-type-APG-Machine-11.jpg",1000,1001,false],"thumbnail":["https:\/\/www.apgmachine.com\/wp-content\/uploads\/2023\/12\/Economic-type-APG-Machine-11-150x150.jpg",150,150,true],"medium":["https:\/\/www.apgmachine.com\/wp-content\/uploads\/2023\/12\/Economic-type-APG-Machine-11-300x300.jpg",300,300,true],"medium_large":["https:\/\/www.apgmachine.com\/wp-content\/uploads\/2023\/12\/Economic-type-APG-Machine-11-768x769.jpg",768,769,true],"large":["https:\/\/www.apgmachine.com\/wp-content\/uploads\/2023\/12\/Economic-type-APG-Machine-11.jpg",1000,1001,false],"1536x1536":["https:\/\/www.apgmachine.com\/wp-content\/uploads\/2023\/12\/Economic-type-APG-Machine-11.jpg",1000,1001,false],"2048x2048":["https:\/\/www.apgmachine.com\/wp-content\/uploads\/2023\/12\/Economic-type-APG-Machine-11.jpg",1000,1001,false],"trp-custom-language-flag":["https:\/\/www.apgmachine.com\/wp-content\/uploads\/2023\/12\/Economic-type-APG-Machine-11.jpg",12,12,false],"woocommerce_archive_thumbnail":["https:\/\/www.apgmachine.com\/wp-content\/uploads\/2023\/12\/Economic-type-APG-Machine-11-500x501.jpg",500,501,true],"woocommerce_thumbnail":["https:\/\/www.apgmachine.com\/wp-content\/uploads\/2023\/12\/Economic-type-APG-Machine-11-300x300.jpg",300,300,true],"woocommerce_single":["https:\/\/www.apgmachine.com\/wp-content\/uploads\/2023\/12\/Economic-type-APG-Machine-11-600x601.jpg",600,601,true],"woocommerce_gallery_thumbnail":["https:\/\/www.apgmachine.com\/wp-content\/uploads\/2023\/12\/Economic-type-APG-Machine-11-100x100.jpg",100,100,true]},"uagb_author_info":{"display_name":"admin","author_link":"https:\/\/www.apgmachine.com\/es\/author\/"},"uagb_comment_info":0,"uagb_excerpt":"Short Description: SVOL-8060-15\u00a0series Epoxy resin hydraulic automatic pressure gelation machine is made up with: -1.APG clamping machine frame (Q235# 10mm steel,machine more stably;release welding internal stress by heat treatment) -2.Power cabinet (Adopt realiable and general electrical elements) -3.Hydraulic power pack (independent production,offer customzied service) -4.This small type of apg machine is specially used for casting&hellip;","_links":{"self":[{"href":"https:\/\/www.apgmachine.com\/es\/wp-json\/wp\/v2\/product\/868","targetHints":{"allow":["GET"]}}],"collection":[{"href":"https:\/\/www.apgmachine.com\/es\/wp-json\/wp\/v2\/product"}],"about":[{"href":"https:\/\/www.apgmachine.com\/es\/wp-json\/wp\/v2\/types\/product"}],"wp:featuredmedia":[{"embeddable":true,"href":"https:\/\/www.apgmachine.com\/es\/wp-json\/wp\/v2\/media\/947"}],"wp:attachment":[{"href":"https:\/\/www.apgmachine.com\/es\/wp-json\/wp\/v2\/media?parent=868"}],"wp:term":[{"taxonomy":"product_cat","embeddable":true,"href":"https:\/\/www.apgmachine.com\/es\/wp-json\/wp\/v2\/product_cat?post=868"},{"taxonomy":"product_tag","embeddable":true,"href":"https:\/\/www.apgmachine.com\/es\/wp-json\/wp\/v2\/product_tag?post=868"}],"curies":[{"name":"wp","href":"https:\/\/api.w.org\/{rel}","templated":true}]}}