{"id":866,"date":"2023-12-11T03:33:14","date_gmt":"2023-12-10T19:33:14","guid":{"rendered":"http:\/\/wp.cd3.gzoat.com\/?post_type=product&#038;p=866"},"modified":"2024-01-15T17:01:28","modified_gmt":"2024-01-15T09:01:28","slug":"vol-8060-25-standard-type-apg-press-machine","status":"publish","type":"product","link":"https:\/\/www.apgmachine.com\/es\/producto\/vol-8060-25-maquina-de-prensado-apg-de-tipo-estandar\/","title":{"rendered":"VOL-8060-25 M\u00e1quina de prensado APG de tipo est\u00e1ndar"},"content":{"rendered":"<div class=\"fl-builder-content fl-builder-content-1279 fl-builder-content-primary fl-builder-global-templates-locked\" data-post-id=\"1279\">\n<div class=\"fl-row fl-row-full-width fl-row-bg-none fl-node-61bffbabd5b43\" data-node=\"61bffbabd5b43\">\n<div class=\"fl-row-content-wrap\">\n<div class=\"fl-row-content fl-row-full-width fl-node-content\">\n<div class=\"fl-col-group fl-node-61bffbabdabb0\" data-node=\"61bffbabdabb0\">\n<div class=\"fl-col fl-node-61bffbabdada5\" data-node=\"61bffbabdada5\">\n<div class=\"fl-col-content fl-node-content\">\n<div class=\"fl-module fl-module-rich-text fl-node-61bffb9c6c315\" data-node=\"61bffb9c6c315\" data-animation-delay=\"0.0\">\n<div class=\"fl-module-content fl-node-content\">\n<div class=\"fl-rich-text\">\n<div class=\"content_box\">\n<h2>VOL-8060-25 M\u00e1quina de sujeci\u00f3n APG de tipo est\u00e1ndar<img loading=\"lazy\" decoding=\"async\" class=\"wp-image-1764 size-full aligncenter\" src=\"https:\/\/www.apgmachine.com\/wp-content\/uploads\/2023\/12\/e65637db0b0aebeef9181e46736ab42-1-e1705307470313.png\" alt=\"\" width=\"508\" height=\"168\" srcset=\"https:\/\/www.apgmachine.com\/wp-content\/uploads\/2023\/12\/e65637db0b0aebeef9181e46736ab42-1-e1705307470313.png 508w, https:\/\/www.apgmachine.com\/wp-content\/uploads\/2023\/12\/e65637db0b0aebeef9181e46736ab42-1-e1705307470313-18x6.png 18w, https:\/\/www.apgmachine.com\/wp-content\/uploads\/2023\/12\/e65637db0b0aebeef9181e46736ab42-1-e1705307470313-500x165.png 500w\" sizes=\"auto, (max-width: 508px) 100vw, 508px\" \/><\/h2>\n<\/div>\n<p><img loading=\"lazy\" decoding=\"async\" class=\"alignnone wp-image-910\" src=\"https:\/\/www.apgmachine.com\/wp-content\/uploads\/2023\/12\/VOL-865-Standard-type-Standard-APG-clamping-machine1-e1705305357648.jpg\" alt=\"\" width=\"881\" height=\"820\" srcset=\"https:\/\/www.apgmachine.com\/wp-content\/uploads\/2023\/12\/VOL-865-Standard-type-Standard-APG-clamping-machine1-e1705305357648.jpg 627w, https:\/\/www.apgmachine.com\/wp-content\/uploads\/2023\/12\/VOL-865-Standard-type-Standard-APG-clamping-machine1-e1705305357648-500x465.jpg 500w, https:\/\/www.apgmachine.com\/wp-content\/uploads\/2023\/12\/VOL-865-Standard-type-Standard-APG-clamping-machine1-e1705305357648-600x558.jpg 600w, https:\/\/www.apgmachine.com\/wp-content\/uploads\/2023\/12\/VOL-865-Standard-type-Standard-APG-clamping-machine1-e1705305357648-13x12.jpg 13w\" sizes=\"auto, (max-width: 881px) 100vw, 881px\" \/><\/p>\n<\/div>\n<\/div>\n<\/div>\n<\/div>\n<\/div>\n<\/div>\n<div class=\"fl-col-group fl-node-61bffc0e4f22e\" data-node=\"61bffc0e4f22e\">\n<div class=\"fl-col fl-node-61bffc0e4f495\" data-node=\"61bffc0e4f495\">\n<div class=\"fl-col-content fl-node-content\">\n<div class=\"fl-module fl-module-photo fl-node-61bffb9c6c3cd\" data-node=\"61bffb9c6c3cd\" data-animation-delay=\"0.0\">\n<div class=\"fl-module-content fl-node-content\">\n<div class=\"fl-photo fl-photo-align-center\">\n<div>\n<h2><span style=\"color: #e73034;\">V\u00eddeo de la m\u00e1quina APG<\/span><\/h2>\n<p><iframe loading=\"lazy\" title=\"Producci\u00f3n de casquillos mediante m\u00e1quina de prensado APG ,fabricante de gelificaci\u00f3n a presi\u00f3n apg casting\" width=\"1290\" height=\"726\" src=\"https:\/\/www.youtube.com\/embed\/A69qyqI56e8?start=50&#038;feature=oembed\" frameborder=\"0\" allow=\"accelerometer; autoplay; clipboard-write; encrypted-media; gyroscope; picture-in-picture; web-share\" allowfullscreen><\/iframe><\/p>\n<p><iframe loading=\"lazy\" title=\"resina epoxi casquillo m\u00e1quina,caja de contacto apg m\u00e1quina eda@volmetapg.com\" width=\"1290\" height=\"726\" src=\"https:\/\/www.youtube.com\/embed\/EOrLbqv7Skc?feature=oembed\" frameborder=\"0\" allow=\"accelerometer; autoplay; clipboard-write; encrypted-media; gyroscope; picture-in-picture; web-share\" allowfullscreen><\/iframe><\/p>\n<\/div>\n<\/div>\n<\/div>\n<\/div>\n<\/div>\n<\/div>\n<\/div>\n<\/div>\n<\/div>\n<\/div>\n<div class=\"fl-row fl-row-full-width fl-row-bg-none fl-node-61bffb9c6bc85\" data-node=\"61bffb9c6bc85\">\n<div class=\"fl-row-content-wrap\">\n<div class=\"fl-row-content fl-row-full-width fl-node-content\">\n<div class=\"fl-col-group fl-node-61bffb9c6c299\" data-node=\"61bffb9c6c299\">\n<div class=\"fl-col fl-node-61bffb9c6c2d9\" data-node=\"61bffb9c6c2d9\">\n<div class=\"fl-col-content fl-node-content\">\n<div class=\"fl-module fl-module-rich-text fl-node-61bffbaa1abca\" data-node=\"61bffbaa1abca\" data-animation-delay=\"0.0\">\n<div class=\"fl-module-content fl-node-content\">\n<div class=\"fl-rich-text\">\n<div class=\"content_box\">\n<h2>Aplicaci\u00f3n:<\/h2>\n<\/div>\n<p>Se utiliza para producir componentes de resina epoxi de 11-36KV, como CT, PT, aisladores, casquillos, ca\u00f1o, cubierta SF6, GIS, LBS, etc.<\/p>\n<\/div>\n<\/div>\n<\/div>\n<\/div>\n<\/div>\n<\/div>\n<div class=\"fl-col-group fl-node-61bffb9c6c353\" data-node=\"61bffb9c6c353\">\n<div class=\"fl-col fl-node-61bffb9c6c390\" data-node=\"61bffb9c6c390\">\n<div class=\"fl-col-content fl-node-content\">\n<div class=\"fl-module fl-module-photo fl-node-61bffc0bd9b1c\" data-node=\"61bffc0bd9b1c\" data-animation-delay=\"0.0\">\n<div class=\"fl-module-content fl-node-content\">\n<div class=\"fl-photo fl-photo-align-center\">\n<div class=\"fl-photo-content fl-photo-img-png\"><img decoding=\"async\" class=\"fl-photo-img wp-image-1551\" src=\"https:\/\/www.apgmachine.com\/uploads\/Application42.png\" alt=\"Aplicaci\u00f3n4\" \/><\/div>\n<\/div>\n<\/div>\n<\/div>\n<\/div>\n<\/div>\n<\/div>\n<div class=\"fl-col-group fl-node-61bffb9c6c40a\" data-node=\"61bffb9c6c40a\">\n<div class=\"fl-col fl-node-61bffb9c6c447\" data-node=\"61bffb9c6c447\">\n<div class=\"fl-col-content fl-node-content\">\n<div class=\"fl-module fl-module-rich-text fl-node-61bffb9c6c485\" data-node=\"61bffb9c6c485\" data-animation-delay=\"0.0\">\n<div class=\"fl-module-content fl-node-content\">\n<div class=\"fl-rich-text\">\n<div class=\"content_box\">\n<h2>Ventajas:<\/h2>\n<\/div>\n<p><strong>-M\u00e1quina de doble estaci\u00f3n<\/strong>\u2192alta eficiencia<br \/>\n<strong>-Integrado en la m\u00e1quina<\/strong>\u2192 F\u00e1cil instalaci\u00f3n,el usuario no necesita hacer el trabajo duro de conectar tuber\u00edas de aceite y cables, s\u00f3lo tiene que enchufar la fuente de alimentaci\u00f3n directamente.<br \/>\n\u2192ahorra gastos de env\u00edo, y ahorra espacio en la f\u00e1brica.<br \/>\n<strong>Bastidor de la m\u00e1quina:<\/strong> Maquinaria de templado y acabado \u2192Mejora la resistencia, evita la deformaci\u00f3n, garantiza una alta precisi\u00f3n, evita las fugas del molde.<br \/>\n<strong>Vallas seguras<\/strong>\u2192 Evitar los accidentes laborales<br \/>\n<strong>Impartir formaci\u00f3n t\u00e9cnica<\/strong>\u2192Asegurarse de que los clientes fabrican productos cualificados<br \/>\n<strong>Suministro de una l\u00ednea de producci\u00f3n completa<\/strong>\u2192Desde la m\u00e1quina, el molde hasta la materia prima, ayudar al cliente a construir una l\u00ednea de producci\u00f3n en el menor tiempo y con un coste razonable.<\/p>\n<div class=\"content_box\">\n<h2>Par\u00e1metros t\u00e9cnicos:<\/h2>\n<table style=\"height: 449px;\" border=\"1\" width=\"982\" cellspacing=\"0\">\n<tbody>\n<tr>\n<td><span style=\"color: #0000ff;\"><strong>N\u00ba de modelo<\/strong><\/span><\/td>\n<td><span style=\"color: #0000ff;\"><strong>VOL-8060-25<\/strong><\/span><\/td>\n<td><span style=\"color: #0000ff;\"><strong>VOL-8080-25<\/strong><\/span><\/td>\n<td><span style=\"color: #0000ff;\"><strong>VOL-1010-40<\/strong><\/span><\/td>\n<td><span style=\"color: #0000ff;\"><strong>VOL-1210-40<\/strong><\/span><\/td>\n<\/tr>\n<tr>\n<td>Tama\u00f1o de la placa calefactora (mm)<\/td>\n<td>800X600<\/td>\n<td>800X800<\/td>\n<td>1000X1000<\/td>\n<td>1000X1200<\/td>\n<\/tr>\n<tr>\n<td>Fuerza de sujeci\u00f3n (KN)<\/td>\n<td>250<\/td>\n<td>250<\/td>\n<td>400<\/td>\n<td>400<\/td>\n<\/tr>\n<tr>\n<td>Velocidad de cierre de la pinza (m\/min)<\/td>\n<td>3.1<\/td>\n<td>3.1<\/td>\n<td>2.7<\/td>\n<td>2.7<\/td>\n<\/tr>\n<tr>\n<td>Velocidad de apertura de la pinza (m\/min)<\/td>\n<td>4.8<\/td>\n<td>4.8<\/td>\n<td>3.1<\/td>\n<td>3.1<\/td>\n<\/tr>\n<tr>\n<td>Distancia entre placas calefactoras (mm)<\/td>\n<td>150-1200<\/td>\n<td>200-1500<\/td>\n<td>200-1600<\/td>\n<td>200-1600<\/td>\n<\/tr>\n<tr>\n<td>Potencia calor\u00edfica (KW)<\/td>\n<td>12<\/td>\n<td>20<\/td>\n<td>24<\/td>\n<td>24<\/td>\n<\/tr>\n<tr>\n<td>Potencia de la unidad hidr\u00e1ulica (KW)<\/td>\n<td>5.5<\/td>\n<td>5.5<\/td>\n<td>5.5<\/td>\n<td>5.5<\/td>\n<\/tr>\n<tr>\n<td>Grado de inclinaci\u00f3n (\u00b0)<\/td>\n<td colspan=\"4\">7\u00b0 eje X, inclinaci\u00f3n eje Y opcional<\/td>\n<\/tr>\n<tr>\n<td>Dimensiones de la m\u00e1quina (mm)<\/td>\n<td>3750X970X2570<\/td>\n<td>4500X1020X3730<\/td>\n<td>4805X1220X4260<\/td>\n<td>4805X1220X4260<\/td>\n<\/tr>\n<tr>\n<td>Peso de la m\u00e1quina (KG)<\/td>\n<td>4300<\/td>\n<td>5350<\/td>\n<td>7700<\/td>\n<td>7700<\/td>\n<\/tr>\n<\/tbody>\n<\/table>\n<\/div>\n<div class=\"content_box\">\n<h2>M\u00e1quina APG de tipo est\u00e1ndar en las instalaciones del cliente y formaci\u00f3n t\u00e9cnica in situ:<\/h2>\n<\/div>\n<p>No s\u00f3lo fabricamos m\u00e1quinas y moldes APG, sino que tambi\u00e9n ofrecemos formaci\u00f3n t\u00e9cnica in situ, lo que garantiza a los clientes la fabricaci\u00f3n de productos cualificados.<\/p>\n<p>Casquillo de resina epox\u00eddica de 36 Kv fundido con la m\u00e1quina de sujeci\u00f3n Volmet APG<\/p>\n<\/div>\n<\/div>\n<\/div>\n<\/div>\n<\/div>\n<\/div>\n<div class=\"fl-col-group fl-node-61bffb9c6c4c3\" data-node=\"61bffb9c6c4c3\">\n<div class=\"fl-col fl-node-61bffb9c6c500\" data-node=\"61bffb9c6c500\">\n<div class=\"fl-col-content fl-node-content\">\n<div class=\"fl-module fl-module-photo fl-node-61bffb9c6c53e\" data-node=\"61bffb9c6c53e\" data-animation-delay=\"0.0\">\n<div class=\"fl-module-content fl-node-content\">\n<div class=\"fl-photo fl-photo-align-center\">\n<div class=\"fl-photo-content fl-photo-img-png\"><img loading=\"lazy\" decoding=\"async\" class=\"alignnone  wp-image-1765\" src=\"https:\/\/www.apgmachine.com\/wp-content\/uploads\/2023\/12\/36Kv-busing-\u751f\u4ea7\u8fc7\u7a0b-400x300.jpg\" alt=\"\" width=\"805\" height=\"604\" \/><\/div>\n<div>Aislador de resina epoxi de 11 Kv moldeado con la m\u00e1quina de revestimiento Volmet APG<\/div>\n<\/div>\n<\/div>\n<\/div>\n<div class=\"fl-module fl-module-photo fl-node-61bffb9c6c57b\" data-node=\"61bffb9c6c57b\" data-animation-delay=\"0.0\">\n<div class=\"fl-module-content fl-node-content\">\n<div class=\"fl-photo fl-photo-align-center\">\n<div class=\"fl-photo-content fl-photo-img-jpg\"><img decoding=\"async\" class=\"fl-photo-img wp-image-1384\" src=\"https:\/\/www.apgmachine.com\/uploads\/Standard-type-APG-machine-at-client-siteonsite-technical-training-1.jpg\" alt=\"M\u00e1quina APG de tipo est\u00e1ndar en las instalaciones del cliente&amp;formaci\u00f3n t\u00e9cnica in situ (1)\" \/><\/div>\n<\/div>\n<\/div>\n<\/div>\n<\/div>\n<\/div>\n<\/div>\n<\/div>\n<\/div>\n<\/div>\n<div class=\"fl-row fl-row-full-width fl-row-bg-none fl-node-61b6ec57d592d\" data-node=\"61b6ec57d592d\">\n<div class=\"fl-row-content-wrap\">\n<div class=\"fl-row-content fl-row-full-width fl-node-content\">\n<div class=\"fl-col-group fl-node-61b6ec57d732d\" data-node=\"61b6ec57d732d\">\n<div class=\"fl-col fl-node-61b6ec57d7480\" data-node=\"61b6ec57d7480\">\n<div class=\"fl-col-content fl-node-content\">\n<div class=\"fl-module fl-module-rich-text fl-node-61b6ec2eead62\" data-node=\"61b6ec2eead62\" data-animation-delay=\"0.0\">\n<div class=\"fl-module-content fl-node-content\">\n<div class=\"fl-rich-text\">\n<div class=\"content_box\">\n<h2>Formaci\u00f3n t\u00e9cnica in situ en la empresa cliente:<\/h2>\n<\/div>\n<p>Tras las pruebas de rayos X, tracci\u00f3n, descarga parcial y fugas, el producto cumple los requisitos del cliente, que se muestra muy satisfecho.<\/p>\n<p>&nbsp;<\/p>\n<\/div>\n<\/div>\n<\/div>\n<\/div>\n<\/div>\n<\/div>\n<div class=\"fl-col-group fl-node-61b6ec5bd8fad\" data-node=\"61b6ec5bd8fad\">\n<div class=\"fl-col fl-node-61b6ec5bd910c fl-col-small\" data-node=\"61b6ec5bd910c\">\n<div class=\"fl-col-content fl-node-content\">\n<div class=\"fl-module fl-module-rich-text fl-node-61bffcfd51d16\" data-node=\"61bffcfd51d16\" data-animation-delay=\"0.0\">\n<div class=\"fl-module-content fl-node-content\">\n<div class=\"fl-rich-text\">\n<div class=\"content_box\">\n<h2>Proceso de producci\u00f3n de la m\u00e1quina de fundici\u00f3n por inyecci\u00f3n Apg:<\/h2>\n<p>transformador de corriente de dos cavidades de fundici\u00f3n<\/p>\n<\/div>\n<\/div>\n<\/div>\n<\/div>\n<div class=\"fl-module fl-module-photo fl-node-61b6ec5bd8e93\" data-node=\"61b6ec5bd8e93\" data-animation-delay=\"0.0\">\n<div class=\"fl-module-content fl-node-content\">\n<div class=\"fl-photo fl-photo-align-center\">\n<div class=\"fl-photo-content fl-photo-img-jpg\"><img decoding=\"async\" class=\"fl-photo-img wp-image-1390\" src=\"https:\/\/www.apgmachine.com\/uploads\/singlieng.jpg\" alt=\"singlieng\" \/><\/div>\n<\/div>\n<\/div>\n<\/div>\n<\/div>\n<\/div>\n<div class=\"fl-col fl-node-61bffd162e17c fl-col-small\" data-node=\"61bffd162e17c\">\n<div class=\"fl-col-content fl-node-content\">\n<div class=\"fl-module fl-module-rich-text fl-node-61b6ec7928981\" data-node=\"61b6ec7928981\" data-animation-delay=\"0.0\">\n<div class=\"fl-module-content fl-node-content\">\n<div class=\"fl-rich-text\">\n<div class=\"content_box\">\n<h2>Transformador de tensi\u00f3n de resina epoxi Formaci\u00f3n t\u00e9cnica APG:<\/h2>\n<p>transformador de tensi\u00f3n de fundici\u00f3n de dos cavidades de resina epoxi<\/p>\n<\/div>\n<\/div>\n<\/div>\n<\/div>\n<div class=\"fl-module fl-module-photo fl-node-61b6ec7928a3a\" data-node=\"61b6ec7928a3a\" data-animation-delay=\"0.0\">\n<div class=\"fl-module-content fl-node-content\">\n<div class=\"fl-photo fl-photo-align-center\">\n<div class=\"fl-photo-content fl-photo-img-jpg\"><img decoding=\"async\" class=\"fl-photo-img wp-image-1391\" src=\"https:\/\/www.apgmachine.com\/uploads\/dec8d58f.jpg\" alt=\"\u00a0epoxi-resina-transformador de tensi\u00f3n-APG-entrenamiento-t\u00e9cnico\" \/><\/div>\n<\/div>\n<\/div>\n<\/div>\n<\/div>\n<\/div>\n<\/div>\n<\/div>\n<\/div>\n<\/div>\n<div class=\"fl-row fl-row-full-width fl-row-bg-none fl-node-61b6eca09772b\" data-node=\"61b6eca09772b\">\n<div class=\"fl-row-content-wrap\">\n<div class=\"fl-row-content fl-row-full-width fl-node-content\">\n<div class=\"fl-col-group fl-node-61b6eca097a75\" data-node=\"61b6eca097a75\">\n<div class=\"fl-col fl-node-61b6eca097ab3 fl-col-small\" data-node=\"61b6eca097ab3\">\n<div class=\"fl-col-content fl-node-content\">\n<div class=\"fl-module fl-module-rich-text fl-node-61b6eca097af1\" data-node=\"61b6eca097af1\" data-animation-delay=\"0.0\">\n<div class=\"fl-module-content fl-node-content\">\n<div class=\"fl-rich-text\">\n<div class=\"content_box\">\n<h2>Proceso de producci\u00f3n de la m\u00e1quina de prensado APG:<\/h2>\n<\/div>\n<p><strong>1. Bastidor de la fresadora: <\/strong>Cada lado del marco ser\u00e1 fresado por una m\u00e1quina de torno vertical, para asegurar la precisi\u00f3n de la instalaci\u00f3n, y evitar fugas de molde.<\/p>\n<p><strong>\u00a02. Tratamiento t\u00e9rmico para el bastidor de la m\u00e1quina: <\/strong>Hacer 3 veces de tratamiento t\u00e9rmico para el bastidor de la m\u00e1quina despu\u00e9s de la soldadura. liberar la tensi\u00f3n entre, y reducir la m\u00e1quina obtener deformaci\u00f3n.<\/p>\n<\/div>\n<\/div>\n<\/div>\n<\/div>\n<\/div>\n<div class=\"fl-col fl-node-61bffd21cd732 fl-col-small\" data-node=\"61bffd21cd732\">\n<div class=\"fl-col-content fl-node-content\">\n<div class=\"fl-module fl-module-photo fl-node-61b6eca097baa\" data-node=\"61b6eca097baa\" data-animation-delay=\"0.0\">\n<div class=\"fl-module-content fl-node-content\">\n<div class=\"fl-photo fl-photo-align-center\">\n<div class=\"fl-photo-content fl-photo-img-jpg\"><img decoding=\"async\" class=\"fl-photo-img wp-image-1380\" src=\"https:\/\/www.apgmachine.com\/uploads\/sing1gs.jpg\" alt=\"cantar1gs\" \/><\/div>\n<\/div>\n<\/div>\n<\/div>\n<\/div>\n<\/div>\n<\/div>\n<\/div>\n<\/div>\n<\/div>\n<div class=\"fl-row fl-row-full-width fl-row-bg-none fl-node-61b6ecc4d7a25\" data-node=\"61b6ecc4d7a25\">\n<div class=\"fl-row-content-wrap\">\n<div class=\"fl-row-content fl-row-full-width fl-node-content\">\n<div class=\"fl-col-group fl-node-61b6ecc4d7dba\" data-node=\"61b6ecc4d7dba\">\n<div class=\"fl-col fl-node-61bffd255dbd4 fl-col-small\" data-node=\"61bffd255dbd4\">\n<div class=\"fl-col-content fl-node-content\">\n<div class=\"fl-module fl-module-photo fl-node-61b6ecc4d7eee\" data-node=\"61b6ecc4d7eee\" data-animation-delay=\"0.0\">\n<div class=\"fl-module-content fl-node-content\">\n<div class=\"fl-photo fl-photo-align-center\">\n<div class=\"fl-photo-content fl-photo-img-jpg\"><img decoding=\"async\" class=\"fl-photo-img wp-image-1417\" src=\"https:\/\/www.apgmachine.com\/uploads\/Shipping-mold1.jpg\" alt=\"Molde de env\u00edo\" \/><\/div>\n<\/div>\n<\/div>\n<\/div>\n<\/div>\n<\/div>\n<div class=\"fl-col fl-node-61b6ecc4d7df8 fl-col-small\" data-node=\"61b6ecc4d7df8\">\n<div class=\"fl-col-content fl-node-content\">\n<div class=\"fl-module fl-module-rich-text fl-node-61b6ecc4d7e36\" data-node=\"61b6ecc4d7e36\" data-animation-delay=\"0.0\">\n<div class=\"fl-module-content fl-node-content\">\n<div class=\"fl-rich-text\">\n<div class=\"content_box\">\n<h2>Proceso de entrega de la m\u00e1quina de prensa APG:<\/h2>\n<\/div>\n<p>Una vez preparadas las muestras cualificadas de los equipos y moldes, llevaremos a cabo un estricto embalaje para evitar da\u00f1os en los equipos durante el transporte y entregarlos sin problemas al cliente.<\/p>\n<\/div>\n<\/div>\n<\/div>\n<\/div>\n<\/div>\n<\/div>\n<\/div>\n<\/div>\n<\/div>\n<\/div>","protected":false},"excerpt":{"rendered":"<h3>Breve descripci\u00f3n:<\/h3>\n<div>\n<p><strong>Caracter\u00edsticas:<\/strong><br \/>\nPlaca de sujeci\u00f3n doble,alta eficiencia,utilizada para la fundici\u00f3n de aisladores,casquillos de pared y productos simples.<\/p>\n<p><strong>La m\u00e1quina de epoxi APG serie DVOL-8060-25 se compone de:\u00a0<\/strong><br \/>\n-1.APG marco de la m\u00e1quina de sujeci\u00f3n (Q235# 10mm de acero, la m\u00e1quina m\u00e1s estable, liberar la tensi\u00f3n interna de soldadura por tratamiento t\u00e9rmico)<br \/>\n-2.Armario el\u00e9ctrico (Adopta elementos el\u00e9ctricos realizables y generales)<br \/>\n-3.Grupo hidr\u00e1ulico (producci\u00f3n independiente, servicio personalizado)<\/p>\n<\/div>","protected":false},"featured_media":910,"template":"","meta":{"_uag_custom_page_level_css":""},"product_cat":[29],"product_tag":[],"class_list":{"0":"post-866","1":"product","2":"type-product","3":"status-publish","4":"has-post-thumbnail","6":"product_cat-apg-machine","8":"first","9":"instock","10":"shipping-taxable","11":"product-type-simple"},"featured_image_urls":{"full":["https:\/\/www.apgmachine.com\/wp-content\/uploads\/2023\/12\/VOL-865-Standard-type-Standard-APG-clamping-machine1-e1705305357648.jpg",627,583,false],"thumbnail":["https:\/\/www.apgmachine.com\/wp-content\/uploads\/2023\/12\/VOL-865-Standard-type-Standard-APG-clamping-machine1-e1705305357648-400x300.jpg",400,300,true],"medium":["https:\/\/www.apgmachine.com\/wp-content\/uploads\/2023\/12\/VOL-865-Standard-type-Standard-APG-clamping-machine1-300x300.jpg",300,300,true],"medium_large":["https:\/\/www.apgmachine.com\/wp-content\/uploads\/2023\/12\/VOL-865-Standard-type-Standard-APG-clamping-machine1-e1705305357648.jpg",627,583,false],"large":["https:\/\/www.apgmachine.com\/wp-content\/uploads\/2023\/12\/VOL-865-Standard-type-Standard-APG-clamping-machine1-e1705305357648.jpg",627,583,false],"1536x1536":["https:\/\/www.apgmachine.com\/wp-content\/uploads\/2023\/12\/VOL-865-Standard-type-Standard-APG-clamping-machine1-e1705305357648.jpg",627,583,false],"2048x2048":["https:\/\/www.apgmachine.com\/wp-content\/uploads\/2023\/12\/VOL-865-Standard-type-Standard-APG-clamping-machine1-e1705305357648.jpg",627,583,false],"trp-custom-language-flag":["https:\/\/www.apgmachine.com\/wp-content\/uploads\/2023\/12\/VOL-865-Standard-type-Standard-APG-clamping-machine1-e1705305357648-13x12.jpg",13,12,true],"woocommerce_archive_thumbnail":["https:\/\/www.apgmachine.com\/wp-content\/uploads\/2023\/12\/VOL-865-Standard-type-Standard-APG-clamping-machine1-e1705305357648-500x465.jpg",500,465,true],"woocommerce_thumbnail":["https:\/\/www.apgmachine.com\/wp-content\/uploads\/2023\/12\/VOL-865-Standard-type-Standard-APG-clamping-machine1-e1705305357648-300x300.jpg",300,300,true],"woocommerce_single":["https:\/\/www.apgmachine.com\/wp-content\/uploads\/2023\/12\/VOL-865-Standard-type-Standard-APG-clamping-machine1-e1705305357648-600x558.jpg",600,558,true],"woocommerce_gallery_thumbnail":["https:\/\/www.apgmachine.com\/wp-content\/uploads\/2023\/12\/VOL-865-Standard-type-Standard-APG-clamping-machine1-e1705305357648-100x100.jpg",100,100,true]},"post_excerpt_stackable":"<h3>Short Description:<\/h3>\n<div>\n<p><strong>Features:<\/strong><br \/>\nDouble clamping plate,high efficiency,used for casting insulators,wall bushing and simple products<\/p>\n<p><strong>DVOL-8060-25\u00a0series APG epoxy machine is made up with:\u00a0<\/strong><br \/>\n-1.APG clamping machine frame (Q235# 10mm steel,machine more stably;release welding internal stress by heat treatment)<br \/>\n-2.Power cabinet (Adopt realiable and general electrical elements)<br \/>\n-3.Hydraulic power pack (independent production,offer customzied service)<\/p>\n<\/div>\n","category_list":"","author_info":{"name":"","url":""},"comments_num":"0 comentarios","jetpack_sharing_enabled":true,"uagb_featured_image_src":{"full":["https:\/\/www.apgmachine.com\/wp-content\/uploads\/2023\/12\/VOL-865-Standard-type-Standard-APG-clamping-machine1-e1705305357648.jpg",627,583,false],"thumbnail":["https:\/\/www.apgmachine.com\/wp-content\/uploads\/2023\/12\/VOL-865-Standard-type-Standard-APG-clamping-machine1-e1705305357648-400x300.jpg",400,300,true],"medium":["https:\/\/www.apgmachine.com\/wp-content\/uploads\/2023\/12\/VOL-865-Standard-type-Standard-APG-clamping-machine1-300x300.jpg",300,300,true],"medium_large":["https:\/\/www.apgmachine.com\/wp-content\/uploads\/2023\/12\/VOL-865-Standard-type-Standard-APG-clamping-machine1-e1705305357648.jpg",627,583,false],"large":["https:\/\/www.apgmachine.com\/wp-content\/uploads\/2023\/12\/VOL-865-Standard-type-Standard-APG-clamping-machine1-e1705305357648.jpg",627,583,false],"1536x1536":["https:\/\/www.apgmachine.com\/wp-content\/uploads\/2023\/12\/VOL-865-Standard-type-Standard-APG-clamping-machine1-e1705305357648.jpg",627,583,false],"2048x2048":["https:\/\/www.apgmachine.com\/wp-content\/uploads\/2023\/12\/VOL-865-Standard-type-Standard-APG-clamping-machine1-e1705305357648.jpg",627,583,false],"trp-custom-language-flag":["https:\/\/www.apgmachine.com\/wp-content\/uploads\/2023\/12\/VOL-865-Standard-type-Standard-APG-clamping-machine1-e1705305357648-13x12.jpg",13,12,true],"woocommerce_archive_thumbnail":["https:\/\/www.apgmachine.com\/wp-content\/uploads\/2023\/12\/VOL-865-Standard-type-Standard-APG-clamping-machine1-e1705305357648-500x465.jpg",500,465,true],"woocommerce_thumbnail":["https:\/\/www.apgmachine.com\/wp-content\/uploads\/2023\/12\/VOL-865-Standard-type-Standard-APG-clamping-machine1-e1705305357648-300x300.jpg",300,300,true],"woocommerce_single":["https:\/\/www.apgmachine.com\/wp-content\/uploads\/2023\/12\/VOL-865-Standard-type-Standard-APG-clamping-machine1-e1705305357648-600x558.jpg",600,558,true],"woocommerce_gallery_thumbnail":["https:\/\/www.apgmachine.com\/wp-content\/uploads\/2023\/12\/VOL-865-Standard-type-Standard-APG-clamping-machine1-e1705305357648-100x100.jpg",100,100,true]},"uagb_author_info":{"display_name":"admin","author_link":"https:\/\/www.apgmachine.com\/es\/author\/"},"uagb_comment_info":0,"uagb_excerpt":"Short Description: Features: Double clamping plate,high efficiency,used for casting insulators,wall bushing and simple products DVOL-8060-25\u00a0series APG epoxy machine is made up with:\u00a0 -1.APG clamping machine frame (Q235# 10mm steel,machine more stably;release welding internal stress by heat treatment) -2.Power cabinet (Adopt realiable and general electrical elements) -3.Hydraulic power pack (independent production,offer customzied service)","_links":{"self":[{"href":"https:\/\/www.apgmachine.com\/es\/wp-json\/wp\/v2\/product\/866","targetHints":{"allow":["GET"]}}],"collection":[{"href":"https:\/\/www.apgmachine.com\/es\/wp-json\/wp\/v2\/product"}],"about":[{"href":"https:\/\/www.apgmachine.com\/es\/wp-json\/wp\/v2\/types\/product"}],"wp:featuredmedia":[{"embeddable":true,"href":"https:\/\/www.apgmachine.com\/es\/wp-json\/wp\/v2\/media\/910"}],"wp:attachment":[{"href":"https:\/\/www.apgmachine.com\/es\/wp-json\/wp\/v2\/media?parent=866"}],"wp:term":[{"taxonomy":"product_cat","embeddable":true,"href":"https:\/\/www.apgmachine.com\/es\/wp-json\/wp\/v2\/product_cat?post=866"},{"taxonomy":"product_tag","embeddable":true,"href":"https:\/\/www.apgmachine.com\/es\/wp-json\/wp\/v2\/product_tag?post=866"}],"curies":[{"name":"wp","href":"https:\/\/api.w.org\/{rel}","templated":true}]}}