{"id":864,"date":"2023-12-13T03:27:11","date_gmt":"2023-12-12T19:27:11","guid":{"rendered":"http:\/\/wp.cd3.gzoat.com\/?post_type=product&#038;p=864"},"modified":"2024-01-15T14:52:32","modified_gmt":"2024-01-15T06:52:32","slug":"fully-automatic-apg-machine-product","status":"publish","type":"product","link":"https:\/\/www.apgmachine.com\/es\/producto\/maquina-apg-totalmente-automatica-producto\/","title":{"rendered":"AVOL-1010 M\u00e1quina de sujeci\u00f3n APG totalmente autom\u00e1tica"},"content":{"rendered":"<div class=\"fl-builder-content fl-builder-content-1293 fl-builder-content-primary fl-builder-global-templates-locked\" data-post-id=\"1293\">\n<div class=\"fl-row fl-row-full-width fl-row-bg-none fl-node-61b6f114a02f6\" data-node=\"61b6f114a02f6\">\n<div class=\"fl-row-content-wrap\">\n<div class=\"fl-row-content fl-row-full-width fl-node-content\">\n<div class=\"fl-col-group fl-node-61b6f114a0335\" data-node=\"61b6f114a0335\">\n<div class=\"fl-col fl-node-61b6f114a0374\" data-node=\"61b6f114a0374\">\n<div class=\"fl-col-content fl-node-content\">\n<div class=\"fl-module fl-module-rich-text fl-node-61b6f114a03b2\" data-node=\"61b6f114a03b2\" data-animation-delay=\"0.0\">\n<div class=\"fl-module-content fl-node-content\">\n<div class=\"fl-rich-text\">\n<div class=\"content_box\">\n<h2>AVOL-1010 M\u00e1quina de sujeci\u00f3n APG totalmente autom\u00e1tica:<\/h2>\n<\/div>\n<\/div>\n<\/div>\n<\/div>\n<\/div>\n<\/div>\n<\/div>\n<div class=\"fl-col-group fl-node-61b6f114a03ef\" data-node=\"61b6f114a03ef\">\n<div class=\"fl-col fl-node-61b6f114a042c\" data-node=\"61b6f114a042c\">\n<div class=\"fl-col-content fl-node-content\">\n<div class=\"fl-module fl-module-photo fl-node-61b6f114a0469\" data-node=\"61b6f114a0469\" data-animation-delay=\"0.0\">\n<div class=\"fl-module-content fl-node-content\">\n<div class=\"fl-photo fl-photo-align-center\">\n<div class=\"fl-photo-content fl-photo-img-png\"><img decoding=\"async\" class=\"fl-photo-img wp-image-1547\" src=\"https:\/\/www.apgmachine.com\/uploads\/8ddb567hh.png\" alt=\"8ddb567hh\" \/><\/div>\n<\/div>\n<\/div>\n<\/div>\n<\/div>\n<\/div>\n<\/div>\n<\/div>\n<\/div>\n<\/div>\n<div class=\"fl-row fl-row-full-width fl-row-bg-none fl-node-61b6f114a04a6\" data-node=\"61b6f114a04a6\">\n<div class=\"fl-row-content-wrap\">\n<div class=\"fl-row-content fl-row-full-width fl-node-content\">\n<div class=\"fl-col-group fl-node-61b6f114a04e8\" data-node=\"61b6f114a04e8\">\n<div class=\"fl-col fl-node-61b6f114a0526\" data-node=\"61b6f114a0526\">\n<div class=\"fl-col-content fl-node-content\">\n<div class=\"fl-module fl-module-rich-text fl-node-61b6f114a0564\" data-node=\"61b6f114a0564\" data-animation-delay=\"0.0\">\n<div class=\"fl-module-content fl-node-content\">\n<div class=\"fl-rich-text\">\n<div class=\"content_box\">\n<h2>Aplicaci\u00f3n:<\/h2>\n<\/div>\n<p>Se utilizan para producir componentes de resina epoxi de 11-36KV, como CT, PT, aisladores, casquillos, ca\u00f1o, cubierta SF6, GIS, LBS, etc.<\/p>\n<\/div>\n<\/div>\n<\/div>\n<\/div>\n<\/div>\n<\/div>\n<div class=\"fl-col-group fl-node-61b6f114a0592\" data-node=\"61b6f114a0592\">\n<div class=\"fl-col fl-node-61b6f114a05d0\" data-node=\"61b6f114a05d0\">\n<div class=\"fl-col-content fl-node-content\">\n<div class=\"fl-module fl-module-photo fl-node-61b6f114a060e\" data-node=\"61b6f114a060e\" data-animation-delay=\"0.0\">\n<div class=\"fl-module-content fl-node-content\">\n<div class=\"fl-photo fl-photo-align-center\">\n<div class=\"fl-photo-content fl-photo-img-png\"><img decoding=\"async\" class=\"fl-photo-img wp-image-1549\" src=\"https:\/\/www.apgmachine.com\/uploads\/Application41.png\" alt=\"Aplicaci\u00f3n4\" \/><\/div>\n<\/div>\n<\/div>\n<\/div>\n<div class=\"fl-module fl-module-photo fl-node-61bff8aabbbcb\" data-node=\"61bff8aabbbcb\" data-animation-delay=\"0.0\">\n<div class=\"fl-module-content fl-node-content\">\n<div class=\"fl-photo fl-photo-align-center\">\n<div class=\"fl-photo-content fl-photo-img-png\"><img decoding=\"async\" class=\"fl-photo-img wp-image-1550\" src=\"https:\/\/www.apgmachine.com\/uploads\/singleimg1.png\" alt=\"singleimg\" \/><\/div>\n<div>\n<h2><span style=\"color: #ff0000;\">V\u00eddeo de la m\u00e1quina APG<\/span><\/h2>\n<p><iframe loading=\"lazy\" title=\"m\u00e1quina de prensado de resina epoxi apg totalmente autom\u00e1tica\" width=\"1290\" height=\"726\" src=\"https:\/\/www.youtube.com\/embed\/is-ajUROBfY?start=12&#038;feature=oembed\" frameborder=\"0\" allow=\"accelerometer; autoplay; clipboard-write; encrypted-media; gyroscope; picture-in-picture; web-share\" allowfullscreen><\/iframe><\/p>\n<\/div>\n<\/div>\n<\/div>\n<\/div>\n<\/div>\n<\/div>\n<\/div>\n<div class=\"fl-col-group fl-node-61b6f114a064b\" data-node=\"61b6f114a064b\">\n<div class=\"fl-col fl-node-61b6f114a0688\" data-node=\"61b6f114a0688\">\n<div class=\"fl-col-content fl-node-content\">\n<div class=\"fl-module fl-module-rich-text fl-node-61b6f114a06c4\" data-node=\"61b6f114a06c4\" data-animation-delay=\"0.0\">\n<div class=\"fl-module-content fl-node-content\">\n<div class=\"fl-rich-text\">\n<div class=\"content_box\">\n<h2>Ventajas:<\/h2>\n<\/div>\n<p><strong>Sistema de control totalmente autom\u00e1tico con pantalla t\u00e1ctil, Realice la m\u00e1quina de ejecuci\u00f3n de un bot\u00f3n:<\/strong><br \/>\n<strong>-Sistema totalmente autom\u00e1tico<\/strong>\u2192 programable, alta eficiencia, bajo requerimiento de trabajadores.<br \/>\ns\u00f3lo necesita saber que tiene que pulsar el bot\u00f3n START;<br \/>\nAhorra costes de mano de obra, 1 trabajador puede operar 2-4 m\u00e1quinas; la m\u00e1quina termina el proceso de fundici\u00f3n por s\u00ed misma, no s\u00f3lo reduce las lesiones laborales, sino que tambi\u00e9n garantiza la calidad del producto.<br \/>\n<strong>Dise\u00f1o integrado de m\u00e1quinas<\/strong>\u2192 f\u00e1cil instalaci\u00f3n, ahorra costes de env\u00edo, ahorra espacio en f\u00e1brica.<br \/>\n<strong>Bastidor de la m\u00e1quina:<\/strong> Maquinaria de templado y acabado \u2192Mejora la resistencia, evita la deformaci\u00f3n, garantiza una alta precisi\u00f3n, evita las fugas del molde.<br \/>\n<strong>Motor<\/strong>\u2192 ahorrar energ\u00eda, poco ruidoso<br \/>\n<strong>Vallas seguras<\/strong>\u2192 Evitar los accidentes laborales<\/p>\n<p><strong>Pieza personalizada:<\/strong><br \/>\n<strong>Funci\u00f3n de control remoto (opcional)<\/strong>\u2192 gran ayuda para la formaci\u00f3n y la soluci\u00f3n de problemas en l\u00ednea.<br \/>\n<strong>Gran alcance de la fuerza de sujeci\u00f3n 800KN<\/strong><br \/>\n<strong>C\u00e1mara de vac\u00edo de suministro entre placas<\/strong><\/p>\n<div class=\"content_box\">\n<h2>Par\u00e1metros t\u00e9cnicos:\uff08Offerta de servicio personalizado Fuerza de sujeci\u00f3n m\u00e1xima:800KN\uff09<\/h2>\n<\/div>\n<div class=\"table_wrap\">\n<table border=\"1\" cellspacing=\"0\">\n<tbody>\n<tr>\n<td><span style=\"color: #0000ff;\"><strong>N\u00ba de modelo<\/strong><\/span><\/td>\n<td><span style=\"color: #0000ff;\"><strong>AVOL-8060-25<\/strong><\/span><\/td>\n<td><span style=\"color: #0000ff;\"><strong>AVOL-8080-25<\/strong><\/span><\/td>\n<td><span style=\"color: #0000ff;\"><strong>AVOL-1010-40<\/strong><\/span><\/td>\n<td><span style=\"color: #0000ff;\"><strong>AVOL-1210-40<\/strong><\/span><\/td>\n<\/tr>\n<tr>\n<td>Tama\u00f1o de la placa calefactora (mm)<\/td>\n<td>800X600<\/td>\n<td>800X800<\/td>\n<td>1000X1000<\/td>\n<td>1000X1200<\/td>\n<\/tr>\n<tr>\n<td>Fuerza de sujeci\u00f3n (KN)<\/td>\n<td>250<\/td>\n<td>250<\/td>\n<td>400<\/td>\n<td>400<\/td>\n<\/tr>\n<tr>\n<td>Velocidad de cierre de la pinza (m\/min)<\/td>\n<td>3.1<\/td>\n<td>3.1<\/td>\n<td>2.7<\/td>\n<td>2.7<\/td>\n<\/tr>\n<tr>\n<td>Velocidad de apertura de la pinza (m\/min)<\/td>\n<td>4.8<\/td>\n<td>4.8<\/td>\n<td>3.1<\/td>\n<td>3.1<\/td>\n<\/tr>\n<tr>\n<td>Distancia entre placas calefactoras (mm)<\/td>\n<td>150-1200<\/td>\n<td>200-1500<\/td>\n<td>200-1600<\/td>\n<td>200-1600<\/td>\n<\/tr>\n<tr>\n<td>Potencia calor\u00edfica (KW)<\/td>\n<td>12<\/td>\n<td>20<\/td>\n<td>24<\/td>\n<td>24<\/td>\n<\/tr>\n<tr>\n<td>Potencia de la unidad hidr\u00e1ulica (KW)<\/td>\n<td>5.5<\/td>\n<td>5.5<\/td>\n<td>5.5<\/td>\n<td>5.5<\/td>\n<\/tr>\n<tr>\n<td>Grado de inclinaci\u00f3n (\u00b0)<\/td>\n<td colspan=\"4\">7\u00b0 eje X, inclinaci\u00f3n eje Y opcional<\/td>\n<\/tr>\n<tr>\n<td>Dimensiones de la m\u00e1quina (mm)<\/td>\n<td>3750X970X2570<\/td>\n<td>4500X1020X3730<\/td>\n<td>4805X1220X4260<\/td>\n<td>4805X1220X4260<\/td>\n<\/tr>\n<tr>\n<td>Peso de la m\u00e1quina (KG)<\/td>\n<td>4300<\/td>\n<td>5350<\/td>\n<td>7700<\/td>\n<td>7700<\/td>\n<\/tr>\n<\/tbody>\n<\/table>\n<\/div>\n<\/div>\n<\/div>\n<\/div>\n<\/div>\n<\/div>\n<\/div>\n<\/div>\n<\/div>\n<\/div>\n<div class=\"fl-row fl-row-full-width fl-row-bg-none fl-node-61b6f114a0702\" data-node=\"61b6f114a0702\">\n<div class=\"fl-row-content-wrap\">\n<div class=\"fl-row-content fl-row-full-width fl-node-content\">\n<div class=\"fl-col-group fl-node-61b6f114a073f\" data-node=\"61b6f114a073f\">\n<div class=\"fl-col fl-node-61b6f114a077c\" data-node=\"61b6f114a077c\">\n<div class=\"fl-col-content fl-node-content\">\n<div class=\"fl-module fl-module-rich-text fl-node-61b6f114a07b9\" data-node=\"61b6f114a07b9\" data-animation-delay=\"0.0\">\n<div class=\"fl-module-content fl-node-content\">\n<div class=\"fl-rich-text\">\n<div class=\"content_box\">\n<h2>M\u00e1quina APG totalmente autom\u00e1tica en las instalaciones del cliente y formaci\u00f3n t\u00e9cnica in situ:<\/h2>\n<\/div>\n<p>No s\u00f3lo fabricamos m\u00e1quinas y moldes APG, sino que tambi\u00e9n ofrecemos formaci\u00f3n t\u00e9cnica in situ, lo que garantiza a los clientes la fabricaci\u00f3n de productos cualificados.<\/p>\n<p>Marca Volmet M\u00e1quina de sujeci\u00f3n de presi\u00f3n de gelificaci\u00f3n totalmente autom\u00e1tica (APG) instalada en la f\u00e1brica del cliente.<\/p>\n<\/div>\n<\/div>\n<\/div>\n<\/div>\n<\/div>\n<\/div>\n<div class=\"fl-col-group fl-node-61b6f114a07f6\" data-node=\"61b6f114a07f6\">\n<div class=\"fl-col fl-node-61b6f114a08eb fl-col-small\" data-node=\"61b6f114a08eb\">\n<div class=\"fl-col-content fl-node-content\">\n<div class=\"fl-module fl-module-photo fl-node-61b6f114a0871\" data-node=\"61b6f114a0871\" data-animation-delay=\"0.0\">\n<div class=\"fl-module-content fl-node-content\">\n<div class=\"fl-photo fl-photo-align-center\">\n<div class=\"fl-photo-content fl-photo-img-jpg\"><img loading=\"lazy\" decoding=\"async\" class=\"fl-photo-img wp-image-1404\" src=\"https:\/\/www.apgmachine.com\/uploads\/AVOL-1010-Fully-Automatic-APG-clamping-machine-1.jpg\" alt=\"AVOL-1010-M\u00e1quina de pinzado totalmente autom\u00e1tica para APG (1)\" width=\"797\" height=\"598\" \/><\/div>\n<div>Instalar la m\u00e1quina apg marca Volmet y ofrecer formaci\u00f3n sobre la t\u00e9cnica del aislante de resina epoxi colada para el cliente.<\/div>\n<div><\/div>\n<\/div>\n<\/div>\n<\/div>\n<\/div>\n<\/div>\n<div class=\"fl-col fl-node-61b6f114a0833 fl-col-small\" data-node=\"61b6f114a0833\">\n<div class=\"fl-col-content fl-node-content\">\n<div class=\"fl-module fl-module-photo fl-node-61b6f114a08ad\" data-node=\"61b6f114a08ad\" data-animation-delay=\"0.0\">\n<div class=\"fl-module-content fl-node-content\">\n<div class=\"fl-photo fl-photo-align-center\">\n<div class=\"fl-photo-content fl-photo-img-jpg\"><img decoding=\"async\" class=\"fl-photo-img wp-image-1566\" src=\"https:\/\/www.apgmachine.com\/uploads\/erg.jpg\" alt=\"erg\" \/><\/div>\n<\/div>\n<\/div>\n<\/div>\n<\/div>\n<\/div>\n<\/div>\n<\/div>\n<\/div>\n<\/div>\n<div class=\"fl-row fl-row-full-width fl-row-bg-none fl-node-61b6f114a0928\" data-node=\"61b6f114a0928\">\n<div class=\"fl-row-content-wrap\">\n<div class=\"fl-row-content fl-row-full-width fl-node-content\">\n<div class=\"fl-col-group fl-node-61b6f114a0966\" data-node=\"61b6f114a0966\">\n<div class=\"fl-col fl-node-61b6f114a0979 fl-col-small\" data-node=\"61b6f114a0979\">\n<div class=\"fl-col-content fl-node-content\">\n<div class=\"fl-module fl-module-rich-text fl-node-61b6f114a09b9\" data-node=\"61b6f114a09b9\" data-animation-delay=\"0.0\">\n<div class=\"fl-module-content fl-node-content\">\n<div class=\"fl-rich-text\">\n<div class=\"content_box\">\n<h2>36KV Aislador de resina epoxi APG Formaci\u00f3n t\u00e9cnica:<\/h2>\n<\/div>\n<\/div>\n<\/div>\n<\/div>\n<div class=\"fl-module fl-module-photo fl-node-61b6f114a0a71\" data-node=\"61b6f114a0a71\" data-animation-delay=\"0.0\">\n<div class=\"fl-module-content fl-node-content\">\n<div class=\"fl-photo fl-photo-align-center\">\n<div class=\"fl-photo-content fl-photo-img-jpg\"><img decoding=\"async\" class=\"fl-photo-img wp-image-1405\" src=\"https:\/\/www.apgmachine.com\/uploads\/36KV-epoxy-resin-insulator-APG-technique-training.jpg\" alt=\"36KV-epoxy-resin-insulator-APG-technique-training\" \/><\/div>\n<\/div>\n<\/div>\n<\/div>\n<\/div>\n<\/div>\n<div class=\"fl-col fl-node-61bff8184ac30 fl-col-small\" data-node=\"61bff8184ac30\">\n<div class=\"fl-col-content fl-node-content\">\n<div class=\"fl-module fl-module-rich-text fl-node-61b6f114a0be2\" data-node=\"61b6f114a0be2\" data-animation-delay=\"0.0\">\n<div class=\"fl-module-content fl-node-content\">\n<div class=\"fl-rich-text\">\n<div class=\"content_box\">\n<h2>Proceso de producci\u00f3n de fundici\u00f3n totalmente autom\u00e1tico de la m\u00e1quina Apg:<\/h2>\n<\/div>\n<\/div>\n<\/div>\n<\/div>\n<div class=\"fl-module fl-module-photo fl-node-61b6f114a0c9a\" data-node=\"61b6f114a0c9a\" data-animation-delay=\"0.0\">\n<div class=\"fl-module-content fl-node-content\">\n<div class=\"fl-photo fl-photo-align-center\">\n<div class=\"fl-photo-content fl-photo-img-jpg\"><img decoding=\"async\" class=\"fl-photo-img wp-image-1406\" src=\"https:\/\/www.apgmachine.com\/uploads\/5.Fully-automatic-apg-machine-Casting-production-proces.jpg\" alt=\"5.Proceso de producci\u00f3n de fundici\u00f3n totalmente autom\u00e1tico con m\u00e1quinas APG\" \/><\/div>\n<\/div>\n<\/div>\n<\/div>\n<\/div>\n<\/div>\n<\/div>\n<\/div>\n<\/div>\n<\/div>\n<div class=\"fl-row fl-row-full-width fl-row-bg-none fl-node-61b6f114a0cd8\" data-node=\"61b6f114a0cd8\">\n<div class=\"fl-row-content-wrap\">\n<div class=\"fl-row-content fl-row-full-width fl-node-content\">\n<div class=\"fl-col-group fl-node-61b6f114a0d16\" data-node=\"61b6f114a0d16\">\n<div class=\"fl-col fl-node-61b6f114a0d53\" data-node=\"61b6f114a0d53\">\n<div class=\"fl-col-content fl-node-content\">\n<div class=\"fl-module fl-module-rich-text fl-node-61b6f114a0d62\" data-node=\"61b6f114a0d62\" data-animation-delay=\"0.0\">\n<div class=\"fl-module-content fl-node-content\">\n<div class=\"fl-rich-text\">\n<div class=\"content_box\">\n<h2>Resina epox\u00eddica incrustada en el poste Formaci\u00f3n en la t\u00e9cnica APG:<\/h2>\n<\/div>\n<\/div>\n<\/div>\n<\/div>\n<\/div>\n<\/div>\n<\/div>\n<div class=\"fl-col-group fl-node-61b6f114a0da1\" data-node=\"61b6f114a0da1\">\n<div class=\"fl-col fl-node-61b6f114a0de0\" data-node=\"61b6f114a0de0\">\n<div class=\"fl-col-content fl-node-content\">\n<div class=\"fl-module fl-module-photo fl-node-61b6f114a0e1f\" data-node=\"61b6f114a0e1f\" data-animation-delay=\"0.0\">\n<div class=\"fl-module-content fl-node-content\">\n<div class=\"fl-photo fl-photo-align-center\">\n<div class=\"fl-photo-content fl-photo-img-jpg\"><img decoding=\"async\" class=\"fl-photo-img wp-image-1407\" src=\"https:\/\/www.apgmachine.com\/uploads\/poxy-resin-embedded-pole-APG-technique-training.jpg\" alt=\"poxy-resin-embedded-pole-APG-technique-training\" \/><\/div>\n<\/div>\n<\/div>\n<\/div>\n<\/div>\n<\/div>\n<\/div>\n<\/div>\n<\/div>\n<\/div>\n<div class=\"fl-row fl-row-full-width fl-row-bg-none fl-node-61b6f114a0e5d\" data-node=\"61b6f114a0e5d\">\n<div class=\"fl-row-content-wrap\">\n<div class=\"fl-row-content fl-row-full-width fl-node-content\">\n<div class=\"fl-col-group fl-node-61b6f114a0ea1\" data-node=\"61b6f114a0ea1\">\n<div class=\"fl-col fl-node-61b6f114a0ee0 fl-col-small\" data-node=\"61b6f114a0ee0\">\n<div class=\"fl-col-content fl-node-content\">\n<div class=\"fl-module fl-module-rich-text fl-node-61b6f114a0f30\" data-node=\"61b6f114a0f30\" data-animation-delay=\"0.0\">\n<div class=\"fl-module-content fl-node-content\">\n<div class=\"fl-rich-text\">\n<div class=\"content_box\">\n<h2>M\u00e1quina de prensado APG <strong>Producci\u00f3n<\/strong> Proceso:<\/h2>\n<\/div>\n<p><strong>1. Bastidor de la fresadora:<\/strong> Cada lado del marco ser\u00e1 fresado por una m\u00e1quina de torno vertical, para garantizar la precisi\u00f3n de la instalaci\u00f3n, y evitar fugas de molde.<\/p>\n<p><strong>\u00a02. Tratamiento t\u00e9rmico para el bastidor de la m\u00e1quina:<\/strong> Hacer 3 veces de tratamiento t\u00e9rmico para el bastidor de la m\u00e1quina despu\u00e9s de la soldadura. liberar interstress, y reducir la deformaci\u00f3n de la m\u00e1quina.<\/p>\n<\/div>\n<\/div>\n<\/div>\n<\/div>\n<\/div>\n<div class=\"fl-col fl-node-61bff801039af fl-col-small\" data-node=\"61bff801039af\">\n<div class=\"fl-col-content fl-node-content\">\n<div class=\"fl-module fl-module-photo fl-node-61b6f114a0fee\" data-node=\"61b6f114a0fee\" data-animation-delay=\"0.0\">\n<div class=\"fl-module-content fl-node-content\">\n<div class=\"fl-photo fl-photo-align-center\">\n<div class=\"fl-photo-content fl-photo-img-jpg\"><img decoding=\"async\" class=\"fl-photo-img wp-image-1380\" src=\"https:\/\/www.apgmachine.com\/uploads\/sing1gs.jpg\" alt=\"cantar1gs\" \/><\/div>\n<h3><strong>Entrega m\u00e1quina apg al cliente, embalado por caja de madera y poner el contenedor interior<\/strong><\/h3>\n<\/div>\n<\/div>\n<\/div>\n<\/div>\n<\/div>\n<\/div>\n<\/div>\n<\/div>\n<\/div>\n<div class=\"fl-row fl-row-full-width fl-row-bg-none fl-node-61b6f114a102c\" data-node=\"61b6f114a102c\">\n<div class=\"fl-row-content-wrap\">\n<div class=\"fl-row-content fl-row-full-width fl-node-content\">\n<div class=\"fl-col-group fl-node-61b6f114a106b\" data-node=\"61b6f114a106b\">\n<div class=\"fl-col fl-node-61bff7fb9450d fl-col-small\" data-node=\"61bff7fb9450d\">\n<div class=\"fl-col-content fl-node-content\">\n<div class=\"fl-module fl-module-photo fl-node-61b6f114a11a8\" data-node=\"61b6f114a11a8\" data-animation-delay=\"0.0\">\n<div class=\"fl-module-content fl-node-content\">\n<div class=\"fl-photo fl-photo-align-center\">\n<div class=\"fl-photo-content fl-photo-img-jpg\"><img loading=\"lazy\" decoding=\"async\" class=\"fl-photo-img wp-image-1374\" src=\"https:\/\/www.apgmachine.com\/uploads\/packing.jpg\" alt=\"embalaje\" width=\"858\" height=\"737\" \/><\/div>\n<\/div>\n<\/div>\n<\/div>\n<\/div>\n<\/div>\n<div class=\"fl-col fl-node-61b6f114a10ab fl-col-small\" data-node=\"61b6f114a10ab\">\n<div class=\"fl-col-content fl-node-content\">\n<div class=\"fl-module fl-module-rich-text fl-node-61b6f114a10ea\" data-node=\"61b6f114a10ea\" data-animation-delay=\"0.0\">\n<div class=\"fl-module-content fl-node-content\">\n<div class=\"fl-rich-text\">\n<div class=\"content_box\">\n<h2>Proceso de entrega de la m\u00e1quina de prensa APG:<\/h2>\n<\/div>\n<h3><span style=\"color: #ff0000;\">Una vez preparadas las muestras cualificadas de los equipos y moldes, llevaremos a cabo un estricto embalaje para evitar da\u00f1os en los equipos durante el transporte y entregarlos sin problemas al cliente.<\/span><\/h3>\n<\/div>\n<\/div>\n<\/div>\n<\/div>\n<\/div>\n<\/div>\n<\/div>\n<\/div>\n<\/div>\n<div class=\"fl-row fl-row-full-width fl-row-bg-none fl-node-61b6f114a11e6\" data-node=\"61b6f114a11e6\">\n<div class=\"fl-row-content-wrap\">\n<div class=\"fl-row-content fl-row-full-width fl-node-content\">\n<div class=\"fl-col-group fl-node-61b6f114a1226\" data-node=\"61b6f114a1226\">\n<div class=\"fl-col fl-node-61b6f114a1266\" data-node=\"61b6f114a1266\">\n<div class=\"fl-col-content fl-node-content\">\n<div class=\"fl-module fl-module-rich-text fl-node-61b6f114a12a5\" data-node=\"61b6f114a12a5\" data-animation-delay=\"0.0\">\n<div class=\"fl-module-content fl-node-content\">\n<div class=\"fl-rich-text\">\n<div class=\"content_box\">\n<h2><\/h2>\n<\/div>\n<\/div>\n<\/div>\n<\/div>\n<\/div>\n<\/div>\n<\/div>\n<\/div>\n<\/div>\n<\/div>\n<\/div>\n<div class=\"clear\"><\/div>\n<p>&nbsp;<\/p>","protected":false},"excerpt":{"rendered":"<h3>Breve descripci\u00f3n:<\/h3>\n<div>\n<p><strong>Caracter\u00edsticas:<\/strong><br \/>\nAVOL-1010-25 M\u00e1quina APG totalmente autom\u00e1tica es una m\u00e1quina de prensa avanzada, autom\u00e1tica y de alta eficiencia, con un sistema de control autom\u00e1tico, m\u00e1quina de ejecuci\u00f3n de un bot\u00f3n, molde de cierre autom\u00e1tico, inyecci\u00f3n, m\u00e1quina de inclinaci\u00f3n, mantener la presi\u00f3n y molde abierto.<\/p>\n<p><strong>Plazo de entrega:<\/strong> 55 d\u00edas laborables<\/p>\n<\/div>","protected":false},"featured_media":738,"template":"","meta":{"_uag_custom_page_level_css":""},"product_cat":[29],"product_tag":[],"class_list":{"0":"post-864","1":"product","2":"type-product","3":"status-publish","4":"has-post-thumbnail","6":"product_cat-apg-machine","8":"first","9":"instock","10":"shipping-taxable","11":"product-type-simple"},"featured_image_urls":{"full":["https:\/\/www.apgmachine.com\/wp-content\/uploads\/2023\/12\/sFully-Automatic-APG-Machine-2.jpg",1000,1000,false],"thumbnail":["https:\/\/www.apgmachine.com\/wp-content\/uploads\/2023\/12\/sFully-Automatic-APG-Machine-2-150x150.jpg",150,150,true],"medium":["https:\/\/www.apgmachine.com\/wp-content\/uploads\/2023\/12\/sFully-Automatic-APG-Machine-2-300x300.jpg",300,300,true],"medium_large":["https:\/\/www.apgmachine.com\/wp-content\/uploads\/2023\/12\/sFully-Automatic-APG-Machine-2-768x768.jpg",768,768,true],"large":["https:\/\/www.apgmachine.com\/wp-content\/uploads\/2023\/12\/sFully-Automatic-APG-Machine-2.jpg",1000,1000,false],"1536x1536":["https:\/\/www.apgmachine.com\/wp-content\/uploads\/2023\/12\/sFully-Automatic-APG-Machine-2.jpg",1000,1000,false],"2048x2048":["https:\/\/www.apgmachine.com\/wp-content\/uploads\/2023\/12\/sFully-Automatic-APG-Machine-2.jpg",1000,1000,false],"trp-custom-language-flag":["https:\/\/www.apgmachine.com\/wp-content\/uploads\/2023\/12\/sFully-Automatic-APG-Machine-2.jpg",12,12,false],"woocommerce_archive_thumbnail":["https:\/\/www.apgmachine.com\/wp-content\/uploads\/2023\/12\/sFully-Automatic-APG-Machine-2-500x500.jpg",500,500,true],"woocommerce_thumbnail":["https:\/\/www.apgmachine.com\/wp-content\/uploads\/2023\/12\/sFully-Automatic-APG-Machine-2-300x300.jpg",300,300,true],"woocommerce_single":["https:\/\/www.apgmachine.com\/wp-content\/uploads\/2023\/12\/sFully-Automatic-APG-Machine-2-600x600.jpg",600,600,true],"woocommerce_gallery_thumbnail":["https:\/\/www.apgmachine.com\/wp-content\/uploads\/2023\/12\/sFully-Automatic-APG-Machine-2-100x100.jpg",100,100,true]},"post_excerpt_stackable":"<h3>Short Description:<\/h3>\n<div>\n<p><strong>Features:<\/strong><br \/>\nAVOL-1010-25 Fully automatic APG machine is an advanced, automatic and high-efficiency press machine, with an automatic control system, one-button run machine, Automatic close mold, injection, tilting machine, hold pressure and open mold.<\/p>\n<p><strong>Delivery time:<\/strong> 55 workdays<\/p>\n<\/div>\n","category_list":"","author_info":{"name":"","url":""},"comments_num":"0 comentarios","jetpack_sharing_enabled":true,"uagb_featured_image_src":{"full":["https:\/\/www.apgmachine.com\/wp-content\/uploads\/2023\/12\/sFully-Automatic-APG-Machine-2.jpg",1000,1000,false],"thumbnail":["https:\/\/www.apgmachine.com\/wp-content\/uploads\/2023\/12\/sFully-Automatic-APG-Machine-2-150x150.jpg",150,150,true],"medium":["https:\/\/www.apgmachine.com\/wp-content\/uploads\/2023\/12\/sFully-Automatic-APG-Machine-2-300x300.jpg",300,300,true],"medium_large":["https:\/\/www.apgmachine.com\/wp-content\/uploads\/2023\/12\/sFully-Automatic-APG-Machine-2-768x768.jpg",768,768,true],"large":["https:\/\/www.apgmachine.com\/wp-content\/uploads\/2023\/12\/sFully-Automatic-APG-Machine-2.jpg",1000,1000,false],"1536x1536":["https:\/\/www.apgmachine.com\/wp-content\/uploads\/2023\/12\/sFully-Automatic-APG-Machine-2.jpg",1000,1000,false],"2048x2048":["https:\/\/www.apgmachine.com\/wp-content\/uploads\/2023\/12\/sFully-Automatic-APG-Machine-2.jpg",1000,1000,false],"trp-custom-language-flag":["https:\/\/www.apgmachine.com\/wp-content\/uploads\/2023\/12\/sFully-Automatic-APG-Machine-2.jpg",12,12,false],"woocommerce_archive_thumbnail":["https:\/\/www.apgmachine.com\/wp-content\/uploads\/2023\/12\/sFully-Automatic-APG-Machine-2-500x500.jpg",500,500,true],"woocommerce_thumbnail":["https:\/\/www.apgmachine.com\/wp-content\/uploads\/2023\/12\/sFully-Automatic-APG-Machine-2-300x300.jpg",300,300,true],"woocommerce_single":["https:\/\/www.apgmachine.com\/wp-content\/uploads\/2023\/12\/sFully-Automatic-APG-Machine-2-600x600.jpg",600,600,true],"woocommerce_gallery_thumbnail":["https:\/\/www.apgmachine.com\/wp-content\/uploads\/2023\/12\/sFully-Automatic-APG-Machine-2-100x100.jpg",100,100,true]},"uagb_author_info":{"display_name":"admin","author_link":"https:\/\/www.apgmachine.com\/es\/author\/"},"uagb_comment_info":0,"uagb_excerpt":"Short Description: Features: AVOL-1010-25 Fully automatic APG machine is an advanced, automatic and high-efficiency press machine, with an automatic control system, one-button run machine, Automatic close mold, injection, tilting machine, hold pressure and open mold. Delivery time: 55 workdays","_links":{"self":[{"href":"https:\/\/www.apgmachine.com\/es\/wp-json\/wp\/v2\/product\/864","targetHints":{"allow":["GET"]}}],"collection":[{"href":"https:\/\/www.apgmachine.com\/es\/wp-json\/wp\/v2\/product"}],"about":[{"href":"https:\/\/www.apgmachine.com\/es\/wp-json\/wp\/v2\/types\/product"}],"wp:featuredmedia":[{"embeddable":true,"href":"https:\/\/www.apgmachine.com\/es\/wp-json\/wp\/v2\/media\/738"}],"wp:attachment":[{"href":"https:\/\/www.apgmachine.com\/es\/wp-json\/wp\/v2\/media?parent=864"}],"wp:term":[{"taxonomy":"product_cat","embeddable":true,"href":"https:\/\/www.apgmachine.com\/es\/wp-json\/wp\/v2\/product_cat?post=864"},{"taxonomy":"product_tag","embeddable":true,"href":"https:\/\/www.apgmachine.com\/es\/wp-json\/wp\/v2\/product_tag?post=864"}],"curies":[{"name":"wp","href":"https:\/\/api.w.org\/{rel}","templated":true}]}}