{"id":796,"date":"2023-12-04T02:51:10","date_gmt":"2023-12-03T18:51:10","guid":{"rendered":"http:\/\/wp.cd3.gzoat.com\/?post_type=product&#038;p=796"},"modified":"2026-02-06T16:10:24","modified_gmt":"2026-02-06T08:10:24","slug":"vol-800-hv-transformer-coil-winding-machine-product","status":"publish","type":"product","link":"https:\/\/www.apgmachine.com\/es\/producto\/vol-800-hv-transformador-bobina-bobinadora-producto\/","title":{"rendered":"Automatic Wire Laying Winding Machine VOL-800"},"content":{"rendered":"<div class=\"fl-builder-content fl-builder-content-4503 fl-builder-content-primary fl-builder-global-templates-locked\" data-post-id=\"4503\">\n<div class=\"fl-row fl-row-full-width fl-row-bg-none fl-node-62295c0f411fb\" data-node=\"62295c0f411fb\">\n<div class=\"fl-row-content-wrap\">\n<div class=\"fl-row-content fl-row-full-width fl-node-content\">\n<div class=\"fl-col-group fl-node-62295c0f4123f\" data-node=\"62295c0f4123f\">\n<div class=\"fl-col fl-node-62295c0f41283\" data-node=\"62295c0f41283\">\n<div class=\"fl-col-content fl-node-content\">\n<div class=\"fl-module fl-module-rich-text fl-node-62295c0f412c4\" data-node=\"62295c0f412c4\" data-animation-delay=\"0.0\">\n<div class=\"fl-module-content fl-node-content\">\n<div class=\"fl-rich-text\">\n<div class=\"content_box\">\n<h1><span style=\"color: #ff0000;\">Automatic Wire Laying Winding Machine VOL-800<\/span><\/h1>\n<p><img loading=\"lazy\" decoding=\"async\" class=\"alignnone size-thumbnail wp-image-2351\" src=\"https:\/\/www.apgmachine.com\/wp-content\/uploads\/2023\/12\/\u5fae\u4fe1\u56fe\u7247_20260204170642_194_363-400x300.jpg\" alt=\"\" width=\"400\" height=\"300\" srcset=\"https:\/\/www.apgmachine.com\/wp-content\/uploads\/2023\/12\/\u5fae\u4fe1\u56fe\u7247_20260204170642_194_363-400x300.jpg 400w, https:\/\/www.apgmachine.com\/wp-content\/uploads\/2023\/12\/\u5fae\u4fe1\u56fe\u7247_20260204170642_194_363-1024x768.jpg 1024w, https:\/\/www.apgmachine.com\/wp-content\/uploads\/2023\/12\/\u5fae\u4fe1\u56fe\u7247_20260204170642_194_363-1440x1080.jpg 1440w, https:\/\/www.apgmachine.com\/wp-content\/uploads\/2023\/12\/\u5fae\u4fe1\u56fe\u7247_20260204170642_194_363-768x576.jpg 768w, https:\/\/www.apgmachine.com\/wp-content\/uploads\/2023\/12\/\u5fae\u4fe1\u56fe\u7247_20260204170642_194_363-1536x1152.jpg 1536w, https:\/\/www.apgmachine.com\/wp-content\/uploads\/2023\/12\/\u5fae\u4fe1\u56fe\u7247_20260204170642_194_363-2048x1536.jpg 2048w, https:\/\/www.apgmachine.com\/wp-content\/uploads\/2023\/12\/\u5fae\u4fe1\u56fe\u7247_20260204170642_194_363-16x12.jpg 16w, https:\/\/www.apgmachine.com\/wp-content\/uploads\/2023\/12\/\u5fae\u4fe1\u56fe\u7247_20260204170642_194_363-500x375.jpg 500w, https:\/\/www.apgmachine.com\/wp-content\/uploads\/2023\/12\/\u5fae\u4fe1\u56fe\u7247_20260204170642_194_363-600x450.jpg 600w\" sizes=\"auto, (max-width: 400px) 100vw, 400px\" \/><\/p>\n<p>&nbsp;<\/p>\n<\/div>\n<\/div>\n<\/div>\n<\/div>\n<\/div>\n<\/div>\n<\/div>\n<div class=\"fl-col-group fl-node-62295c0f41308\" data-node=\"62295c0f41308\">\n<div class=\"fl-col fl-node-62295c0f41347\" data-node=\"62295c0f41347\">\n<div class=\"fl-col-content fl-node-content\">\n<div class=\"fl-module fl-module-html fl-node-62295c0f41386\" data-node=\"62295c0f41386\" data-animation-delay=\"0.0\">\n<div class=\"fl-module-content fl-node-content\">\n<div class=\"fl-html\">\n<h2><span style=\"color: #ff0000;\">M\u00e1quina autom\u00e1tica de bobinado de alambre Aplicaci\u00f3n:<\/span><\/h2>\n<\/div>\n<\/div>\n<\/div>\n<\/div>\n<\/div>\n<\/div>\n<\/div>\n<\/div>\n<\/div>\n<div class=\"fl-row fl-row-full-width fl-row-bg-none fl-node-62295c3c74e38\" data-node=\"62295c3c74e38\">\n<div class=\"fl-row-content-wrap\">\n<div class=\"fl-row-content fl-row-full-width fl-node-content\">\n<div class=\"fl-col-group fl-node-62295c3c776fc\" data-node=\"62295c3c776fc\">\n<div class=\"fl-col fl-node-62295c3c7790e\" data-node=\"62295c3c7790e\">\n<div class=\"fl-col-content fl-node-content\">\n<div class=\"fl-module fl-module-rich-text fl-node-62295c39730b7\" data-node=\"62295c39730b7\" data-animation-delay=\"0.0\">\n<div class=\"fl-module-content fl-node-content\">\n<div class=\"fl-rich-text\">\n<p>La bobinadora autom\u00e1tica de alambre se utiliza principalmente para bobinar bobinas de transformadores de tama\u00f1o mediano y peque\u00f1o.<\/p>\n<p>Principales par\u00e1metros tecnol\u00f3gicos (se pueden personalizar seg\u00fan los requisitos del cliente)<\/p>\n<div class=\"table_wrap\">\n<table border=\"0\" cellspacing=\"0\">\n<tbody>\n<tr>\n<td valign=\"center\"><b>Modelo<\/b><b>\u00a0No.<\/b><b><\/b><\/td>\n<td valign=\"center\" width=\"42.2200%\"><b>VOL<\/b><b>-800 con 1<\/b><b>-3<\/b><b>\u00a0cabeza<\/b><b><\/b><\/td>\n<\/tr>\n<tr>\n<td valign=\"center\">Altura del mandril<\/td>\n<td valign=\"center\" width=\"42.2200%\">850 mm<\/td>\n<\/tr>\n<tr>\n<td valign=\"center\">Longitud del mandril<\/td>\n<td valign=\"center\" width=\"42.2200%\">1100 mm<\/td>\n<\/tr>\n<tr>\n<td valign=\"center\">Anchura del mandril<\/td>\n<td valign=\"center\" width=\"42.2200%\">50*50mm a medida<\/td>\n<\/tr>\n<tr>\n<td valign=\"center\">Par de trabajo<\/td>\n<td valign=\"center\" width=\"42.2200%\">1000NM<\/td>\n<\/tr>\n<tr>\n<td valign=\"center\">Di\u00e1metro interior m\u00ednimo de la bobina<\/td>\n<td valign=\"center\" width=\"42.2200%\">80 mm<\/td>\n<\/tr>\n<tr>\n<td valign=\"center\">Di\u00e1metro exterior m\u00e1ximo de la bobina<\/td>\n<td valign=\"center\" width=\"42.2200%\">800 mm<\/td>\n<\/tr>\n<tr>\n<td valign=\"center\">Di\u00e1metro del alambre redondo<\/td>\n<td valign=\"center\" width=\"42.2200%\">6-32 AWG<\/td>\n<\/tr>\n<tr>\n<td valign=\"center\">Potencia de bobinado<\/td>\n<td valign=\"center\" width=\"42.2200%\">4KW<\/td>\n<\/tr>\n<tr>\n<td valign=\"center\">velocidad de bobinado<\/td>\n<td valign=\"center\" width=\"42.2200%\">0~375r\/min<\/td>\n<\/tr>\n<tr>\n<td valign=\"center\">Ahorro m\u00e1ximo de turnos<\/td>\n<td valign=\"center\" width=\"42.2200%\">9999.999<\/td>\n<\/tr>\n<tr>\n<td valign=\"center\">Carga m\u00e1xima<\/td>\n<td valign=\"center\" width=\"42.2200%\">600KG<\/td>\n<\/tr>\n<\/tbody>\n<\/table>\n<\/div>\n<\/div>\n<\/div>\n<\/div>\n<\/div>\n<\/div>\n<\/div>\n<div class=\"fl-col-group fl-node-62295cc5dc227\" data-node=\"62295cc5dc227\">\n<div class=\"fl-col fl-node-62295cc5dc41d\" data-node=\"62295cc5dc41d\">\n<div class=\"fl-col-content fl-node-content\">\n<div class=\"fl-module fl-module-photo fl-node-62295cc5dc0ac\" data-node=\"62295cc5dc0ac\" data-animation-delay=\"0.0\">\n<div class=\"fl-module-content fl-node-content\">\n<div class=\"fl-photo fl-photo-align-center\">\n<div class=\"fl-photo-content fl-photo-img-png\"><img decoding=\"async\" class=\"fl-photo-img wp-image-4507\" src=\"https:\/\/www.apgmachine.com\/uploads\/xctf-1.png\" alt=\"xctf (1)\" \/><\/div>\n<\/div>\n<\/div>\n<\/div>\n<\/div>\n<\/div>\n<\/div>\n<\/div>\n<\/div>\n<\/div>\n<div class=\"fl-row fl-row-full-width fl-row-bg-none fl-node-62295cdca5990\" data-node=\"62295cdca5990\">\n<div class=\"fl-row-content-wrap\">\n<div class=\"fl-row-content fl-row-full-width fl-node-content\">\n<div class=\"fl-col-group fl-node-62295cdca9331\" data-node=\"62295cdca9331\">\n<div class=\"fl-col fl-node-62295cdca96ca\" data-node=\"62295cdca96ca\">\n<div class=\"fl-col-content fl-node-content\">\n<div class=\"fl-module fl-module-rich-text fl-node-62295cd8a96e6\" data-node=\"62295cd8a96e6\" data-animation-delay=\"0.0\">\n<div class=\"fl-module-content fl-node-content\">\n<div class=\"fl-rich-text\">\n<div class=\"content_box\">\n<h2><span style=\"color: #ff0000;\">Caracter\u00edsticas de la bobinadora autom\u00e1tica para bobinas de transformadores<\/span><\/h2>\n<\/div>\n<p>The Automatic wire arranging machine is made up with main winding machine, automatic servo motor device, layer-insulator device, tension adjustable pay-off device, air-operated system, PLC system control and servo system. With high automatic, complete functions and strong power functions, greatly improve the tightness of winded coil.<\/p>\n<\/div>\n<\/div>\n<\/div>\n<\/div>\n<\/div>\n<\/div>\n<div class=\"fl-col-group fl-node-62295d156d4e3 fl-col-group-equal-height fl-col-group-align-center\" data-node=\"62295d156d4e3\">\n<div class=\"fl-col fl-node-62295d156d79e fl-col-small\" data-node=\"62295d156d79e\">\n<div class=\"fl-col-content fl-node-content\">\n<div class=\"fl-module fl-module-rich-text fl-node-62295d16df60c\" data-node=\"62295d16df60c\" data-animation-delay=\"0.0\">\n<div class=\"fl-module-content fl-node-content\">\n<div class=\"fl-rich-text\">\n<p>1: Finalidad. Equipo especial para bobinas de reactores.<\/p>\n<p>2: Caracter\u00edsticas: La m\u00e1quina autom\u00e1tica de arreglo y bobinado de transformadores triples est\u00e1 especializada en mejorar la eficiencia de producci\u00f3n de los fabricantes de reactores, e investiga, desarrolla y dise\u00f1a la producci\u00f3n y bobinado de bobinas de reactores multicabezal.<\/p>\n<p>3: Esta m\u00e1quina utiliza servomotores Delta, husillos de bolas de alta precisi\u00f3n y gu\u00edas lineales como dispositivo de accionamiento del cable, y el mecanismo de bobinado utiliza un motor, una caja variable reductora para accionar el contrapunto y otros conjuntos.<\/p>\n<p>4: Estacionamiento estable, recuento autom\u00e1tico de bobinado, funci\u00f3n de memoria de apagado. Recuento de codificador, doble interruptor de pie hacia adelante y hacia atr\u00e1s de control. Adopta el control del inversor Delta de Taiw\u00e1n.<\/p>\n<\/div>\n<\/div>\n<\/div>\n<\/div>\n<\/div>\n<div class=\"fl-col fl-node-62295d156d7ce fl-col-small\" data-node=\"62295d156d7ce\">\n<div class=\"fl-col-content fl-node-content\">\n<div class=\"fl-module fl-module-photo fl-node-62295d3926de8\" data-node=\"62295d3926de8\" data-animation-delay=\"0.0\">\n<div class=\"fl-module-content fl-node-content\">\n<div class=\"fl-photo fl-photo-align-center\">\n<div class=\"fl-photo-content fl-photo-img-png\"><img decoding=\"async\" class=\"fl-photo-img wp-image-4508\" src=\"https:\/\/www.apgmachine.com\/uploads\/xctf-2.png\" alt=\"xctf (2)\" \/><\/div>\n<\/div>\n<\/div>\n<\/div>\n<\/div>\n<\/div>\n<\/div>\n<div class=\"fl-col-group fl-node-62295d4de4e93 fl-col-group-equal-height fl-col-group-align-center\" data-node=\"62295d4de4e93\">\n<div class=\"fl-col fl-node-62295d4de5158 fl-col-small\" data-node=\"62295d4de5158\">\n<div class=\"fl-col-content fl-node-content\">\n<div class=\"fl-module fl-module-photo fl-node-62295d6c4444f\" data-node=\"62295d6c4444f\" data-animation-delay=\"0.0\">\n<div class=\"fl-module-content fl-node-content\">\n<div class=\"fl-photo fl-photo-align-center\">\n<div class=\"fl-photo-content fl-photo-img-png\"><img decoding=\"async\" class=\"fl-photo-img wp-image-4513\" src=\"https:\/\/www.apgmachine.com\/uploads\/xctf-7.png\" alt=\"xctf (7)\" \/><\/div>\n<\/div>\n<\/div>\n<\/div>\n<\/div>\n<\/div>\n<div class=\"fl-col fl-node-62295d4de51a4 fl-col-small\" data-node=\"62295d4de51a4\">\n<div class=\"fl-col-content fl-node-content\">\n<div class=\"fl-module fl-module-rich-text fl-node-62295d5060caa\" data-node=\"62295d5060caa\" data-animation-delay=\"0.0\">\n<div class=\"fl-module-content fl-node-content\">\n<div class=\"fl-rich-text\">\n<p>5.La pantalla t\u00e1ctil puede ajustarse a 10 segmentos<\/p>\n<p>6.La velocidad de la m\u00e1quina de arreglo de alambre de tres cabezales es de 0-210 RPM, y la carrera de arreglo de alambre de tres cabezales es de 0-200mm por secci\u00f3n. La distancia entre cada bobina es de 80 mm.<\/p>\n<p>7. Estante de alimentaci\u00f3n de tensi\u00f3n de alambre redondo:<\/p>\n<p>8.El estante de desenrollado de tensi\u00f3n de alambre redondo se produce por m\u00e9todos de control neum\u00e1tico y (freno neum\u00e1tico) para asegurar que el ajuste de tensi\u00f3n siempre pueda alcanzar el estado ideal.<\/p>\n<p>9.\u03a60.6-\u03a64.0 alambre redondo adopta el dispositivo de sujeci\u00f3n de la cremallera de pago tipo suelo con muelle neum\u00e1tico: el alambre electromagn\u00e9tico pasa a trav\u00e9s del dispositivo de sujeci\u00f3n de fieltro de lana desde el centro del pasador de hilo, y la presi\u00f3n sobre la prensa de hilo es presionada por el alambre magn\u00e9tico de fieltro de lana. El hilo pasa por el rodillo tensor, y el hilo saliente pasa por la rueda del muelle neum\u00e1tico y la rueda pasahilos. Al bobinar, el muelle neum\u00e1tico ser\u00e1 tirado autom\u00e1ticamente hacia abajo por el hilo, y cuando se detenga, el muelle neum\u00e1tico subir\u00e1 autom\u00e1ticamente para evitar que el hilo de la bobina se afloje.<\/p>\n<\/div>\n<\/div>\n<\/div>\n<\/div>\n<\/div>\n<\/div>\n<div class=\"fl-col-group fl-node-62295d8924788\" data-node=\"62295d8924788\">\n<div class=\"fl-col fl-node-62295d8924a87\" data-node=\"62295d8924a87\">\n<div class=\"fl-col-content fl-node-content\">\n<div class=\"fl-module fl-module-rich-text fl-node-62295d8599739\" data-node=\"62295d8599739\" data-animation-delay=\"0.0\">\n<div class=\"fl-module-content fl-node-content\">\n<div class=\"fl-rich-text\">\n<div class=\"content_box\">\n<h2><span style=\"color: #ff0000;\">Detalles de la m\u00e1quina de bobinado de bobinas de transformadores de alta tensi\u00f3n<\/span><\/h2>\n<\/div>\n<\/div>\n<\/div>\n<\/div>\n<\/div>\n<\/div>\n<\/div>\n<div class=\"fl-col-group fl-node-62296337cae6e\" data-node=\"62296337cae6e\">\n<div class=\"fl-col fl-node-62296337cb166\" data-node=\"62296337cb166\">\n<div class=\"fl-col-content fl-node-content\">\n<div class=\"fl-module fl-module-rich-text fl-node-622963342d156\" data-node=\"622963342d156\" data-animation-delay=\"0.0\">\n<div class=\"fl-module-content fl-node-content\">\n<div class=\"fl-rich-text\">\n<p>1. El equipo adopta un sistema de transmisi\u00f3n mec\u00e1nica de engranajes, que tiene una alta eficiencia.<\/p>\n<p>2. The Automatic wire arranging machine for transformer can realize record 10 process parameters. It is possible to record multiple product storage parameters. When changing products, you do not need to input data every time, just call out the existing data, and click download to immediately call up all the processing data of the product.<\/p>\n<p>3. Se adopta la regulaci\u00f3n de velocidad por conversi\u00f3n de frecuencia, y el freno es controlado por el convertidor de frecuencia, y el rango de regulaci\u00f3n de velocidad por conversi\u00f3n de frecuencia es amplio, preciso y estable.<\/p>\n<p>4. El cableado est\u00e1 controlado por servomotor y PLC, y la pantalla t\u00e1ctil de operaci\u00f3n de alta definici\u00f3n se utiliza para la visualizaci\u00f3n. El accionamiento de husillo de bolas importado y el carril de gu\u00eda lineal se utilizan para cumplir con la precisi\u00f3n del cableado.<\/p>\n<p>5. Hay una funci\u00f3n de tensi\u00f3n en la disposici\u00f3n del cable, y la tensi\u00f3n se puede ajustar para satisfacer los requisitos de diferentes calibres de alambre. 6. Para la estructura cuadrada de la bobina amorfa, se instala un dispositivo neum\u00e1tico cerca de la disposici\u00f3n del cable para resolver el problema de tirar del alambre esmaltado cuando la bobina pasa por la esquina. Se garantiza el efecto de aislamiento original del alambre esmaltado.<\/p>\n<p>6. Seg\u00fan los diferentes calibres del alambre, es conveniente ajustar el paso autom\u00e1tico de disposici\u00f3n del alambre. Durante el bobinado, los posibles errores pueden ajustarse manualmente para garantizar bobinas apretadas.<\/p>\n<p>7. El n\u00famero total de vueltas puede preajustarse, y el n\u00famero total de vueltas puede ajustarse hasta 99999 vueltas. El dispositivo tiene una funci\u00f3n de protecci\u00f3n contra el apagado y se puede contar de forma reversible.<\/p>\n<p>8. El contrapunto del eje de enrollado principal puede realizar el movimiento r\u00e1pido y el desmontaje de la bobina, lo que es conveniente y seguro para desmontar la bobina.<\/p>\n<p>9. El estante de alimentaci\u00f3n de tensi\u00f3n adopta neum\u00e1tica, y la tensi\u00f3n es ajustable y constante; la base del estante de alimentaci\u00f3n de tensi\u00f3n est\u00e1 equipado con un carril de gu\u00eda m\u00f3vil y un sistema de control el\u00e9ctrico, que puede realizar el cableado s\u00edncrono y el paso con el eje de bobinado principal.<\/p>\n<p>Description of other requirements<\/p>\n<p>1: Seg\u00fan la anchura del alambre (alambre circular seg\u00fan el di\u00e1metro), el paso autom\u00e1tico de disposici\u00f3n del alambre puede ajustarse en la caja CNC. Debido al error del tama\u00f1o del alambre, durante el proceso de bobinado, el paso de los alambres puede ajustarse aleatoriamente, y la compensaci\u00f3n puede realizarse directamente en la caja CNC. Cuando se inicia cada capa de bobinas, la pantalla t\u00e1ctil puede ser operada para posicionar los alambres para eliminar el error acumulativo del mecanismo.<\/p>\n<p>2: Una vez alimentado el inversor, ajuste el mando de la caja de control para cambiar f\u00e1cilmente la velocidad de bobinado.<\/p>\n<p>3: Operando la interfaz de pantalla t\u00e1ctil, puede controlar la rotaci\u00f3n hacia adelante y hacia atr\u00e1s, y el contador tambi\u00e9n muestra los n\u00fameros de incremento y decremento.<\/p>\n<p>4: Al bobinar, pise el interruptor de pedal para controlar directamente la apertura, la parada, el avance o el funcionamiento continuo. Durante el funcionamiento, el bot\u00f3n de velocidad del variador puede accionarse en cualquier momento para regular la velocidad de forma continua.<\/p>\n<p>5: El alambre redondo inferior a \uffe01,0 debe estar equipado con una estructura de amortiguaci\u00f3n para evitar la rotura del alambre.<\/p>\n<p>6: El dispositivo de frenado de la estanter\u00eda de descarga neum\u00e1tica debe poder frenar en ambos lados.<\/p>\n<\/div>\n<\/div>\n<\/div>\n<\/div>\n<\/div>\n<\/div>\n<div class=\"fl-col-group fl-node-622963a1756ab\" data-node=\"622963a1756ab\">\n<div class=\"fl-col fl-node-622963a1758fb\" data-node=\"622963a1758fb\">\n<div class=\"fl-col-content fl-node-content\">\n<div class=\"fl-module fl-module-photo fl-node-622963a17550c\" data-node=\"622963a17550c\" data-animation-delay=\"0.0\">\n<div class=\"fl-module-content fl-node-content\">\n<div class=\"fl-photo fl-photo-align-center\">\n<div class=\"fl-photo-content fl-photo-img-png\"><img decoding=\"async\" class=\"fl-photo-img wp-image-4509\" src=\"https:\/\/www.apgmachine.com\/uploads\/xctf-3.png\" alt=\"xctf (3)\" \/><\/div>\n<\/div>\n<\/div>\n<\/div>\n<\/div>\n<\/div>\n<\/div>\n<div class=\"fl-col-group fl-node-622963b602ea3\" data-node=\"622963b602ea3\">\n<div class=\"fl-col fl-node-622963b603263\" data-node=\"622963b603263\">\n<div class=\"fl-col-content fl-node-content\">\n<div class=\"fl-module fl-module-photo fl-node-622963cf458e9\" data-node=\"622963cf458e9\" data-animation-delay=\"0.0\">\n<div class=\"fl-module-content fl-node-content\">\n<div class=\"fl-photo fl-photo-align-center\">\n<div class=\"fl-photo-content fl-photo-img-png\"><img decoding=\"async\" class=\"fl-photo-img wp-image-4511\" src=\"https:\/\/www.apgmachine.com\/uploads\/xctf-5.png\" alt=\"xctf (5)\" \/><\/div>\n<\/div>\n<\/div>\n<\/div>\n<\/div>\n<\/div>\n<div class=\"fl-col fl-node-622963b6032b1 fl-col-small\" data-node=\"622963b6032b1\">\n<div class=\"fl-col-content fl-node-content\">\n<div class=\"fl-module fl-module-photo fl-node-622963b9bac65\" data-node=\"622963b9bac65\" data-animation-delay=\"0.0\">\n<div class=\"fl-module-content fl-node-content\">\n<div class=\"fl-photo fl-photo-align-center\">\n<div class=\"fl-photo-content fl-photo-img-png\"><img decoding=\"async\" class=\"fl-photo-img wp-image-4512\" src=\"https:\/\/www.apgmachine.com\/uploads\/xctf-6.png\" alt=\"xctf (6)\" \/><\/div>\n<\/div>\n<\/div>\n<\/div>\n<\/div>\n<\/div>\n<\/div>\n<\/div>\n<\/div>\n<\/div>\n<div class=\"fl-row fl-row-full-width fl-row-bg-none fl-node-622963eb34aec\" data-node=\"622963eb34aec\">\n<div class=\"fl-row-content-wrap\">\n<div class=\"fl-row-content fl-row-full-width fl-node-content\">\n<div class=\"fl-col-group fl-node-622963eb38fd0\" data-node=\"622963eb38fd0\">\n<div class=\"fl-col fl-node-622963eb3927b\" data-node=\"622963eb3927b\">\n<div class=\"fl-col-content fl-node-content\">\n<div class=\"fl-module fl-module-rich-text fl-node-622963e6387f7\" data-node=\"622963e6387f7\" data-animation-delay=\"0.0\">\n<div class=\"fl-module-content fl-node-content\">\n<div class=\"fl-rich-text\">\n<div class=\"content_box\">\n<h2><span style=\"color: #ff0000;\">Bobinadora para transformadores de alta tensi\u00f3n Entrega y embalaje<\/span><\/h2>\n<\/div>\n<\/div>\n<\/div>\n<\/div>\n<\/div>\n<\/div>\n<\/div>\n<div class=\"fl-col-group fl-node-622963feec425\" data-node=\"622963feec425\">\n<div class=\"fl-col fl-node-622963feec759\" data-node=\"622963feec759\">\n<div class=\"fl-col-content fl-node-content\">\n<div class=\"fl-module fl-module-photo fl-node-622963fc24933\" data-node=\"622963fc24933\" data-animation-delay=\"0.0\">\n<div class=\"fl-module-content fl-node-content\">\n<div class=\"fl-photo fl-photo-align-center\">\n<div class=\"fl-photo-content fl-photo-img-png\"><img decoding=\"async\" class=\"fl-photo-img wp-image-4510\" src=\"https:\/\/www.apgmachine.com\/uploads\/xctf-4.png\" alt=\"xctf (4)\" \/><\/div>\n<h2><span style=\"color: #ff0000;\">Video:<\/span><\/h2>\n<p><iframe loading=\"lazy\" title=\"Automatic cable laying machine\" width=\"563\" height=\"1000\" src=\"https:\/\/www.youtube.com\/embed\/GwXd3KkS2Lw?feature=oembed\" frameborder=\"0\" allow=\"accelerometer; autoplay; clipboard-write; encrypted-media; gyroscope; picture-in-picture; web-share\" referrerpolicy=\"strict-origin-when-cross-origin\" allowfullscreen><\/iframe><\/p>\n<\/div>\n<\/div>\n<\/div>\n<\/div>\n<\/div>\n<\/div>\n<\/div>\n<\/div>\n<\/div>\n<\/div>\n<p>&nbsp;<\/p>","protected":false},"excerpt":{"rendered":"<h4>Breve descripci\u00f3n:<\/h4>\n<h4>The Automatic wire laying machines drive the wire laying actuators with servo motors and stepper motors, and are equipped with a PLC programmable control system. This allows for precise adjustment of wire laying speed, spacing, and direction.<\/h4>","protected":false},"featured_media":752,"template":"","meta":{"_uag_custom_page_level_css":""},"product_cat":[37],"product_tag":[],"class_list":{"0":"post-796","1":"product","2":"type-product","3":"status-publish","4":"has-post-thumbnail","6":"product_cat-transformer-coil-winding-machine","8":"first","9":"instock","10":"shipping-taxable","11":"product-type-simple"},"featured_image_urls":{"full":["https:\/\/www.apgmachine.com\/wp-content\/uploads\/2023\/12\/1.-300x300-1.jpg",300,300,false],"thumbnail":["https:\/\/www.apgmachine.com\/wp-content\/uploads\/2023\/12\/1.-300x300-1-150x150.jpg",150,150,true],"medium":["https:\/\/www.apgmachine.com\/wp-content\/uploads\/2023\/12\/1.-300x300-1.jpg",300,300,false],"medium_large":["https:\/\/www.apgmachine.com\/wp-content\/uploads\/2023\/12\/1.-300x300-1.jpg",300,300,false],"large":["https:\/\/www.apgmachine.com\/wp-content\/uploads\/2023\/12\/1.-300x300-1.jpg",300,300,false],"1536x1536":["https:\/\/www.apgmachine.com\/wp-content\/uploads\/2023\/12\/1.-300x300-1.jpg",300,300,false],"2048x2048":["https:\/\/www.apgmachine.com\/wp-content\/uploads\/2023\/12\/1.-300x300-1.jpg",300,300,false],"trp-custom-language-flag":["https:\/\/www.apgmachine.com\/wp-content\/uploads\/2023\/12\/1.-300x300-1.jpg",12,12,false],"woocommerce_archive_thumbnail":["https:\/\/www.apgmachine.com\/wp-content\/uploads\/2023\/12\/1.-300x300-1.jpg",300,300,false],"woocommerce_thumbnail":["https:\/\/www.apgmachine.com\/wp-content\/uploads\/2023\/12\/1.-300x300-1.jpg",300,300,false],"woocommerce_single":["https:\/\/www.apgmachine.com\/wp-content\/uploads\/2023\/12\/1.-300x300-1.jpg",300,300,false],"woocommerce_gallery_thumbnail":["https:\/\/www.apgmachine.com\/wp-content\/uploads\/2023\/12\/1.-300x300-1-100x100.jpg",100,100,true]},"post_excerpt_stackable":"<h4>Short Description:<\/h4>\n<h4>The Automatic wire laying machines drive the wire laying actuators with servo motors and stepper motors, and are equipped with a PLC programmable control system. This allows for precise adjustment of wire laying speed, spacing, and direction.<\/h4>\n","category_list":"","author_info":{"name":"","url":""},"comments_num":"0 comentarios","jetpack_sharing_enabled":true,"uagb_featured_image_src":{"full":["https:\/\/www.apgmachine.com\/wp-content\/uploads\/2023\/12\/1.-300x300-1.jpg",300,300,false],"thumbnail":["https:\/\/www.apgmachine.com\/wp-content\/uploads\/2023\/12\/1.-300x300-1-150x150.jpg",150,150,true],"medium":["https:\/\/www.apgmachine.com\/wp-content\/uploads\/2023\/12\/1.-300x300-1.jpg",300,300,false],"medium_large":["https:\/\/www.apgmachine.com\/wp-content\/uploads\/2023\/12\/1.-300x300-1.jpg",300,300,false],"large":["https:\/\/www.apgmachine.com\/wp-content\/uploads\/2023\/12\/1.-300x300-1.jpg",300,300,false],"1536x1536":["https:\/\/www.apgmachine.com\/wp-content\/uploads\/2023\/12\/1.-300x300-1.jpg",300,300,false],"2048x2048":["https:\/\/www.apgmachine.com\/wp-content\/uploads\/2023\/12\/1.-300x300-1.jpg",300,300,false],"trp-custom-language-flag":["https:\/\/www.apgmachine.com\/wp-content\/uploads\/2023\/12\/1.-300x300-1.jpg",12,12,false],"woocommerce_archive_thumbnail":["https:\/\/www.apgmachine.com\/wp-content\/uploads\/2023\/12\/1.-300x300-1.jpg",300,300,false],"woocommerce_thumbnail":["https:\/\/www.apgmachine.com\/wp-content\/uploads\/2023\/12\/1.-300x300-1.jpg",300,300,false],"woocommerce_single":["https:\/\/www.apgmachine.com\/wp-content\/uploads\/2023\/12\/1.-300x300-1.jpg",300,300,false],"woocommerce_gallery_thumbnail":["https:\/\/www.apgmachine.com\/wp-content\/uploads\/2023\/12\/1.-300x300-1-100x100.jpg",100,100,true]},"uagb_author_info":{"display_name":"admin","author_link":"https:\/\/www.apgmachine.com\/es\/author\/"},"uagb_comment_info":0,"uagb_excerpt":"Short Description: The Automatic wire laying machines drive the wire laying actuators with servo motors and stepper motors, and are equipped with a PLC programmable control system. This allows for precise adjustment of wire laying speed, spacing, and direction.","_links":{"self":[{"href":"https:\/\/www.apgmachine.com\/es\/wp-json\/wp\/v2\/product\/796","targetHints":{"allow":["GET"]}}],"collection":[{"href":"https:\/\/www.apgmachine.com\/es\/wp-json\/wp\/v2\/product"}],"about":[{"href":"https:\/\/www.apgmachine.com\/es\/wp-json\/wp\/v2\/types\/product"}],"wp:featuredmedia":[{"embeddable":true,"href":"https:\/\/www.apgmachine.com\/es\/wp-json\/wp\/v2\/media\/752"}],"wp:attachment":[{"href":"https:\/\/www.apgmachine.com\/es\/wp-json\/wp\/v2\/media?parent=796"}],"wp:term":[{"taxonomy":"product_cat","embeddable":true,"href":"https:\/\/www.apgmachine.com\/es\/wp-json\/wp\/v2\/product_cat?post=796"},{"taxonomy":"product_tag","embeddable":true,"href":"https:\/\/www.apgmachine.com\/es\/wp-json\/wp\/v2\/product_tag?post=796"}],"curies":[{"name":"wp","href":"https:\/\/api.w.org\/{rel}","templated":true}]}}