{"id":2048,"date":"2026-01-05T15:20:32","date_gmt":"2026-01-05T07:20:32","guid":{"rendered":"https:\/\/www.apgmachine.com\/?post_type=product&#038;p=2048"},"modified":"2026-01-07T13:46:16","modified_gmt":"2026-01-07T05:46:16","slug":"hj-20t-transformer-vertical-winding-machine","status":"publish","type":"product","link":"https:\/\/www.apgmachine.com\/es\/producto\/bobinadora-vertical-de-transformadores-hj-20t-2\/","title":{"rendered":"VOL-20T M\u00e1quina de bobinado vertical de transformadores"},"content":{"rendered":"<h1><span style=\"color: #ff0000;\"><strong>VOL-20T M\u00e1quina de bobinado vertical de transformadores<\/strong><\/span><\/h1>\n<p><img loading=\"lazy\" decoding=\"async\" class=\"alignnone wp-image-2135\" src=\"https:\/\/www.apgmachine.com\/wp-content\/uploads\/2026\/01\/Vertical-winding-machine-wire-feeding-rack-2-400x300.png\" alt=\"\" width=\"743\" height=\"557\" \/><\/p>\n<p>&nbsp;<\/p>\n<h2><span style=\"color: #ff0000;\"><strong><b>Ma<\/b><\/strong><\/span><span style=\"color: #ff0000;\"><strong><b>chine<\/b><\/strong><strong><b>\u00a0utilice<\/b><\/strong><strong><b>s<\/b><\/strong><strong><b>:<\/b><\/strong><\/span><\/h2>\n<p>La m\u00e1quina de bobinado vertical de transformadores est\u00e1 dise\u00f1ada espec\u00edficamente para grandes transformadores de potencia, ofreciendo estructuras de instalaci\u00f3n tanto de tipo foso como de tipo suelo.Utilizando un m\u00e9todo de bobinado vertical, el equipo es particularmente adecuado para la fabricaci\u00f3n de precisi\u00f3n de bobinas de larhe, como las de transformadores de ultra alta tensi\u00f3n (UHV) y reactores.<\/p>\n<p>&nbsp;<\/p>\n<h2><span style=\"color: #ff0000;\"><strong><b>M\u00e1quina<\/b><\/strong><strong><b>\u00a0composici\u00f3n:<\/b><\/strong><\/span><\/h2>\n<p>Dispositivo de rotaci\u00f3n de la placa de la flor, dispositivo de elevaci\u00f3n del pago, dispositivo de sujeci\u00f3n del pago, dispositivo de enrollado, plataforma de operaci\u00f3n. Armario de control, botonera de control.<\/p>\n<p>&nbsp;<\/p>\n<h2><span style=\"color: #ff0000;\"><strong><b>\u00a0<\/b><\/strong><strong><b>T\u00e9cnico<\/b><\/strong><strong><b>\u00a0<\/b><\/strong><strong><b>par\u00e1metros<\/b><\/strong><strong><b>\u00a0<\/b><\/strong><strong><b>:<\/b><\/strong><\/span><\/h2>\n<table>\n<tbody>\n<tr>\n<td width=\"230\"><strong><b>N\u00ba de modelo<\/b><\/strong><\/td>\n<td width=\"196\"><strong><b>VOL-20T<\/b><\/strong><\/td>\n<td width=\"206\"><strong><b>VOL<\/b><\/strong><strong><b>\u00a0<\/b><\/strong><strong><b>-25<\/b><\/strong><strong><b>T<\/b><\/strong><\/td>\n<td width=\"224\"><strong><b>VOL-30T<\/b><\/strong><\/td>\n<\/tr>\n<tr>\n<td width=\"230\">Motor principal<\/td>\n<td width=\"196\">18,5 KW<\/td>\n<td width=\"206\">22KW<\/td>\n<td width=\"224\">30KW<\/td>\n<\/tr>\n<tr>\n<td width=\"230\">Capacidad de carga m\u00e1xima del panel de la unidad principal<\/td>\n<td width=\"196\">20T<\/td>\n<td width=\"206\">25T<\/td>\n<td width=\"224\">30T<\/td>\n<\/tr>\n<tr>\n<td width=\"230\">Di\u00e1metro m\u00e1ximo de la bobina<\/td>\n<td width=\"196\">\u03a6 600mm-\u03a6 2600mm<\/td>\n<td width=\"206\">\u03a6 600mm-\u03a6 2800mm<\/td>\n<td width=\"224\">\u03a6 900mm-\u03a6 3000mm<\/td>\n<\/tr>\n<tr>\n<td width=\"230\">Di\u00e1metro del disco giratorio<\/td>\n<td width=\"196\">\u2266\u04241200mm<\/td>\n<td width=\"206\">\u2266\u04241500mm<\/td>\n<td width=\"224\">\u2266\u04241500mm<\/td>\n<\/tr>\n<tr>\n<td width=\"230\">Altura m\u00e1xima de la bobina<\/td>\n<td width=\"196\">2500mm<\/td>\n<td width=\"206\">3000 mm<\/td>\n<td width=\"224\">3000 mm<\/td>\n<\/tr>\n<tr>\n<td width=\"230\">Velocidad de giro<\/td>\n<td width=\"196\">0 ~ 10r\/min<\/td>\n<td width=\"206\">0 ~ 10r\/min<\/td>\n<td width=\"224\">0 ~ 10r\/min<\/td>\n<\/tr>\n<tr>\n<td width=\"230\">Plataforma en expansi\u00f3n<\/td>\n<td width=\"196\">Control el\u00e9ctrico<\/td>\n<td width=\"206\">Control el\u00e9ctrico<\/td>\n<td width=\"224\">Control el\u00e9ctrico<\/td>\n<\/tr>\n<tr>\n<td width=\"230\">Gama de plataformas<\/td>\n<td width=\"196\">\u03a61000\uff5e\u03a62800mm<\/td>\n<td width=\"206\">\u03a61200\uff5e\u03a63000mm<\/td>\n<td width=\"224\">\u03a61200\uff5e\u03a63200mm<\/td>\n<\/tr>\n<tr>\n<td width=\"230\">Carrera de elevaci\u00f3n eficaz<\/td>\n<td width=\"196\">H3000mm Altura de elevaci\u00f3n de la plataforma giratoria<\/td>\n<td width=\"206\">H3000mm Altura de elevaci\u00f3n de la plataforma giratoria<\/td>\n<td width=\"224\">3200mm \/ plataforma de trabajo<\/td>\n<\/tr>\n<tr>\n<td width=\"230\">Altura de bobinado<\/td>\n<td width=\"196\">0-70mm\/Pantalla t\u00e1ctil<\/td>\n<td width=\"206\">0-70mm\/Pantalla t\u00e1ctil<\/td>\n<td width=\"224\">0-70mm\/Pantalla t\u00e1ctil<\/td>\n<\/tr>\n<tr>\n<td width=\"230\">Disco de flores<\/td>\n<td width=\"196\">8-T30 T Cao<\/td>\n<td width=\"206\">8-T30 T Cao<\/td>\n<td width=\"224\">8-T30 T Cao<\/td>\n<\/tr>\n<\/tbody>\n<\/table>\n<p>&nbsp;<\/p>\n<h2><\/h2>\n<h2><span style=\"color: #ff0000;\"><strong><b>Ventajas<\/b><\/strong><strong><b>:<\/b><\/strong><\/span><\/h2>\n<p>La m\u00e1quina de bobinado vertical de transformadores se instala directamente en el suelo sin necesidad de colocar el foso. (El disco de bobinado se puede girar para ajustar la velocidad sin polo.  La elevaci\u00f3n del bobinado puede ajustarse autom\u00e1ticamente seg\u00fan la pantalla t\u00e1ctil de bobinado.<\/p>\n<p>La bobinadora vertical para bobinas de transformadores de gran potencia (10-40T de carga) est\u00e1 equipada con un sistema de tensi\u00f3n avanzado, capaz de aplicar una tensi\u00f3n constante y ajustable con precisi\u00f3n al conductor durante todo el proceso de bobinado.<\/p>\n<p>Los equipos de bobinado de transformadores de alta tensi\u00f3n (tipo vertical) cuentan con un mecanismo de ajuste de precisi\u00f3n (como el mecanismo de accionamiento de elevaci\u00f3n) que controla con precisi\u00f3n la separaci\u00f3n entre cada vuelta del conductor y la transici\u00f3n entre capas.<\/p>\n<p>El cabezal de bobinado principal consigue un control totalmente sincronizado con los desbobinadores, los sistemas de control de tensi\u00f3n, los mecanismos de bobinado y otros componentes, lo que garantiza un funcionamiento suave y estable durante todo el proceso de producci\u00f3n.<\/p>\n<p>La bobinadora vertical para la fabricaci\u00f3n de bobinas de transformadores de alta resistencia cuenta con m\u00faltiples dispositivos de seguridad, como botones de parada de emergencia, cortinas de luz de seguridad, enclavamientos de la cubierta protectora, protecci\u00f3n contra sobrecargas y alarmas de anomal\u00edas de tensi\u00f3n, lo que proporciona una protecci\u00f3n completa tanto para los operarios como para el propio equipo.<\/p>\n<h2><span style=\"color: #ff0000;\"><strong>M\u00e1quina Vdieo:<\/strong><\/span><\/h2>\n<p><iframe loading=\"lazy\" title=\"Bobinadora vertical de bobina de transformador de potencia,Bobinadora vertical de transformador de potencia 550kV tipo de suelo\" width=\"1290\" height=\"726\" src=\"https:\/\/www.youtube.com\/embed\/XoIlPw8vsN0?feature=oembed\" frameborder=\"0\" allow=\"accelerometer; autoplay; clipboard-write; encrypted-media; gyroscope; picture-in-picture; web-share\" referrerpolicy=\"strict-origin-when-cross-origin\" allowfullscreen><\/iframe><\/p>\n<h2><span style=\"color: #ff0000;\"><strong>Im\u00e1genes de producto\uff1a<\/strong><\/span><\/h2>\n<p><img loading=\"lazy\" decoding=\"async\" class=\"wp-image-2143\" src=\"https:\/\/www.apgmachine.com\/wp-content\/uploads\/2026\/01\/\u4ea7\u54c1\u62fc\u56fe-\u7acb\u7ed5\u673a-1-400x300.jpg\" alt=\"\" width=\"851\" height=\"638\" \/><\/p>","protected":false},"excerpt":{"rendered":"<p><strong>Caracter\u00edsticas:<\/strong><\/p>\n<p>La m\u00e1quina bobinadora vertical para transformadores HJ-20T es un dispositivo de bobinado con un husillo dispuesto verticalmente, ampliamente utilizado para bobinar bobinas de componentes electromagn\u00e9ticos como motores, transformadores, inductores y rel\u00e9s.<\/p>\n<p><strong>Plazo de entrega:<\/strong> 55 d\u00edas laborables<\/p>","protected":false},"featured_media":2043,"template":"","meta":{"_uag_custom_page_level_css":""},"product_cat":[50],"product_tag":[],"class_list":{"0":"post-2048","1":"product","2":"type-product","3":"status-publish","4":"has-post-thumbnail","6":"product_cat-transformer-machine","8":"first","9":"instock","10":"shipping-taxable","11":"product-type-simple"},"featured_image_urls":{"full":["https:\/\/www.apgmachine.com\/wp-content\/uploads\/2026\/01\/image-2.png",618,454,false],"thumbnail":["https:\/\/www.apgmachine.com\/wp-content\/uploads\/2026\/01\/image-2-400x300.png",400,300,true],"medium":["https:\/\/www.apgmachine.com\/wp-content\/uploads\/2026\/01\/image-2.png",618,454,false],"medium_large":["https:\/\/www.apgmachine.com\/wp-content\/uploads\/2026\/01\/image-2.png",618,454,false],"large":["https:\/\/www.apgmachine.com\/wp-content\/uploads\/2026\/01\/image-2.png",618,454,false],"1536x1536":["https:\/\/www.apgmachine.com\/wp-content\/uploads\/2026\/01\/image-2.png",618,454,false],"2048x2048":["https:\/\/www.apgmachine.com\/wp-content\/uploads\/2026\/01\/image-2.png",618,454,false],"trp-custom-language-flag":["https:\/\/www.apgmachine.com\/wp-content\/uploads\/2026\/01\/image-2-16x12.png",16,12,true],"woocommerce_archive_thumbnail":["https:\/\/www.apgmachine.com\/wp-content\/uploads\/2026\/01\/image-2-500x367.png",500,367,true],"woocommerce_thumbnail":["https:\/\/www.apgmachine.com\/wp-content\/uploads\/2026\/01\/image-2-300x300.png",300,300,true],"woocommerce_single":["https:\/\/www.apgmachine.com\/wp-content\/uploads\/2026\/01\/image-2-600x441.png",600,441,true],"woocommerce_gallery_thumbnail":["https:\/\/www.apgmachine.com\/wp-content\/uploads\/2026\/01\/image-2-100x100.png",100,100,true]},"post_excerpt_stackable":"<p><strong>Features:<\/strong><\/p>\n<p>HJ-20T Transformer Vertical Winding Machine is a winding device with a vertically arranged spindle, widely used for winding coils of electromagnetic components such as motors, transformers, inductors, and relays.<\/p>\n<p><strong>Delivery time:<\/strong> 55 workdays<\/p>\n","category_list":"","author_info":{"name":"","url":""},"comments_num":"0 comentarios","jetpack_sharing_enabled":true,"uagb_featured_image_src":{"full":["https:\/\/www.apgmachine.com\/wp-content\/uploads\/2026\/01\/image-2.png",618,454,false],"thumbnail":["https:\/\/www.apgmachine.com\/wp-content\/uploads\/2026\/01\/image-2-400x300.png",400,300,true],"medium":["https:\/\/www.apgmachine.com\/wp-content\/uploads\/2026\/01\/image-2.png",618,454,false],"medium_large":["https:\/\/www.apgmachine.com\/wp-content\/uploads\/2026\/01\/image-2.png",618,454,false],"large":["https:\/\/www.apgmachine.com\/wp-content\/uploads\/2026\/01\/image-2.png",618,454,false],"1536x1536":["https:\/\/www.apgmachine.com\/wp-content\/uploads\/2026\/01\/image-2.png",618,454,false],"2048x2048":["https:\/\/www.apgmachine.com\/wp-content\/uploads\/2026\/01\/image-2.png",618,454,false],"trp-custom-language-flag":["https:\/\/www.apgmachine.com\/wp-content\/uploads\/2026\/01\/image-2-16x12.png",16,12,true],"woocommerce_archive_thumbnail":["https:\/\/www.apgmachine.com\/wp-content\/uploads\/2026\/01\/image-2-500x367.png",500,367,true],"woocommerce_thumbnail":["https:\/\/www.apgmachine.com\/wp-content\/uploads\/2026\/01\/image-2-300x300.png",300,300,true],"woocommerce_single":["https:\/\/www.apgmachine.com\/wp-content\/uploads\/2026\/01\/image-2-600x441.png",600,441,true],"woocommerce_gallery_thumbnail":["https:\/\/www.apgmachine.com\/wp-content\/uploads\/2026\/01\/image-2-100x100.png",100,100,true]},"uagb_author_info":{"display_name":"admin","author_link":"https:\/\/www.apgmachine.com\/es\/author\/"},"uagb_comment_info":0,"uagb_excerpt":"Features: HJ-20T Transformer Vertical Winding Machine is a winding device with a vertically arranged spindle, widely used for winding coils of electromagnetic components such as motors, transformers, inductors, and relays. Delivery time: 55 workdays","_links":{"self":[{"href":"https:\/\/www.apgmachine.com\/es\/wp-json\/wp\/v2\/product\/2048","targetHints":{"allow":["GET"]}}],"collection":[{"href":"https:\/\/www.apgmachine.com\/es\/wp-json\/wp\/v2\/product"}],"about":[{"href":"https:\/\/www.apgmachine.com\/es\/wp-json\/wp\/v2\/types\/product"}],"wp:featuredmedia":[{"embeddable":true,"href":"https:\/\/www.apgmachine.com\/es\/wp-json\/wp\/v2\/media\/2043"}],"wp:attachment":[{"href":"https:\/\/www.apgmachine.com\/es\/wp-json\/wp\/v2\/media?parent=2048"}],"wp:term":[{"taxonomy":"product_cat","embeddable":true,"href":"https:\/\/www.apgmachine.com\/es\/wp-json\/wp\/v2\/product_cat?post=2048"},{"taxonomy":"product_tag","embeddable":true,"href":"https:\/\/www.apgmachine.com\/es\/wp-json\/wp\/v2\/product_tag?post=2048"}],"curies":[{"name":"wp","href":"https:\/\/api.w.org\/{rel}","templated":true}]}}