{"id":1829,"date":"2025-02-25T17:01:44","date_gmt":"2025-02-25T09:01:44","guid":{"rendered":"https:\/\/www.apgmachine.com\/?post_type=product&#038;p=1829"},"modified":"2025-02-25T17:40:01","modified_gmt":"2025-02-25T09:40:01","slug":"oval-core-taping-machine","status":"publish","type":"product","link":"https:\/\/www.apgmachine.com\/es\/producto\/encintadora-de-nucleo-oval\/","title":{"rendered":"Encintadora de n\u00facleo oval"},"content":{"rendered":"<h2><span style=\"color: #ff0000;\">M\u00e1quina de encintado con n\u00facleo de hierro ovalado Aplicaci\u00f3n:<\/span><\/h2>\n<p><img loading=\"lazy\" decoding=\"async\" class=\"alignnone wp-image-1830\" src=\"https:\/\/www.apgmachine.com\/wp-content\/uploads\/2025\/02\/Oval-taping-machine.jpg\" alt=\"\" width=\"462\" height=\"821\" srcset=\"https:\/\/www.apgmachine.com\/wp-content\/uploads\/2025\/02\/Oval-taping-machine.jpg 1080w, https:\/\/www.apgmachine.com\/wp-content\/uploads\/2025\/02\/Oval-taping-machine-450x800.jpg 450w, https:\/\/www.apgmachine.com\/wp-content\/uploads\/2025\/02\/Oval-taping-machine-608x1080.jpg 608w, https:\/\/www.apgmachine.com\/wp-content\/uploads\/2025\/02\/Oval-taping-machine-768x1365.jpg 768w, https:\/\/www.apgmachine.com\/wp-content\/uploads\/2025\/02\/Oval-taping-machine-864x1536.jpg 864w, https:\/\/www.apgmachine.com\/wp-content\/uploads\/2025\/02\/Oval-taping-machine-7x12.jpg 7w, https:\/\/www.apgmachine.com\/wp-content\/uploads\/2025\/02\/Oval-taping-machine-500x889.jpg 500w, https:\/\/www.apgmachine.com\/wp-content\/uploads\/2025\/02\/Oval-taping-machine-600x1067.jpg 600w\" sizes=\"auto, (max-width: 462px) 100vw, 462px\" \/><img loading=\"lazy\" decoding=\"async\" class=\"alignnone wp-image-1831\" src=\"https:\/\/www.apgmachine.com\/wp-content\/uploads\/2025\/02\/469abc29a9f056fb85e4192d357c339.jpg\" alt=\"\" width=\"474\" height=\"632\" srcset=\"https:\/\/www.apgmachine.com\/wp-content\/uploads\/2025\/02\/469abc29a9f056fb85e4192d357c339.jpg 1200w, https:\/\/www.apgmachine.com\/wp-content\/uploads\/2025\/02\/469abc29a9f056fb85e4192d357c339-600x800.jpg 600w, https:\/\/www.apgmachine.com\/wp-content\/uploads\/2025\/02\/469abc29a9f056fb85e4192d357c339-810x1080.jpg 810w, https:\/\/www.apgmachine.com\/wp-content\/uploads\/2025\/02\/469abc29a9f056fb85e4192d357c339-768x1024.jpg 768w, https:\/\/www.apgmachine.com\/wp-content\/uploads\/2025\/02\/469abc29a9f056fb85e4192d357c339-1152x1536.jpg 1152w, https:\/\/www.apgmachine.com\/wp-content\/uploads\/2025\/02\/469abc29a9f056fb85e4192d357c339-9x12.jpg 9w, https:\/\/www.apgmachine.com\/wp-content\/uploads\/2025\/02\/469abc29a9f056fb85e4192d357c339-500x667.jpg 500w\" sizes=\"auto, (max-width: 474px) 100vw, 474px\" \/><\/p>\n<p><strong><span style=\"color: #ff0000;\">Cinta de soporte Material de aislamiento:<\/span><\/strong><\/p>\n<p>cinta blanca el\u00e9ctrica, cinta de fibra de vidrio, pel\u00edcula de poli\u00e9ster, papel crep\u00e9, etc.<\/p>\n<p><img loading=\"lazy\" decoding=\"async\" class=\"alignnone wp-image-1832 size-full\" src=\"https:\/\/www.apgmachine.com\/wp-content\/uploads\/2025\/02\/\u5305\u5e26\u673a\u6750\u6599.png\" alt=\"\" width=\"1178\" height=\"370\" srcset=\"https:\/\/www.apgmachine.com\/wp-content\/uploads\/2025\/02\/\u5305\u5e26\u673a\u6750\u6599.png 1178w, https:\/\/www.apgmachine.com\/wp-content\/uploads\/2025\/02\/\u5305\u5e26\u673a\u6750\u6599-1024x322.png 1024w, https:\/\/www.apgmachine.com\/wp-content\/uploads\/2025\/02\/\u5305\u5e26\u673a\u6750\u6599-768x241.png 768w, https:\/\/www.apgmachine.com\/wp-content\/uploads\/2025\/02\/\u5305\u5e26\u673a\u6750\u6599-18x6.png 18w, https:\/\/www.apgmachine.com\/wp-content\/uploads\/2025\/02\/\u5305\u5e26\u673a\u6750\u6599-500x157.png 500w, https:\/\/www.apgmachine.com\/wp-content\/uploads\/2025\/02\/\u5305\u5e26\u673a\u6750\u6599-600x188.png 600w\" sizes=\"auto, (max-width: 1178px) 100vw, 1178px\" \/><\/p>\n<p>&nbsp;<\/p>\n<p>Equipamiento<\/p>\n<p>La m\u00e1quina de encintado rectangular es una m\u00e1quina de encintado automatizada dise\u00f1ada para piezas de trabajo de estructura rectangular, como transformadores de potencia y n\u00facleos de motor. Integra un control inteligente, un funcionamiento eficiente y un rendimiento estable. Puede satisfacer las necesidades de cinta aislante y cinta adhesiva de n\u00facleos de diferentes especificaciones, ayudando a las empresas a mejorar la eficiencia de la producci\u00f3n y la consistencia del producto.<\/p>\n<div class=\"content_box\"><\/div>\n<h2><span style=\"color: #ff0000;\">Ficha t\u00e9cnica :<\/span><\/h2>\n<table border=\"0\" cellspacing=\"0\">\n<tbody>\n<tr>\n<td valign=\"top\" width=\"93\"><b>VOL-1640<\/b><\/td>\n<td valign=\"top\" width=\"126\">m\u00e1quina encintadora<\/td>\n<td valign=\"top\" width=\"163\">Velocidad m\u00e1xima de bobinado<\/td>\n<td valign=\"top\" width=\"191\">250 rpm<\/td>\n<\/tr>\n<tr>\n<td valign=\"top\" width=\"93\">ancho de cinta<\/td>\n<td valign=\"top\" width=\"125\">15(10,12,15)mm<\/td>\n<td valign=\"top\" width=\"163\">distancia entre cintas<\/td>\n<td valign=\"top\" width=\"191\">acoplamiento proporcional<\/td>\n<\/tr>\n<tr>\n<td valign=\"top\" width=\"93\">OD m\u00e1x.<\/td>\n<td valign=\"top\" width=\"126\">60-200mm<\/td>\n<td valign=\"top\" width=\"163\">tensi\u00f3n de alimentaci\u00f3n<\/td>\n<td valign=\"top\" width=\"191\">AC220V 50Hz<\/td>\n<\/tr>\n<tr>\n<td valign=\"top\" width=\"93\">ID m\u00edn.<\/td>\n<td valign=\"top\" width=\"126\">40 mm<\/td>\n<td valign=\"top\" width=\"163\">Tama\u00f1o de la m\u00e1quina<\/td>\n<td valign=\"top\" width=\"191\">550*500*1100<\/td>\n<\/tr>\n<tr>\n<td valign=\"top\" width=\"93\">Altura m\u00e1xima<\/td>\n<td valign=\"top\" width=\"126\">100 mm<\/td>\n<td valign=\"top\" width=\"163\">peso de la m\u00e1quina<\/td>\n<td valign=\"top\" width=\"191\">100KG<\/td>\n<\/tr>\n<tr>\n<td valign=\"top\" width=\"93\">Capacidad de almacenamiento<\/td>\n<td valign=\"top\" width=\"126\">29 series<\/td>\n<td valign=\"top\" width=\"163\">C\u00f3digo SA<\/td>\n<td valign=\"top\" width=\"191\">8479811000<\/td>\n<\/tr>\n<\/tbody>\n<\/table>\n<p>V\u00eddeo de la m\u00e1quina de bobinado de cinta con n\u00facleo rectangular<\/p>\n<div style=\"width: 848px;\" class=\"wp-video\"><video class=\"wp-video-shortcode\" id=\"video-1829-1\" width=\"848\" height=\"480\" autoplay preload=\"metadata\" controls=\"controls\"><source type=\"video\/mp4\" src=\"https:\/\/www.apgmachine.com\/wp-content\/uploads\/2025\/02\/Oval-taping-machine-video.mp4?_=1\" \/><a href=\"https:\/\/www.apgmachine.com\/wp-content\/uploads\/2025\/02\/Oval-taping-machine-video.mp4\">https:\/\/www.apgmachine.com\/wp-content\/uploads\/2025\/02\/Oval-taping-machine-video.mp4<\/a><\/video><\/div>","protected":false},"excerpt":{"rendered":"<p>M\u00e1quina encintadora con n\u00facleo de hierro ovalado Aplicaci\u00f3n: Cinta de soporte Material de aislamiento: cinta blanca el\u00e9ctrica, cinta de fibra de vidrio, pel\u00edcula de poli\u00e9ster , papel crep\u00e9, etc.   Descripci\u00f3n general del equipo La m\u00e1quina encintadora rectangular es una m\u00e1quina encintadora automatizada dise\u00f1ada para piezas de trabajo de estructura rectangular, como transformadores de potencia y n\u00facleos de motor. Integra un control inteligente, un funcionamiento eficiente y un rendimiento estable. Es [...]<\/p>","protected":false},"featured_media":1830,"template":"","meta":{"_uag_custom_page_level_css":""},"product_cat":[16],"product_tag":[],"class_list":{"0":"post-1829","1":"product","2":"type-product","3":"status-publish","4":"has-post-thumbnail","6":"product_cat-new-arrivals","8":"first","9":"instock","10":"shipping-taxable","11":"product-type-simple"},"featured_image_urls":{"full":["https:\/\/www.apgmachine.com\/wp-content\/uploads\/2025\/02\/Oval-taping-machine.jpg",1080,1920,false],"thumbnail":["https:\/\/www.apgmachine.com\/wp-content\/uploads\/2025\/02\/Oval-taping-machine-400x300.jpg",400,300,true],"medium":["https:\/\/www.apgmachine.com\/wp-content\/uploads\/2025\/02\/Oval-taping-machine-450x800.jpg",450,800,true],"medium_large":["https:\/\/www.apgmachine.com\/wp-content\/uploads\/2025\/02\/Oval-taping-machine-768x1365.jpg",768,1365,true],"large":["https:\/\/www.apgmachine.com\/wp-content\/uploads\/2025\/02\/Oval-taping-machine-608x1080.jpg",608,1080,true],"1536x1536":["https:\/\/www.apgmachine.com\/wp-content\/uploads\/2025\/02\/Oval-taping-machine-864x1536.jpg",864,1536,true],"2048x2048":["https:\/\/www.apgmachine.com\/wp-content\/uploads\/2025\/02\/Oval-taping-machine.jpg",1080,1920,false],"trp-custom-language-flag":["https:\/\/www.apgmachine.com\/wp-content\/uploads\/2025\/02\/Oval-taping-machine-7x12.jpg",7,12,true],"woocommerce_archive_thumbnail":["https:\/\/www.apgmachine.com\/wp-content\/uploads\/2025\/02\/Oval-taping-machine-500x889.jpg",500,889,true],"woocommerce_thumbnail":["https:\/\/www.apgmachine.com\/wp-content\/uploads\/2025\/02\/Oval-taping-machine-300x300.jpg",300,300,true],"woocommerce_single":["https:\/\/www.apgmachine.com\/wp-content\/uploads\/2025\/02\/Oval-taping-machine-600x1067.jpg",600,1067,true],"woocommerce_gallery_thumbnail":["https:\/\/www.apgmachine.com\/wp-content\/uploads\/2025\/02\/Oval-taping-machine-100x100.jpg",100,100,true]},"post_excerpt_stackable":"<p>Oval iron core taping machine Application: Support tape Insulation material: electrical white tape, fiberglass ribbon, polyester film , crepe paper etc. &nbsp; Equipment Overview The rectangular taping machine is an automated taping machine designed for rectangular structure workpieces such as power transformers and motor cores. It integrates intelligent control, efficient operation and stable performance. It can meet the insulation tape and binding tape taping needs of cores of different specifications, helping enterprises improve production efficiency and product consistency. Technical data sheet : VOL-1640 taping machine Max winding speed 250 rpm tape width 15(10,12,15)mm tape spacing proportional linkage Max OD 60-200mm&hellip;<\/p>\n","category_list":"","author_info":{"name":"","url":""},"comments_num":"0 comentarios","jetpack_sharing_enabled":true,"uagb_featured_image_src":{"full":["https:\/\/www.apgmachine.com\/wp-content\/uploads\/2025\/02\/Oval-taping-machine.jpg",1080,1920,false],"thumbnail":["https:\/\/www.apgmachine.com\/wp-content\/uploads\/2025\/02\/Oval-taping-machine-400x300.jpg",400,300,true],"medium":["https:\/\/www.apgmachine.com\/wp-content\/uploads\/2025\/02\/Oval-taping-machine-450x800.jpg",450,800,true],"medium_large":["https:\/\/www.apgmachine.com\/wp-content\/uploads\/2025\/02\/Oval-taping-machine-768x1365.jpg",768,1365,true],"large":["https:\/\/www.apgmachine.com\/wp-content\/uploads\/2025\/02\/Oval-taping-machine-608x1080.jpg",608,1080,true],"1536x1536":["https:\/\/www.apgmachine.com\/wp-content\/uploads\/2025\/02\/Oval-taping-machine-864x1536.jpg",864,1536,true],"2048x2048":["https:\/\/www.apgmachine.com\/wp-content\/uploads\/2025\/02\/Oval-taping-machine.jpg",1080,1920,false],"trp-custom-language-flag":["https:\/\/www.apgmachine.com\/wp-content\/uploads\/2025\/02\/Oval-taping-machine-7x12.jpg",7,12,true],"woocommerce_archive_thumbnail":["https:\/\/www.apgmachine.com\/wp-content\/uploads\/2025\/02\/Oval-taping-machine-500x889.jpg",500,889,true],"woocommerce_thumbnail":["https:\/\/www.apgmachine.com\/wp-content\/uploads\/2025\/02\/Oval-taping-machine-300x300.jpg",300,300,true],"woocommerce_single":["https:\/\/www.apgmachine.com\/wp-content\/uploads\/2025\/02\/Oval-taping-machine-600x1067.jpg",600,1067,true],"woocommerce_gallery_thumbnail":["https:\/\/www.apgmachine.com\/wp-content\/uploads\/2025\/02\/Oval-taping-machine-100x100.jpg",100,100,true]},"uagb_author_info":{"display_name":"admin","author_link":"https:\/\/www.apgmachine.com\/es\/author\/"},"uagb_comment_info":0,"uagb_excerpt":"Oval iron core taping machine Application: Support tape Insulation material: electrical white tape, fiberglass ribbon, polyester film , crepe paper etc. &nbsp; Equipment Overview The rectangular taping machine is an automated taping machine designed for rectangular structure workpieces such as power transformers and motor cores. It integrates intelligent control, efficient operation and stable performance. It&hellip;","_links":{"self":[{"href":"https:\/\/www.apgmachine.com\/es\/wp-json\/wp\/v2\/product\/1829","targetHints":{"allow":["GET"]}}],"collection":[{"href":"https:\/\/www.apgmachine.com\/es\/wp-json\/wp\/v2\/product"}],"about":[{"href":"https:\/\/www.apgmachine.com\/es\/wp-json\/wp\/v2\/types\/product"}],"wp:featuredmedia":[{"embeddable":true,"href":"https:\/\/www.apgmachine.com\/es\/wp-json\/wp\/v2\/media\/1830"}],"wp:attachment":[{"href":"https:\/\/www.apgmachine.com\/es\/wp-json\/wp\/v2\/media?parent=1829"}],"wp:term":[{"taxonomy":"product_cat","embeddable":true,"href":"https:\/\/www.apgmachine.com\/es\/wp-json\/wp\/v2\/product_cat?post=1829"},{"taxonomy":"product_tag","embeddable":true,"href":"https:\/\/www.apgmachine.com\/es\/wp-json\/wp\/v2\/product_tag?post=1829"}],"curies":[{"name":"wp","href":"https:\/\/api.w.org\/{rel}","templated":true}]}}