{"id":1811,"date":"2024-05-10T11:09:07","date_gmt":"2024-05-10T03:09:07","guid":{"rendered":"https:\/\/www.apgmachine.com\/?post_type=product&#038;p=1811"},"modified":"2024-05-10T11:11:54","modified_gmt":"2024-05-10T03:11:54","slug":"rectangular-core-tape-winding-machine-for-potential-transformer","status":"publish","type":"product","link":"https:\/\/www.apgmachine.com\/es\/producto\/bobinadora-de-cinta-de-nucleo-rectangular-para-transformador-de-potencial\/","title":{"rendered":"Bobinadora de cinta de n\u00facleo rectangular para transformador Potencial"},"content":{"rendered":"<p><img decoding=\"async\" class=\"alignnone size-full wp-image-1507 aligncenter\" src=\"https:\/\/www.apgmachine.com\/uploads\/soiuh865jh.jpg\" alt=\"soiuh865jh\" \/><\/p>\n<div class=\"content_box\">\n<h2>Aplicaci\u00f3n:<\/h2>\n<\/div>\n<p>Las m\u00e1quinas de encintado se utilizan para envolver film de poli\u00e9ster en bobinas toroidales, bobinas ovaladas y bobinas rectangulares. Colocan las cintas aislantes en los n\u00facleos y devanados de forma estrictamente controlada. Son r\u00e1pidas y funcionan con cintas de poli\u00e9ster, poliimida y aramida, as\u00ed como con cintas de blindaje de cobre en anchuras de 6 a 16 mm o seg\u00fan se especifique. La cinta se carga en el cargador y se corta autom\u00e1ticamente, y la velocidad de bobinado aumenta para terminar el trabajo en menos tiempo.<\/p>\n<div class=\"content_box\">\n<h2>Especificaciones:<\/h2>\n<\/div>\n<div class=\"table_wrap\">\n<table border=\"0\" cellspacing=\"0\">\n<tbody>\n<tr>\n<td valign=\"top\" width=\"93\"><b>VOL-0825\u00a0<\/b><\/td>\n<td valign=\"top\" width=\"126\">m\u00e1quina encintadora<\/td>\n<td valign=\"top\" width=\"163\">Velocidad m\u00e1xima de bobinado<\/td>\n<td valign=\"top\" width=\"191\">250 rpm<\/td>\n<\/tr>\n<tr>\n<td valign=\"top\" width=\"93\">ancho de cinta<\/td>\n<td valign=\"top\" width=\"125\">8(10,12,15)mm<\/td>\n<td valign=\"top\" width=\"163\">distancia entre cintas<\/td>\n<td valign=\"top\" width=\"191\">acoplamiento proporcional<\/td>\n<\/tr>\n<tr>\n<td valign=\"top\" width=\"93\">OD m\u00e1x.<\/td>\n<td valign=\"top\" width=\"126\">45-200mm<\/td>\n<td valign=\"top\" width=\"163\">tensi\u00f3n de alimentaci\u00f3n<\/td>\n<td valign=\"top\" width=\"191\">AC220V 50Hz<\/td>\n<\/tr>\n<tr>\n<td valign=\"top\" width=\"93\">ID m\u00edn.<\/td>\n<td valign=\"top\" width=\"126\">25 mm<\/td>\n<td valign=\"top\" width=\"163\">Tama\u00f1o de la m\u00e1quina<\/td>\n<td valign=\"top\" width=\"191\">550*500*1100<\/td>\n<\/tr>\n<tr>\n<td valign=\"top\" width=\"93\">Altura m\u00e1xima<\/td>\n<td valign=\"top\" width=\"126\">80 mm<\/td>\n<td valign=\"top\" width=\"163\">peso de la m\u00e1quina<\/td>\n<td valign=\"top\" width=\"191\">100KG<\/td>\n<\/tr>\n<tr>\n<td valign=\"top\" width=\"93\">Capacidad de almacenamiento<\/td>\n<td valign=\"top\" width=\"126\">29 series<\/td>\n<td valign=\"top\" width=\"163\">C\u00f3digo SA<\/td>\n<td valign=\"top\" width=\"191\">8479811000<\/td>\n<\/tr>\n<\/tbody>\n<\/table>\n<\/div>\n<div class=\"table_wrap\">\n<table border=\"0\" cellspacing=\"0\">\n<tbody>\n<tr>\n<td valign=\"top\" width=\"93\"><b>VOL-1030<\/b><\/td>\n<td valign=\"top\" width=\"126\">m\u00e1quina encintadora<\/td>\n<td valign=\"top\" width=\"163\">Velocidad m\u00e1xima de bobinado<\/td>\n<td valign=\"top\" width=\"191\">250 rpm<\/td>\n<\/tr>\n<tr>\n<td valign=\"top\" width=\"93\">ancho de cinta<\/td>\n<td valign=\"top\" width=\"125\">10(10,12,15)mm<\/td>\n<td valign=\"top\" width=\"163\">distancia entre cintas<\/td>\n<td valign=\"top\" width=\"191\">acoplamiento proporcional<\/td>\n<\/tr>\n<tr>\n<td valign=\"top\" width=\"93\">OD m\u00e1x.<\/td>\n<td valign=\"top\" width=\"126\">50-200mm<\/td>\n<td valign=\"top\" width=\"163\">tensi\u00f3n de alimentaci\u00f3n<\/td>\n<td valign=\"top\" width=\"191\">AC220V 50Hz<\/td>\n<\/tr>\n<tr>\n<td valign=\"top\" width=\"93\">ID m\u00edn.<\/td>\n<td valign=\"top\" width=\"126\">30 mm<\/td>\n<td valign=\"top\" width=\"163\">Tama\u00f1o de la m\u00e1quina<\/td>\n<td valign=\"top\" width=\"191\">550*500*1100<\/td>\n<\/tr>\n<tr>\n<td valign=\"top\" width=\"93\">Altura m\u00e1xima<\/td>\n<td valign=\"top\" width=\"126\">80 mm<\/td>\n<td valign=\"top\" width=\"163\">peso de la m\u00e1quina<\/td>\n<td valign=\"top\" width=\"191\">100KG<\/td>\n<\/tr>\n<tr>\n<td valign=\"top\" width=\"93\">Capacidad de almacenamiento<\/td>\n<td valign=\"top\" width=\"126\">29 series<\/td>\n<td valign=\"top\" width=\"163\">C\u00f3digo SA<\/td>\n<td valign=\"top\" width=\"191\">8479811000<\/td>\n<\/tr>\n<\/tbody>\n<\/table>\n<\/div>\n<div class=\"table_wrap\">\n<table border=\"0\" cellspacing=\"0\">\n<tbody>\n<tr>\n<td valign=\"top\" width=\"93\"><b>VOL-1235<\/b><\/td>\n<td valign=\"top\" width=\"126\">m\u00e1quina encintadora<\/td>\n<td valign=\"top\" width=\"163\">Velocidad m\u00e1xima de bobinado<\/td>\n<td valign=\"top\" width=\"191\">250 rpm<\/td>\n<\/tr>\n<tr>\n<td valign=\"top\" width=\"93\">ancho de cinta<\/td>\n<td valign=\"top\" width=\"125\">12(10,12,15)mm<\/td>\n<td valign=\"top\" width=\"163\">distancia entre cintas<\/td>\n<td valign=\"top\" width=\"191\">acoplamiento proporcional<\/td>\n<\/tr>\n<tr>\n<td valign=\"top\" width=\"93\">OD m\u00e1x.<\/td>\n<td valign=\"top\" width=\"126\">50-200mm<\/td>\n<td valign=\"top\" width=\"163\">tensi\u00f3n de alimentaci\u00f3n<\/td>\n<td valign=\"top\" width=\"191\">AC220V 50Hz<\/td>\n<\/tr>\n<tr>\n<td valign=\"top\" width=\"93\">ID m\u00edn.<\/td>\n<td valign=\"top\" width=\"126\">35 mm<\/td>\n<td valign=\"top\" width=\"163\">Tama\u00f1o de la m\u00e1quina<\/td>\n<td valign=\"top\" width=\"191\">550*500*1100<\/td>\n<\/tr>\n<tr>\n<td valign=\"top\" width=\"93\">Altura m\u00e1xima<\/td>\n<td valign=\"top\" width=\"126\">80 mm<\/td>\n<td valign=\"top\" width=\"163\">peso de la m\u00e1quina<\/td>\n<td valign=\"top\" width=\"191\">100KG<\/td>\n<\/tr>\n<tr>\n<td valign=\"top\" width=\"93\">Capacidad de almacenamiento<\/td>\n<td valign=\"top\" width=\"126\">29 series<\/td>\n<td valign=\"top\" width=\"163\">C\u00f3digo SA<\/td>\n<td valign=\"top\" width=\"191\">8479811000<\/td>\n<\/tr>\n<\/tbody>\n<\/table>\n<\/div>\n<div class=\"table_wrap\">\n<table border=\"0\" cellspacing=\"0\">\n<tbody>\n<tr>\n<td valign=\"top\" width=\"93\"><b>VOL-1640<\/b><\/td>\n<td valign=\"top\" width=\"126\">m\u00e1quina encintadora<\/td>\n<td valign=\"top\" width=\"163\">Velocidad m\u00e1xima de bobinado<\/td>\n<td valign=\"top\" width=\"191\">250 rpm<\/td>\n<\/tr>\n<tr>\n<td valign=\"top\" width=\"93\">ancho de cinta<\/td>\n<td valign=\"top\" width=\"125\">15(10,12,15)mm<\/td>\n<td valign=\"top\" width=\"163\">distancia entre cintas<\/td>\n<td valign=\"top\" width=\"191\">acoplamiento proporcional<\/td>\n<\/tr>\n<tr>\n<td valign=\"top\" width=\"93\">OD m\u00e1x.<\/td>\n<td valign=\"top\" width=\"126\">60-200mm<\/td>\n<td valign=\"top\" width=\"163\">tensi\u00f3n de alimentaci\u00f3n<\/td>\n<td valign=\"top\" width=\"191\">AC220V 50Hz<\/td>\n<\/tr>\n<tr>\n<td valign=\"top\" width=\"93\">ID m\u00edn.<\/td>\n<td valign=\"top\" width=\"126\">40 mm<\/td>\n<td valign=\"top\" width=\"163\">Tama\u00f1o de la m\u00e1quina<\/td>\n<td valign=\"top\" width=\"191\">550*500*1100<\/td>\n<\/tr>\n<tr>\n<td valign=\"top\" width=\"93\">Altura m\u00e1xima<\/td>\n<td valign=\"top\" width=\"126\">100 mm<\/td>\n<td valign=\"top\" width=\"163\">peso de la m\u00e1quina<\/td>\n<td valign=\"top\" width=\"191\">100KG<\/td>\n<\/tr>\n<tr>\n<td valign=\"top\" width=\"93\">Capacidad de almacenamiento<\/td>\n<td valign=\"top\" width=\"126\">29 series<\/td>\n<td valign=\"top\" width=\"163\">C\u00f3digo SA<\/td>\n<td valign=\"top\" width=\"191\">8479811000<\/td>\n<\/tr>\n<\/tbody>\n<\/table>\n<h2>V\u00eddeo de la bobinadora de cinta de n\u00facleo rectangular:<\/h2>\n<p><iframe loading=\"lazy\" title=\"N\u00facleo rectangularEnrolladora de cinta para n\u00facleo PT\" width=\"1290\" height=\"726\" src=\"https:\/\/www.youtube.com\/embed\/WX4Ij_JpWso?feature=oembed\" frameborder=\"0\" allow=\"accelerometer; autoplay; clipboard-write; encrypted-media; gyroscope; picture-in-picture; web-share\" referrerpolicy=\"strict-origin-when-cross-origin\" allowfullscreen><\/iframe><\/p>\n<\/div>","protected":false},"excerpt":{"rendered":"<p>Aplicaci\u00f3n: Las m\u00e1quinas de encintado se utilizan para envolver pel\u00edculas de poli\u00e9ster en bobinas toroidales, bobinas ovaladas y bobinas rectangulares. Colocan las cintas aislantes en los n\u00facleos y devanados de forma estrictamente controlada. Son r\u00e1pidas y funcionan con cintas de poli\u00e9ster, poliimida y aramida, as\u00ed como con cintas de blindaje de cobre en anchos de 6 a 16 mm o seg\u00fan se especifique.<\/p>","protected":false},"featured_media":1813,"template":"","meta":{"_uag_custom_page_level_css":""},"product_cat":[33,16],"product_tag":[],"class_list":{"0":"post-1811","1":"product","2":"type-product","3":"status-publish","4":"has-post-thumbnail","6":"product_cat-ct-pt-windng-machine","7":"product_cat-new-arrivals","9":"first","10":"instock","11":"shipping-taxable","12":"product-type-simple"},"featured_image_urls":{"full":["https:\/\/www.apgmachine.com\/wp-content\/uploads\/2024\/05\/Rectangular-core-tape-winding-machine.jpg",300,300,false],"thumbnail":["https:\/\/www.apgmachine.com\/wp-content\/uploads\/2024\/05\/Rectangular-core-tape-winding-machine.jpg",300,300,false],"medium":["https:\/\/www.apgmachine.com\/wp-content\/uploads\/2024\/05\/Rectangular-core-tape-winding-machine.jpg",300,300,false],"medium_large":["https:\/\/www.apgmachine.com\/wp-content\/uploads\/2024\/05\/Rectangular-core-tape-winding-machine.jpg",300,300,false],"large":["https:\/\/www.apgmachine.com\/wp-content\/uploads\/2024\/05\/Rectangular-core-tape-winding-machine.jpg",300,300,false],"1536x1536":["https:\/\/www.apgmachine.com\/wp-content\/uploads\/2024\/05\/Rectangular-core-tape-winding-machine.jpg",300,300,false],"2048x2048":["https:\/\/www.apgmachine.com\/wp-content\/uploads\/2024\/05\/Rectangular-core-tape-winding-machine.jpg",300,300,false],"trp-custom-language-flag":["https:\/\/www.apgmachine.com\/wp-content\/uploads\/2024\/05\/Rectangular-core-tape-winding-machine-12x12.jpg",12,12,true],"woocommerce_archive_thumbnail":["https:\/\/www.apgmachine.com\/wp-content\/uploads\/2024\/05\/Rectangular-core-tape-winding-machine.jpg",300,300,false],"woocommerce_thumbnail":["https:\/\/www.apgmachine.com\/wp-content\/uploads\/2024\/05\/Rectangular-core-tape-winding-machine.jpg",300,300,false],"woocommerce_single":["https:\/\/www.apgmachine.com\/wp-content\/uploads\/2024\/05\/Rectangular-core-tape-winding-machine.jpg",300,300,false],"woocommerce_gallery_thumbnail":["https:\/\/www.apgmachine.com\/wp-content\/uploads\/2024\/05\/Rectangular-core-tape-winding-machine-100x100.jpg",100,100,true]},"post_excerpt_stackable":"<p>Application: Taping machines used for wrap polyester film on toroidal coil,oval coil and rectangular coil.it will palce insulating tapes on cores and windings in closely controlled fashion.they are fast and will work with polyester,polyimide and aramide tapes as well as copper shielding tapes in widths from 6 to 16mm or as specified.Tape is loaded onto the magazine and cut automatically and the winding speed increasaed in order to finish the job in Min time,the magazine maybe exchanged in minutes to accommodate different tape widths. Specifications: VOL-0825\u00a0 taping machine Max winding speed 250 rpm tape width 8(10,12,15)mm tape spacing proportional linkage&hellip;<\/p>\n","category_list":"","author_info":{"name":"","url":""},"comments_num":"0 comentarios","jetpack_sharing_enabled":true,"uagb_featured_image_src":{"full":["https:\/\/www.apgmachine.com\/wp-content\/uploads\/2024\/05\/Rectangular-core-tape-winding-machine.jpg",300,300,false],"thumbnail":["https:\/\/www.apgmachine.com\/wp-content\/uploads\/2024\/05\/Rectangular-core-tape-winding-machine.jpg",300,300,false],"medium":["https:\/\/www.apgmachine.com\/wp-content\/uploads\/2024\/05\/Rectangular-core-tape-winding-machine.jpg",300,300,false],"medium_large":["https:\/\/www.apgmachine.com\/wp-content\/uploads\/2024\/05\/Rectangular-core-tape-winding-machine.jpg",300,300,false],"large":["https:\/\/www.apgmachine.com\/wp-content\/uploads\/2024\/05\/Rectangular-core-tape-winding-machine.jpg",300,300,false],"1536x1536":["https:\/\/www.apgmachine.com\/wp-content\/uploads\/2024\/05\/Rectangular-core-tape-winding-machine.jpg",300,300,false],"2048x2048":["https:\/\/www.apgmachine.com\/wp-content\/uploads\/2024\/05\/Rectangular-core-tape-winding-machine.jpg",300,300,false],"trp-custom-language-flag":["https:\/\/www.apgmachine.com\/wp-content\/uploads\/2024\/05\/Rectangular-core-tape-winding-machine-12x12.jpg",12,12,true],"woocommerce_archive_thumbnail":["https:\/\/www.apgmachine.com\/wp-content\/uploads\/2024\/05\/Rectangular-core-tape-winding-machine.jpg",300,300,false],"woocommerce_thumbnail":["https:\/\/www.apgmachine.com\/wp-content\/uploads\/2024\/05\/Rectangular-core-tape-winding-machine.jpg",300,300,false],"woocommerce_single":["https:\/\/www.apgmachine.com\/wp-content\/uploads\/2024\/05\/Rectangular-core-tape-winding-machine.jpg",300,300,false],"woocommerce_gallery_thumbnail":["https:\/\/www.apgmachine.com\/wp-content\/uploads\/2024\/05\/Rectangular-core-tape-winding-machine-100x100.jpg",100,100,true]},"uagb_author_info":{"display_name":"admin","author_link":"https:\/\/www.apgmachine.com\/es\/author\/"},"uagb_comment_info":0,"uagb_excerpt":"Application: Taping machines used for wrap polyester film on toroidal coil,oval coil and rectangular coil.it will palce insulating tapes on cores and windings in closely controlled fashion.they are fast and will work with polyester,polyimide and aramide tapes as well as copper shielding tapes in widths from 6 to 16mm or as specified.Tape is loaded onto&hellip;","_links":{"self":[{"href":"https:\/\/www.apgmachine.com\/es\/wp-json\/wp\/v2\/product\/1811","targetHints":{"allow":["GET"]}}],"collection":[{"href":"https:\/\/www.apgmachine.com\/es\/wp-json\/wp\/v2\/product"}],"about":[{"href":"https:\/\/www.apgmachine.com\/es\/wp-json\/wp\/v2\/types\/product"}],"wp:featuredmedia":[{"embeddable":true,"href":"https:\/\/www.apgmachine.com\/es\/wp-json\/wp\/v2\/media\/1813"}],"wp:attachment":[{"href":"https:\/\/www.apgmachine.com\/es\/wp-json\/wp\/v2\/media?parent=1811"}],"wp:term":[{"taxonomy":"product_cat","embeddable":true,"href":"https:\/\/www.apgmachine.com\/es\/wp-json\/wp\/v2\/product_cat?post=1811"},{"taxonomy":"product_tag","embeddable":true,"href":"https:\/\/www.apgmachine.com\/es\/wp-json\/wp\/v2\/product_tag?post=1811"}],"curies":[{"name":"wp","href":"https:\/\/api.w.org\/{rel}","templated":true}]}}